{"id":538,"date":"2017-01-13T16:20:29","date_gmt":"2017-01-13T15:20:29","guid":{"rendered":"http:\/\/agora.xtec.cat\/ceipamistat\/?page_id=538"},"modified":"2023-08-15T11:16:17","modified_gmt":"2023-08-15T09:16:17","slug":"quin-es-el-projecte-de-la-nostra-comunitat","status":"publish","type":"page","link":"https:\/\/agora.xtec.cat\/ceipamistat\/plans-i-projectes-del-centre\/quin-es-el-projecte-de-la-nostra-comunitat\/","title":{"rendered":"Projecte Educatiu de Centre"},"content":{"rendered":"<table style=\"width: 484px;\">\n<tbody>\n<tr>\n<td style=\"width: 173px;\">PEC<\/td>\n<td style=\"width: 72px;\"><a href=\"https:\/\/docs.google.com\/presentation\/d\/1T6QTBEPwErbmrwxFk4Aa66ijo_ASQJSrbm_69oLfuWk\/present#slide=id.p6\" target=\"_blank\" rel=\"noopener noreferrer\">Presentaci\u00f3 Diapositives<\/a><\/td>\n<td style=\"width: 228px;\"><a href=\"https:\/\/docs.google.com\/presentation\/d\/1T6QTBEPwErbmrwxFk4Aa66ijo_ASQJSrbm_69oLfuWk\/present#slide=id.p6\" target=\"_blank\" rel=\"noopener noreferrer\"><img loading=\"lazy\" decoding=\"async\" class=\"alignleft wp-image-890 size-medium\" src=\"http:\/\/agora.xtec.cat\/ceipamistat\/wp-content\/uploads\/usu1593\/2017\/01\/PEC-300x169.jpg\" alt=\"pec\" width=\"300\" height=\"169\" srcset=\"https:\/\/agora.xtec.cat\/ceipamistat\/wp-content\/uploads\/usu1593\/2017\/01\/PEC-300x169.jpg 300w, https:\/\/agora.xtec.cat\/ceipamistat\/wp-content\/uploads\/usu1593\/2017\/01\/PEC-768x432.jpg 768w, https:\/\/agora.xtec.cat\/ceipamistat\/wp-content\/uploads\/usu1593\/2017\/01\/PEC.jpg 960w\" sizes=\"auto, (max-width: 300px) 100vw, 300px\" \/><\/a><\/td>\n<\/tr>\n<tr>\n<td style=\"width: 173px;\">PEC<\/td>\n<td style=\"width: 72px;\"><a href=\"https:\/\/docs.google.com\/document\/d\/1oECEbwL_4ME9wNOyr3ci_ZNSU0-NT3iVithSJFDDOLM\/edit?usp=sharing\" target=\"_blank\" rel=\"noopener noreferrer\">\u00cdndex<\/a><\/td>\n<td style=\"width: 228px;\"><a href=\"https:\/\/docs.google.com\/document\/d\/1oECEbwL_4ME9wNOyr3ci_ZNSU0-NT3iVithSJFDDOLM\/edit?usp=sharing\" target=\"_blank\" rel=\"noopener noreferrer\"><img loading=\"lazy\" decoding=\"async\" class=\"alignnone wp-image-892 size-medium\" src=\"http:\/\/agora.xtec.cat\/ceipamistat\/wp-content\/uploads\/usu1593\/2017\/01\/INDEX-300x169.jpg\" alt=\"index\" width=\"300\" height=\"169\" srcset=\"https:\/\/agora.xtec.cat\/ceipamistat\/wp-content\/uploads\/usu1593\/2017\/01\/INDEX-300x169.jpg 300w, https:\/\/agora.xtec.cat\/ceipamistat\/wp-content\/uploads\/usu1593\/2017\/01\/INDEX-768x432.jpg 768w, https:\/\/agora.xtec.cat\/ceipamistat\/wp-content\/uploads\/usu1593\/2017\/01\/INDEX.jpg 960w\" sizes=\"auto, (max-width: 300px) 100vw, 300px\" \/><\/a><\/td>\n<\/tr>\n<tr>\n<td style=\"width: 173px;\">PEC<\/td>\n<td style=\"width: 72px;\"><a href=\"https:\/\/drive.google.com\/file\/d\/16eRQKkUTAXsYYG5edu7cZcHN2u4wR70J\/view?usp=sharing\" target=\"_blank\" rel=\"noopener noreferrer\">Versi\u00f3 doc. text<\/a><\/td>\n<td style=\"width: 228px;\"><a href=\"https:\/\/docs.google.com\/document\/d\/1eU9TiwY50h5crV3NA2ZUEZaQJwdKiTdH-M-ups_ALb0\/edit?usp=sharing\" target=\"_blank\" rel=\"noopener noreferrer\"><img loading=\"lazy\" decoding=\"async\" class=\"alignnone wp-image-893 size-medium\" src=\"http:\/\/agora.xtec.cat\/ceipamistat\/wp-content\/uploads\/usu1593\/2017\/01\/PEC-Google-Documents-300x169.jpg\" alt=\"pec-google-documents\" width=\"300\" height=\"169\" srcset=\"https:\/\/agora.xtec.cat\/ceipamistat\/wp-content\/uploads\/usu1593\/2017\/01\/PEC-Google-Documents-300x169.jpg 300w, https:\/\/agora.xtec.cat\/ceipamistat\/wp-content\/uploads\/usu1593\/2017\/01\/PEC-Google-Documents-768x432.jpg 768w, https:\/\/agora.xtec.cat\/ceipamistat\/wp-content\/uploads\/usu1593\/2017\/01\/PEC-Google-Documents.jpg 960w\" sizes=\"auto, (max-width: 300px) 100vw, 300px\" \/><\/a><\/td>\n<\/tr>\n<\/tbody>\n<\/table>\n","protected":false},"excerpt":{"rendered":"<p>PEC Presentaci\u00f3 Diapositives PEC \u00cdndex PEC Versi\u00f3 doc. text<\/p>\n","protected":false},"author":1,"featured_media":0,"parent":771,"menu_order":0,"comment_status":"closed","ping_status":"closed","template":"page-templates\/side-menu.php","meta":{"_bbp_topic_count":0,"_bbp_reply_count":0,"_bbp_total_topic_count":0,"_bbp_total_reply_count":0,"_bbp_voice_count":0,"_bbp_anonymous_reply_count":0,"_bbp_topic_count_hidden":0,"_bbp_reply_count_hidden":0,"_bbp_forum_subforum_count":0,"site-sidebar-layout":"default","site-content-layout":"","ast-site-content-layout":"","site-content-style":"default","site-sidebar-style":"default","ast-global-header-display":"","ast-banner-title-visibility":"","ast-main-header-display":"","ast-hfb-above-header-display":"","ast-hfb-below-header-display":"","ast-hfb-mobile-header-display":"","site-post-title":"","ast-breadcrumbs-content":"","ast-featured-img":"","footer-sml-layout":"","theme-transparent-header-meta":"","adv-header-id-meta":"","stick-header-meta":"","header-above-stick-meta":"","header-main-stick-meta":"","header-below-stick-meta":"","astra-migrate-meta-layouts":"default","ast-page-background-enabled":"default","ast-page-background-meta":{"desktop":{"background-color":"var(--ast-global-color-4)","background-image":"","background-repeat":"repeat","background-position":"center center","background-size":"auto","background-attachment":"scroll","background-type":"","background-media":"","overlay-type":"","overlay-color":"","overlay-opacity":"","overlay-gradient":""},"tablet":{"background-color":"","background-image":"","background-repeat":"repeat","background-position":"center center","background-size":"auto","background-attachment":"scroll","background-type":"","background-media":"","overlay-type":"","overlay-color":"","overlay-opacity":"","overlay-gradient":""},"mobile":{"background-color":"","background-image":"","background-repeat":"repeat","background-position":"center center","background-size":"auto","background-attachment":"scroll","background-type":"","background-media":"","overlay-type":"","overlay-color":"","overlay-opacity":"","overlay-gradient":""}},"ast-content-background-meta":{"desktop":{"background-color":"var(--ast-global-color-5)","background-image":"","background-repeat":"repeat","background-position":"center center","background-size":"auto","background-attachment":"scroll","background-type":"","background-media":"","overlay-type":"","overlay-color":"","overlay-opacity":"","overlay-gradient":""},"tablet":{"background-color":"var(--ast-global-color-5)","background-image":"","background-repeat":"repeat","background-position":"center center","background-size":"auto","background-attachment":"scroll","background-type":"","background-media":"","overlay-type":"","overlay-color":"","overlay-opacity":"","overlay-gradient":""},"mobile":{"background-color":"var(--ast-global-color-5)","background-image":"","background-repeat":"repeat","background-position":"center center","background-size":"auto","background-attachment":"scroll","background-type":"","background-media":"","overlay-type":"","overlay-color":"","overlay-opacity":"","overlay-gradient":""}},"footnotes":""},"class_list":["post-538","page","type-page","status-publish","hentry"],"post_mailing_queue_ids":[],"_links":{"self":[{"href":"https:\/\/agora.xtec.cat\/ceipamistat\/wp-json\/wp\/v2\/pages\/538","targetHints":{"allow":["GET"]}}],"collection":[{"href":"https:\/\/agora.xtec.cat\/ceipamistat\/wp-json\/wp\/v2\/pages"}],"about":[{"href":"https:\/\/agora.xtec.cat\/ceipamistat\/wp-json\/wp\/v2\/types\/page"}],"author":[{"embeddable":true,"href":"https:\/\/agora.xtec.cat\/ceipamistat\/wp-json\/wp\/v2\/users\/1"}],"replies":[{"embeddable":true,"href":"https:\/\/agora.xtec.cat\/ceipamistat\/wp-json\/wp\/v2\/comments?post=538"}],"version-history":[{"count":4,"href":"https:\/\/agora.xtec.cat\/ceipamistat\/wp-json\/wp\/v2\/pages\/538\/revisions"}],"predecessor-version":[{"id":2831,"href":"https:\/\/agora.xtec.cat\/ceipamistat\/wp-json\/wp\/v2\/pages\/538\/revisions\/2831"}],"up":[{"embeddable":true,"href":"https:\/\/agora.xtec.cat\/ceipamistat\/wp-json\/wp\/v2\/pages\/771"}],"wp:attachment":[{"href":"https:\/\/agora.xtec.cat\/ceipamistat\/wp-json\/wp\/v2\/media?parent=538"}],"curies":[{"name":"wp","href":"https:\/\/api.w.org\/{rel}","templated":true}]}}