{"id":513,"date":"2017-01-13T13:25:15","date_gmt":"2017-01-13T12:25:15","guid":{"rendered":"http:\/\/agora.xtec.cat\/ceipamistat\/?page_id=513"},"modified":"2024-02-01T09:53:14","modified_gmt":"2024-02-01T08:53:14","slug":"actuacions-dexit","status":"publish","type":"page","link":"https:\/\/agora.xtec.cat\/ceipamistat\/comunitats-daprenentatge\/actuacions-dexit\/","title":{"rendered":"Actuacions d&#8217;\u00e8xit dins l&#8217;aula"},"content":{"rendered":"<p><img loading=\"lazy\" decoding=\"async\" class=\"alignleft wp-image-3016\" src=\"https:\/\/agora.xtec.cat\/ceipamistat\/wp-content\/uploads\/usu1593\/2024\/01\/ACTUACIONS-DEXIT-COMUNITATS-DAPRENENTATGE-1024x576.png\" alt=\"\" width=\"498\" height=\"280\" srcset=\"https:\/\/agora.xtec.cat\/ceipamistat\/wp-content\/uploads\/usu1593\/2024\/01\/ACTUACIONS-DEXIT-COMUNITATS-DAPRENENTATGE-1024x576.png 1024w, https:\/\/agora.xtec.cat\/ceipamistat\/wp-content\/uploads\/usu1593\/2024\/01\/ACTUACIONS-DEXIT-COMUNITATS-DAPRENENTATGE-300x169.png 300w, https:\/\/agora.xtec.cat\/ceipamistat\/wp-content\/uploads\/usu1593\/2024\/01\/ACTUACIONS-DEXIT-COMUNITATS-DAPRENENTATGE-768x432.png 768w, https:\/\/agora.xtec.cat\/ceipamistat\/wp-content\/uploads\/usu1593\/2024\/01\/ACTUACIONS-DEXIT-COMUNITATS-DAPRENENTATGE-1536x864.png 1536w, https:\/\/agora.xtec.cat\/ceipamistat\/wp-content\/uploads\/usu1593\/2024\/01\/ACTUACIONS-DEXIT-COMUNITATS-DAPRENENTATGE.png 1920w\" sizes=\"auto, (max-width: 498px) 100vw, 498px\" \/><\/p>\n<p>A trav\u00e9s de l&#8217;aprenentatge dial\u00f2gic duem a terme les nostres actuacions d&#8217;\u00e8xit dins l&#8217;aula:<\/p>\n<p><span style=\"color: #339966;\"><b>L&#8217;assemblea, les tert\u00falies liter\u00e0ries i els grups interactius.\u00a0<\/b><\/span><img loading=\"lazy\" decoding=\"async\" class=\"wp-image-3144 alignright\" src=\"https:\/\/agora.xtec.cat\/ceipamistat\/wp-content\/uploads\/usu1593\/2024\/02\/ACTUACIONS-DEXIT-COMUNITATS-DAPRENENTATGE-1-1024x576.png\" alt=\"\" width=\"411\" height=\"231\" srcset=\"https:\/\/agora.xtec.cat\/ceipamistat\/wp-content\/uploads\/usu1593\/2024\/02\/ACTUACIONS-DEXIT-COMUNITATS-DAPRENENTATGE-1-1024x576.png 1024w, https:\/\/agora.xtec.cat\/ceipamistat\/wp-content\/uploads\/usu1593\/2024\/02\/ACTUACIONS-DEXIT-COMUNITATS-DAPRENENTATGE-1-300x169.png 300w, https:\/\/agora.xtec.cat\/ceipamistat\/wp-content\/uploads\/usu1593\/2024\/02\/ACTUACIONS-DEXIT-COMUNITATS-DAPRENENTATGE-1-768x432.png 768w, https:\/\/agora.xtec.cat\/ceipamistat\/wp-content\/uploads\/usu1593\/2024\/02\/ACTUACIONS-DEXIT-COMUNITATS-DAPRENENTATGE-1-1536x864.png 1536w, https:\/\/agora.xtec.cat\/ceipamistat\/wp-content\/uploads\/usu1593\/2024\/02\/ACTUACIONS-DEXIT-COMUNITATS-DAPRENENTATGE-1.png 1920w\" sizes=\"auto, (max-width: 411px) 100vw, 411px\" \/><\/p>\n<p>&nbsp;<\/p>\n<p>&nbsp;<\/p>\n<p>&nbsp;<\/p>\n<p>&nbsp;<\/p>\n<p>&nbsp;<\/p>\n<p><img loading=\"lazy\" decoding=\"async\" class=\"wp-image-3145 alignright\" src=\"https:\/\/agora.xtec.cat\/ceipamistat\/wp-content\/uploads\/usu1593\/2024\/02\/ACTUACIONS-DEXIT-COMUNITATS-DAPRENENTATGE-2-1024x576.png\" alt=\"\" width=\"414\" height=\"233\" srcset=\"https:\/\/agora.xtec.cat\/ceipamistat\/wp-content\/uploads\/usu1593\/2024\/02\/ACTUACIONS-DEXIT-COMUNITATS-DAPRENENTATGE-2-1024x576.png 1024w, https:\/\/agora.xtec.cat\/ceipamistat\/wp-content\/uploads\/usu1593\/2024\/02\/ACTUACIONS-DEXIT-COMUNITATS-DAPRENENTATGE-2-300x169.png 300w, https:\/\/agora.xtec.cat\/ceipamistat\/wp-content\/uploads\/usu1593\/2024\/02\/ACTUACIONS-DEXIT-COMUNITATS-DAPRENENTATGE-2-768x432.png 768w, https:\/\/agora.xtec.cat\/ceipamistat\/wp-content\/uploads\/usu1593\/2024\/02\/ACTUACIONS-DEXIT-COMUNITATS-DAPRENENTATGE-2-1536x864.png 1536w, https:\/\/agora.xtec.cat\/ceipamistat\/wp-content\/uploads\/usu1593\/2024\/02\/ACTUACIONS-DEXIT-COMUNITATS-DAPRENENTATGE-2.png 1920w\" sizes=\"auto, (max-width: 414px) 100vw, 414px\" \/><\/p>\n<p>&nbsp;<\/p>\n<p>&nbsp;<\/p>\n<p><img loading=\"lazy\" decoding=\"async\" class=\"wp-image-3148 alignleft\" src=\"https:\/\/agora.xtec.cat\/ceipamistat\/wp-content\/uploads\/usu1593\/2024\/02\/IMG_20231017_160253-1024x577.jpg\" alt=\"\" width=\"319\" height=\"180\" srcset=\"https:\/\/agora.xtec.cat\/ceipamistat\/wp-content\/uploads\/usu1593\/2024\/02\/IMG_20231017_160253-1024x577.jpg 1024w, https:\/\/agora.xtec.cat\/ceipamistat\/wp-content\/uploads\/usu1593\/2024\/02\/IMG_20231017_160253-300x169.jpg 300w, https:\/\/agora.xtec.cat\/ceipamistat\/wp-content\/uploads\/usu1593\/2024\/02\/IMG_20231017_160253-768x432.jpg 768w, https:\/\/agora.xtec.cat\/ceipamistat\/wp-content\/uploads\/usu1593\/2024\/02\/IMG_20231017_160253-1536x865.jpg 1536w, https:\/\/agora.xtec.cat\/ceipamistat\/wp-content\/uploads\/usu1593\/2024\/02\/IMG_20231017_160253-2048x1153.jpg 2048w\" sizes=\"auto, (max-width: 319px) 100vw, 319px\" \/><\/p>\n<p>&nbsp;<\/p>\n<p>&nbsp;<\/p>\n<p>&nbsp;<\/p>\n<p><img loading=\"lazy\" decoding=\"async\" class=\"alignleft wp-image-3147\" src=\"https:\/\/agora.xtec.cat\/ceipamistat\/wp-content\/uploads\/usu1593\/2024\/02\/ACTUACIONS-DEXIT-COMUNITATS-DAPRENENTATGE-3-1024x576.png\" alt=\"\" width=\"387\" height=\"217\" srcset=\"https:\/\/agora.xtec.cat\/ceipamistat\/wp-content\/uploads\/usu1593\/2024\/02\/ACTUACIONS-DEXIT-COMUNITATS-DAPRENENTATGE-3-1024x576.png 1024w, https:\/\/agora.xtec.cat\/ceipamistat\/wp-content\/uploads\/usu1593\/2024\/02\/ACTUACIONS-DEXIT-COMUNITATS-DAPRENENTATGE-3-300x169.png 300w, https:\/\/agora.xtec.cat\/ceipamistat\/wp-content\/uploads\/usu1593\/2024\/02\/ACTUACIONS-DEXIT-COMUNITATS-DAPRENENTATGE-3-768x432.png 768w, https:\/\/agora.xtec.cat\/ceipamistat\/wp-content\/uploads\/usu1593\/2024\/02\/ACTUACIONS-DEXIT-COMUNITATS-DAPRENENTATGE-3-1536x864.png 1536w, https:\/\/agora.xtec.cat\/ceipamistat\/wp-content\/uploads\/usu1593\/2024\/02\/ACTUACIONS-DEXIT-COMUNITATS-DAPRENENTATGE-3.png 1920w\" sizes=\"auto, (max-width: 387px) 100vw, 387px\" \/><\/p>\n<p>&nbsp;<\/p>\n<p>&nbsp;<\/p>\n<p>&nbsp;<\/p>\n<p>&nbsp;<\/p>\n<p><img loading=\"lazy\" decoding=\"async\" class=\"wp-image-3149 alignleft\" src=\"https:\/\/agora.xtec.cat\/ceipamistat\/wp-content\/uploads\/usu1593\/2024\/02\/IMG_20231003_161044-1024x577.jpg\" alt=\"\" width=\"332\" height=\"187\" srcset=\"https:\/\/agora.xtec.cat\/ceipamistat\/wp-content\/uploads\/usu1593\/2024\/02\/IMG_20231003_161044-1024x577.jpg 1024w, https:\/\/agora.xtec.cat\/ceipamistat\/wp-content\/uploads\/usu1593\/2024\/02\/IMG_20231003_161044-300x169.jpg 300w, https:\/\/agora.xtec.cat\/ceipamistat\/wp-content\/uploads\/usu1593\/2024\/02\/IMG_20231003_161044-768x432.jpg 768w, https:\/\/agora.xtec.cat\/ceipamistat\/wp-content\/uploads\/usu1593\/2024\/02\/IMG_20231003_161044-1536x865.jpg 1536w, https:\/\/agora.xtec.cat\/ceipamistat\/wp-content\/uploads\/usu1593\/2024\/02\/IMG_20231003_161044-2048x1153.jpg 2048w\" sizes=\"auto, (max-width: 332px) 100vw, 332px\" \/><\/p>\n","protected":false},"excerpt":{"rendered":"<p>A trav\u00e9s de l&#8217;aprenentatge dial\u00f2gic duem a terme les nostres actuacions d&#8217;\u00e8xit dins l&#8217;aula: L&#8217;assemblea, les tert\u00falies liter\u00e0ries i els grups interactius.\u00a0 &nbsp; &nbsp; &nbsp; &nbsp; &nbsp; &nbsp; &nbsp; &nbsp; &nbsp; &nbsp; &nbsp; &nbsp; &nbsp; &nbsp;<\/p>\n","protected":false},"author":1,"featured_media":0,"parent":506,"menu_order":20,"comment_status":"closed","ping_status":"closed","template":"page-templates\/side-menu.php","meta":{"_bbp_topic_count":0,"_bbp_reply_count":0,"_bbp_total_topic_count":0,"_bbp_total_reply_count":0,"_bbp_voice_count":0,"_bbp_anonymous_reply_count":0,"_bbp_topic_count_hidden":0,"_bbp_reply_count_hidden":0,"_bbp_forum_subforum_count":0,"site-sidebar-layout":"default","site-content-layout":"","ast-site-content-layout":"","site-content-style":"default","site-sidebar-style":"default","ast-global-header-display":"","ast-banner-title-visibility":"","ast-main-header-display":"","ast-hfb-above-header-display":"","ast-hfb-below-header-display":"","ast-hfb-mobile-header-display":"","site-post-title":"","ast-breadcrumbs-content":"","ast-featured-img":"","footer-sml-layout":"","theme-transparent-header-meta":"","adv-header-id-meta":"","stick-header-meta":"","header-above-stick-meta":"","header-main-stick-meta":"","header-below-stick-meta":"","astra-migrate-meta-layouts":"default","ast-page-background-enabled":"default","ast-page-background-meta":{"desktop":{"background-color":"var(--ast-global-color-4)","background-image":"","background-repeat":"repeat","background-position":"center center","background-size":"auto","background-attachment":"scroll","background-type":"","background-media":"","overlay-type":"","overlay-color":"","overlay-opacity":"","overlay-gradient":""},"tablet":{"background-color":"","background-image":"","background-repeat":"repeat","background-position":"center center","background-size":"auto","background-attachment":"scroll","background-type":"","background-media":"","overlay-type":"","overlay-color":"","overlay-opacity":"","overlay-gradient":""},"mobile":{"background-color":"","background-image":"","background-repeat":"repeat","background-position":"center center","background-size":"auto","background-attachment":"scroll","background-type":"","background-media":"","overlay-type":"","overlay-color":"","overlay-opacity":"","overlay-gradient":""}},"ast-content-background-meta":{"desktop":{"background-color":"var(--ast-global-color-5)","background-image":"","background-repeat":"repeat","background-position":"center center","background-size":"auto","background-attachment":"scroll","background-type":"","background-media":"","overlay-type":"","overlay-color":"","overlay-opacity":"","overlay-gradient":""},"tablet":{"background-color":"var(--ast-global-color-5)","background-image":"","background-repeat":"repeat","background-position":"center center","background-size":"auto","background-attachment":"scroll","background-type":"","background-media":"","overlay-type":"","overlay-color":"","overlay-opacity":"","overlay-gradient":""},"mobile":{"background-color":"var(--ast-global-color-5)","background-image":"","background-repeat":"repeat","background-position":"center center","background-size":"auto","background-attachment":"scroll","background-type":"","background-media":"","overlay-type":"","overlay-color":"","overlay-opacity":"","overlay-gradient":""}},"footnotes":""},"class_list":["post-513","page","type-page","status-publish","hentry"],"post_mailing_queue_ids":[],"_links":{"self":[{"href":"https:\/\/agora.xtec.cat\/ceipamistat\/wp-json\/wp\/v2\/pages\/513","targetHints":{"allow":["GET"]}}],"collection":[{"href":"https:\/\/agora.xtec.cat\/ceipamistat\/wp-json\/wp\/v2\/pages"}],"about":[{"href":"https:\/\/agora.xtec.cat\/ceipamistat\/wp-json\/wp\/v2\/types\/page"}],"author":[{"embeddable":true,"href":"https:\/\/agora.xtec.cat\/ceipamistat\/wp-json\/wp\/v2\/users\/1"}],"replies":[{"embeddable":true,"href":"https:\/\/agora.xtec.cat\/ceipamistat\/wp-json\/wp\/v2\/comments?post=513"}],"version-history":[{"count":5,"href":"https:\/\/agora.xtec.cat\/ceipamistat\/wp-json\/wp\/v2\/pages\/513\/revisions"}],"predecessor-version":[{"id":3151,"href":"https:\/\/agora.xtec.cat\/ceipamistat\/wp-json\/wp\/v2\/pages\/513\/revisions\/3151"}],"up":[{"embeddable":true,"href":"https:\/\/agora.xtec.cat\/ceipamistat\/wp-json\/wp\/v2\/pages\/506"}],"wp:attachment":[{"href":"https:\/\/agora.xtec.cat\/ceipamistat\/wp-json\/wp\/v2\/media?parent=513"}],"curies":[{"name":"wp","href":"https:\/\/api.w.org\/{rel}","templated":true}]}}