{"id":3987,"date":"2025-01-18T13:02:21","date_gmt":"2025-01-18T12:02:21","guid":{"rendered":"https:\/\/agora.xtec.cat\/ceipamistat\/?page_id=3987"},"modified":"2025-01-18T13:07:18","modified_gmt":"2025-01-18T12:07:18","slug":"con-arte","status":"publish","type":"page","link":"https:\/\/agora.xtec.cat\/ceipamistat\/lescola\/relacio-amb-lentorn\/con-arte\/","title":{"rendered":"ConArte"},"content":{"rendered":"<p><span style=\"font-weight: 400;\">Una proposta de mediaci\u00f3 art\u00edstica que connecta i enforteix els vincles entre educaci\u00f3, arts i cultura d\u2019un territori, amb l\u2019objectiu d\u2019introduir processos d\u2019aprenentatge vinculats a les arts de la m\u00e0 d\u2019artistes i docents als centres educatius; d\u2019establir i enfortir vincles entre els centres educatius i els equipaments i entitats culturals de l\u2019entorn; i generar millores educatives a nivell de cohesi\u00f3 de grup, \u00fas de la llengua catalana, sensibilitat est\u00e8tica.<\/span><\/p>\n<p><img loading=\"lazy\" decoding=\"async\" class=\"aligncenter size-full wp-image-3988\" src=\"https:\/\/agora.xtec.cat\/ceipamistat\/wp-content\/uploads\/usu1593\/2025\/01\/ukeleles.png\" alt=\"\" width=\"818\" height=\"517\" srcset=\"https:\/\/agora.xtec.cat\/ceipamistat\/wp-content\/uploads\/usu1593\/2025\/01\/ukeleles.png 818w, https:\/\/agora.xtec.cat\/ceipamistat\/wp-content\/uploads\/usu1593\/2025\/01\/ukeleles-300x190.png 300w, https:\/\/agora.xtec.cat\/ceipamistat\/wp-content\/uploads\/usu1593\/2025\/01\/ukeleles-768x485.png 768w\" sizes=\"auto, (max-width: 818px) 100vw, 818px\" \/><\/p>\n<p><span style=\"font-weight: 400;\">A l&#8217;escola es realitzen sessions setmanals de planters on els alumnes de 3r i 4t aprenen a tocar l&#8217;ukelele, e<\/span><span style=\"font-weight: 400;\">xtraescolars d&#8217;ukelele obert a tots els alumnes de prim\u00e0ria, i altres <\/span><span style=\"font-weight: 400;\">activitats com: trobades amb tots els grups del municipi o la participaci\u00f3 en un concert.<\/span><\/p>\n<p><b>Cantadissa:\u00a0<\/b><span style=\"font-weight: 400;\">Es tracta d&#8217;una proposta que neix del treball fet amb &#8220;Planters&#8221; tots aquests anys i amb la intenci\u00f3 d&#8217;arribar tamb\u00e9 a l&#8217;alumnat de 1r i 2n recopilant can\u00e7ons tradicionals catalanes com a material did\u00e0ctic musical per a les classes de &#8220;Planters&#8221;, a mode de &#8220;Can\u00e7ons de benvinguda&#8221; a l&#8217;aula i\/o peces que aprenem a tocar i cantar i a m\u00e9s, es refor\u00e7ar\u00e0 l&#8217;\u00fas de la llengua catalana.\u00a0<\/span><\/p>\n<div class=\"ast-oembed-container \" style=\"height: 100%;\"><iframe loading=\"lazy\" title=\"&quot;Cantadissa&quot; a Figueres (1a edici\u00f3)\" width=\"500\" height=\"281\" src=\"https:\/\/www.youtube.com\/embed\/sa7PFsp-x30?feature=oembed\" frameborder=\"0\" allow=\"accelerometer; autoplay; clipboard-write; encrypted-media; gyroscope; picture-in-picture; web-share\" referrerpolicy=\"strict-origin-when-cross-origin\" allowfullscreen><\/iframe><\/div>\n","protected":false},"excerpt":{"rendered":"<p>Una proposta de mediaci\u00f3 art\u00edstica que connecta i enforteix els vincles entre educaci\u00f3, arts i cultura d\u2019un territori, amb l\u2019objectiu d\u2019introduir processos d\u2019aprenentatge vinculats a les arts de la m\u00e0 d\u2019artistes i docents als centres educatius; d\u2019establir i enfortir vincles entre els centres educatius i els equipaments i entitats culturals de l\u2019entorn; i generar millores [&hellip;]<\/p>\n","protected":false},"author":1,"featured_media":0,"parent":732,"menu_order":50,"comment_status":"closed","ping_status":"closed","template":"","meta":{"_bbp_topic_count":0,"_bbp_reply_count":0,"_bbp_total_topic_count":0,"_bbp_total_reply_count":0,"_bbp_voice_count":0,"_bbp_anonymous_reply_count":0,"_bbp_topic_count_hidden":0,"_bbp_reply_count_hidden":0,"_bbp_forum_subforum_count":0,"site-sidebar-layout":"default","site-content-layout":"","ast-site-content-layout":"","site-content-style":"default","site-sidebar-style":"default","ast-global-header-display":"","ast-banner-title-visibility":"","ast-main-header-display":"","ast-hfb-above-header-display":"","ast-hfb-below-header-display":"","ast-hfb-mobile-header-display":"","site-post-title":"","ast-breadcrumbs-content":"","ast-featured-img":"","footer-sml-layout":"","theme-transparent-header-meta":"","adv-header-id-meta":"","stick-header-meta":"","header-above-stick-meta":"","header-main-stick-meta":"","header-below-stick-meta":"","astra-migrate-meta-layouts":"default","ast-page-background-enabled":"default","ast-page-background-meta":{"desktop":{"background-color":"var(--ast-global-color-4)","background-image":"","background-repeat":"repeat","background-position":"center center","background-size":"auto","background-attachment":"scroll","background-type":"","background-media":"","overlay-type":"","overlay-color":"","overlay-opacity":"","overlay-gradient":""},"tablet":{"background-color":"","background-image":"","background-repeat":"repeat","background-position":"center center","background-size":"auto","background-attachment":"scroll","background-type":"","background-media":"","overlay-type":"","overlay-color":"","overlay-opacity":"","overlay-gradient":""},"mobile":{"background-color":"","background-image":"","background-repeat":"repeat","background-position":"center center","background-size":"auto","background-attachment":"scroll","background-type":"","background-media":"","overlay-type":"","overlay-color":"","overlay-opacity":"","overlay-gradient":""}},"ast-content-background-meta":{"desktop":{"background-color":"var(--ast-global-color-5)","background-image":"","background-repeat":"repeat","background-position":"center center","background-size":"auto","background-attachment":"scroll","background-type":"","background-media":"","overlay-type":"","overlay-color":"","overlay-opacity":"","overlay-gradient":""},"tablet":{"background-color":"var(--ast-global-color-5)","background-image":"","background-repeat":"repeat","background-position":"center center","background-size":"auto","background-attachment":"scroll","background-type":"","background-media":"","overlay-type":"","overlay-color":"","overlay-opacity":"","overlay-gradient":""},"mobile":{"background-color":"var(--ast-global-color-5)","background-image":"","background-repeat":"repeat","background-position":"center center","background-size":"auto","background-attachment":"scroll","background-type":"","background-media":"","overlay-type":"","overlay-color":"","overlay-opacity":"","overlay-gradient":""}},"footnotes":""},"class_list":["post-3987","page","type-page","status-publish","hentry"],"post_mailing_queue_ids":[],"_links":{"self":[{"href":"https:\/\/agora.xtec.cat\/ceipamistat\/wp-json\/wp\/v2\/pages\/3987","targetHints":{"allow":["GET"]}}],"collection":[{"href":"https:\/\/agora.xtec.cat\/ceipamistat\/wp-json\/wp\/v2\/pages"}],"about":[{"href":"https:\/\/agora.xtec.cat\/ceipamistat\/wp-json\/wp\/v2\/types\/page"}],"author":[{"embeddable":true,"href":"https:\/\/agora.xtec.cat\/ceipamistat\/wp-json\/wp\/v2\/users\/1"}],"replies":[{"embeddable":true,"href":"https:\/\/agora.xtec.cat\/ceipamistat\/wp-json\/wp\/v2\/comments?post=3987"}],"version-history":[{"count":2,"href":"https:\/\/agora.xtec.cat\/ceipamistat\/wp-json\/wp\/v2\/pages\/3987\/revisions"}],"predecessor-version":[{"id":3993,"href":"https:\/\/agora.xtec.cat\/ceipamistat\/wp-json\/wp\/v2\/pages\/3987\/revisions\/3993"}],"up":[{"embeddable":true,"href":"https:\/\/agora.xtec.cat\/ceipamistat\/wp-json\/wp\/v2\/pages\/732"}],"wp:attachment":[{"href":"https:\/\/agora.xtec.cat\/ceipamistat\/wp-json\/wp\/v2\/media?parent=3987"}],"curies":[{"name":"wp","href":"https:\/\/api.w.org\/{rel}","templated":true}]}}