{"id":3807,"date":"2024-11-04T19:52:04","date_gmt":"2024-11-04T18:52:04","guid":{"rendered":"https:\/\/agora.xtec.cat\/ceipamistat\/?page_id=3807"},"modified":"2024-12-21T18:34:06","modified_gmt":"2024-12-21T17:34:06","slug":"com-conscienciar-al-mon","status":"publish","type":"page","link":"https:\/\/agora.xtec.cat\/ceipamistat\/treball-per-projectes\/com-conscienciar-al-mon\/","title":{"rendered":"Com conscienciar al m\u00f3n?"},"content":{"rendered":"<p>Aquest curs volem veure la vida. Per comen\u00e7ar aquest trimestre ens hem aturat a veure&#8217;ns a nosaltres mateixos, com funciona el cos i tamb\u00e9 a reflexionar sobre el dret a ser diferent i la identificaci\u00f3 de qualsevol tipus d&#8217;ab\u00fas.<\/p>\n<p>A partir de contes, din\u00e0miques i visites d&#8217;experts tots els infants de l&#8217;escola s&#8217;han sensibilitat sobre que el meu cos \u00e9s meu, pot ser diferent a la normativa establerta i a m\u00e9s aix\u00f2 \u00e9s bo.<\/p>\n<table style=\"border-collapse: collapse; width: 100%;\">\n<tbody>\n<tr>\n<td style=\"width: 33.3333%;\">\n<div class=\"ast-oembed-container \" style=\"height: 100%;\"><iframe loading=\"lazy\" title=\"Veure la vida\" width=\"500\" height=\"281\" src=\"https:\/\/www.youtube.com\/embed\/3T3ELJ9osUI?feature=oembed\" frameborder=\"0\" allow=\"accelerometer; autoplay; clipboard-write; encrypted-media; gyroscope; picture-in-picture; web-share\" referrerpolicy=\"strict-origin-when-cross-origin\" allowfullscreen><\/iframe><\/div>\n<\/td>\n<td style=\"width: 33.3333%;\"><a href=\"https:\/\/la-bici-de-la-lola.mailchimpsites.com\/\"><img loading=\"lazy\" decoding=\"async\" class=\"aligncenter size-full wp-image-3808\" src=\"https:\/\/agora.xtec.cat\/ceipamistat\/wp-content\/uploads\/usu1593\/2024\/11\/LOLA.jpeg\" alt=\"\" width=\"205\" height=\"246\" \/><\/a><\/td>\n<td style=\"width: 33.3333%;\"><a href=\"https:\/\/agora.xtec.cat\/ceipamistat\/portada\/el-club-dels-valents\/\"><img loading=\"lazy\" decoding=\"async\" class=\"aligncenter size-full wp-image-3811\" src=\"https:\/\/agora.xtec.cat\/ceipamistat\/wp-content\/uploads\/usu1593\/2024\/11\/EL-CLUB-DELS-VALENTS.jpeg\" alt=\"\" width=\"223\" height=\"226\" \/><\/a><\/td>\n<\/tr>\n<tr>\n<td style=\"width: 33.3333%;\"><img loading=\"lazy\" decoding=\"async\" class=\"aligncenter size-full wp-image-3814\" src=\"https:\/\/agora.xtec.cat\/ceipamistat\/wp-content\/uploads\/usu1593\/2024\/11\/ORELLES.jpeg\" alt=\"\" width=\"220\" height=\"229\" \/><\/td>\n<td style=\"width: 33.3333%;\"><img loading=\"lazy\" decoding=\"async\" class=\"aligncenter size-full wp-image-3812\" src=\"https:\/\/agora.xtec.cat\/ceipamistat\/wp-content\/uploads\/usu1593\/2024\/11\/COS.jpeg\" alt=\"\" width=\"198\" height=\"255\" \/><\/td>\n<td style=\"width: 33.3333%;\"><img loading=\"lazy\" decoding=\"async\" class=\"aligncenter size-full wp-image-3813\" src=\"https:\/\/agora.xtec.cat\/ceipamistat\/wp-content\/uploads\/usu1593\/2024\/11\/DIFERENTS.jpeg\" alt=\"\" width=\"205\" height=\"246\" \/><\/td>\n<\/tr>\n<\/tbody>\n<\/table>\n<p>Aleshores ha arribat l&#8217;impuls que ens ha portat a aprendre per projectes.<\/p>\n<p>COM AJUDAR ALS ALTRES A SER VALENT? i<\/p>\n<p>COM CONSCIENCIAR AL M\u00d3N QUE EL MEU COS \u00c9S MEU, DIVERS I FANT\u00c0STIC?<\/p>\n<table style=\"border-collapse: collapse; width: 100%;\">\n<tbody>\n<tr>\n<td style=\"width: 50%;\">\n<div class=\"ast-oembed-container \" style=\"height: 100%;\"><iframe loading=\"lazy\" title=\"El meu cos \u00e9s meu\" width=\"500\" height=\"281\" src=\"https:\/\/www.youtube.com\/embed\/UfrRy6Wh_Sk?feature=oembed\" frameborder=\"0\" allow=\"accelerometer; autoplay; clipboard-write; encrypted-media; gyroscope; picture-in-picture; web-share\" referrerpolicy=\"strict-origin-when-cross-origin\" allowfullscreen><\/iframe><\/div>\n<\/td>\n<td style=\"width: 50%;\"><a href=\"https:\/\/www.youtube.com\/channel\/UC9EHj3CqdQdmY94QXqVEQiw\"><img loading=\"lazy\" decoding=\"async\" class=\"aligncenter size-full wp-image-3913\" src=\"https:\/\/agora.xtec.cat\/ceipamistat\/wp-content\/uploads\/usu1593\/2024\/11\/you-tube.png\" alt=\"\" width=\"370\" height=\"382\" srcset=\"https:\/\/agora.xtec.cat\/ceipamistat\/wp-content\/uploads\/usu1593\/2024\/11\/you-tube.png 370w, https:\/\/agora.xtec.cat\/ceipamistat\/wp-content\/uploads\/usu1593\/2024\/11\/you-tube-291x300.png 291w\" sizes=\"auto, (max-width: 370px) 100vw, 370px\" \/>Clica a la imatge per anar al nostre canal<\/a><\/td>\n<\/tr>\n<\/tbody>\n<\/table>\n<p>I cada grup ha seguit el seu recorregut que podreu observar en directe\u00a0 a la fira de mostres del dia 29 de novembre o m\u00e9s endavant, clicant damunt de cada imatge.<\/p>\n<table style=\"border-collapse: collapse; width: 100%; height: 504px;\">\n<tbody>\n<tr style=\"height: 110px;\">\n<td style=\"width: 25%; height: 110px;\"><a href=\"https:\/\/docs.google.com\/presentation\/d\/14r7f9v2zPxUf7MQj8Qc5voyj-Hxxbzq1y8eLxAu1WRo\/edit?usp=drive_link\"><img loading=\"lazy\" decoding=\"async\" class=\"aligncenter size-full wp-image-3820\" src=\"https:\/\/agora.xtec.cat\/ceipamistat\/wp-content\/uploads\/usu1593\/2024\/11\/11-MAPA-RECORREGUT-COS.jpg\" alt=\"\" width=\"960\" height=\"540\" srcset=\"https:\/\/agora.xtec.cat\/ceipamistat\/wp-content\/uploads\/usu1593\/2024\/11\/11-MAPA-RECORREGUT-COS.jpg 960w, https:\/\/agora.xtec.cat\/ceipamistat\/wp-content\/uploads\/usu1593\/2024\/11\/11-MAPA-RECORREGUT-COS-300x169.jpg 300w, https:\/\/agora.xtec.cat\/ceipamistat\/wp-content\/uploads\/usu1593\/2024\/11\/11-MAPA-RECORREGUT-COS-768x432.jpg 768w\" sizes=\"auto, (max-width: 960px) 100vw, 960px\" \/><\/a><\/td>\n<td style=\"width: 25%; height: 110px;\"><a href=\"https:\/\/docs.google.com\/presentation\/d\/1d_MHkN453u_ScpJlkZsc-ybGaP4p7DBgPmbDUwvc2nk\/edit?usp=drive_link\"><img loading=\"lazy\" decoding=\"async\" class=\"aligncenter size-full wp-image-3819\" src=\"https:\/\/agora.xtec.cat\/ceipamistat\/wp-content\/uploads\/usu1593\/2024\/11\/21-MAPA-RECORREGUT-COS-SONIA-TORRENT.jpg\" alt=\"\" width=\"960\" height=\"540\" srcset=\"https:\/\/agora.xtec.cat\/ceipamistat\/wp-content\/uploads\/usu1593\/2024\/11\/21-MAPA-RECORREGUT-COS-SONIA-TORRENT.jpg 960w, https:\/\/agora.xtec.cat\/ceipamistat\/wp-content\/uploads\/usu1593\/2024\/11\/21-MAPA-RECORREGUT-COS-SONIA-TORRENT-300x169.jpg 300w, https:\/\/agora.xtec.cat\/ceipamistat\/wp-content\/uploads\/usu1593\/2024\/11\/21-MAPA-RECORREGUT-COS-SONIA-TORRENT-768x432.jpg 768w\" sizes=\"auto, (max-width: 960px) 100vw, 960px\" \/><\/a><\/td>\n<td style=\"width: 25%; height: 110px;\"><a href=\"https:\/\/docs.google.com\/presentation\/d\/1sCFwqCRtDK4ifqaeuBdTk8fxSH9WQwK_BO8yfDKOwG0\/edit?usp=drive_link\"><img loading=\"lazy\" decoding=\"async\" class=\"aligncenter size-full wp-image-3818\" src=\"https:\/\/agora.xtec.cat\/ceipamistat\/wp-content\/uploads\/usu1593\/2024\/11\/22-MAPA-RECORREGUT-COS.jpg\" alt=\"\" width=\"960\" height=\"540\" srcset=\"https:\/\/agora.xtec.cat\/ceipamistat\/wp-content\/uploads\/usu1593\/2024\/11\/22-MAPA-RECORREGUT-COS.jpg 960w, https:\/\/agora.xtec.cat\/ceipamistat\/wp-content\/uploads\/usu1593\/2024\/11\/22-MAPA-RECORREGUT-COS-300x169.jpg 300w, https:\/\/agora.xtec.cat\/ceipamistat\/wp-content\/uploads\/usu1593\/2024\/11\/22-MAPA-RECORREGUT-COS-768x432.jpg 768w\" sizes=\"auto, (max-width: 960px) 100vw, 960px\" \/><\/a><\/td>\n<td style=\"width: 25%; height: 110px;\"><a href=\"https:\/\/docs.google.com\/presentation\/d\/12tUJ9lmp5Ohj-_9LCrwUhdeccASlJdzI\/edit?usp=drive_link&amp;ouid=106740792560853641777&amp;rtpof=true&amp;sd=true\"><img loading=\"lazy\" decoding=\"async\" class=\"aligncenter size-full wp-image-3817\" src=\"https:\/\/agora.xtec.cat\/ceipamistat\/wp-content\/uploads\/usu1593\/2024\/11\/23-MAPA-RECORREGUT-COS-MIQUEL.pptx.jpg\" alt=\"\" width=\"960\" height=\"540\" srcset=\"https:\/\/agora.xtec.cat\/ceipamistat\/wp-content\/uploads\/usu1593\/2024\/11\/23-MAPA-RECORREGUT-COS-MIQUEL.pptx.jpg 960w, https:\/\/agora.xtec.cat\/ceipamistat\/wp-content\/uploads\/usu1593\/2024\/11\/23-MAPA-RECORREGUT-COS-MIQUEL.pptx-300x169.jpg 300w, https:\/\/agora.xtec.cat\/ceipamistat\/wp-content\/uploads\/usu1593\/2024\/11\/23-MAPA-RECORREGUT-COS-MIQUEL.pptx-768x432.jpg 768w\" sizes=\"auto, (max-width: 960px) 100vw, 960px\" \/><\/a><\/td>\n<\/tr>\n<tr style=\"height: 110px;\">\n<td style=\"width: 25%; height: 110px;\"><a href=\"https:\/\/docs.google.com\/presentation\/d\/1BT-1tCScnqcz6FOSUMqUFBFP7ti3rTFww4dwq3NhURY\/edit?usp=drive_link\"><img loading=\"lazy\" decoding=\"async\" class=\"aligncenter size-full wp-image-3816\" src=\"https:\/\/agora.xtec.cat\/ceipamistat\/wp-content\/uploads\/usu1593\/2024\/11\/31-MAPA-RECORREGUT-COS.jpg\" alt=\"\" width=\"960\" height=\"540\" srcset=\"https:\/\/agora.xtec.cat\/ceipamistat\/wp-content\/uploads\/usu1593\/2024\/11\/31-MAPA-RECORREGUT-COS.jpg 960w, https:\/\/agora.xtec.cat\/ceipamistat\/wp-content\/uploads\/usu1593\/2024\/11\/31-MAPA-RECORREGUT-COS-300x169.jpg 300w, https:\/\/agora.xtec.cat\/ceipamistat\/wp-content\/uploads\/usu1593\/2024\/11\/31-MAPA-RECORREGUT-COS-768x432.jpg 768w\" sizes=\"auto, (max-width: 960px) 100vw, 960px\" \/><\/a><\/td>\n<td style=\"width: 25%; height: 110px;\"><a href=\"https:\/\/docs.google.com\/presentation\/d\/1BWR90Y9eFAaaGNauVOTe877M4o0CalVqu0DXo353WkA\/edit?usp=drive_link\"><img loading=\"lazy\" decoding=\"async\" class=\"aligncenter size-large wp-image-3827\" src=\"https:\/\/agora.xtec.cat\/ceipamistat\/wp-content\/uploads\/usu1593\/2024\/11\/32-MAPA-RECORREGUT-COS-1.jpg\" alt=\"\" width=\"960\" height=\"540\" srcset=\"https:\/\/agora.xtec.cat\/ceipamistat\/wp-content\/uploads\/usu1593\/2024\/11\/32-MAPA-RECORREGUT-COS-1.jpg 960w, https:\/\/agora.xtec.cat\/ceipamistat\/wp-content\/uploads\/usu1593\/2024\/11\/32-MAPA-RECORREGUT-COS-1-300x169.jpg 300w, https:\/\/agora.xtec.cat\/ceipamistat\/wp-content\/uploads\/usu1593\/2024\/11\/32-MAPA-RECORREGUT-COS-1-768x432.jpg 768w\" sizes=\"auto, (max-width: 960px) 100vw, 960px\" \/><\/a><\/td>\n<td style=\"width: 25%; height: 110px;\"><a href=\"https:\/\/docs.google.com\/presentation\/d\/1ZGS_eEK0hU7-WAA6C-ynT4qj89-_f7iAO2tgffMvFcU\/edit?usp=drive_link\"><img loading=\"lazy\" decoding=\"async\" class=\"aligncenter size-full wp-image-3826\" src=\"https:\/\/agora.xtec.cat\/ceipamistat\/wp-content\/uploads\/usu1593\/2024\/11\/33-MAPA-RECORREGUT-1.jpg\" alt=\"\" width=\"960\" height=\"540\" srcset=\"https:\/\/agora.xtec.cat\/ceipamistat\/wp-content\/uploads\/usu1593\/2024\/11\/33-MAPA-RECORREGUT-1.jpg 960w, https:\/\/agora.xtec.cat\/ceipamistat\/wp-content\/uploads\/usu1593\/2024\/11\/33-MAPA-RECORREGUT-1-300x169.jpg 300w, https:\/\/agora.xtec.cat\/ceipamistat\/wp-content\/uploads\/usu1593\/2024\/11\/33-MAPA-RECORREGUT-1-768x432.jpg 768w\" sizes=\"auto, (max-width: 960px) 100vw, 960px\" \/><\/a><\/td>\n<td style=\"width: 25%; height: 110px;\"><a href=\"https:\/\/docs.google.com\/presentation\/d\/1ackxYb1_Ftr5CI--9K8-E-mRAgigEQUmF2he8jGkEyU\/edit?usp=drive_link\"><img loading=\"lazy\" decoding=\"async\" class=\"aligncenter size-full wp-image-3828\" src=\"https:\/\/agora.xtec.cat\/ceipamistat\/wp-content\/uploads\/usu1593\/2024\/11\/41-MAPA-RECORREGUT-COS.jpg\" alt=\"\" width=\"960\" height=\"540\" srcset=\"https:\/\/agora.xtec.cat\/ceipamistat\/wp-content\/uploads\/usu1593\/2024\/11\/41-MAPA-RECORREGUT-COS.jpg 960w, https:\/\/agora.xtec.cat\/ceipamistat\/wp-content\/uploads\/usu1593\/2024\/11\/41-MAPA-RECORREGUT-COS-300x169.jpg 300w, https:\/\/agora.xtec.cat\/ceipamistat\/wp-content\/uploads\/usu1593\/2024\/11\/41-MAPA-RECORREGUT-COS-768x432.jpg 768w\" sizes=\"auto, (max-width: 960px) 100vw, 960px\" \/><\/a><\/td>\n<\/tr>\n<tr style=\"height: 110px;\">\n<td style=\"width: 25%; height: 110px;\"><a href=\"https:\/\/docs.google.com\/presentation\/d\/1d2ZgZ2-68vDSWc4xRNfKo7GQ6Qpr7GYkqjrnl8ajOVQ\/edit?usp=drive_link\"><img loading=\"lazy\" decoding=\"async\" class=\"aligncenter size-large wp-image-3822\" style=\"background-color: #f9f9f9;\" src=\"https:\/\/agora.xtec.cat\/ceipamistat\/wp-content\/uploads\/usu1593\/2024\/11\/42-MAPA-RECORREGUT-COS.jpg\" alt=\"\" width=\"960\" height=\"540\" srcset=\"https:\/\/agora.xtec.cat\/ceipamistat\/wp-content\/uploads\/usu1593\/2024\/11\/42-MAPA-RECORREGUT-COS.jpg 960w, https:\/\/agora.xtec.cat\/ceipamistat\/wp-content\/uploads\/usu1593\/2024\/11\/42-MAPA-RECORREGUT-COS-300x169.jpg 300w, https:\/\/agora.xtec.cat\/ceipamistat\/wp-content\/uploads\/usu1593\/2024\/11\/42-MAPA-RECORREGUT-COS-768x432.jpg 768w\" sizes=\"auto, (max-width: 960px) 100vw, 960px\" \/><\/a><\/td>\n<td style=\"width: 25%; height: 110px;\"><a href=\"https:\/\/docs.google.com\/presentation\/d\/1w8zLUOvl2hCHXWqHtLk38AVT2zF134A_hoskjK6owVY\/edit?usp=drive_link\"><img loading=\"lazy\" decoding=\"async\" class=\"aligncenter size-full wp-image-3821\" style=\"background-color: #f9f9f9;\" src=\"https:\/\/agora.xtec.cat\/ceipamistat\/wp-content\/uploads\/usu1593\/2024\/11\/43-MAPA-RECORREGUT-COS.jpg\" alt=\"\" width=\"960\" height=\"540\" srcset=\"https:\/\/agora.xtec.cat\/ceipamistat\/wp-content\/uploads\/usu1593\/2024\/11\/43-MAPA-RECORREGUT-COS.jpg 960w, https:\/\/agora.xtec.cat\/ceipamistat\/wp-content\/uploads\/usu1593\/2024\/11\/43-MAPA-RECORREGUT-COS-300x169.jpg 300w, https:\/\/agora.xtec.cat\/ceipamistat\/wp-content\/uploads\/usu1593\/2024\/11\/43-MAPA-RECORREGUT-COS-768x432.jpg 768w\" sizes=\"auto, (max-width: 960px) 100vw, 960px\" \/><\/a><\/td>\n<td style=\"width: 25%; height: 110px;\"><a href=\"https:\/\/docs.google.com\/presentation\/d\/1z8ogO8Wxu_RTG3HolQ8dsZPHjpbFXVAMxBZWIPqJ4C4\/edit?usp=drive_link\"><img loading=\"lazy\" decoding=\"async\" class=\"aligncenter size-full wp-image-3829\" src=\"https:\/\/agora.xtec.cat\/ceipamistat\/wp-content\/uploads\/usu1593\/2024\/11\/51-MAPA-RECORREGUT-COS.jpg\" alt=\"\" width=\"960\" height=\"540\" srcset=\"https:\/\/agora.xtec.cat\/ceipamistat\/wp-content\/uploads\/usu1593\/2024\/11\/51-MAPA-RECORREGUT-COS.jpg 960w, https:\/\/agora.xtec.cat\/ceipamistat\/wp-content\/uploads\/usu1593\/2024\/11\/51-MAPA-RECORREGUT-COS-300x169.jpg 300w, https:\/\/agora.xtec.cat\/ceipamistat\/wp-content\/uploads\/usu1593\/2024\/11\/51-MAPA-RECORREGUT-COS-768x432.jpg 768w\" sizes=\"auto, (max-width: 960px) 100vw, 960px\" \/><\/a><\/td>\n<td style=\"width: 25%; height: 110px;\"><a href=\"https:\/\/docs.google.com\/presentation\/d\/1NNkXm2orfzaJDsqUIcBcx32lFtrsfxU9CWEwcDrp-O4\/edit?usp=drive_link\"><img loading=\"lazy\" decoding=\"async\" class=\"aligncenter size-full wp-image-3830\" src=\"https:\/\/agora.xtec.cat\/ceipamistat\/wp-content\/uploads\/usu1593\/2024\/11\/52-MAPA-RECORREGUT-COS.jpg\" alt=\"\" width=\"960\" height=\"540\" srcset=\"https:\/\/agora.xtec.cat\/ceipamistat\/wp-content\/uploads\/usu1593\/2024\/11\/52-MAPA-RECORREGUT-COS.jpg 960w, https:\/\/agora.xtec.cat\/ceipamistat\/wp-content\/uploads\/usu1593\/2024\/11\/52-MAPA-RECORREGUT-COS-300x169.jpg 300w, https:\/\/agora.xtec.cat\/ceipamistat\/wp-content\/uploads\/usu1593\/2024\/11\/52-MAPA-RECORREGUT-COS-768x432.jpg 768w\" sizes=\"auto, (max-width: 960px) 100vw, 960px\" \/><\/a><\/td>\n<\/tr>\n<tr style=\"height: 110px;\">\n<td style=\"width: 25%; height: 110px;\"><a href=\"https:\/\/docs.google.com\/presentation\/d\/1RpVG4jWXc_5X3hmUHCKNKUde51J93jMbGXSqrYTFGsw\/edit?usp=drive_link\"><img loading=\"lazy\" decoding=\"async\" class=\"aligncenter size-full wp-image-3831\" src=\"https:\/\/agora.xtec.cat\/ceipamistat\/wp-content\/uploads\/usu1593\/2024\/11\/53-MAPA-RECORREGUT-COS.jpg\" alt=\"\" width=\"960\" height=\"540\" srcset=\"https:\/\/agora.xtec.cat\/ceipamistat\/wp-content\/uploads\/usu1593\/2024\/11\/53-MAPA-RECORREGUT-COS.jpg 960w, https:\/\/agora.xtec.cat\/ceipamistat\/wp-content\/uploads\/usu1593\/2024\/11\/53-MAPA-RECORREGUT-COS-300x169.jpg 300w, https:\/\/agora.xtec.cat\/ceipamistat\/wp-content\/uploads\/usu1593\/2024\/11\/53-MAPA-RECORREGUT-COS-768x432.jpg 768w\" sizes=\"auto, (max-width: 960px) 100vw, 960px\" \/><\/a><\/td>\n<td style=\"width: 25%; height: 110px;\"><a href=\"https:\/\/docs.google.com\/presentation\/d\/1VM_KDmt4EKbbltfczfkkhORSN_rBpxp5Id6MJtQQ7tQ\/edit?usp=drive_link\"><img loading=\"lazy\" decoding=\"async\" class=\"aligncenter size-full wp-image-3832\" src=\"https:\/\/agora.xtec.cat\/ceipamistat\/wp-content\/uploads\/usu1593\/2024\/11\/61-MAPA-RECORREGUT-COS.jpg\" alt=\"\" width=\"960\" height=\"540\" srcset=\"https:\/\/agora.xtec.cat\/ceipamistat\/wp-content\/uploads\/usu1593\/2024\/11\/61-MAPA-RECORREGUT-COS.jpg 960w, https:\/\/agora.xtec.cat\/ceipamistat\/wp-content\/uploads\/usu1593\/2024\/11\/61-MAPA-RECORREGUT-COS-300x169.jpg 300w, https:\/\/agora.xtec.cat\/ceipamistat\/wp-content\/uploads\/usu1593\/2024\/11\/61-MAPA-RECORREGUT-COS-768x432.jpg 768w\" sizes=\"auto, (max-width: 960px) 100vw, 960px\" \/><\/a><\/td>\n<td style=\"width: 25%; height: 110px;\"><a href=\"https:\/\/docs.google.com\/presentation\/d\/1nbwjmt3SnKxUQbTjX_rmVPXA34dH85dR3Y2trfvle_A\/edit?usp=drive_link\"><img loading=\"lazy\" decoding=\"async\" class=\"aligncenter size-full wp-image-3833\" src=\"https:\/\/agora.xtec.cat\/ceipamistat\/wp-content\/uploads\/usu1593\/2024\/11\/62-MAPA-RECORREGUT-COSANDREA.jpg\" alt=\"\" width=\"960\" height=\"540\" srcset=\"https:\/\/agora.xtec.cat\/ceipamistat\/wp-content\/uploads\/usu1593\/2024\/11\/62-MAPA-RECORREGUT-COSANDREA.jpg 960w, https:\/\/agora.xtec.cat\/ceipamistat\/wp-content\/uploads\/usu1593\/2024\/11\/62-MAPA-RECORREGUT-COSANDREA-300x169.jpg 300w, https:\/\/agora.xtec.cat\/ceipamistat\/wp-content\/uploads\/usu1593\/2024\/11\/62-MAPA-RECORREGUT-COSANDREA-768x432.jpg 768w\" sizes=\"auto, (max-width: 960px) 100vw, 960px\" \/><\/a><\/td>\n<td style=\"width: 25%; height: 110px;\"><a href=\"https:\/\/docs.google.com\/presentation\/d\/1Nw5Rx9bVlXzCe_cUXzVNaw9JXbkRBZIRxRxoaUw-spA\/edit?usp=drive_link\"><img loading=\"lazy\" decoding=\"async\" class=\"aligncenter size-full wp-image-3834\" src=\"https:\/\/agora.xtec.cat\/ceipamistat\/wp-content\/uploads\/usu1593\/2024\/11\/63-MAPA-RECORREGUT-COS-.jpg\" alt=\"\" width=\"960\" height=\"540\" srcset=\"https:\/\/agora.xtec.cat\/ceipamistat\/wp-content\/uploads\/usu1593\/2024\/11\/63-MAPA-RECORREGUT-COS-.jpg 960w, https:\/\/agora.xtec.cat\/ceipamistat\/wp-content\/uploads\/usu1593\/2024\/11\/63-MAPA-RECORREGUT-COS--300x169.jpg 300w, https:\/\/agora.xtec.cat\/ceipamistat\/wp-content\/uploads\/usu1593\/2024\/11\/63-MAPA-RECORREGUT-COS--768x432.jpg 768w\" sizes=\"auto, (max-width: 960px) 100vw, 960px\" \/><\/a><\/td>\n<\/tr>\n<\/tbody>\n<\/table>\n<p>Podeu visitar al seg\u00fcent enlla\u00e7 la feina feta a infantil:<a href=\"https:\/\/agora.xtec.cat\/ceipamistat\/infantil-a-lamistat\/treball-per-projectes-a-infantil\/\"> Com ajudar als altres a ser del club dels valents?<\/a><\/p>\n","protected":false},"excerpt":{"rendered":"<p>Aquest curs volem veure la vida. Per comen\u00e7ar aquest trimestre ens hem aturat a veure&#8217;ns a nosaltres mateixos, com funciona el cos i tamb\u00e9 a reflexionar sobre el dret a ser diferent i la identificaci\u00f3 de qualsevol tipus d&#8217;ab\u00fas. A partir de contes, din\u00e0miques i visites d&#8217;experts tots els infants de l&#8217;escola s&#8217;han sensibilitat sobre [&hellip;]<\/p>\n","protected":false},"author":1,"featured_media":0,"parent":567,"menu_order":48,"comment_status":"closed","ping_status":"closed","template":"","meta":{"_bbp_topic_count":0,"_bbp_reply_count":0,"_bbp_total_topic_count":0,"_bbp_total_reply_count":0,"_bbp_voice_count":0,"_bbp_anonymous_reply_count":0,"_bbp_topic_count_hidden":0,"_bbp_reply_count_hidden":0,"_bbp_forum_subforum_count":0,"site-sidebar-layout":"default","site-content-layout":"","ast-site-content-layout":"","site-content-style":"default","site-sidebar-style":"default","ast-global-header-display":"","ast-banner-title-visibility":"","ast-main-header-display":"","ast-hfb-above-header-display":"","ast-hfb-below-header-display":"","ast-hfb-mobile-header-display":"","site-post-title":"","ast-breadcrumbs-content":"","ast-featured-img":"","footer-sml-layout":"","theme-transparent-header-meta":"","adv-header-id-meta":"","stick-header-meta":"","header-above-stick-meta":"","header-main-stick-meta":"","header-below-stick-meta":"","astra-migrate-meta-layouts":"default","ast-page-background-enabled":"default","ast-page-background-meta":{"desktop":{"background-color":"var(--ast-global-color-4)","background-image":"","background-repeat":"repeat","background-position":"center center","background-size":"auto","background-attachment":"scroll","background-type":"","background-media":"","overlay-type":"","overlay-color":"","overlay-opacity":"","overlay-gradient":""},"tablet":{"background-color":"","background-image":"","background-repeat":"repeat","background-position":"center center","background-size":"auto","background-attachment":"scroll","background-type":"","background-media":"","overlay-type":"","overlay-color":"","overlay-opacity":"","overlay-gradient":""},"mobile":{"background-color":"","background-image":"","background-repeat":"repeat","background-position":"center center","background-size":"auto","background-attachment":"scroll","background-type":"","background-media":"","overlay-type":"","overlay-color":"","overlay-opacity":"","overlay-gradient":""}},"ast-content-background-meta":{"desktop":{"background-color":"var(--ast-global-color-5)","background-image":"","background-repeat":"repeat","background-position":"center center","background-size":"auto","background-attachment":"scroll","background-type":"","background-media":"","overlay-type":"","overlay-color":"","overlay-opacity":"","overlay-gradient":""},"tablet":{"background-color":"var(--ast-global-color-5)","background-image":"","background-repeat":"repeat","background-position":"center center","background-size":"auto","background-attachment":"scroll","background-type":"","background-media":"","overlay-type":"","overlay-color":"","overlay-opacity":"","overlay-gradient":""},"mobile":{"background-color":"var(--ast-global-color-5)","background-image":"","background-repeat":"repeat","background-position":"center center","background-size":"auto","background-attachment":"scroll","background-type":"","background-media":"","overlay-type":"","overlay-color":"","overlay-opacity":"","overlay-gradient":""}},"footnotes":""},"class_list":["post-3807","page","type-page","status-publish","hentry"],"post_mailing_queue_ids":[],"_links":{"self":[{"href":"https:\/\/agora.xtec.cat\/ceipamistat\/wp-json\/wp\/v2\/pages\/3807","targetHints":{"allow":["GET"]}}],"collection":[{"href":"https:\/\/agora.xtec.cat\/ceipamistat\/wp-json\/wp\/v2\/pages"}],"about":[{"href":"https:\/\/agora.xtec.cat\/ceipamistat\/wp-json\/wp\/v2\/types\/page"}],"author":[{"embeddable":true,"href":"https:\/\/agora.xtec.cat\/ceipamistat\/wp-json\/wp\/v2\/users\/1"}],"replies":[{"embeddable":true,"href":"https:\/\/agora.xtec.cat\/ceipamistat\/wp-json\/wp\/v2\/comments?post=3807"}],"version-history":[{"count":6,"href":"https:\/\/agora.xtec.cat\/ceipamistat\/wp-json\/wp\/v2\/pages\/3807\/revisions"}],"predecessor-version":[{"id":3969,"href":"https:\/\/agora.xtec.cat\/ceipamistat\/wp-json\/wp\/v2\/pages\/3807\/revisions\/3969"}],"up":[{"embeddable":true,"href":"https:\/\/agora.xtec.cat\/ceipamistat\/wp-json\/wp\/v2\/pages\/567"}],"wp:attachment":[{"href":"https:\/\/agora.xtec.cat\/ceipamistat\/wp-json\/wp\/v2\/media?parent=3807"}],"curies":[{"name":"wp","href":"https:\/\/api.w.org\/{rel}","templated":true}]}}