{"id":3309,"date":"2024-02-15T19:09:30","date_gmt":"2024-02-15T18:09:30","guid":{"rendered":"https:\/\/agora.xtec.cat\/ceipamistat\/?page_id=3309"},"modified":"2024-02-15T19:13:09","modified_gmt":"2024-02-15T18:13:09","slug":"transformacio-de-pati","status":"publish","type":"page","link":"https:\/\/agora.xtec.cat\/ceipamistat\/treball-per-projectes\/transformacio-de-pati\/","title":{"rendered":"Transformaci\u00f3 de pati"},"content":{"rendered":"<p>A partir d&#8217;aquest impuls els alumnes de prim\u00e0ria de l&#8217;escola fan propostes de microtransformaci\u00f3 pel seu pati.<\/p>\n<div class=\"ast-oembed-container \" style=\"height: 100%;\"><iframe loading=\"lazy\" title=\"Quina microtransformaci\u00f3 de pati proposeu tenint en compte el club dels valents?\" width=\"500\" height=\"281\" src=\"https:\/\/www.youtube.com\/embed\/VkdCH2ndbKA?feature=oembed\" frameborder=\"0\" allow=\"accelerometer; autoplay; clipboard-write; encrypted-media; gyroscope; picture-in-picture; web-share\" referrerpolicy=\"strict-origin-when-cross-origin\" allowfullscreen><\/iframe><\/div>\n<p>Aquestes propostes les hem portat al plenari d&#8217;octubre perqu\u00e8 es cre\u00ef una comissi\u00f3 mixta i pugui dur a terme algun dels nostres somnis.<\/p>\n<table style=\"border-collapse: collapse; width: 100%;\">\n<tbody>\n<tr>\n<td style=\"width: 16.6667%;\"><a href=\"https:\/\/docs.google.com\/presentation\/d\/1fwe-aBNPAASO7UNXT96Aeh5LG8Ymn6LGPk6kyzJDWL0\/edit?usp=sharing\"><img loading=\"lazy\" decoding=\"async\" class=\"alignleft size-large wp-image-3312\" src=\"https:\/\/agora.xtec.cat\/ceipamistat\/wp-content\/uploads\/usu1593\/2024\/02\/Captura-17-1024x571.png\" alt=\"\" width=\"1024\" height=\"571\" srcset=\"https:\/\/agora.xtec.cat\/ceipamistat\/wp-content\/uploads\/usu1593\/2024\/02\/Captura-17-1024x571.png 1024w, https:\/\/agora.xtec.cat\/ceipamistat\/wp-content\/uploads\/usu1593\/2024\/02\/Captura-17-300x167.png 300w, https:\/\/agora.xtec.cat\/ceipamistat\/wp-content\/uploads\/usu1593\/2024\/02\/Captura-17-768x428.png 768w, https:\/\/agora.xtec.cat\/ceipamistat\/wp-content\/uploads\/usu1593\/2024\/02\/Captura-17.png 1076w\" sizes=\"auto, (max-width: 1024px) 100vw, 1024px\" \/><\/a><\/td>\n<td style=\"width: 16.6667%;\"><a href=\"https:\/\/docs.google.com\/presentation\/d\/1VxSoddUQJE5DuYRLmaswswYbBuloByH3Drj3Ce4sblc\/edit?usp=sharing\"><img loading=\"lazy\" decoding=\"async\" class=\"alignleft size-large wp-image-3313\" src=\"https:\/\/agora.xtec.cat\/ceipamistat\/wp-content\/uploads\/usu1593\/2024\/02\/Captura-18-1024x571.png\" alt=\"\" width=\"1024\" height=\"571\" srcset=\"https:\/\/agora.xtec.cat\/ceipamistat\/wp-content\/uploads\/usu1593\/2024\/02\/Captura-18-1024x571.png 1024w, https:\/\/agora.xtec.cat\/ceipamistat\/wp-content\/uploads\/usu1593\/2024\/02\/Captura-18-300x167.png 300w, https:\/\/agora.xtec.cat\/ceipamistat\/wp-content\/uploads\/usu1593\/2024\/02\/Captura-18-768x428.png 768w, https:\/\/agora.xtec.cat\/ceipamistat\/wp-content\/uploads\/usu1593\/2024\/02\/Captura-18.png 1072w\" sizes=\"auto, (max-width: 1024px) 100vw, 1024px\" \/><\/a><\/td>\n<td style=\"width: 16.6667%;\"><a href=\"https:\/\/docs.google.com\/presentation\/d\/1nzhg45bWtN78agDbNl0LBnkagP0euNi4jZMv2y6Cltg\/edit?usp=sharing\"><img loading=\"lazy\" decoding=\"async\" class=\"alignleft size-large wp-image-3314\" src=\"https:\/\/agora.xtec.cat\/ceipamistat\/wp-content\/uploads\/usu1593\/2024\/02\/Captura-19-1024x580.png\" alt=\"\" width=\"1024\" height=\"580\" srcset=\"https:\/\/agora.xtec.cat\/ceipamistat\/wp-content\/uploads\/usu1593\/2024\/02\/Captura-19-1024x580.png 1024w, https:\/\/agora.xtec.cat\/ceipamistat\/wp-content\/uploads\/usu1593\/2024\/02\/Captura-19-300x170.png 300w, https:\/\/agora.xtec.cat\/ceipamistat\/wp-content\/uploads\/usu1593\/2024\/02\/Captura-19-768x435.png 768w, https:\/\/agora.xtec.cat\/ceipamistat\/wp-content\/uploads\/usu1593\/2024\/02\/Captura-19.png 1036w\" sizes=\"auto, (max-width: 1024px) 100vw, 1024px\" \/><\/a><\/td>\n<td style=\"width: 16.6667%;\"><a href=\"https:\/\/docs.google.com\/presentation\/d\/1Lx7NVHpDTw2eNB9vnQADGk8bxdVUX-YS\/edit?usp=sharing&amp;ouid=106740792560853641777&amp;rtpof=true&amp;sd=true\"><img loading=\"lazy\" decoding=\"async\" class=\"alignleft size-large wp-image-3315\" src=\"https:\/\/agora.xtec.cat\/ceipamistat\/wp-content\/uploads\/usu1593\/2024\/02\/Captura-20-1024x575.png\" alt=\"\" width=\"1024\" height=\"575\" srcset=\"https:\/\/agora.xtec.cat\/ceipamistat\/wp-content\/uploads\/usu1593\/2024\/02\/Captura-20-1024x575.png 1024w, https:\/\/agora.xtec.cat\/ceipamistat\/wp-content\/uploads\/usu1593\/2024\/02\/Captura-20-300x169.png 300w, https:\/\/agora.xtec.cat\/ceipamistat\/wp-content\/uploads\/usu1593\/2024\/02\/Captura-20-768x432.png 768w, https:\/\/agora.xtec.cat\/ceipamistat\/wp-content\/uploads\/usu1593\/2024\/02\/Captura-20.png 1057w\" sizes=\"auto, (max-width: 1024px) 100vw, 1024px\" \/><\/a><\/td>\n<\/tr>\n<tr>\n<td style=\"width: 16.6667%;\"><a href=\"https:\/\/docs.google.com\/presentation\/d\/1mREpfvuUOjvEIfbiISvbmR3WqYOHPpYA\/edit?usp=sharing&amp;ouid=106740792560853641777&amp;rtpof=true&amp;sd=true\"><img loading=\"lazy\" decoding=\"async\" class=\"alignleft size-large wp-image-3316\" src=\"https:\/\/agora.xtec.cat\/ceipamistat\/wp-content\/uploads\/usu1593\/2024\/02\/Captura-21-1024x553.png\" alt=\"\" width=\"1024\" height=\"553\" srcset=\"https:\/\/agora.xtec.cat\/ceipamistat\/wp-content\/uploads\/usu1593\/2024\/02\/Captura-21-1024x553.png 1024w, https:\/\/agora.xtec.cat\/ceipamistat\/wp-content\/uploads\/usu1593\/2024\/02\/Captura-21-300x162.png 300w, https:\/\/agora.xtec.cat\/ceipamistat\/wp-content\/uploads\/usu1593\/2024\/02\/Captura-21-768x415.png 768w, https:\/\/agora.xtec.cat\/ceipamistat\/wp-content\/uploads\/usu1593\/2024\/02\/Captura-21.png 1042w\" sizes=\"auto, (max-width: 1024px) 100vw, 1024px\" \/><\/a><\/td>\n<td style=\"width: 16.6667%;\"><a href=\"https:\/\/docs.google.com\/presentation\/d\/1Lx7NVHpDTw2eNB9vnQADGk8bxdVUX-YS\/edit?usp=sharing&amp;ouid=106740792560853641777&amp;rtpof=true&amp;sd=true\"><img loading=\"lazy\" decoding=\"async\" class=\"alignleft size-large wp-image-3317\" src=\"https:\/\/agora.xtec.cat\/ceipamistat\/wp-content\/uploads\/usu1593\/2024\/02\/Captura-22-1024x562.png\" alt=\"\" width=\"1024\" height=\"562\" srcset=\"https:\/\/agora.xtec.cat\/ceipamistat\/wp-content\/uploads\/usu1593\/2024\/02\/Captura-22-1024x562.png 1024w, https:\/\/agora.xtec.cat\/ceipamistat\/wp-content\/uploads\/usu1593\/2024\/02\/Captura-22-300x165.png 300w, https:\/\/agora.xtec.cat\/ceipamistat\/wp-content\/uploads\/usu1593\/2024\/02\/Captura-22-768x422.png 768w, https:\/\/agora.xtec.cat\/ceipamistat\/wp-content\/uploads\/usu1593\/2024\/02\/Captura-22.png 1084w\" sizes=\"auto, (max-width: 1024px) 100vw, 1024px\" \/><\/a><\/td>\n<td style=\"width: 16.6667%;\"><a href=\"https:\/\/docs.google.com\/presentation\/d\/1apKfUKhNwFP9p9oADMFu3Ini2hiOz92U\/edit?usp=sharing&amp;ouid=106740792560853641777&amp;rtpof=true&amp;sd=true\"><img loading=\"lazy\" decoding=\"async\" class=\"alignleft size-full wp-image-3318\" src=\"https:\/\/agora.xtec.cat\/ceipamistat\/wp-content\/uploads\/usu1593\/2024\/02\/Captura-23.png\" alt=\"\" width=\"1022\" height=\"592\" srcset=\"https:\/\/agora.xtec.cat\/ceipamistat\/wp-content\/uploads\/usu1593\/2024\/02\/Captura-23.png 1022w, https:\/\/agora.xtec.cat\/ceipamistat\/wp-content\/uploads\/usu1593\/2024\/02\/Captura-23-300x174.png 300w, https:\/\/agora.xtec.cat\/ceipamistat\/wp-content\/uploads\/usu1593\/2024\/02\/Captura-23-768x445.png 768w\" sizes=\"auto, (max-width: 1022px) 100vw, 1022px\" \/><\/a><\/td>\n<td style=\"width: 16.6667%;\"><a href=\"https:\/\/docs.google.com\/presentation\/d\/1h2J1V5QBRCDQGtrAfLWumGZyTJgaNeq4OxpsNunnsrg\/edit?usp=sharing\"><img loading=\"lazy\" decoding=\"async\" class=\"alignleft size-large wp-image-3319\" src=\"https:\/\/agora.xtec.cat\/ceipamistat\/wp-content\/uploads\/usu1593\/2024\/02\/Captura-24-1024x573.png\" alt=\"\" width=\"1024\" height=\"573\" srcset=\"https:\/\/agora.xtec.cat\/ceipamistat\/wp-content\/uploads\/usu1593\/2024\/02\/Captura-24-1024x573.png 1024w, https:\/\/agora.xtec.cat\/ceipamistat\/wp-content\/uploads\/usu1593\/2024\/02\/Captura-24-300x168.png 300w, https:\/\/agora.xtec.cat\/ceipamistat\/wp-content\/uploads\/usu1593\/2024\/02\/Captura-24-768x430.png 768w, https:\/\/agora.xtec.cat\/ceipamistat\/wp-content\/uploads\/usu1593\/2024\/02\/Captura-24.png 1041w\" sizes=\"auto, (max-width: 1024px) 100vw, 1024px\" \/><\/a><\/td>\n<\/tr>\n<tr>\n<td style=\"width: 16.6667%;\"><a href=\"https:\/\/docs.google.com\/presentation\/d\/1dyTaotfXzZSROQgrXU0z-e0Y54RqPin_\/edit?usp=sharing&amp;ouid=106740792560853641777&amp;rtpof=true&amp;sd=true\"><img loading=\"lazy\" decoding=\"async\" class=\"alignleft size-large wp-image-3320\" src=\"https:\/\/agora.xtec.cat\/ceipamistat\/wp-content\/uploads\/usu1593\/2024\/02\/Captura-25-1024x570.png\" alt=\"\" width=\"1024\" height=\"570\" srcset=\"https:\/\/agora.xtec.cat\/ceipamistat\/wp-content\/uploads\/usu1593\/2024\/02\/Captura-25-1024x570.png 1024w, https:\/\/agora.xtec.cat\/ceipamistat\/wp-content\/uploads\/usu1593\/2024\/02\/Captura-25-300x167.png 300w, https:\/\/agora.xtec.cat\/ceipamistat\/wp-content\/uploads\/usu1593\/2024\/02\/Captura-25-768x427.png 768w, https:\/\/agora.xtec.cat\/ceipamistat\/wp-content\/uploads\/usu1593\/2024\/02\/Captura-25.png 1059w\" sizes=\"auto, (max-width: 1024px) 100vw, 1024px\" \/><\/a><\/td>\n<td style=\"width: 16.6667%;\"><a href=\"https:\/\/docs.google.com\/presentation\/d\/1PDD-3jQYWgoZKXtK0s9_wQyU_hLEtVu-ShO-vWDirik\/edit?usp=sharing\"><img loading=\"lazy\" decoding=\"async\" class=\"alignleft size-full wp-image-3321\" src=\"https:\/\/agora.xtec.cat\/ceipamistat\/wp-content\/uploads\/usu1593\/2024\/02\/Captura-26.png\" alt=\"\" width=\"1020\" height=\"575\" srcset=\"https:\/\/agora.xtec.cat\/ceipamistat\/wp-content\/uploads\/usu1593\/2024\/02\/Captura-26.png 1020w, https:\/\/agora.xtec.cat\/ceipamistat\/wp-content\/uploads\/usu1593\/2024\/02\/Captura-26-300x169.png 300w, https:\/\/agora.xtec.cat\/ceipamistat\/wp-content\/uploads\/usu1593\/2024\/02\/Captura-26-768x433.png 768w\" sizes=\"auto, (max-width: 1020px) 100vw, 1020px\" \/><\/a><\/td>\n<td style=\"width: 16.6667%;\"><a href=\"https:\/\/docs.google.com\/presentation\/d\/1efzDqGGyL3B6i-t446Xzvmrf3DVuykOvyBACk3rWm0o\/edit?usp=sharing\"><img loading=\"lazy\" decoding=\"async\" class=\"alignleft size-large wp-image-3322\" src=\"https:\/\/agora.xtec.cat\/ceipamistat\/wp-content\/uploads\/usu1593\/2024\/02\/Captura-27-1024x597.png\" alt=\"\" width=\"1024\" height=\"597\" srcset=\"https:\/\/agora.xtec.cat\/ceipamistat\/wp-content\/uploads\/usu1593\/2024\/02\/Captura-27-1024x597.png 1024w, https:\/\/agora.xtec.cat\/ceipamistat\/wp-content\/uploads\/usu1593\/2024\/02\/Captura-27-300x175.png 300w, https:\/\/agora.xtec.cat\/ceipamistat\/wp-content\/uploads\/usu1593\/2024\/02\/Captura-27-768x448.png 768w, https:\/\/agora.xtec.cat\/ceipamistat\/wp-content\/uploads\/usu1593\/2024\/02\/Captura-27.png 1029w\" sizes=\"auto, (max-width: 1024px) 100vw, 1024px\" \/><\/a><\/td>\n<td style=\"width: 16.6667%;\"><a href=\"https:\/\/docs.google.com\/presentation\/d\/1t7rTnPtqdyldxjL2dI6Okwuaip94MaojKy6JEgfu-TY\/edit?usp=sharing\"><img loading=\"lazy\" decoding=\"async\" class=\"alignleft size-full wp-image-3323\" src=\"https:\/\/agora.xtec.cat\/ceipamistat\/wp-content\/uploads\/usu1593\/2024\/02\/Captura-28.png\" alt=\"\" width=\"1023\" height=\"575\" srcset=\"https:\/\/agora.xtec.cat\/ceipamistat\/wp-content\/uploads\/usu1593\/2024\/02\/Captura-28.png 1023w, https:\/\/agora.xtec.cat\/ceipamistat\/wp-content\/uploads\/usu1593\/2024\/02\/Captura-28-300x169.png 300w, https:\/\/agora.xtec.cat\/ceipamistat\/wp-content\/uploads\/usu1593\/2024\/02\/Captura-28-768x432.png 768w\" sizes=\"auto, (max-width: 1023px) 100vw, 1023px\" \/><\/a><\/td>\n<\/tr>\n<\/tbody>\n<\/table>\n<p>&nbsp;<\/p>\n","protected":false},"excerpt":{"rendered":"<p>A partir d&#8217;aquest impuls els alumnes de prim\u00e0ria de l&#8217;escola fan propostes de microtransformaci\u00f3 pel seu pati. Aquestes propostes les hem portat al plenari d&#8217;octubre perqu\u00e8 es cre\u00ef una comissi\u00f3 mixta i pugui dur a terme algun dels nostres somnis. &nbsp;<\/p>\n","protected":false},"author":1,"featured_media":0,"parent":567,"menu_order":50,"comment_status":"closed","ping_status":"closed","template":"","meta":{"_bbp_topic_count":0,"_bbp_reply_count":0,"_bbp_total_topic_count":0,"_bbp_total_reply_count":0,"_bbp_voice_count":0,"_bbp_anonymous_reply_count":0,"_bbp_topic_count_hidden":0,"_bbp_reply_count_hidden":0,"_bbp_forum_subforum_count":0,"site-sidebar-layout":"default","site-content-layout":"","ast-site-content-layout":"","site-content-style":"default","site-sidebar-style":"default","ast-global-header-display":"","ast-banner-title-visibility":"","ast-main-header-display":"","ast-hfb-above-header-display":"","ast-hfb-below-header-display":"","ast-hfb-mobile-header-display":"","site-post-title":"","ast-breadcrumbs-content":"","ast-featured-img":"","footer-sml-layout":"","theme-transparent-header-meta":"","adv-header-id-meta":"","stick-header-meta":"","header-above-stick-meta":"","header-main-stick-meta":"","header-below-stick-meta":"","astra-migrate-meta-layouts":"default","ast-page-background-enabled":"default","ast-page-background-meta":{"desktop":{"background-color":"var(--ast-global-color-4)","background-image":"","background-repeat":"repeat","background-position":"center center","background-size":"auto","background-attachment":"scroll","background-type":"","background-media":"","overlay-type":"","overlay-color":"","overlay-opacity":"","overlay-gradient":""},"tablet":{"background-color":"","background-image":"","background-repeat":"repeat","background-position":"center center","background-size":"auto","background-attachment":"scroll","background-type":"","background-media":"","overlay-type":"","overlay-color":"","overlay-opacity":"","overlay-gradient":""},"mobile":{"background-color":"","background-image":"","background-repeat":"repeat","background-position":"center center","background-size":"auto","background-attachment":"scroll","background-type":"","background-media":"","overlay-type":"","overlay-color":"","overlay-opacity":"","overlay-gradient":""}},"ast-content-background-meta":{"desktop":{"background-color":"var(--ast-global-color-5)","background-image":"","background-repeat":"repeat","background-position":"center center","background-size":"auto","background-attachment":"scroll","background-type":"","background-media":"","overlay-type":"","overlay-color":"","overlay-opacity":"","overlay-gradient":""},"tablet":{"background-color":"var(--ast-global-color-5)","background-image":"","background-repeat":"repeat","background-position":"center center","background-size":"auto","background-attachment":"scroll","background-type":"","background-media":"","overlay-type":"","overlay-color":"","overlay-opacity":"","overlay-gradient":""},"mobile":{"background-color":"var(--ast-global-color-5)","background-image":"","background-repeat":"repeat","background-position":"center center","background-size":"auto","background-attachment":"scroll","background-type":"","background-media":"","overlay-type":"","overlay-color":"","overlay-opacity":"","overlay-gradient":""}},"footnotes":""},"class_list":["post-3309","page","type-page","status-publish","hentry"],"post_mailing_queue_ids":[],"_links":{"self":[{"href":"https:\/\/agora.xtec.cat\/ceipamistat\/wp-json\/wp\/v2\/pages\/3309","targetHints":{"allow":["GET"]}}],"collection":[{"href":"https:\/\/agora.xtec.cat\/ceipamistat\/wp-json\/wp\/v2\/pages"}],"about":[{"href":"https:\/\/agora.xtec.cat\/ceipamistat\/wp-json\/wp\/v2\/types\/page"}],"author":[{"embeddable":true,"href":"https:\/\/agora.xtec.cat\/ceipamistat\/wp-json\/wp\/v2\/users\/1"}],"replies":[{"embeddable":true,"href":"https:\/\/agora.xtec.cat\/ceipamistat\/wp-json\/wp\/v2\/comments?post=3309"}],"version-history":[{"count":1,"href":"https:\/\/agora.xtec.cat\/ceipamistat\/wp-json\/wp\/v2\/pages\/3309\/revisions"}],"predecessor-version":[{"id":3324,"href":"https:\/\/agora.xtec.cat\/ceipamistat\/wp-json\/wp\/v2\/pages\/3309\/revisions\/3324"}],"up":[{"embeddable":true,"href":"https:\/\/agora.xtec.cat\/ceipamistat\/wp-json\/wp\/v2\/pages\/567"}],"wp:attachment":[{"href":"https:\/\/agora.xtec.cat\/ceipamistat\/wp-json\/wp\/v2\/media?parent=3309"}],"curies":[{"name":"wp","href":"https:\/\/api.w.org\/{rel}","templated":true}]}}