{"id":3288,"date":"2024-02-08T16:29:43","date_gmt":"2024-02-08T15:29:43","guid":{"rendered":"https:\/\/agora.xtec.cat\/ceipamistat\/?page_id=3288"},"modified":"2024-02-15T19:25:03","modified_gmt":"2024-02-15T18:25:03","slug":"fira-galactica","status":"publish","type":"page","link":"https:\/\/agora.xtec.cat\/ceipamistat\/treball-per-projectes\/fira-galactica\/","title":{"rendered":"Fira gal\u00e0ctica"},"content":{"rendered":"<div class=\"ast-oembed-container \" style=\"height: 100%;\"><iframe loading=\"lazy\" title=\"IMPULS UNIVERS\" width=\"500\" height=\"281\" src=\"https:\/\/www.youtube.com\/embed\/4QO3uOAIvzA?feature=oembed\" frameborder=\"0\" allow=\"accelerometer; autoplay; clipboard-write; encrypted-media; gyroscope; picture-in-picture; web-share\" referrerpolicy=\"strict-origin-when-cross-origin\" allowfullscreen><\/iframe><\/div>\n<p>A\u00a0 partir d&#8217;aquest impuls tots els alumnes de l&#8217;escola han treballat per projectes. Podeu consultar el proc\u00e9s de cada grup clicant a la imatge.<\/p>\n<table style=\"border-collapse: collapse; width: 100%; height: 417px;\">\n<tbody>\n<tr style=\"height: 32px;\">\n<td style=\"width: 25%; height: 32px;\">6\u00e8A<\/td>\n<td style=\"width: 25%; height: 32px;\">6\u00e8B<\/td>\n<td style=\"width: 25%; height: 32px;\">5\u00e8A<\/td>\n<td style=\"width: 25%; height: 32px;\">5\u00e8B<\/td>\n<\/tr>\n<tr style=\"height: 173px;\">\n<td style=\"width: 25%; height: 173px;\">4tA<\/td>\n<td style=\"width: 25%; height: 173px;\">4tB<\/p>\n<p><a href=\"https:\/\/drive.google.com\/file\/d\/183y-X17648DzrJcHh3rz6ffJ2UbrbdDc\/view?usp=sharing\"><img loading=\"lazy\" decoding=\"async\" class=\"wp-image-3296 aligncenter\" src=\"https:\/\/agora.xtec.cat\/ceipamistat\/wp-content\/uploads\/usu1593\/2024\/02\/Captura-10.png\" alt=\"\" width=\"139\" height=\"112\" srcset=\"https:\/\/agora.xtec.cat\/ceipamistat\/wp-content\/uploads\/usu1593\/2024\/02\/Captura-10.png 719w, https:\/\/agora.xtec.cat\/ceipamistat\/wp-content\/uploads\/usu1593\/2024\/02\/Captura-10-300x242.png 300w\" sizes=\"auto, (max-width: 139px) 100vw, 139px\" \/><\/a><\/td>\n<td style=\"width: 25%; height: 173px;\">3r<a href=\"https:\/\/drive.google.com\/file\/d\/1FKZTUqveedAlpk3zMsWH7T05cNGRfy_H\/view?usp=drive_link\"><img loading=\"lazy\" decoding=\"async\" class=\"alignleft size-full wp-image-3291\" src=\"https:\/\/agora.xtec.cat\/ceipamistat\/wp-content\/uploads\/usu1593\/2024\/02\/Captura-7.png\" alt=\"\" width=\"989\" height=\"488\" srcset=\"https:\/\/agora.xtec.cat\/ceipamistat\/wp-content\/uploads\/usu1593\/2024\/02\/Captura-7.png 989w, https:\/\/agora.xtec.cat\/ceipamistat\/wp-content\/uploads\/usu1593\/2024\/02\/Captura-7-300x148.png 300w, https:\/\/agora.xtec.cat\/ceipamistat\/wp-content\/uploads\/usu1593\/2024\/02\/Captura-7-768x379.png 768w\" sizes=\"auto, (max-width: 989px) 100vw, 989px\" \/><\/a><\/td>\n<td style=\"width: 25%; height: 173px;\">3r<a href=\"https:\/\/drive.google.com\/file\/d\/1Su5LLkxpPUpVnheA0CtJQMom_Cr1uUTj\/view?usp=sharing\"><img loading=\"lazy\" decoding=\"async\" class=\"alignleft size-full wp-image-3292\" src=\"https:\/\/agora.xtec.cat\/ceipamistat\/wp-content\/uploads\/usu1593\/2024\/02\/Captura-8.png\" alt=\"\" width=\"975\" height=\"516\" srcset=\"https:\/\/agora.xtec.cat\/ceipamistat\/wp-content\/uploads\/usu1593\/2024\/02\/Captura-8.png 975w, https:\/\/agora.xtec.cat\/ceipamistat\/wp-content\/uploads\/usu1593\/2024\/02\/Captura-8-300x159.png 300w, https:\/\/agora.xtec.cat\/ceipamistat\/wp-content\/uploads\/usu1593\/2024\/02\/Captura-8-768x406.png 768w\" sizes=\"auto, (max-width: 975px) 100vw, 975px\" \/><\/a><\/td>\n<\/tr>\n<tr style=\"height: 148px;\">\n<td style=\"width: 25%; height: 148px;\">2nA<\/p>\n<p><a href=\"https:\/\/drive.google.com\/file\/d\/1Md8imukb2HZ7UuAX-Qrlzix6sHEiGK_I\/view?usp=sharing\"><img loading=\"lazy\" decoding=\"async\" class=\"alignleft size-large wp-image-3294\" src=\"https:\/\/agora.xtec.cat\/ceipamistat\/wp-content\/uploads\/usu1593\/2024\/02\/Captura-9-1024x479.png\" alt=\"\" width=\"1024\" height=\"479\" srcset=\"https:\/\/agora.xtec.cat\/ceipamistat\/wp-content\/uploads\/usu1593\/2024\/02\/Captura-9-1024x479.png 1024w, https:\/\/agora.xtec.cat\/ceipamistat\/wp-content\/uploads\/usu1593\/2024\/02\/Captura-9-300x140.png 300w, https:\/\/agora.xtec.cat\/ceipamistat\/wp-content\/uploads\/usu1593\/2024\/02\/Captura-9-768x359.png 768w, https:\/\/agora.xtec.cat\/ceipamistat\/wp-content\/uploads\/usu1593\/2024\/02\/Captura-9.png 1071w\" sizes=\"auto, (max-width: 1024px) 100vw, 1024px\" \/><\/a><\/td>\n<td style=\"width: 25%; height: 148px;\">2nB<a href=\"https:\/\/docs.google.com\/presentation\/d\/1-4SPcpDMlJ0FdUmRlxSPmIOrFYq6Wu60\/edit?usp=drive_link&amp;ouid=106740792560853641777&amp;rtpof=true&amp;sd=true\"><img loading=\"lazy\" decoding=\"async\" class=\"alignleft size-full wp-image-3289\" src=\"https:\/\/agora.xtec.cat\/ceipamistat\/wp-content\/uploads\/usu1593\/2024\/02\/Captura-5.png\" alt=\"\" width=\"817\" height=\"486\" srcset=\"https:\/\/agora.xtec.cat\/ceipamistat\/wp-content\/uploads\/usu1593\/2024\/02\/Captura-5.png 817w, https:\/\/agora.xtec.cat\/ceipamistat\/wp-content\/uploads\/usu1593\/2024\/02\/Captura-5-300x178.png 300w, https:\/\/agora.xtec.cat\/ceipamistat\/wp-content\/uploads\/usu1593\/2024\/02\/Captura-5-768x457.png 768w\" sizes=\"auto, (max-width: 817px) 100vw, 817px\" \/><\/a><\/td>\n<td style=\"width: 25%; height: 148px;\">1rA<a href=\"https:\/\/drive.google.com\/file\/d\/1qN_hVv1S5BPSkXGkXq6Fphj74L-y9bdU\/view?usp=sharing\"><img loading=\"lazy\" decoding=\"async\" class=\"alignleft size-full wp-image-3290\" src=\"https:\/\/agora.xtec.cat\/ceipamistat\/wp-content\/uploads\/usu1593\/2024\/02\/Captura-6.png\" alt=\"\" width=\"1022\" height=\"596\" srcset=\"https:\/\/agora.xtec.cat\/ceipamistat\/wp-content\/uploads\/usu1593\/2024\/02\/Captura-6.png 1022w, https:\/\/agora.xtec.cat\/ceipamistat\/wp-content\/uploads\/usu1593\/2024\/02\/Captura-6-300x175.png 300w, https:\/\/agora.xtec.cat\/ceipamistat\/wp-content\/uploads\/usu1593\/2024\/02\/Captura-6-768x448.png 768w\" sizes=\"auto, (max-width: 1022px) 100vw, 1022px\" \/><\/a><\/td>\n<td style=\"width: 25%; height: 148px;\">1rB<\/td>\n<\/tr>\n<tr style=\"height: 32px;\">\n<td style=\"width: 25%; height: 32px;\">i5A<a href=\"https:\/\/drive.google.com\/file\/d\/16tj4lKIMr39t1hL3TNXRYC-gt2CcoB9d\/view?usp=sharing\"><img loading=\"lazy\" decoding=\"async\" class=\"alignleft size-large wp-image-3299\" src=\"https:\/\/agora.xtec.cat\/ceipamistat\/wp-content\/uploads\/usu1593\/2024\/02\/Captura-13-1024x535.png\" alt=\"\" width=\"1024\" height=\"535\" srcset=\"https:\/\/agora.xtec.cat\/ceipamistat\/wp-content\/uploads\/usu1593\/2024\/02\/Captura-13-1024x535.png 1024w, https:\/\/agora.xtec.cat\/ceipamistat\/wp-content\/uploads\/usu1593\/2024\/02\/Captura-13-300x157.png 300w, https:\/\/agora.xtec.cat\/ceipamistat\/wp-content\/uploads\/usu1593\/2024\/02\/Captura-13-768x402.png 768w, https:\/\/agora.xtec.cat\/ceipamistat\/wp-content\/uploads\/usu1593\/2024\/02\/Captura-13.png 1052w\" sizes=\"auto, (max-width: 1024px) 100vw, 1024px\" \/><\/a><\/td>\n<td style=\"width: 25%; height: 32px;\">i5B<a href=\"https:\/\/drive.google.com\/file\/d\/1hPbEn4DO66PtilwniVmUNTtHHh2TjJYS\/view?usp=sharing\"><img loading=\"lazy\" decoding=\"async\" class=\"alignleft size-large wp-image-3298\" src=\"https:\/\/agora.xtec.cat\/ceipamistat\/wp-content\/uploads\/usu1593\/2024\/02\/Captura-12-1024x502.png\" alt=\"\" width=\"1024\" height=\"502\" srcset=\"https:\/\/agora.xtec.cat\/ceipamistat\/wp-content\/uploads\/usu1593\/2024\/02\/Captura-12-1024x502.png 1024w, https:\/\/agora.xtec.cat\/ceipamistat\/wp-content\/uploads\/usu1593\/2024\/02\/Captura-12-300x147.png 300w, https:\/\/agora.xtec.cat\/ceipamistat\/wp-content\/uploads\/usu1593\/2024\/02\/Captura-12-768x376.png 768w, https:\/\/agora.xtec.cat\/ceipamistat\/wp-content\/uploads\/usu1593\/2024\/02\/Captura-12.png 1110w\" sizes=\"auto, (max-width: 1024px) 100vw, 1024px\" \/><\/a><\/td>\n<td style=\"width: 25%; height: 32px;\">i4<a href=\"https:\/\/drive.google.com\/file\/d\/1djdoi8cNyKjl-THPy8a5lG7wTIpQcQ6S\/view?usp=sharing\"><img loading=\"lazy\" decoding=\"async\" class=\"alignleft size-full wp-image-3297\" src=\"https:\/\/agora.xtec.cat\/ceipamistat\/wp-content\/uploads\/usu1593\/2024\/02\/Captura-11.png\" alt=\"\" width=\"945\" height=\"545\" srcset=\"https:\/\/agora.xtec.cat\/ceipamistat\/wp-content\/uploads\/usu1593\/2024\/02\/Captura-11.png 945w, https:\/\/agora.xtec.cat\/ceipamistat\/wp-content\/uploads\/usu1593\/2024\/02\/Captura-11-300x173.png 300w, https:\/\/agora.xtec.cat\/ceipamistat\/wp-content\/uploads\/usu1593\/2024\/02\/Captura-11-768x443.png 768w\" sizes=\"auto, (max-width: 945px) 100vw, 945px\" \/><\/a><\/td>\n<td style=\"width: 25%; height: 32px;\">i3A<a href=\"https:\/\/drive.google.com\/file\/d\/1MgqjrAm1VLVC-Ki0QjftTi8hHsAHoNUq\/view?usp=sharing\"><img loading=\"lazy\" decoding=\"async\" class=\"alignleft size-large wp-image-3301\" src=\"https:\/\/agora.xtec.cat\/ceipamistat\/wp-content\/uploads\/usu1593\/2024\/02\/Captura-15-1024x569.png\" alt=\"\" width=\"1024\" height=\"569\" srcset=\"https:\/\/agora.xtec.cat\/ceipamistat\/wp-content\/uploads\/usu1593\/2024\/02\/Captura-15-1024x569.png 1024w, https:\/\/agora.xtec.cat\/ceipamistat\/wp-content\/uploads\/usu1593\/2024\/02\/Captura-15-300x167.png 300w, https:\/\/agora.xtec.cat\/ceipamistat\/wp-content\/uploads\/usu1593\/2024\/02\/Captura-15-768x427.png 768w, https:\/\/agora.xtec.cat\/ceipamistat\/wp-content\/uploads\/usu1593\/2024\/02\/Captura-15.png 1043w\" sizes=\"auto, (max-width: 1024px) 100vw, 1024px\" \/><\/a><\/td>\n<\/tr>\n<tr style=\"height: 32px;\">\n<td style=\"width: 25%; height: 32px;\">i3B<a href=\"https:\/\/drive.google.com\/file\/d\/1MgqjrAm1VLVC-Ki0QjftTi8hHsAHoNUq\/view?usp=sharing\"><img loading=\"lazy\" decoding=\"async\" class=\"alignleft size-full wp-image-3300\" src=\"https:\/\/agora.xtec.cat\/ceipamistat\/wp-content\/uploads\/usu1593\/2024\/02\/Captura-14.png\" alt=\"\" width=\"894\" height=\"528\" srcset=\"https:\/\/agora.xtec.cat\/ceipamistat\/wp-content\/uploads\/usu1593\/2024\/02\/Captura-14.png 894w, https:\/\/agora.xtec.cat\/ceipamistat\/wp-content\/uploads\/usu1593\/2024\/02\/Captura-14-300x177.png 300w, https:\/\/agora.xtec.cat\/ceipamistat\/wp-content\/uploads\/usu1593\/2024\/02\/Captura-14-768x454.png 768w\" sizes=\"auto, (max-width: 894px) 100vw, 894px\" \/><\/a><\/td>\n<td style=\"width: 25%; height: 32px;\"><\/td>\n<td style=\"width: 25%; height: 32px;\"><\/td>\n<td style=\"width: 25%; height: 32px;\"><\/td>\n<\/tr>\n<\/tbody>\n<\/table>\n","protected":false},"excerpt":{"rendered":"<p>A\u00a0 partir d&#8217;aquest impuls tots els alumnes de l&#8217;escola han treballat per projectes. Podeu consultar el proc\u00e9s de cada grup clicant a la imatge. 6\u00e8A 6\u00e8B 5\u00e8A 5\u00e8B 4tA 4tB 3r 3r 2nA 2nB 1rA 1rB i5A i5B i4 i3A i3B<\/p>\n","protected":false},"author":1,"featured_media":0,"parent":567,"menu_order":60,"comment_status":"closed","ping_status":"closed","template":"","meta":{"_bbp_topic_count":0,"_bbp_reply_count":0,"_bbp_total_topic_count":0,"_bbp_total_reply_count":0,"_bbp_voice_count":0,"_bbp_anonymous_reply_count":0,"_bbp_topic_count_hidden":0,"_bbp_reply_count_hidden":0,"_bbp_forum_subforum_count":0,"site-sidebar-layout":"default","site-content-layout":"","ast-site-content-layout":"","site-content-style":"default","site-sidebar-style":"default","ast-global-header-display":"","ast-banner-title-visibility":"","ast-main-header-display":"","ast-hfb-above-header-display":"","ast-hfb-below-header-display":"","ast-hfb-mobile-header-display":"","site-post-title":"","ast-breadcrumbs-content":"","ast-featured-img":"","footer-sml-layout":"","theme-transparent-header-meta":"","adv-header-id-meta":"","stick-header-meta":"","header-above-stick-meta":"","header-main-stick-meta":"","header-below-stick-meta":"","astra-migrate-meta-layouts":"default","ast-page-background-enabled":"default","ast-page-background-meta":{"desktop":{"background-color":"var(--ast-global-color-4)","background-image":"","background-repeat":"repeat","background-position":"center center","background-size":"auto","background-attachment":"scroll","background-type":"","background-media":"","overlay-type":"","overlay-color":"","overlay-opacity":"","overlay-gradient":""},"tablet":{"background-color":"","background-image":"","background-repeat":"repeat","background-position":"center center","background-size":"auto","background-attachment":"scroll","background-type":"","background-media":"","overlay-type":"","overlay-color":"","overlay-opacity":"","overlay-gradient":""},"mobile":{"background-color":"","background-image":"","background-repeat":"repeat","background-position":"center center","background-size":"auto","background-attachment":"scroll","background-type":"","background-media":"","overlay-type":"","overlay-color":"","overlay-opacity":"","overlay-gradient":""}},"ast-content-background-meta":{"desktop":{"background-color":"var(--ast-global-color-5)","background-image":"","background-repeat":"repeat","background-position":"center center","background-size":"auto","background-attachment":"scroll","background-type":"","background-media":"","overlay-type":"","overlay-color":"","overlay-opacity":"","overlay-gradient":""},"tablet":{"background-color":"var(--ast-global-color-5)","background-image":"","background-repeat":"repeat","background-position":"center center","background-size":"auto","background-attachment":"scroll","background-type":"","background-media":"","overlay-type":"","overlay-color":"","overlay-opacity":"","overlay-gradient":""},"mobile":{"background-color":"var(--ast-global-color-5)","background-image":"","background-repeat":"repeat","background-position":"center center","background-size":"auto","background-attachment":"scroll","background-type":"","background-media":"","overlay-type":"","overlay-color":"","overlay-opacity":"","overlay-gradient":""}},"footnotes":""},"class_list":["post-3288","page","type-page","status-publish","hentry"],"post_mailing_queue_ids":[],"_links":{"self":[{"href":"https:\/\/agora.xtec.cat\/ceipamistat\/wp-json\/wp\/v2\/pages\/3288","targetHints":{"allow":["GET"]}}],"collection":[{"href":"https:\/\/agora.xtec.cat\/ceipamistat\/wp-json\/wp\/v2\/pages"}],"about":[{"href":"https:\/\/agora.xtec.cat\/ceipamistat\/wp-json\/wp\/v2\/types\/page"}],"author":[{"embeddable":true,"href":"https:\/\/agora.xtec.cat\/ceipamistat\/wp-json\/wp\/v2\/users\/1"}],"replies":[{"embeddable":true,"href":"https:\/\/agora.xtec.cat\/ceipamistat\/wp-json\/wp\/v2\/comments?post=3288"}],"version-history":[{"count":4,"href":"https:\/\/agora.xtec.cat\/ceipamistat\/wp-json\/wp\/v2\/pages\/3288\/revisions"}],"predecessor-version":[{"id":3331,"href":"https:\/\/agora.xtec.cat\/ceipamistat\/wp-json\/wp\/v2\/pages\/3288\/revisions\/3331"}],"up":[{"embeddable":true,"href":"https:\/\/agora.xtec.cat\/ceipamistat\/wp-json\/wp\/v2\/pages\/567"}],"wp:attachment":[{"href":"https:\/\/agora.xtec.cat\/ceipamistat\/wp-json\/wp\/v2\/media?parent=3288"}],"curies":[{"name":"wp","href":"https:\/\/api.w.org\/{rel}","templated":true}]}}