{"id":3067,"date":"2024-01-29T13:17:57","date_gmt":"2024-01-29T12:17:57","guid":{"rendered":"https:\/\/agora.xtec.cat\/ceipamistat\/?page_id=3067"},"modified":"2025-06-25T19:13:13","modified_gmt":"2025-06-25T17:13:13","slug":"pla-lector","status":"publish","type":"page","link":"https:\/\/agora.xtec.cat\/ceipamistat\/infantil-a-lamistat\/pla-lector\/","title":{"rendered":"Pla lector"},"content":{"rendered":"<p>A partir dels contes il\u00b7lustrats treballem l&#8217;aprenentatge de la llengua oral.<\/p>\n<p><img loading=\"lazy\" decoding=\"async\" class=\"size-large wp-image-3279 alignleft\" src=\"https:\/\/agora.xtec.cat\/ceipamistat\/wp-content\/uploads\/usu1593\/2024\/02\/1.jpeg\" alt=\"\" width=\"294\" height=\"172\" \/><\/p>\n<p style=\"text-align: justify;\">Els infants des de ben petits inicien l\u2019aprenentatge de la llengua relacionant-se amb els adults que els envolten, imitant i provant els sons, utilitzant les paraules i expressions que aprenen de mica en mica i experimentant el plaer de comunicar-se i fer-se entendre. Ho fan en un clima de seguretat i confian\u00e7a, on s\u2019estableixen vincles emocionals, on se\u2019ls ajuda i rectifica i on se celebren els seus progressos i millores per expressar-se.<\/p>\n<p style=\"text-align: justify;\"><img loading=\"lazy\" decoding=\"async\" class=\"alignleft wp-image-3277\" src=\"https:\/\/agora.xtec.cat\/ceipamistat\/wp-content\/uploads\/usu1593\/2024\/02\/COBQUI.png\" alt=\"\" width=\"286\" height=\"136\" srcset=\"https:\/\/agora.xtec.cat\/ceipamistat\/wp-content\/uploads\/usu1593\/2024\/02\/COBQUI.png 822w, https:\/\/agora.xtec.cat\/ceipamistat\/wp-content\/uploads\/usu1593\/2024\/02\/COBQUI-300x143.png 300w, https:\/\/agora.xtec.cat\/ceipamistat\/wp-content\/uploads\/usu1593\/2024\/02\/COBQUI-768x365.png 768w\" sizes=\"auto, (max-width: 286px) 100vw, 286px\" \/>L\u2019escola ha de continuar aquest clima d\u2019aprenentatge, confian\u00e7a i seguretat que ha de permetre a l\u2019alumne ampliar el seus coneixements ling\u00fc\u00edstics i millorar-los, per passar gradualment del llenguatge quotidi\u00e0 i col\u00b7loquial a registres m\u00e9s formals. En aquelles situacions on la llengua de l\u2019escola constitueix una nova llengua per als infants, aquest clima afavorid<span style=\"font-family: inherit; font-size: 1em;\">or de l\u2019aprenentatge <\/span>\u00e9s encara m\u00e9s necessari i imprescindible.<\/p>\n<p><img loading=\"lazy\" decoding=\"async\" class=\"wp-image-3278 alignright\" src=\"https:\/\/agora.xtec.cat\/ceipamistat\/wp-content\/uploads\/usu1593\/2024\/02\/2-3.jpg\" alt=\"\" width=\"194\" height=\"252\" srcset=\"https:\/\/agora.xtec.cat\/ceipamistat\/wp-content\/uploads\/usu1593\/2024\/02\/2-3.jpg 770w, https:\/\/agora.xtec.cat\/ceipamistat\/wp-content\/uploads\/usu1593\/2024\/02\/2-3-231x300.jpg 231w, https:\/\/agora.xtec.cat\/ceipamistat\/wp-content\/uploads\/usu1593\/2024\/02\/2-3-768x997.jpg 768w\" sizes=\"auto, (max-width: 194px) 100vw, 194px\" \/><\/p>\n<p>Per aprendre llengua resulta, doncs, indispensable envoltar l\u2019alumne d\u2019un context significatiu per a ell, engrescador i motivador on l\u2019\u00fas de la llengua esdevingui una manera natural de relacionar-se, comunicar-se i aprendre.<\/p>\n<p>&nbsp;<\/p>\n<p>&nbsp;<\/p>\n<p>&nbsp;<\/p>\n","protected":false},"excerpt":{"rendered":"<p>A partir dels contes il\u00b7lustrats treballem l&#8217;aprenentatge de la llengua oral. Els infants des de ben petits inicien l\u2019aprenentatge de la llengua relacionant-se amb els adults que els envolten, imitant i provant els sons, utilitzant les paraules i expressions que aprenen de mica en mica i experimentant el plaer de comunicar-se i fer-se entendre. Ho [&hellip;]<\/p>\n","protected":false},"author":1,"featured_media":0,"parent":3055,"menu_order":40,"comment_status":"closed","ping_status":"closed","template":"","meta":{"_bbp_topic_count":0,"_bbp_reply_count":0,"_bbp_total_topic_count":0,"_bbp_total_reply_count":0,"_bbp_voice_count":0,"_bbp_anonymous_reply_count":0,"_bbp_topic_count_hidden":0,"_bbp_reply_count_hidden":0,"_bbp_forum_subforum_count":0,"site-sidebar-layout":"default","site-content-layout":"","ast-site-content-layout":"","site-content-style":"default","site-sidebar-style":"default","ast-global-header-display":"","ast-banner-title-visibility":"","ast-main-header-display":"","ast-hfb-above-header-display":"","ast-hfb-below-header-display":"","ast-hfb-mobile-header-display":"","site-post-title":"","ast-breadcrumbs-content":"","ast-featured-img":"","footer-sml-layout":"","theme-transparent-header-meta":"","adv-header-id-meta":"","stick-header-meta":"","header-above-stick-meta":"","header-main-stick-meta":"","header-below-stick-meta":"","astra-migrate-meta-layouts":"default","ast-page-background-enabled":"default","ast-page-background-meta":{"desktop":{"background-color":"var(--ast-global-color-4)","background-image":"","background-repeat":"repeat","background-position":"center center","background-size":"auto","background-attachment":"scroll","background-type":"","background-media":"","overlay-type":"","overlay-color":"","overlay-opacity":"","overlay-gradient":""},"tablet":{"background-color":"","background-image":"","background-repeat":"repeat","background-position":"center center","background-size":"auto","background-attachment":"scroll","background-type":"","background-media":"","overlay-type":"","overlay-color":"","overlay-opacity":"","overlay-gradient":""},"mobile":{"background-color":"","background-image":"","background-repeat":"repeat","background-position":"center center","background-size":"auto","background-attachment":"scroll","background-type":"","background-media":"","overlay-type":"","overlay-color":"","overlay-opacity":"","overlay-gradient":""}},"ast-content-background-meta":{"desktop":{"background-color":"var(--ast-global-color-5)","background-image":"","background-repeat":"repeat","background-position":"center center","background-size":"auto","background-attachment":"scroll","background-type":"","background-media":"","overlay-type":"","overlay-color":"","overlay-opacity":"","overlay-gradient":""},"tablet":{"background-color":"var(--ast-global-color-5)","background-image":"","background-repeat":"repeat","background-position":"center center","background-size":"auto","background-attachment":"scroll","background-type":"","background-media":"","overlay-type":"","overlay-color":"","overlay-opacity":"","overlay-gradient":""},"mobile":{"background-color":"var(--ast-global-color-5)","background-image":"","background-repeat":"repeat","background-position":"center center","background-size":"auto","background-attachment":"scroll","background-type":"","background-media":"","overlay-type":"","overlay-color":"","overlay-opacity":"","overlay-gradient":""}},"footnotes":""},"class_list":["post-3067","page","type-page","status-publish","hentry"],"post_mailing_queue_ids":[],"_links":{"self":[{"href":"https:\/\/agora.xtec.cat\/ceipamistat\/wp-json\/wp\/v2\/pages\/3067","targetHints":{"allow":["GET"]}}],"collection":[{"href":"https:\/\/agora.xtec.cat\/ceipamistat\/wp-json\/wp\/v2\/pages"}],"about":[{"href":"https:\/\/agora.xtec.cat\/ceipamistat\/wp-json\/wp\/v2\/types\/page"}],"author":[{"embeddable":true,"href":"https:\/\/agora.xtec.cat\/ceipamistat\/wp-json\/wp\/v2\/users\/1"}],"replies":[{"embeddable":true,"href":"https:\/\/agora.xtec.cat\/ceipamistat\/wp-json\/wp\/v2\/comments?post=3067"}],"version-history":[{"count":5,"href":"https:\/\/agora.xtec.cat\/ceipamistat\/wp-json\/wp\/v2\/pages\/3067\/revisions"}],"predecessor-version":[{"id":4434,"href":"https:\/\/agora.xtec.cat\/ceipamistat\/wp-json\/wp\/v2\/pages\/3067\/revisions\/4434"}],"up":[{"embeddable":true,"href":"https:\/\/agora.xtec.cat\/ceipamistat\/wp-json\/wp\/v2\/pages\/3055"}],"wp:attachment":[{"href":"https:\/\/agora.xtec.cat\/ceipamistat\/wp-json\/wp\/v2\/media?parent=3067"}],"curies":[{"name":"wp","href":"https:\/\/api.w.org\/{rel}","templated":true}]}}