{"id":3059,"date":"2024-01-29T13:15:58","date_gmt":"2024-01-29T12:15:58","guid":{"rendered":"https:\/\/agora.xtec.cat\/ceipamistat\/?page_id=3059"},"modified":"2024-12-21T18:30:33","modified_gmt":"2024-12-21T17:30:33","slug":"projecte-patis","status":"publish","type":"page","link":"https:\/\/agora.xtec.cat\/ceipamistat\/infantil-a-lamistat\/treball-per-projectes-a-infantil\/projecte-patis\/","title":{"rendered":"Projecte PATIS"},"content":{"rendered":"<table style=\"border-collapse: collapse; width: 100%;\">\n<tbody>\n<tr>\n<td style=\"width: 50%;\">\n<div class=\"ast-oembed-container \" style=\"height: 100%;\"><iframe loading=\"lazy\" title=\"EL NOSTRE PATI\" width=\"500\" height=\"281\" src=\"https:\/\/www.youtube.com\/embed\/W7G5YoQkbJA?feature=oembed\" frameborder=\"0\" allow=\"accelerometer; autoplay; clipboard-write; encrypted-media; gyroscope; picture-in-picture; web-share\" referrerpolicy=\"strict-origin-when-cross-origin\" allowfullscreen><\/iframe><\/div>\n<\/td>\n<td style=\"width: 50%;\">Els m\u00e9s petits de l&#8217;escola a partir de l&#8217;impuls d&#8217;un conte han fet propostes de millora del pati i les han portat a terme com la construcci\u00f3 d&#8217;un galliner, una bassa i un hotel d&#8217;insectes.<\/p>\n<p>Cliqueu a les imatges per anar als enlla\u00e7os de les presentacions on podreu veure tot el proc\u00e9s de cada aula.<\/p>\n<p>&nbsp;<\/td>\n<\/tr>\n<\/tbody>\n<\/table>\n<p><span style=\"color: #339966; font-family: inherit; font-size: 1em;\">\u00a0 \u00a0 \u00a0 \u00a0 \u00a0 \u00a0 \u00a0 \u00a0<\/span><\/p>\n<p><span style=\"color: #339966; font-family: inherit; font-size: 1em;\">\u00a0\u00a0<\/span><\/p>\n<table style=\"width: 100%; border-collapse: collapse; border-color: #ffffff; background-color: #ffffff;\">\n<tbody>\n<tr>\n<td style=\"width: 33.3333%;\"><\/td>\n<td style=\"width: 33.3333%; height: 315px;\"><a href=\"https:\/\/agora.xtec.cat\/ceipamistat\/wp-content\/uploads\/usu1593\/2024\/01\/I4B-IMAGINEM-EL-PATI-QUE-VOLEM-1.pdf\"><span style=\"color: #339966;\">H<\/span><\/a><a style=\"color: #339966;\" href=\"https:\/\/agora.xtec.cat\/ceipamistat\/wp-content\/uploads\/usu1593\/2024\/01\/I4B-IMAGINEM-EL-PATI-QUE-VOLEM-1.pdf\">otel d&#8217;insectes<\/a><\/p>\n<p><img loading=\"lazy\" decoding=\"async\" class=\"alignleft size-full wp-image-3235\" src=\"https:\/\/agora.xtec.cat\/ceipamistat\/wp-content\/uploads\/usu1593\/2024\/02\/Captura-4.png\" alt=\"\" width=\"907\" height=\"654\" srcset=\"https:\/\/agora.xtec.cat\/ceipamistat\/wp-content\/uploads\/usu1593\/2024\/02\/Captura-4.png 907w, https:\/\/agora.xtec.cat\/ceipamistat\/wp-content\/uploads\/usu1593\/2024\/02\/Captura-4-300x216.png 300w, https:\/\/agora.xtec.cat\/ceipamistat\/wp-content\/uploads\/usu1593\/2024\/02\/Captura-4-768x554.png 768w\" sizes=\"auto, (max-width: 907px) 100vw, 907px\" \/><\/td>\n<td style=\"width: 33.3333%;\"><a href=\"https:\/\/agora.xtec.cat\/ceipamistat\/wp-content\/uploads\/usu1593\/2024\/01\/I4A-IMAGINEM-EL-PATI-QUE-VOLEM_compressed.pdf\">\u00a0 Bassa al pati<\/a><img loading=\"lazy\" decoding=\"async\" class=\"wp-image-3040 aligncenter\" src=\"https:\/\/agora.xtec.cat\/ceipamistat\/wp-content\/uploads\/usu1593\/2024\/01\/Sin-titulo-1024x661.jpg\" alt=\"\" width=\"336\" height=\"217\" srcset=\"https:\/\/agora.xtec.cat\/ceipamistat\/wp-content\/uploads\/usu1593\/2024\/01\/Sin-titulo-1024x661.jpg 1024w, https:\/\/agora.xtec.cat\/ceipamistat\/wp-content\/uploads\/usu1593\/2024\/01\/Sin-titulo-300x194.jpg 300w, https:\/\/agora.xtec.cat\/ceipamistat\/wp-content\/uploads\/usu1593\/2024\/01\/Sin-titulo-768x496.jpg 768w, https:\/\/agora.xtec.cat\/ceipamistat\/wp-content\/uploads\/usu1593\/2024\/01\/Sin-titulo.jpg 1473w\" sizes=\"auto, (max-width: 336px) 100vw, 336px\" \/><\/td>\n<\/tr>\n<\/tbody>\n<\/table>\n<table style=\"border-collapse: collapse; width: 100%;\">\n<tbody>\n<tr>\n<td style=\"width: 33.3333%;\"><a href=\"https:\/\/agora.xtec.cat\/ceipamistat\/wp-content\/uploads\/usu1593\/2024\/01\/I5-IMAGINEM-EL-PATI-QUE-VOLEM_compressed-1.pdf\">Galliner<\/a><a href=\"https:\/\/agora.xtec.cat\/ceipamistat\/wp-content\/uploads\/usu1593\/2024\/01\/I5-IMAGINEM-EL-PATI-QUE-VOLEM_compressed-1.pdf\"><img loading=\"lazy\" decoding=\"async\" class=\"wp-image-3042 alignright\" src=\"https:\/\/agora.xtec.cat\/ceipamistat\/wp-content\/uploads\/usu1593\/2024\/01\/I5-IMAGINEM-EL-PATI-QUE-VOLEM.jpg\" alt=\"\" width=\"352\" height=\"198\" srcset=\"https:\/\/agora.xtec.cat\/ceipamistat\/wp-content\/uploads\/usu1593\/2024\/01\/I5-IMAGINEM-EL-PATI-QUE-VOLEM.jpg 960w, https:\/\/agora.xtec.cat\/ceipamistat\/wp-content\/uploads\/usu1593\/2024\/01\/I5-IMAGINEM-EL-PATI-QUE-VOLEM-300x169.jpg 300w, https:\/\/agora.xtec.cat\/ceipamistat\/wp-content\/uploads\/usu1593\/2024\/01\/I5-IMAGINEM-EL-PATI-QUE-VOLEM-768x432.jpg 768w\" sizes=\"auto, (max-width: 352px) 100vw, 352px\" \/><\/a><\/td>\n<td style=\"width: 33.3333%;\"><a href=\"https:\/\/agora.xtec.cat\/ceipamistat\/wp-content\/uploads\/usu1593\/2024\/01\/I3A-IMAGINEM-EL-PATI-QUE-VOLEM_compressed.pdf\">Jocs amb basses d&#8217;aigua\u00a0 <\/a><a href=\"https:\/\/agora.xtec.cat\/ceipamistat\/wp-content\/uploads\/usu1593\/2024\/01\/I3A-IMAGINEM-EL-PATI-QUE-VOLEM_compressed.pdf\"><img loading=\"lazy\" decoding=\"async\" class=\"alignleft wp-image-3045\" src=\"https:\/\/agora.xtec.cat\/ceipamistat\/wp-content\/uploads\/usu1593\/2024\/01\/I3A-IMAGINEM-EL-PATI-QUE-VOLEM.jpg\" alt=\"\" width=\"390\" height=\"219\" srcset=\"https:\/\/agora.xtec.cat\/ceipamistat\/wp-content\/uploads\/usu1593\/2024\/01\/I3A-IMAGINEM-EL-PATI-QUE-VOLEM.jpg 960w, https:\/\/agora.xtec.cat\/ceipamistat\/wp-content\/uploads\/usu1593\/2024\/01\/I3A-IMAGINEM-EL-PATI-QUE-VOLEM-300x169.jpg 300w, https:\/\/agora.xtec.cat\/ceipamistat\/wp-content\/uploads\/usu1593\/2024\/01\/I3A-IMAGINEM-EL-PATI-QUE-VOLEM-768x432.jpg 768w\" sizes=\"auto, (max-width: 390px) 100vw, 390px\" \/><\/a><\/td>\n<td style=\"width: 33.3333%;\"><a href=\"https:\/\/agora.xtec.cat\/ceipamistat\/wp-content\/uploads\/usu1593\/2024\/01\/I3A-IMAGINEM-EL-PATI-QUE-VOLEM_compressed.pdf\">\u00a0 \u00a0 \u00a0 \u00a0 \u00a0 \u00a0 <\/a><a href=\"https:\/\/agora.xtec.cat\/ceipamistat\/wp-content\/uploads\/usu1593\/2024\/01\/I3A-IMAGINEM-EL-PATI-QUE-VOLEM_compressed.pdf\">\u00a0Instruments al pati!<\/a><a href=\"https:\/\/agora.xtec.cat\/ceipamistat\/wp-content\/uploads\/usu1593\/2024\/01\/I3A-IMAGINEM-EL-PATI-QUE-VOLEM_compressed.pdf\"><img loading=\"lazy\" decoding=\"async\" class=\"alignleft wp-image-3046\" src=\"https:\/\/agora.xtec.cat\/ceipamistat\/wp-content\/uploads\/usu1593\/2024\/01\/I3B-IMAGINEM-EL-PATI-QUE-VOLEM.jpg\" alt=\"\" width=\"311\" height=\"175\" \/><\/a><\/td>\n<\/tr>\n<\/tbody>\n<\/table>\n","protected":false},"excerpt":{"rendered":"<p>Els m\u00e9s petits de l&#8217;escola a partir de l&#8217;impuls d&#8217;un conte han fet propostes de millora del pati i les han portat a terme com la construcci\u00f3 d&#8217;un galliner, una bassa i un hotel d&#8217;insectes. Cliqueu a les imatges per anar als enlla\u00e7os de les presentacions on podreu veure tot el proc\u00e9s de cada aula. [&hellip;]<\/p>\n","protected":false},"author":1,"featured_media":0,"parent":3057,"menu_order":55,"comment_status":"closed","ping_status":"closed","template":"","meta":{"_bbp_topic_count":0,"_bbp_reply_count":0,"_bbp_total_topic_count":0,"_bbp_total_reply_count":0,"_bbp_voice_count":0,"_bbp_anonymous_reply_count":0,"_bbp_topic_count_hidden":0,"_bbp_reply_count_hidden":0,"_bbp_forum_subforum_count":0,"site-sidebar-layout":"default","site-content-layout":"","ast-site-content-layout":"","site-content-style":"default","site-sidebar-style":"default","ast-global-header-display":"","ast-banner-title-visibility":"","ast-main-header-display":"","ast-hfb-above-header-display":"","ast-hfb-below-header-display":"","ast-hfb-mobile-header-display":"","site-post-title":"","ast-breadcrumbs-content":"","ast-featured-img":"","footer-sml-layout":"","theme-transparent-header-meta":"","adv-header-id-meta":"","stick-header-meta":"","header-above-stick-meta":"","header-main-stick-meta":"","header-below-stick-meta":"","astra-migrate-meta-layouts":"default","ast-page-background-enabled":"default","ast-page-background-meta":{"desktop":{"background-color":"var(--ast-global-color-4)","background-image":"","background-repeat":"repeat","background-position":"center center","background-size":"auto","background-attachment":"scroll","background-type":"","background-media":"","overlay-type":"","overlay-color":"","overlay-opacity":"","overlay-gradient":""},"tablet":{"background-color":"","background-image":"","background-repeat":"repeat","background-position":"center center","background-size":"auto","background-attachment":"scroll","background-type":"","background-media":"","overlay-type":"","overlay-color":"","overlay-opacity":"","overlay-gradient":""},"mobile":{"background-color":"","background-image":"","background-repeat":"repeat","background-position":"center center","background-size":"auto","background-attachment":"scroll","background-type":"","background-media":"","overlay-type":"","overlay-color":"","overlay-opacity":"","overlay-gradient":""}},"ast-content-background-meta":{"desktop":{"background-color":"var(--ast-global-color-5)","background-image":"","background-repeat":"repeat","background-position":"center center","background-size":"auto","background-attachment":"scroll","background-type":"","background-media":"","overlay-type":"","overlay-color":"","overlay-opacity":"","overlay-gradient":""},"tablet":{"background-color":"var(--ast-global-color-5)","background-image":"","background-repeat":"repeat","background-position":"center center","background-size":"auto","background-attachment":"scroll","background-type":"","background-media":"","overlay-type":"","overlay-color":"","overlay-opacity":"","overlay-gradient":""},"mobile":{"background-color":"var(--ast-global-color-5)","background-image":"","background-repeat":"repeat","background-position":"center center","background-size":"auto","background-attachment":"scroll","background-type":"","background-media":"","overlay-type":"","overlay-color":"","overlay-opacity":"","overlay-gradient":""}},"footnotes":""},"class_list":["post-3059","page","type-page","status-publish","hentry"],"post_mailing_queue_ids":[],"_links":{"self":[{"href":"https:\/\/agora.xtec.cat\/ceipamistat\/wp-json\/wp\/v2\/pages\/3059","targetHints":{"allow":["GET"]}}],"collection":[{"href":"https:\/\/agora.xtec.cat\/ceipamistat\/wp-json\/wp\/v2\/pages"}],"about":[{"href":"https:\/\/agora.xtec.cat\/ceipamistat\/wp-json\/wp\/v2\/types\/page"}],"author":[{"embeddable":true,"href":"https:\/\/agora.xtec.cat\/ceipamistat\/wp-json\/wp\/v2\/users\/1"}],"replies":[{"embeddable":true,"href":"https:\/\/agora.xtec.cat\/ceipamistat\/wp-json\/wp\/v2\/comments?post=3059"}],"version-history":[{"count":6,"href":"https:\/\/agora.xtec.cat\/ceipamistat\/wp-json\/wp\/v2\/pages\/3059\/revisions"}],"predecessor-version":[{"id":3238,"href":"https:\/\/agora.xtec.cat\/ceipamistat\/wp-json\/wp\/v2\/pages\/3059\/revisions\/3238"}],"up":[{"embeddable":true,"href":"https:\/\/agora.xtec.cat\/ceipamistat\/wp-json\/wp\/v2\/pages\/3057"}],"wp:attachment":[{"href":"https:\/\/agora.xtec.cat\/ceipamistat\/wp-json\/wp\/v2\/media?parent=3059"}],"curies":[{"name":"wp","href":"https:\/\/api.w.org\/{rel}","templated":true}]}}