{"id":3057,"date":"2024-01-29T13:15:20","date_gmt":"2024-01-29T12:15:20","guid":{"rendered":"https:\/\/agora.xtec.cat\/ceipamistat\/?page_id=3057"},"modified":"2025-06-18T16:16:54","modified_gmt":"2025-06-18T14:16:54","slug":"treball-per-projectes-a-infantil","status":"publish","type":"page","link":"https:\/\/agora.xtec.cat\/ceipamistat\/infantil-a-lamistat\/treball-per-projectes-a-infantil\/","title":{"rendered":"Treball per projectes a Infantil"},"content":{"rendered":"<p>El treball per projectes s&#8217;inicia a partir de reptes o preguntes. Parteix d\u2019una concepci\u00f3 global de l\u2019educaci\u00f3 que es basa en escoltar l\u2019infant, en el foment del desig d\u2019aprendre i en el treball col\u00b7laboratiu.<br \/>\nCada repte o tema de treball \u00e9s \u00fanic i segueix el seu propi itinerari, el qual dep\u00e8n dels interessos de cada grup d\u2019infants i de molts altres factors que es van trobant durant el proc\u00e9s, com ara les connexions entre aprenentatges que s\u2019establiran el mateix entorn o les interrelacions entre el grup.<\/p>\n<p>Si <strong>cliqueu<\/strong> als t\u00edtols o a les seg\u00fcents imatges anireu als enlla\u00e7os on estan documentats els projectes treballats de cada classe.<\/p>\n<p><strong>Aprenentatge per projectes del curs 24\/25<\/strong><\/p>\n<table style=\"border-collapse: collapse; width: 100%;\">\n<tbody>\n<tr>\n<td style=\"width: 25%;\"><a href=\"https:\/\/agora.xtec.cat\/ceipamistat\/infantil-a-lamistat\/treball-per-projectes-a-infantil\/com-ajudar-als-altres-a-ser-del-club-dels-valents\/\">CLUB DELS VALENTS<\/a><a href=\"https:\/\/agora.xtec.cat\/ceipamistat\/infantil-a-lamistat\/treball-per-projectes-a-infantil\/com-ajudar-als-altres-a-ser-del-club-dels-valents\/\"><img loading=\"lazy\" decoding=\"async\" class=\"wp-image-3961 alignleft\" src=\"https:\/\/agora.xtec.cat\/ceipamistat\/wp-content\/uploads\/usu1593\/2024\/12\/valents.png\" alt=\"\" width=\"387\" height=\"146\" srcset=\"https:\/\/agora.xtec.cat\/ceipamistat\/wp-content\/uploads\/usu1593\/2024\/12\/valents.png 919w, https:\/\/agora.xtec.cat\/ceipamistat\/wp-content\/uploads\/usu1593\/2024\/12\/valents-300x114.png 300w, https:\/\/agora.xtec.cat\/ceipamistat\/wp-content\/uploads\/usu1593\/2024\/12\/valents-768x291.png 768w\" sizes=\"auto, (max-width: 387px) 100vw, 387px\" \/><\/a><\/td>\n<td style=\"width: 25%;\"><a href=\"https:\/\/agora.xtec.cat\/ceipamistat\/infantil-a-lamistat\/treball-per-projectes-a-infantil\/com-explicareu-el-viatge-per-coneixer-els-nostres-origens\/\">COM EXPLICAREU EL VIATGE DELS VOSTRES OR\u00cdGENS?<\/a><a href=\"https:\/\/agora.xtec.cat\/ceipamistat\/infantil-a-lamistat\/treball-per-projectes-a-infantil\/com-explicareu-el-viatge-per-coneixer-els-nostres-origens\/\"><img loading=\"lazy\" decoding=\"async\" class=\" wp-image-4191 alignleft\" src=\"https:\/\/agora.xtec.cat\/ceipamistat\/wp-content\/uploads\/usu1593\/2025\/04\/1-1-1024x516.jpg\" alt=\"\" width=\"371\" height=\"187\" srcset=\"https:\/\/agora.xtec.cat\/ceipamistat\/wp-content\/uploads\/usu1593\/2025\/04\/1-1-1024x516.jpg 1024w, https:\/\/agora.xtec.cat\/ceipamistat\/wp-content\/uploads\/usu1593\/2025\/04\/1-1-300x151.jpg 300w, https:\/\/agora.xtec.cat\/ceipamistat\/wp-content\/uploads\/usu1593\/2025\/04\/1-1-768x387.jpg 768w, https:\/\/agora.xtec.cat\/ceipamistat\/wp-content\/uploads\/usu1593\/2025\/04\/1-1.jpg 1051w\" sizes=\"auto, (max-width: 371px) 100vw, 371px\" \/><\/a><\/td>\n<td style=\"width: 25%;\"><a href=\"https:\/\/agora.xtec.cat\/ceipamistat\/infantil-a-lamistat\/treball-per-projectes-a-infantil\/fires-i-festes-de-figueres-2025\/\">FIRES I FESTES DE FIGUERES 2025<\/a><\/p>\n<p><a href=\"https:\/\/agora.xtec.cat\/ceipamistat\/infantil-a-lamistat\/treball-per-projectes-a-infantil\/fires-i-festes-de-figueres-2025\/\"><img loading=\"lazy\" decoding=\"async\" class=\"aligncenter size-large wp-image-4401\" src=\"https:\/\/agora.xtec.cat\/ceipamistat\/wp-content\/uploads\/usu1593\/2025\/06\/festes-1024x405.jpg\" alt=\"\" width=\"1024\" height=\"405\" srcset=\"https:\/\/agora.xtec.cat\/ceipamistat\/wp-content\/uploads\/usu1593\/2025\/06\/festes-1024x405.jpg 1024w, https:\/\/agora.xtec.cat\/ceipamistat\/wp-content\/uploads\/usu1593\/2025\/06\/festes-300x119.jpg 300w, https:\/\/agora.xtec.cat\/ceipamistat\/wp-content\/uploads\/usu1593\/2025\/06\/festes-768x304.jpg 768w, https:\/\/agora.xtec.cat\/ceipamistat\/wp-content\/uploads\/usu1593\/2025\/06\/festes.jpg 1039w\" sizes=\"auto, (max-width: 1024px) 100vw, 1024px\" \/><\/a><\/td>\n<td style=\"width: 25%;\">\u00a0<a href=\"https:\/\/agora.xtec.cat\/ceipamistat\/infantil-a-lamistat\/treball-per-projectes-a-infantil\/mon-submari-2\/\">COM MILLORAR EL M\u00d3N SUBMAR\u00cd?<\/a><\/p>\n<p><a href=\"https:\/\/agora.xtec.cat\/ceipamistat\/infantil-a-lamistat\/treball-per-projectes-a-infantil\/mon-submari-2\/\"><img loading=\"lazy\" decoding=\"async\" class=\"aligncenter size-large wp-image-4386\" src=\"https:\/\/agora.xtec.cat\/ceipamistat\/wp-content\/uploads\/usu1593\/2025\/06\/mon-submari-1024x471.jpg\" alt=\"\" width=\"1024\" height=\"471\" srcset=\"https:\/\/agora.xtec.cat\/ceipamistat\/wp-content\/uploads\/usu1593\/2025\/06\/mon-submari-1024x471.jpg 1024w, https:\/\/agora.xtec.cat\/ceipamistat\/wp-content\/uploads\/usu1593\/2025\/06\/mon-submari-300x138.jpg 300w, https:\/\/agora.xtec.cat\/ceipamistat\/wp-content\/uploads\/usu1593\/2025\/06\/mon-submari-768x353.jpg 768w, https:\/\/agora.xtec.cat\/ceipamistat\/wp-content\/uploads\/usu1593\/2025\/06\/mon-submari.jpg 1270w\" sizes=\"auto, (max-width: 1024px) 100vw, 1024px\" \/><\/a><\/p>\n<p>&nbsp;<\/td>\n<\/tr>\n<\/tbody>\n<\/table>\n<p><strong>Aprenentatge per projectes del curs 23\/24<\/strong><\/p>\n<table style=\"border-collapse: collapse; width: 100%;\">\n<tbody>\n<tr>\n<td style=\"width: 25%;\"><a href=\"https:\/\/agora.xtec.cat\/ceipamistat\/infantil-a-lamistat\/treball-per-projectes-a-infantil\/projecte-patis\/\"><img loading=\"lazy\" decoding=\"async\" class=\"alignleft wp-image-3122\" src=\"https:\/\/agora.xtec.cat\/ceipamistat\/wp-content\/uploads\/usu1593\/2024\/01\/Sin-titulo-2-1024x576.jpg\" alt=\"\" width=\"349\" height=\"196\" srcset=\"https:\/\/agora.xtec.cat\/ceipamistat\/wp-content\/uploads\/usu1593\/2024\/01\/Sin-titulo-2-1024x576.jpg 1024w, https:\/\/agora.xtec.cat\/ceipamistat\/wp-content\/uploads\/usu1593\/2024\/01\/Sin-titulo-2-300x169.jpg 300w, https:\/\/agora.xtec.cat\/ceipamistat\/wp-content\/uploads\/usu1593\/2024\/01\/Sin-titulo-2-768x432.jpg 768w, https:\/\/agora.xtec.cat\/ceipamistat\/wp-content\/uploads\/usu1593\/2024\/01\/Sin-titulo-2-1536x864.jpg 1536w, https:\/\/agora.xtec.cat\/ceipamistat\/wp-content\/uploads\/usu1593\/2024\/01\/Sin-titulo-2.jpg 1920w\" sizes=\"auto, (max-width: 349px) 100vw, 349px\" \/><\/a><\/td>\n<td style=\"width: 25%;\"><a href=\"https:\/\/agora.xtec.cat\/ceipamistat\/infantil-a-lamistat\/treball-per-projectes-a-infantil\/els-capgrossos\/\">FIRES I FESTES DE FIGUERES<\/a><a href=\"https:\/\/agora.xtec.cat\/ceipamistat\/infantil-a-lamistat\/treball-per-projectes-a-infantil\/els-capgrossos\/\"><img loading=\"lazy\" decoding=\"async\" class=\"wp-image-3525 alignleft\" src=\"https:\/\/agora.xtec.cat\/ceipamistat\/wp-content\/uploads\/usu1593\/2024\/04\/IMG-20240412-WA0080-1024x768.jpg\" alt=\"\" width=\"265\" height=\"199\" \/><\/a><\/td>\n<td style=\"width: 25%;\"><a href=\"https:\/\/agora.xtec.cat\/ceipamistat\/infantil-a-lamistat\/treball-per-projectes-a-infantil\/steam-edatisme-a-infantil\/\">STEAM GENT GRAN<\/a><\/p>\n<p><a href=\"https:\/\/agora.xtec.cat\/ceipamistat\/infantil-a-lamistat\/treball-per-projectes-a-infantil\/steam-edatisme-a-infantil\/\"><img loading=\"lazy\" decoding=\"async\" class=\"wp-image-3523 alignleft\" src=\"https:\/\/agora.xtec.cat\/ceipamistat\/wp-content\/uploads\/usu1593\/2024\/04\/7DA82619-C467-4BD2-B640-D82FCF50F79E-1024x600.jpg\" alt=\"\" width=\"343\" height=\"201\" srcset=\"https:\/\/agora.xtec.cat\/ceipamistat\/wp-content\/uploads\/usu1593\/2024\/04\/7DA82619-C467-4BD2-B640-D82FCF50F79E-1024x600.jpg 1024w, https:\/\/agora.xtec.cat\/ceipamistat\/wp-content\/uploads\/usu1593\/2024\/04\/7DA82619-C467-4BD2-B640-D82FCF50F79E-300x176.jpg 300w, https:\/\/agora.xtec.cat\/ceipamistat\/wp-content\/uploads\/usu1593\/2024\/04\/7DA82619-C467-4BD2-B640-D82FCF50F79E-768x450.jpg 768w, https:\/\/agora.xtec.cat\/ceipamistat\/wp-content\/uploads\/usu1593\/2024\/04\/7DA82619-C467-4BD2-B640-D82FCF50F79E-1536x900.jpg 1536w, https:\/\/agora.xtec.cat\/ceipamistat\/wp-content\/uploads\/usu1593\/2024\/04\/7DA82619-C467-4BD2-B640-D82FCF50F79E-2048x1199.jpg 2048w\" sizes=\"auto, (max-width: 343px) 100vw, 343px\" \/><\/a><\/td>\n<td style=\"width: 25%;\"><a href=\"https:\/\/agora.xtec.cat\/ceipamistat\/infantil-a-lamistat\/treball-per-projectes-a-infantil\/steam-edatisme-a-infantil\/\">REPRESENTACI\u00d3 ART\u00cdSTICA<\/a><a href=\"https:\/\/agora.xtec.cat\/ceipamistat\/infantil-a-lamistat\/treball-per-projectes-a-infantil\/representacio-artistica\/\"><img loading=\"lazy\" decoding=\"async\" class=\"wp-image-3461 alignleft\" src=\"https:\/\/agora.xtec.cat\/ceipamistat\/wp-content\/uploads\/usu1593\/2024\/04\/PHOTO-2024-02-16-15-32-08-1-1024x768.jpg\" alt=\"\" width=\"274\" height=\"206\" srcset=\"https:\/\/agora.xtec.cat\/ceipamistat\/wp-content\/uploads\/usu1593\/2024\/04\/PHOTO-2024-02-16-15-32-08-1-1024x768.jpg 1024w, https:\/\/agora.xtec.cat\/ceipamistat\/wp-content\/uploads\/usu1593\/2024\/04\/PHOTO-2024-02-16-15-32-08-1-300x225.jpg 300w, https:\/\/agora.xtec.cat\/ceipamistat\/wp-content\/uploads\/usu1593\/2024\/04\/PHOTO-2024-02-16-15-32-08-1-768x576.jpg 768w, https:\/\/agora.xtec.cat\/ceipamistat\/wp-content\/uploads\/usu1593\/2024\/04\/PHOTO-2024-02-16-15-32-08-1-1536x1152.jpg 1536w, https:\/\/agora.xtec.cat\/ceipamistat\/wp-content\/uploads\/usu1593\/2024\/04\/PHOTO-2024-02-16-15-32-08-1-200x150.jpg 200w, https:\/\/agora.xtec.cat\/ceipamistat\/wp-content\/uploads\/usu1593\/2024\/04\/PHOTO-2024-02-16-15-32-08-1.jpg 2048w\" sizes=\"auto, (max-width: 274px) 100vw, 274px\" \/><\/a><\/td>\n<\/tr>\n<\/tbody>\n<\/table>\n<p>&nbsp;<\/p>\n","protected":false},"excerpt":{"rendered":"<p>El treball per projectes s&#8217;inicia a partir de reptes o preguntes. Parteix d\u2019una concepci\u00f3 global de l\u2019educaci\u00f3 que es basa en escoltar l\u2019infant, en el foment del desig d\u2019aprendre i en el treball col\u00b7laboratiu. Cada repte o tema de treball \u00e9s \u00fanic i segueix el seu propi itinerari, el qual dep\u00e8n dels interessos de cada [&hellip;]<\/p>\n","protected":false},"author":1,"featured_media":0,"parent":3055,"menu_order":1,"comment_status":"closed","ping_status":"closed","template":"","meta":{"_bbp_topic_count":0,"_bbp_reply_count":0,"_bbp_total_topic_count":0,"_bbp_total_reply_count":0,"_bbp_voice_count":0,"_bbp_anonymous_reply_count":0,"_bbp_topic_count_hidden":0,"_bbp_reply_count_hidden":0,"_bbp_forum_subforum_count":0,"site-sidebar-layout":"default","site-content-layout":"","ast-site-content-layout":"","site-content-style":"default","site-sidebar-style":"default","ast-global-header-display":"","ast-banner-title-visibility":"","ast-main-header-display":"","ast-hfb-above-header-display":"","ast-hfb-below-header-display":"","ast-hfb-mobile-header-display":"","site-post-title":"","ast-breadcrumbs-content":"","ast-featured-img":"","footer-sml-layout":"","theme-transparent-header-meta":"","adv-header-id-meta":"","stick-header-meta":"","header-above-stick-meta":"","header-main-stick-meta":"","header-below-stick-meta":"","astra-migrate-meta-layouts":"default","ast-page-background-enabled":"default","ast-page-background-meta":{"desktop":{"background-color":"var(--ast-global-color-4)","background-image":"","background-repeat":"repeat","background-position":"center center","background-size":"auto","background-attachment":"scroll","background-type":"","background-media":"","overlay-type":"","overlay-color":"","overlay-opacity":"","overlay-gradient":""},"tablet":{"background-color":"","background-image":"","background-repeat":"repeat","background-position":"center center","background-size":"auto","background-attachment":"scroll","background-type":"","background-media":"","overlay-type":"","overlay-color":"","overlay-opacity":"","overlay-gradient":""},"mobile":{"background-color":"","background-image":"","background-repeat":"repeat","background-position":"center center","background-size":"auto","background-attachment":"scroll","background-type":"","background-media":"","overlay-type":"","overlay-color":"","overlay-opacity":"","overlay-gradient":""}},"ast-content-background-meta":{"desktop":{"background-color":"var(--ast-global-color-5)","background-image":"","background-repeat":"repeat","background-position":"center center","background-size":"auto","background-attachment":"scroll","background-type":"","background-media":"","overlay-type":"","overlay-color":"","overlay-opacity":"","overlay-gradient":""},"tablet":{"background-color":"var(--ast-global-color-5)","background-image":"","background-repeat":"repeat","background-position":"center center","background-size":"auto","background-attachment":"scroll","background-type":"","background-media":"","overlay-type":"","overlay-color":"","overlay-opacity":"","overlay-gradient":""},"mobile":{"background-color":"var(--ast-global-color-5)","background-image":"","background-repeat":"repeat","background-position":"center center","background-size":"auto","background-attachment":"scroll","background-type":"","background-media":"","overlay-type":"","overlay-color":"","overlay-opacity":"","overlay-gradient":""}},"footnotes":""},"class_list":["post-3057","page","type-page","status-publish","hentry"],"post_mailing_queue_ids":[],"_links":{"self":[{"href":"https:\/\/agora.xtec.cat\/ceipamistat\/wp-json\/wp\/v2\/pages\/3057","targetHints":{"allow":["GET"]}}],"collection":[{"href":"https:\/\/agora.xtec.cat\/ceipamistat\/wp-json\/wp\/v2\/pages"}],"about":[{"href":"https:\/\/agora.xtec.cat\/ceipamistat\/wp-json\/wp\/v2\/types\/page"}],"author":[{"embeddable":true,"href":"https:\/\/agora.xtec.cat\/ceipamistat\/wp-json\/wp\/v2\/users\/1"}],"replies":[{"embeddable":true,"href":"https:\/\/agora.xtec.cat\/ceipamistat\/wp-json\/wp\/v2\/comments?post=3057"}],"version-history":[{"count":8,"href":"https:\/\/agora.xtec.cat\/ceipamistat\/wp-json\/wp\/v2\/pages\/3057\/revisions"}],"predecessor-version":[{"id":4405,"href":"https:\/\/agora.xtec.cat\/ceipamistat\/wp-json\/wp\/v2\/pages\/3057\/revisions\/4405"}],"up":[{"embeddable":true,"href":"https:\/\/agora.xtec.cat\/ceipamistat\/wp-json\/wp\/v2\/pages\/3055"}],"wp:attachment":[{"href":"https:\/\/agora.xtec.cat\/ceipamistat\/wp-json\/wp\/v2\/media?parent=3057"}],"curies":[{"name":"wp","href":"https:\/\/api.w.org\/{rel}","templated":true}]}}