{"id":3055,"date":"2024-01-29T13:14:25","date_gmt":"2024-01-29T12:14:25","guid":{"rendered":"https:\/\/agora.xtec.cat\/ceipamistat\/?page_id=3055"},"modified":"2025-03-08T19:16:52","modified_gmt":"2025-03-08T18:16:52","slug":"infantil-a-lamistat","status":"publish","type":"page","link":"https:\/\/agora.xtec.cat\/ceipamistat\/infantil-a-lamistat\/","title":{"rendered":"Infantil a l&#8217;Amistat"},"content":{"rendered":"<div class=\"ast-oembed-container \" style=\"height: 100%;\"><iframe loading=\"lazy\" title=\"Comunitat de petits  AMISTAT\" width=\"500\" height=\"281\" src=\"https:\/\/www.youtube.com\/embed\/Juc2BHf4iGQ?feature=oembed\" frameborder=\"0\" allow=\"accelerometer; autoplay; clipboard-write; encrypted-media; gyroscope; picture-in-picture; web-share\" referrerpolicy=\"strict-origin-when-cross-origin\" allowfullscreen><\/iframe><\/div>\n<p><span style=\"font-weight: 400;\">Educar va molt m\u00e9s enll\u00e0 de fer possible que els infants aprenguin o adquireixin coneixements. Implica prop<\/span><span style=\"font-weight: 400;\">osar reptes cognitius, crear un ambient ric i facilitador de relacions humanes, donar oportunitats per refor\u00e7ar la pr\u00f2pia confian\u00e7a i l\u2019autoestima, assegurar el cam\u00ed cap a l\u2019aut\u00e8ntica autonomia i ajudar que els infants es puguin anar fent una idea adequada del m\u00f3n en qu\u00e8 viuen i viuran.<\/span><\/p>\n<p>&nbsp;<\/p>\n<p><img loading=\"lazy\" decoding=\"async\" class=\"wp-image-3274 alignright\" src=\"https:\/\/agora.xtec.cat\/ceipamistat\/wp-content\/uploads\/usu1593\/2024\/02\/1-2.jpg\" alt=\"\" width=\"359\" height=\"202\" srcset=\"https:\/\/agora.xtec.cat\/ceipamistat\/wp-content\/uploads\/usu1593\/2024\/02\/1-2.jpg 1024w, https:\/\/agora.xtec.cat\/ceipamistat\/wp-content\/uploads\/usu1593\/2024\/02\/1-2-300x169.jpg 300w, https:\/\/agora.xtec.cat\/ceipamistat\/wp-content\/uploads\/usu1593\/2024\/02\/1-2-768x432.jpg 768w\" sizes=\"auto, (max-width: 359px) 100vw, 359px\" \/><\/p>\n<p><img loading=\"lazy\" decoding=\"async\" class=\"alignleft wp-image-3273\" src=\"https:\/\/agora.xtec.cat\/ceipamistat\/wp-content\/uploads\/usu1593\/2024\/02\/2-2.jpg\" alt=\"\" width=\"349\" height=\"196\" srcset=\"https:\/\/agora.xtec.cat\/ceipamistat\/wp-content\/uploads\/usu1593\/2024\/02\/2-2.jpg 1024w, https:\/\/agora.xtec.cat\/ceipamistat\/wp-content\/uploads\/usu1593\/2024\/02\/2-2-300x169.jpg 300w, https:\/\/agora.xtec.cat\/ceipamistat\/wp-content\/uploads\/usu1593\/2024\/02\/2-2-768x432.jpg 768w\" sizes=\"auto, (max-width: 349px) 100vw, 349px\" \/><\/p>\n<p>&nbsp;<\/p>\n<p>&nbsp;<\/p>\n<p>&nbsp;<\/p>\n<p>&nbsp;<\/p>\n<p>&nbsp;<\/p>\n<p><span style=\"font-weight: 400;\">L\u2019escola Amistat t\u00e9 com a objectiu l\u2019educaci\u00f3 integral dels infants que t\u00e9 al seu c\u00e0rrec, per\u00f2 \u00e9s un objectiu compartit, perqu\u00e8 el primer i m\u00e0xim agent educador \u00e9s la fam\u00edlia. Busquem la coordinaci\u00f3 i la complicitat de la fam\u00edlia i que la fam\u00edlia tingui plena confian\u00e7a en l\u2019escola. El temps que dediquem a acollir un infant i llur fam\u00edlia, sense judicis ni valoracions pr\u00e8vies, ens permet establir un marc de confian\u00e7a m\u00fatua que fa possibles din\u00e0miques i relacions positives que permeten treballar junts amb la voluntat de formar persones. La familiaritzaci\u00f3 \u00e9s sincera, provoca complicitat i una confian\u00e7a s\u00f2lida.\u00a0<\/span><\/p>\n<p><img loading=\"lazy\" decoding=\"async\" class=\"alignleft wp-image-3272\" src=\"https:\/\/agora.xtec.cat\/ceipamistat\/wp-content\/uploads\/usu1593\/2024\/02\/3-2.jpg\" alt=\"\" width=\"345\" height=\"194\" srcset=\"https:\/\/agora.xtec.cat\/ceipamistat\/wp-content\/uploads\/usu1593\/2024\/02\/3-2.jpg 1024w, https:\/\/agora.xtec.cat\/ceipamistat\/wp-content\/uploads\/usu1593\/2024\/02\/3-2-300x169.jpg 300w, https:\/\/agora.xtec.cat\/ceipamistat\/wp-content\/uploads\/usu1593\/2024\/02\/3-2-768x432.jpg 768w\" sizes=\"auto, (max-width: 345px) 100vw, 345px\" \/> <img loading=\"lazy\" decoding=\"async\" class=\"alignleft wp-image-3271\" src=\"https:\/\/agora.xtec.cat\/ceipamistat\/wp-content\/uploads\/usu1593\/2024\/02\/4-1.jpg\" alt=\"\" width=\"251\" height=\"203\" srcset=\"https:\/\/agora.xtec.cat\/ceipamistat\/wp-content\/uploads\/usu1593\/2024\/02\/4-1.jpg 1024w, https:\/\/agora.xtec.cat\/ceipamistat\/wp-content\/uploads\/usu1593\/2024\/02\/4-1-300x242.jpg 300w, https:\/\/agora.xtec.cat\/ceipamistat\/wp-content\/uploads\/usu1593\/2024\/02\/4-1-768x620.jpg 768w\" sizes=\"auto, (max-width: 251px) 100vw, 251px\" \/><\/p>\n","protected":false},"excerpt":{"rendered":"<p>Educar va molt m\u00e9s enll\u00e0 de fer possible que els infants aprenguin o adquireixin coneixements. Implica proposar reptes cognitius, crear un ambient ric i facilitador de relacions humanes, donar oportunitats per refor\u00e7ar la pr\u00f2pia confian\u00e7a i l\u2019autoestima, assegurar el cam\u00ed cap a l\u2019aut\u00e8ntica autonomia i ajudar que els infants es puguin anar fent una idea [&hellip;]<\/p>\n","protected":false},"author":1,"featured_media":0,"parent":0,"menu_order":0,"comment_status":"closed","ping_status":"closed","template":"page-templates\/side-menu.php","meta":{"_bbp_topic_count":0,"_bbp_reply_count":0,"_bbp_total_topic_count":0,"_bbp_total_reply_count":0,"_bbp_voice_count":0,"_bbp_anonymous_reply_count":0,"_bbp_topic_count_hidden":0,"_bbp_reply_count_hidden":0,"_bbp_forum_subforum_count":0,"site-sidebar-layout":"default","site-content-layout":"","ast-site-content-layout":"","site-content-style":"default","site-sidebar-style":"default","ast-global-header-display":"","ast-banner-title-visibility":"","ast-main-header-display":"","ast-hfb-above-header-display":"","ast-hfb-below-header-display":"","ast-hfb-mobile-header-display":"","site-post-title":"","ast-breadcrumbs-content":"","ast-featured-img":"","footer-sml-layout":"","theme-transparent-header-meta":"","adv-header-id-meta":"","stick-header-meta":"","header-above-stick-meta":"","header-main-stick-meta":"","header-below-stick-meta":"","astra-migrate-meta-layouts":"default","ast-page-background-enabled":"default","ast-page-background-meta":{"desktop":{"background-color":"var(--ast-global-color-4)","background-image":"","background-repeat":"repeat","background-position":"center center","background-size":"auto","background-attachment":"scroll","background-type":"","background-media":"","overlay-type":"","overlay-color":"","overlay-opacity":"","overlay-gradient":""},"tablet":{"background-color":"","background-image":"","background-repeat":"repeat","background-position":"center center","background-size":"auto","background-attachment":"scroll","background-type":"","background-media":"","overlay-type":"","overlay-color":"","overlay-opacity":"","overlay-gradient":""},"mobile":{"background-color":"","background-image":"","background-repeat":"repeat","background-position":"center center","background-size":"auto","background-attachment":"scroll","background-type":"","background-media":"","overlay-type":"","overlay-color":"","overlay-opacity":"","overlay-gradient":""}},"ast-content-background-meta":{"desktop":{"background-color":"var(--ast-global-color-5)","background-image":"","background-repeat":"repeat","background-position":"center center","background-size":"auto","background-attachment":"scroll","background-type":"","background-media":"","overlay-type":"","overlay-color":"","overlay-opacity":"","overlay-gradient":""},"tablet":{"background-color":"var(--ast-global-color-5)","background-image":"","background-repeat":"repeat","background-position":"center center","background-size":"auto","background-attachment":"scroll","background-type":"","background-media":"","overlay-type":"","overlay-color":"","overlay-opacity":"","overlay-gradient":""},"mobile":{"background-color":"var(--ast-global-color-5)","background-image":"","background-repeat":"repeat","background-position":"center center","background-size":"auto","background-attachment":"scroll","background-type":"","background-media":"","overlay-type":"","overlay-color":"","overlay-opacity":"","overlay-gradient":""}},"footnotes":""},"class_list":["post-3055","page","type-page","status-publish","hentry"],"post_mailing_queue_ids":[],"_links":{"self":[{"href":"https:\/\/agora.xtec.cat\/ceipamistat\/wp-json\/wp\/v2\/pages\/3055","targetHints":{"allow":["GET"]}}],"collection":[{"href":"https:\/\/agora.xtec.cat\/ceipamistat\/wp-json\/wp\/v2\/pages"}],"about":[{"href":"https:\/\/agora.xtec.cat\/ceipamistat\/wp-json\/wp\/v2\/types\/page"}],"author":[{"embeddable":true,"href":"https:\/\/agora.xtec.cat\/ceipamistat\/wp-json\/wp\/v2\/users\/1"}],"replies":[{"embeddable":true,"href":"https:\/\/agora.xtec.cat\/ceipamistat\/wp-json\/wp\/v2\/comments?post=3055"}],"version-history":[{"count":5,"href":"https:\/\/agora.xtec.cat\/ceipamistat\/wp-json\/wp\/v2\/pages\/3055\/revisions"}],"predecessor-version":[{"id":4125,"href":"https:\/\/agora.xtec.cat\/ceipamistat\/wp-json\/wp\/v2\/pages\/3055\/revisions\/4125"}],"wp:attachment":[{"href":"https:\/\/agora.xtec.cat\/ceipamistat\/wp-json\/wp\/v2\/media?parent=3055"}],"curies":[{"name":"wp","href":"https:\/\/api.w.org\/{rel}","templated":true}]}}