{"id":3028,"date":"2024-01-28T18:45:56","date_gmt":"2024-01-28T17:45:56","guid":{"rendered":"https:\/\/agora.xtec.cat\/ceipamistat\/?page_id=3028"},"modified":"2025-06-15T12:26:51","modified_gmt":"2025-06-15T10:26:51","slug":"faig","status":"publish","type":"page","link":"https:\/\/agora.xtec.cat\/ceipamistat\/treball-per-projectes\/faig\/","title":{"rendered":"FAIG"},"content":{"rendered":"<div class=\"ast-oembed-container \" style=\"height: 100%;\"><iframe loading=\"lazy\" title=\"FAIG escola AMISTAT\" width=\"500\" height=\"281\" src=\"https:\/\/www.youtube.com\/embed\/HDYGh6Wft1A?feature=oembed\" frameborder=\"0\" allow=\"accelerometer; autoplay; clipboard-write; encrypted-media; gyroscope; picture-in-picture; web-share\" referrerpolicy=\"strict-origin-when-cross-origin\" allowfullscreen><\/iframe><\/div>\n<div class=\"ast-oembed-container \" style=\"height: 100%;\"><iframe loading=\"lazy\" title=\"Projecte FAIG\" width=\"500\" height=\"281\" src=\"https:\/\/www.youtube.com\/embed\/3Jv36LoF-7s?feature=oembed\" frameborder=\"0\" allow=\"accelerometer; autoplay; clipboard-write; encrypted-media; gyroscope; picture-in-picture; web-share\" referrerpolicy=\"strict-origin-when-cross-origin\" allowfullscreen><\/iframe><\/div>\n<p>Impulsat per la Direcci\u00f3 General d\u2019Innovaci\u00f3, Digitalitzaci\u00f3, Curr\u00edculum i Lleng\u00fces i el Centre de Recursos Pedag\u00f2gics Espec\u00edfics de Suport a la Innovaci\u00f3 i a la Recerca Educativa (CESIRE).<\/p>\n<p>El Departament ofereix un acompanyament intensiu als centres participants, amb el prop\u00f2sit d\u2019impulsar canvis pedag\u00f2gics profunds i fonamentats en la recerca, envers la creaci\u00f3 de nous entorns d\u2019aprenentatge amb sentit que situ\u00efn l\u2019alumnat com a protagonista actiu i comprom\u00e8s. El programa facilita un marc de refer\u00e8ncia pedag\u00f2gic que fonamenta l\u2019aprenentatge per projectes \u201cmaker\u201d com una oportunitat per connectar el curr\u00edculum amb la vida de les persones aprenents i abordar els desafiaments socials actuals i reptes de futur, impulsant la personalitzaci\u00f3, l\u2019empoderament, la creativitat i la consci\u00e8ncia cr\u00edtica, a mesura que aprenen i es construeixen com a habitants del m\u00f3n amb capacitat d\u2019actuar per a millorar-lo.<\/p>\n<p>FINALITAT<br \/>\nProporcionar l&#8217;acompanyament, la formaci\u00f3 pedag\u00f2gica i la capacitaci\u00f3 tecnol\u00f2gica necess\u00e0ries per consolidar l\u2019aprenentatge per projectes com a l\u00ednia pedag\u00f2gica de centre.<\/p>\n<p>El programa promou la creaci\u00f3 d\u2019entorns i experi\u00e8ncies d\u2019aprenentatge significatives que afavoreixin el desenvolupament de l\u2019alumnat com a persones cr\u00edtiques, responsables i transformadores del seu entorn, amb un paper clau en la resoluci\u00f3 de desafiaments i reptes del m\u00f3n real, a trav\u00e9s de solucions creatives i innovadores.<\/p>\n<p>El Programa pret\u00e9n impulsar l\u2019aprenentatge amb sentit en els centres participants, a trav\u00e9s dels plantejaments de la metodologia &#8220;maker\u201d i les possibilitats educatives de la fabricaci\u00f3 digital.<\/p>\n<p><a href=\"https:\/\/serveiseducatius.xtec.cat\/cesire\/faig-fent-per-aprendre-imaginant-globalment\/?_ga=2.81999632.723394700.1706458308-325848507.1688129697\"><img loading=\"lazy\" decoding=\"async\" class=\"alignleft size-large wp-image-3029\" src=\"https:\/\/agora.xtec.cat\/ceipamistat\/wp-content\/uploads\/usu1593\/2024\/01\/Captura-2-1024x581.png\" alt=\"\" width=\"1024\" height=\"581\" srcset=\"https:\/\/agora.xtec.cat\/ceipamistat\/wp-content\/uploads\/usu1593\/2024\/01\/Captura-2-1024x581.png 1024w, https:\/\/agora.xtec.cat\/ceipamistat\/wp-content\/uploads\/usu1593\/2024\/01\/Captura-2-300x170.png 300w, https:\/\/agora.xtec.cat\/ceipamistat\/wp-content\/uploads\/usu1593\/2024\/01\/Captura-2-768x436.png 768w, https:\/\/agora.xtec.cat\/ceipamistat\/wp-content\/uploads\/usu1593\/2024\/01\/Captura-2.png 1073w\" sizes=\"auto, (max-width: 1024px) 100vw, 1024px\" \/><\/a><\/p>\n","protected":false},"excerpt":{"rendered":"<p>Impulsat per la Direcci\u00f3 General d\u2019Innovaci\u00f3, Digitalitzaci\u00f3, Curr\u00edculum i Lleng\u00fces i el Centre de Recursos Pedag\u00f2gics Espec\u00edfics de Suport a la Innovaci\u00f3 i a la Recerca Educativa (CESIRE). El Departament ofereix un acompanyament intensiu als centres participants, amb el prop\u00f2sit d\u2019impulsar canvis pedag\u00f2gics profunds i fonamentats en la recerca, envers la creaci\u00f3 de nous entorns [&hellip;]<\/p>\n","protected":false},"author":1,"featured_media":0,"parent":567,"menu_order":15,"comment_status":"closed","ping_status":"closed","template":"","meta":{"_bbp_topic_count":0,"_bbp_reply_count":0,"_bbp_total_topic_count":0,"_bbp_total_reply_count":0,"_bbp_voice_count":0,"_bbp_anonymous_reply_count":0,"_bbp_topic_count_hidden":0,"_bbp_reply_count_hidden":0,"_bbp_forum_subforum_count":0,"site-sidebar-layout":"default","site-content-layout":"","ast-site-content-layout":"","site-content-style":"default","site-sidebar-style":"default","ast-global-header-display":"","ast-banner-title-visibility":"","ast-main-header-display":"","ast-hfb-above-header-display":"","ast-hfb-below-header-display":"","ast-hfb-mobile-header-display":"","site-post-title":"","ast-breadcrumbs-content":"","ast-featured-img":"","footer-sml-layout":"","theme-transparent-header-meta":"","adv-header-id-meta":"","stick-header-meta":"","header-above-stick-meta":"","header-main-stick-meta":"","header-below-stick-meta":"","astra-migrate-meta-layouts":"default","ast-page-background-enabled":"default","ast-page-background-meta":{"desktop":{"background-color":"var(--ast-global-color-4)","background-image":"","background-repeat":"repeat","background-position":"center center","background-size":"auto","background-attachment":"scroll","background-type":"","background-media":"","overlay-type":"","overlay-color":"","overlay-opacity":"","overlay-gradient":""},"tablet":{"background-color":"","background-image":"","background-repeat":"repeat","background-position":"center center","background-size":"auto","background-attachment":"scroll","background-type":"","background-media":"","overlay-type":"","overlay-color":"","overlay-opacity":"","overlay-gradient":""},"mobile":{"background-color":"","background-image":"","background-repeat":"repeat","background-position":"center center","background-size":"auto","background-attachment":"scroll","background-type":"","background-media":"","overlay-type":"","overlay-color":"","overlay-opacity":"","overlay-gradient":""}},"ast-content-background-meta":{"desktop":{"background-color":"var(--ast-global-color-5)","background-image":"","background-repeat":"repeat","background-position":"center center","background-size":"auto","background-attachment":"scroll","background-type":"","background-media":"","overlay-type":"","overlay-color":"","overlay-opacity":"","overlay-gradient":""},"tablet":{"background-color":"var(--ast-global-color-5)","background-image":"","background-repeat":"repeat","background-position":"center center","background-size":"auto","background-attachment":"scroll","background-type":"","background-media":"","overlay-type":"","overlay-color":"","overlay-opacity":"","overlay-gradient":""},"mobile":{"background-color":"var(--ast-global-color-5)","background-image":"","background-repeat":"repeat","background-position":"center center","background-size":"auto","background-attachment":"scroll","background-type":"","background-media":"","overlay-type":"","overlay-color":"","overlay-opacity":"","overlay-gradient":""}},"footnotes":""},"class_list":["post-3028","page","type-page","status-publish","hentry"],"post_mailing_queue_ids":[],"_links":{"self":[{"href":"https:\/\/agora.xtec.cat\/ceipamistat\/wp-json\/wp\/v2\/pages\/3028","targetHints":{"allow":["GET"]}}],"collection":[{"href":"https:\/\/agora.xtec.cat\/ceipamistat\/wp-json\/wp\/v2\/pages"}],"about":[{"href":"https:\/\/agora.xtec.cat\/ceipamistat\/wp-json\/wp\/v2\/types\/page"}],"author":[{"embeddable":true,"href":"https:\/\/agora.xtec.cat\/ceipamistat\/wp-json\/wp\/v2\/users\/1"}],"replies":[{"embeddable":true,"href":"https:\/\/agora.xtec.cat\/ceipamistat\/wp-json\/wp\/v2\/comments?post=3028"}],"version-history":[{"count":2,"href":"https:\/\/agora.xtec.cat\/ceipamistat\/wp-json\/wp\/v2\/pages\/3028\/revisions"}],"predecessor-version":[{"id":4363,"href":"https:\/\/agora.xtec.cat\/ceipamistat\/wp-json\/wp\/v2\/pages\/3028\/revisions\/4363"}],"up":[{"embeddable":true,"href":"https:\/\/agora.xtec.cat\/ceipamistat\/wp-json\/wp\/v2\/pages\/567"}],"wp:attachment":[{"href":"https:\/\/agora.xtec.cat\/ceipamistat\/wp-json\/wp\/v2\/media?parent=3028"}],"curies":[{"name":"wp","href":"https:\/\/api.w.org\/{rel}","templated":true}]}}