{"id":3020,"date":"2024-01-28T18:32:27","date_gmt":"2024-01-28T17:32:27","guid":{"rendered":"https:\/\/agora.xtec.cat\/ceipamistat\/?page_id=3020"},"modified":"2024-02-15T19:55:02","modified_gmt":"2024-02-15T18:55:02","slug":"steam","status":"publish","type":"page","link":"https:\/\/agora.xtec.cat\/ceipamistat\/treball-per-projectes\/steam\/","title":{"rendered":"STEAM"},"content":{"rendered":"<p>L&#8217;escola Amistat ha entrat a participar al programa d\u2019innovaci\u00f3 pedag\u00f2gica STEAMcat.<\/p>\n<p><a href=\"https:\/\/projectes.xtec.cat\/steamcat\/\">Enlla\u00e7 a STEAMcat<\/a><\/p>\n<p style=\"text-align: justify;\"><a href=\"https:\/\/projectes.xtec.cat\/steamcat\/\"><img loading=\"lazy\" decoding=\"async\" class=\"alignleft wp-image-3025\" src=\"https:\/\/agora.xtec.cat\/ceipamistat\/wp-content\/uploads\/usu1593\/2024\/01\/Captura-1.png\" alt=\"\" width=\"246\" height=\"135\" srcset=\"https:\/\/agora.xtec.cat\/ceipamistat\/wp-content\/uploads\/usu1593\/2024\/01\/Captura-1.png 452w, https:\/\/agora.xtec.cat\/ceipamistat\/wp-content\/uploads\/usu1593\/2024\/01\/Captura-1-300x165.png 300w\" sizes=\"auto, (max-width: 246px) 100vw, 246px\" \/><\/a>Aix\u00f2 ha implicat que ens estant assessorant a nivell de claustre, que participem de Comunitat STEAMcat, les formacions i els recursos. Aprofitant el lideratge distribu\u00eft del centre, les metodologies, perspectives i tecnologies adients a l\u2019aula i el treball transversal del professorat, es fomenta el pensament cr\u00edtic de l\u2019alumnat, es millora la percepci\u00f3 social de la ci\u00e8ncia, per provocar un increment de la selecci\u00f3 d\u2019estudis post obligatoris STEM per un canvi positiu de l\u2019autopercepci\u00f3 dels alumnes envers aquestes disciplines.<\/p>\n<p><a href=\"https:\/\/sites.google.com\/xtec.cat\/amistat-steamcat\/inici\">Visita el nostre portfoli, el quadern del nucli impulsor STEAM<\/a><\/p>\n<p><a href=\"https:\/\/sites.google.com\/xtec.cat\/amistat-steamcat\/inici\"><img loading=\"lazy\" decoding=\"async\" class=\"alignleft size-large wp-image-3337\" src=\"https:\/\/agora.xtec.cat\/ceipamistat\/wp-content\/uploads\/usu1593\/2024\/02\/Sin-titulo-1024x447.jpg\" alt=\"\" width=\"1024\" height=\"447\" srcset=\"https:\/\/agora.xtec.cat\/ceipamistat\/wp-content\/uploads\/usu1593\/2024\/02\/Sin-titulo-1024x447.jpg 1024w, https:\/\/agora.xtec.cat\/ceipamistat\/wp-content\/uploads\/usu1593\/2024\/02\/Sin-titulo-300x131.jpg 300w, https:\/\/agora.xtec.cat\/ceipamistat\/wp-content\/uploads\/usu1593\/2024\/02\/Sin-titulo-768x335.jpg 768w, https:\/\/agora.xtec.cat\/ceipamistat\/wp-content\/uploads\/usu1593\/2024\/02\/Sin-titulo-1536x670.jpg 1536w, https:\/\/agora.xtec.cat\/ceipamistat\/wp-content\/uploads\/usu1593\/2024\/02\/Sin-titulo.jpg 1785w\" sizes=\"auto, (max-width: 1024px) 100vw, 1024px\" \/><\/a><\/p>\n<p>Gr\u00e0cies a participar en aquest projecte hem estat col\u00b7laborant amb diferents entitats:<\/p>\n<p><a href=\"https:\/\/aquisteam.upc.edu\/ca\"><img loading=\"lazy\" decoding=\"async\" class=\"alignleft wp-image-3223\" src=\"https:\/\/agora.xtec.cat\/ceipamistat\/wp-content\/uploads\/usu1593\/2024\/02\/Captura-1-1024x395.png\" alt=\"\" width=\"392\" height=\"151\" srcset=\"https:\/\/agora.xtec.cat\/ceipamistat\/wp-content\/uploads\/usu1593\/2024\/02\/Captura-1-1024x395.png 1024w, https:\/\/agora.xtec.cat\/ceipamistat\/wp-content\/uploads\/usu1593\/2024\/02\/Captura-1-300x116.png 300w, https:\/\/agora.xtec.cat\/ceipamistat\/wp-content\/uploads\/usu1593\/2024\/02\/Captura-1-768x296.png 768w, https:\/\/agora.xtec.cat\/ceipamistat\/wp-content\/uploads\/usu1593\/2024\/02\/Captura-1-1536x593.png 1536w, https:\/\/agora.xtec.cat\/ceipamistat\/wp-content\/uploads\/usu1593\/2024\/02\/Captura-1.png 1809w\" sizes=\"auto, (max-width: 392px) 100vw, 392px\" \/><\/a><a href=\"https:\/\/ca.nanoinventum.com\/\"><img loading=\"lazy\" decoding=\"async\" class=\"wp-image-3222 alignright\" src=\"https:\/\/agora.xtec.cat\/ceipamistat\/wp-content\/uploads\/usu1593\/2024\/02\/Captura-1024x633.png\" alt=\"\" width=\"248\" height=\"153\" srcset=\"https:\/\/agora.xtec.cat\/ceipamistat\/wp-content\/uploads\/usu1593\/2024\/02\/Captura-1024x633.png 1024w, https:\/\/agora.xtec.cat\/ceipamistat\/wp-content\/uploads\/usu1593\/2024\/02\/Captura-300x186.png 300w, https:\/\/agora.xtec.cat\/ceipamistat\/wp-content\/uploads\/usu1593\/2024\/02\/Captura-768x475.png 768w, https:\/\/agora.xtec.cat\/ceipamistat\/wp-content\/uploads\/usu1593\/2024\/02\/Captura.png 1190w\" sizes=\"auto, (max-width: 248px) 100vw, 248px\" \/><\/a><\/p>\n<p>&nbsp;<\/p>\n<p>&nbsp;<\/p>\n<p>&nbsp;<\/p>\n<p>&nbsp;<\/p>\n<p><a href=\"https:\/\/www.fibracattv.cat\/a-la-carta\/enginyinvisible-fibracattv\/#capitols\"><img loading=\"lazy\" decoding=\"async\" class=\"alignleft wp-image-3226\" src=\"https:\/\/agora.xtec.cat\/ceipamistat\/wp-content\/uploads\/usu1593\/2024\/02\/Captura-2.png\" alt=\"\" width=\"383\" height=\"221\" srcset=\"https:\/\/agora.xtec.cat\/ceipamistat\/wp-content\/uploads\/usu1593\/2024\/02\/Captura-2.png 727w, https:\/\/agora.xtec.cat\/ceipamistat\/wp-content\/uploads\/usu1593\/2024\/02\/Captura-2-300x173.png 300w\" sizes=\"auto, (max-width: 383px) 100vw, 383px\" \/><\/a><\/p>\n<p><a href=\"https:\/\/www.fullsdenginyeria.cat\/la-magia-de-lenginyeria-agafa-impuls\"><img loading=\"lazy\" decoding=\"async\" class=\"alignleft wp-image-3227\" src=\"https:\/\/agora.xtec.cat\/ceipamistat\/wp-content\/uploads\/usu1593\/2024\/02\/Captura-3.png\" alt=\"\" width=\"314\" height=\"79\" srcset=\"https:\/\/agora.xtec.cat\/ceipamistat\/wp-content\/uploads\/usu1593\/2024\/02\/Captura-3.png 881w, https:\/\/agora.xtec.cat\/ceipamistat\/wp-content\/uploads\/usu1593\/2024\/02\/Captura-3-300x76.png 300w, https:\/\/agora.xtec.cat\/ceipamistat\/wp-content\/uploads\/usu1593\/2024\/02\/Captura-3-768x194.png 768w\" sizes=\"auto, (max-width: 314px) 100vw, 314px\" \/><\/a><\/p>\n<p>&nbsp;<\/p>\n<p>&nbsp;<\/p>\n<p>&nbsp;<\/p>\n<p>&nbsp;<\/p>\n","protected":false},"excerpt":{"rendered":"<p>L&#8217;escola Amistat ha entrat a participar al programa d\u2019innovaci\u00f3 pedag\u00f2gica STEAMcat. Enlla\u00e7 a STEAMcat Aix\u00f2 ha implicat que ens estant assessorant a nivell de claustre, que participem de Comunitat STEAMcat, les formacions i els recursos. Aprofitant el lideratge distribu\u00eft del centre, les metodologies, perspectives i tecnologies adients a l\u2019aula i el treball transversal del professorat, [&hellip;]<\/p>\n","protected":false},"author":1,"featured_media":0,"parent":567,"menu_order":10,"comment_status":"closed","ping_status":"closed","template":"page-templates\/side-menu.php","meta":{"_bbp_topic_count":0,"_bbp_reply_count":0,"_bbp_total_topic_count":0,"_bbp_total_reply_count":0,"_bbp_voice_count":0,"_bbp_anonymous_reply_count":0,"_bbp_topic_count_hidden":0,"_bbp_reply_count_hidden":0,"_bbp_forum_subforum_count":0,"site-sidebar-layout":"default","site-content-layout":"","ast-site-content-layout":"","site-content-style":"default","site-sidebar-style":"default","ast-global-header-display":"","ast-banner-title-visibility":"","ast-main-header-display":"","ast-hfb-above-header-display":"","ast-hfb-below-header-display":"","ast-hfb-mobile-header-display":"","site-post-title":"","ast-breadcrumbs-content":"","ast-featured-img":"","footer-sml-layout":"","theme-transparent-header-meta":"","adv-header-id-meta":"","stick-header-meta":"","header-above-stick-meta":"","header-main-stick-meta":"","header-below-stick-meta":"","astra-migrate-meta-layouts":"default","ast-page-background-enabled":"default","ast-page-background-meta":{"desktop":{"background-color":"var(--ast-global-color-4)","background-image":"","background-repeat":"repeat","background-position":"center center","background-size":"auto","background-attachment":"scroll","background-type":"","background-media":"","overlay-type":"","overlay-color":"","overlay-opacity":"","overlay-gradient":""},"tablet":{"background-color":"","background-image":"","background-repeat":"repeat","background-position":"center center","background-size":"auto","background-attachment":"scroll","background-type":"","background-media":"","overlay-type":"","overlay-color":"","overlay-opacity":"","overlay-gradient":""},"mobile":{"background-color":"","background-image":"","background-repeat":"repeat","background-position":"center center","background-size":"auto","background-attachment":"scroll","background-type":"","background-media":"","overlay-type":"","overlay-color":"","overlay-opacity":"","overlay-gradient":""}},"ast-content-background-meta":{"desktop":{"background-color":"var(--ast-global-color-5)","background-image":"","background-repeat":"repeat","background-position":"center center","background-size":"auto","background-attachment":"scroll","background-type":"","background-media":"","overlay-type":"","overlay-color":"","overlay-opacity":"","overlay-gradient":""},"tablet":{"background-color":"var(--ast-global-color-5)","background-image":"","background-repeat":"repeat","background-position":"center center","background-size":"auto","background-attachment":"scroll","background-type":"","background-media":"","overlay-type":"","overlay-color":"","overlay-opacity":"","overlay-gradient":""},"mobile":{"background-color":"var(--ast-global-color-5)","background-image":"","background-repeat":"repeat","background-position":"center center","background-size":"auto","background-attachment":"scroll","background-type":"","background-media":"","overlay-type":"","overlay-color":"","overlay-opacity":"","overlay-gradient":""}},"footnotes":""},"class_list":["post-3020","page","type-page","status-publish","hentry"],"post_mailing_queue_ids":[],"_links":{"self":[{"href":"https:\/\/agora.xtec.cat\/ceipamistat\/wp-json\/wp\/v2\/pages\/3020","targetHints":{"allow":["GET"]}}],"collection":[{"href":"https:\/\/agora.xtec.cat\/ceipamistat\/wp-json\/wp\/v2\/pages"}],"about":[{"href":"https:\/\/agora.xtec.cat\/ceipamistat\/wp-json\/wp\/v2\/types\/page"}],"author":[{"embeddable":true,"href":"https:\/\/agora.xtec.cat\/ceipamistat\/wp-json\/wp\/v2\/users\/1"}],"replies":[{"embeddable":true,"href":"https:\/\/agora.xtec.cat\/ceipamistat\/wp-json\/wp\/v2\/comments?post=3020"}],"version-history":[{"count":6,"href":"https:\/\/agora.xtec.cat\/ceipamistat\/wp-json\/wp\/v2\/pages\/3020\/revisions"}],"predecessor-version":[{"id":3338,"href":"https:\/\/agora.xtec.cat\/ceipamistat\/wp-json\/wp\/v2\/pages\/3020\/revisions\/3338"}],"up":[{"embeddable":true,"href":"https:\/\/agora.xtec.cat\/ceipamistat\/wp-json\/wp\/v2\/pages\/567"}],"wp:attachment":[{"href":"https:\/\/agora.xtec.cat\/ceipamistat\/wp-json\/wp\/v2\/media?parent=3020"}],"curies":[{"name":"wp","href":"https:\/\/api.w.org\/{rel}","templated":true}]}}