{"id":2574,"date":"2022-05-05T15:46:38","date_gmt":"2022-05-05T13:46:38","guid":{"rendered":"https:\/\/agora.xtec.cat\/ceipamistat\/?page_id=2574"},"modified":"2023-10-25T13:01:55","modified_gmt":"2023-10-25T11:01:55","slug":"comunicacio","status":"publish","type":"page","link":"https:\/\/agora.xtec.cat\/ceipamistat\/plans-i-projectes-del-centre\/estrategia-digital-de-centre\/comunicacio\/","title":{"rendered":"Comunicaci\u00f3"},"content":{"rendered":"<div class=\"hJDwNd-AhqUyc-OwsYgb purZT-AhqUyc-II5mzb pSzOP-AhqUyc-qWD73c JNdkSc\">\n<div class=\"JNdkSc-SmKAyb\">\n<div class=\"\">\n<div class=\"oKdM2c Kzv0Me\">\n<div id=\"h.33f495f2bfe93db2_131\" class=\"hJDwNd-AhqUyc-OwsYgb jXK9ad D2fZ2 OjCsFc wHaque GNzUNc\">\n<div class=\"jXK9ad-SmKAyb\">\n<div class=\"tyJCtd mGzaTb baZpAe\">\n<p class=\"CDt4Ke zfr3Q\" dir=\"ltr\">El centre disposa d&#8217;un web amb la informaci\u00f3 p\u00fablica. S&#8217;hi poden trobar informacions est\u00e0tiques, que es revisen peri\u00f2dicament (documentaci\u00f3, claustre, dates del curs, etc.) i not\u00edcies relacionades amb el que va succeint al centre al llarg del curs.<\/p>\n<p class=\"CDt4Ke zfr3Q\" dir=\"ltr\">Aquest web est\u00e0 realitzat aprofitant el servei nodes que ofereix el Departament d&#8217;Educaci\u00f3.\u00a0<a href=\"https:\/\/agora.xtec.cat\/ceipamistat\/\">https:\/\/agora.xtec.cat\/ceipamistat\/<\/a><\/p>\n<p class=\"CDt4Ke zfr3Q\" dir=\"ltr\">L&#8217;escola es comunica amb les fam\u00edlies mitjan\u00e7ant el correu electr\u00f2nic ( fam\u00edlies i alumnat) i tamb\u00e9 via instagram on es publiquen fotos i informacions d&#8217;activitats que es realitzen al centre.<\/p>\n<p dir=\"ltr\"><img loading=\"lazy\" decoding=\"async\" class=\"wp-image-2626 aligncenter\" src=\"https:\/\/agora.xtec.cat\/ceipamistat\/wp-content\/uploads\/usu1593\/2022\/05\/images-300x127.png\" alt=\"\" width=\"208\" height=\"88\" srcset=\"https:\/\/agora.xtec.cat\/ceipamistat\/wp-content\/uploads\/usu1593\/2022\/05\/images-300x127.png 300w, https:\/\/agora.xtec.cat\/ceipamistat\/wp-content\/uploads\/usu1593\/2022\/05\/images.png 345w\" sizes=\"auto, (max-width: 208px) 100vw, 208px\" \/><\/p>\n<\/div>\n<\/div>\n<div class=\"jXK9ad-SmKAyb\">\n<div class=\"tyJCtd mGzaTb baZpAe\">\n<p class=\"CDt4Ke zfr3Q\" dir=\"ltr\">Les tutores es posen en contacte amb les fam\u00edlies delegades mitjan\u00e7ant Whatsapp . Aquestes fam\u00edlies s\u00f3n les encarregades de transmetre aquesta informaci\u00f3 a la resta de fam\u00edlies.<\/p>\n<p dir=\"ltr\"><img loading=\"lazy\" decoding=\"async\" class=\"size-medium wp-image-2627 aligncenter\" src=\"https:\/\/agora.xtec.cat\/ceipamistat\/wp-content\/uploads\/usu1593\/2022\/05\/whats-300x147.jpg\" alt=\"\" width=\"300\" height=\"147\" srcset=\"https:\/\/agora.xtec.cat\/ceipamistat\/wp-content\/uploads\/usu1593\/2022\/05\/whats-300x147.jpg 300w, https:\/\/agora.xtec.cat\/ceipamistat\/wp-content\/uploads\/usu1593\/2022\/05\/whats.jpg 321w\" sizes=\"auto, (max-width: 300px) 100vw, 300px\" \/><\/p>\n<p dir=\"ltr\">\n<\/div>\n<\/div>\n<\/div>\n<\/div>\n<\/div>\n<\/div>\n<\/div>\n","protected":false},"excerpt":{"rendered":"<p>El centre disposa d&#8217;un web amb la informaci\u00f3 p\u00fablica. S&#8217;hi poden trobar informacions est\u00e0tiques, que es revisen peri\u00f2dicament (documentaci\u00f3, claustre, dates del curs, etc.) i not\u00edcies relacionades amb el que va succeint al centre al llarg del curs. Aquest web est\u00e0 realitzat aprofitant el servei nodes que ofereix el Departament d&#8217;Educaci\u00f3.\u00a0https:\/\/agora.xtec.cat\/ceipamistat\/ L&#8217;escola es comunica amb [&hellip;]<\/p>\n","protected":false},"author":1,"featured_media":0,"parent":2543,"menu_order":30,"comment_status":"closed","ping_status":"closed","template":"page-templates\/side-menu.php","meta":{"_bbp_topic_count":0,"_bbp_reply_count":0,"_bbp_total_topic_count":0,"_bbp_total_reply_count":0,"_bbp_voice_count":0,"_bbp_anonymous_reply_count":0,"_bbp_topic_count_hidden":0,"_bbp_reply_count_hidden":0,"_bbp_forum_subforum_count":0,"site-sidebar-layout":"default","site-content-layout":"","ast-site-content-layout":"","site-content-style":"default","site-sidebar-style":"default","ast-global-header-display":"","ast-banner-title-visibility":"","ast-main-header-display":"","ast-hfb-above-header-display":"","ast-hfb-below-header-display":"","ast-hfb-mobile-header-display":"","site-post-title":"","ast-breadcrumbs-content":"","ast-featured-img":"","footer-sml-layout":"","theme-transparent-header-meta":"","adv-header-id-meta":"","stick-header-meta":"","header-above-stick-meta":"","header-main-stick-meta":"","header-below-stick-meta":"","astra-migrate-meta-layouts":"default","ast-page-background-enabled":"default","ast-page-background-meta":{"desktop":{"background-color":"var(--ast-global-color-4)","background-image":"","background-repeat":"repeat","background-position":"center center","background-size":"auto","background-attachment":"scroll","background-type":"","background-media":"","overlay-type":"","overlay-color":"","overlay-opacity":"","overlay-gradient":""},"tablet":{"background-color":"","background-image":"","background-repeat":"repeat","background-position":"center center","background-size":"auto","background-attachment":"scroll","background-type":"","background-media":"","overlay-type":"","overlay-color":"","overlay-opacity":"","overlay-gradient":""},"mobile":{"background-color":"","background-image":"","background-repeat":"repeat","background-position":"center center","background-size":"auto","background-attachment":"scroll","background-type":"","background-media":"","overlay-type":"","overlay-color":"","overlay-opacity":"","overlay-gradient":""}},"ast-content-background-meta":{"desktop":{"background-color":"var(--ast-global-color-5)","background-image":"","background-repeat":"repeat","background-position":"center center","background-size":"auto","background-attachment":"scroll","background-type":"","background-media":"","overlay-type":"","overlay-color":"","overlay-opacity":"","overlay-gradient":""},"tablet":{"background-color":"var(--ast-global-color-5)","background-image":"","background-repeat":"repeat","background-position":"center center","background-size":"auto","background-attachment":"scroll","background-type":"","background-media":"","overlay-type":"","overlay-color":"","overlay-opacity":"","overlay-gradient":""},"mobile":{"background-color":"var(--ast-global-color-5)","background-image":"","background-repeat":"repeat","background-position":"center center","background-size":"auto","background-attachment":"scroll","background-type":"","background-media":"","overlay-type":"","overlay-color":"","overlay-opacity":"","overlay-gradient":""}},"footnotes":""},"class_list":["post-2574","page","type-page","status-publish","hentry"],"post_mailing_queue_ids":[],"_links":{"self":[{"href":"https:\/\/agora.xtec.cat\/ceipamistat\/wp-json\/wp\/v2\/pages\/2574","targetHints":{"allow":["GET"]}}],"collection":[{"href":"https:\/\/agora.xtec.cat\/ceipamistat\/wp-json\/wp\/v2\/pages"}],"about":[{"href":"https:\/\/agora.xtec.cat\/ceipamistat\/wp-json\/wp\/v2\/types\/page"}],"author":[{"embeddable":true,"href":"https:\/\/agora.xtec.cat\/ceipamistat\/wp-json\/wp\/v2\/users\/1"}],"replies":[{"embeddable":true,"href":"https:\/\/agora.xtec.cat\/ceipamistat\/wp-json\/wp\/v2\/comments?post=2574"}],"version-history":[{"count":2,"href":"https:\/\/agora.xtec.cat\/ceipamistat\/wp-json\/wp\/v2\/pages\/2574\/revisions"}],"predecessor-version":[{"id":2629,"href":"https:\/\/agora.xtec.cat\/ceipamistat\/wp-json\/wp\/v2\/pages\/2574\/revisions\/2629"}],"up":[{"embeddable":true,"href":"https:\/\/agora.xtec.cat\/ceipamistat\/wp-json\/wp\/v2\/pages\/2543"}],"wp:attachment":[{"href":"https:\/\/agora.xtec.cat\/ceipamistat\/wp-json\/wp\/v2\/media?parent=2574"}],"curies":[{"name":"wp","href":"https:\/\/api.w.org\/{rel}","templated":true}]}}