{"id":2562,"date":"2023-02-14T16:20:50","date_gmt":"2023-02-14T15:20:50","guid":{"rendered":"https:\/\/agora.xtec.cat\/ceipamistat\/?page_id=2562"},"modified":"2023-10-25T13:00:25","modified_gmt":"2023-10-25T11:00:25","slug":"objectius","status":"publish","type":"page","link":"https:\/\/agora.xtec.cat\/ceipamistat\/plans-i-projectes-del-centre\/estrategia-digital-de-centre\/objectius\/","title":{"rendered":"Objectius"},"content":{"rendered":"<p>Despr\u00e9s d&#8217;haver realitzat la diagnosi, la comissi\u00f3 digital de centre, ha elaborat els seg\u00fcents objectius tenint present els punts forts i els punts febles de l&#8217;escola i de tota la comunitat educativa que la conforma.<\/p>\n<p style=\"text-align: center;\"><strong>\u00a0\u00a0\u00a0 ALUMNAT<\/strong><b><b><i><\/i><\/b><\/b><\/p>\n<table style=\"border-collapse: collapse; width: 100%;\">\n<tbody>\n<tr>\n<td style=\"width: 50%; text-align: center;\">PUNTS FEBLES<\/td>\n<td style=\"width: 50%; text-align: center;\">OBJECTIU<\/td>\n<\/tr>\n<tr>\n<td style=\"width: 50%;\">Falta una seq\u00fcenciaci\u00f3 de les activitats digitals.<\/td>\n<td style=\"width: 50%;\"><b><i>4. Graduar la compet\u00e8ncia digital de l&#8217;alumnat.<\/i><\/b><\/td>\n<\/tr>\n<tr>\n<td style=\"width: 50%;\">Falten activitats avaluatives per a comprovar l\u2019assoliment de les diferents compet\u00e8ncies digitals.<b><i><\/i><\/b><\/td>\n<td style=\"width: 50%;\"><b><i>4. Graduar la compet\u00e8ncia digital de l&#8217;alumnat.<\/i><\/b><\/td>\n<\/tr>\n<tr>\n<td style=\"width: 50%;\">Treballar\u00a0 m\u00e9s la seguretat digital ja que sorgeixen molts conflictes, sobretot a cicle superior.<\/td>\n<td style=\"width: 50%;\"><b><i>1.Fer con\u00e8ixer als infants els perills que poden sorgir utilitzant les noves tecnologies. <\/i><\/b><\/td>\n<\/tr>\n<\/tbody>\n<\/table>\n<p>&nbsp;<\/p>\n<p style=\"text-align: center;\">\u00a0\u00a0\u00a0 <strong>CENTRE<\/strong><\/p>\n<table style=\"border-collapse: collapse; width: 100%; height: 160px;\">\n<tbody>\n<tr style=\"height: 32px;\">\n<td style=\"width: 50%; text-align: center; height: 32px;\">PUNTS FEBLES<\/td>\n<td style=\"width: 50%; text-align: center; height: 32px;\">OBJECTIU<\/td>\n<\/tr>\n<tr style=\"height: 118px;\">\n<td style=\"width: 50%; height: 118px;\">Falta formar a les fam\u00edlies amb les nostres apps perqu\u00e8 els hi resulti m\u00e9s f\u00e0cil poder ajudar als infants des de casa<\/td>\n<td style=\"width: 50%; height: 118px;\"><b><i>3. Apropar les families de la comunitat a les diferents plataformes que s&#8217;utilitzen a l&#8217;escola.<\/i><\/b><\/td>\n<\/tr>\n<\/tbody>\n<\/table>\n<p>&nbsp;<\/p>\n<p style=\"text-align: center;\">\u00a0<strong>\u00a0\u00a0 CLAUSTRE<\/strong><\/p>\n<table style=\"border-collapse: collapse; width: 100%;\">\n<tbody>\n<tr>\n<td style=\"width: 50%; text-align: center;\"><span style=\"color: #000000;\">PUNTS FEBLES<\/span><\/td>\n<td style=\"width: 50%; text-align: center;\"><span style=\"color: #000000;\">OBJECTIU<\/span><\/td>\n<\/tr>\n<tr>\n<td style=\"width: 50%;\">Necessitem consensuar l\u2019utilitzaci\u00f3 dels diferents dispositius a cada comunitat.<\/td>\n<td style=\"width: 50%;\"><b><i>4. Graduar la compet\u00e8ncia digital de l&#8217;alumnat.<\/i><\/b><\/td>\n<\/tr>\n<tr>\n<td style=\"width: 50%;\">Es necessita formaci\u00f3 digital de TOTES les aplicacions que utilitzem al centre.<\/td>\n<td style=\"width: 50%;\"><b><i>2. Promoure la formaci\u00f3 interna de centre per a formar de l&#8217;\u00fas de les aplicacions que necessita el claustre.<\/i><\/b><\/td>\n<\/tr>\n<\/tbody>\n<\/table>\n<p style=\"text-align: center;\">\n","protected":false},"excerpt":{"rendered":"<p>Despr\u00e9s d&#8217;haver realitzat la diagnosi, la comissi\u00f3 digital de centre, ha elaborat els seg\u00fcents objectius tenint present els punts forts i els punts febles de l&#8217;escola i de tota la comunitat educativa que la conforma. \u00a0\u00a0\u00a0 ALUMNAT PUNTS FEBLES OBJECTIU Falta una seq\u00fcenciaci\u00f3 de les activitats digitals. 4. Graduar la compet\u00e8ncia digital de l&#8217;alumnat. Falten [&hellip;]<\/p>\n","protected":false},"author":1,"featured_media":0,"parent":2543,"menu_order":20,"comment_status":"closed","ping_status":"closed","template":"page-templates\/side-menu.php","meta":{"_bbp_topic_count":0,"_bbp_reply_count":0,"_bbp_total_topic_count":0,"_bbp_total_reply_count":0,"_bbp_voice_count":0,"_bbp_anonymous_reply_count":0,"_bbp_topic_count_hidden":0,"_bbp_reply_count_hidden":0,"_bbp_forum_subforum_count":0,"site-sidebar-layout":"default","site-content-layout":"","ast-site-content-layout":"","site-content-style":"default","site-sidebar-style":"default","ast-global-header-display":"","ast-banner-title-visibility":"","ast-main-header-display":"","ast-hfb-above-header-display":"","ast-hfb-below-header-display":"","ast-hfb-mobile-header-display":"","site-post-title":"","ast-breadcrumbs-content":"","ast-featured-img":"","footer-sml-layout":"","theme-transparent-header-meta":"","adv-header-id-meta":"","stick-header-meta":"","header-above-stick-meta":"","header-main-stick-meta":"","header-below-stick-meta":"","astra-migrate-meta-layouts":"default","ast-page-background-enabled":"default","ast-page-background-meta":{"desktop":{"background-color":"var(--ast-global-color-4)","background-image":"","background-repeat":"repeat","background-position":"center center","background-size":"auto","background-attachment":"scroll","background-type":"","background-media":"","overlay-type":"","overlay-color":"","overlay-opacity":"","overlay-gradient":""},"tablet":{"background-color":"","background-image":"","background-repeat":"repeat","background-position":"center center","background-size":"auto","background-attachment":"scroll","background-type":"","background-media":"","overlay-type":"","overlay-color":"","overlay-opacity":"","overlay-gradient":""},"mobile":{"background-color":"","background-image":"","background-repeat":"repeat","background-position":"center center","background-size":"auto","background-attachment":"scroll","background-type":"","background-media":"","overlay-type":"","overlay-color":"","overlay-opacity":"","overlay-gradient":""}},"ast-content-background-meta":{"desktop":{"background-color":"var(--ast-global-color-5)","background-image":"","background-repeat":"repeat","background-position":"center center","background-size":"auto","background-attachment":"scroll","background-type":"","background-media":"","overlay-type":"","overlay-color":"","overlay-opacity":"","overlay-gradient":""},"tablet":{"background-color":"var(--ast-global-color-5)","background-image":"","background-repeat":"repeat","background-position":"center center","background-size":"auto","background-attachment":"scroll","background-type":"","background-media":"","overlay-type":"","overlay-color":"","overlay-opacity":"","overlay-gradient":""},"mobile":{"background-color":"var(--ast-global-color-5)","background-image":"","background-repeat":"repeat","background-position":"center center","background-size":"auto","background-attachment":"scroll","background-type":"","background-media":"","overlay-type":"","overlay-color":"","overlay-opacity":"","overlay-gradient":""}},"footnotes":""},"class_list":["post-2562","page","type-page","status-publish","hentry"],"post_mailing_queue_ids":[],"_links":{"self":[{"href":"https:\/\/agora.xtec.cat\/ceipamistat\/wp-json\/wp\/v2\/pages\/2562","targetHints":{"allow":["GET"]}}],"collection":[{"href":"https:\/\/agora.xtec.cat\/ceipamistat\/wp-json\/wp\/v2\/pages"}],"about":[{"href":"https:\/\/agora.xtec.cat\/ceipamistat\/wp-json\/wp\/v2\/types\/page"}],"author":[{"embeddable":true,"href":"https:\/\/agora.xtec.cat\/ceipamistat\/wp-json\/wp\/v2\/users\/1"}],"replies":[{"embeddable":true,"href":"https:\/\/agora.xtec.cat\/ceipamistat\/wp-json\/wp\/v2\/comments?post=2562"}],"version-history":[{"count":3,"href":"https:\/\/agora.xtec.cat\/ceipamistat\/wp-json\/wp\/v2\/pages\/2562\/revisions"}],"predecessor-version":[{"id":2789,"href":"https:\/\/agora.xtec.cat\/ceipamistat\/wp-json\/wp\/v2\/pages\/2562\/revisions\/2789"}],"up":[{"embeddable":true,"href":"https:\/\/agora.xtec.cat\/ceipamistat\/wp-json\/wp\/v2\/pages\/2543"}],"wp:attachment":[{"href":"https:\/\/agora.xtec.cat\/ceipamistat\/wp-json\/wp\/v2\/media?parent=2562"}],"curies":[{"name":"wp","href":"https:\/\/api.w.org\/{rel}","templated":true}]}}