{"id":24,"date":"2014-09-18T12:23:15","date_gmt":"2014-09-18T10:23:15","guid":{"rendered":"http:\/\/agora.xtec.cat\/ceipamistat\/?page_id=24"},"modified":"2023-08-15T12:11:57","modified_gmt":"2023-08-15T10:11:57","slug":"on-som","status":"publish","type":"page","link":"https:\/\/agora.xtec.cat\/ceipamistat\/lescola\/on-som\/","title":{"rendered":"On som"},"content":{"rendered":"<p>L\u2019escola AMISTAT est\u00e0 ubicat en un barri de la perif\u00e8ria de la ciutat de Figueres, capital de l\u2019Alt Empord\u00e0, que ha confirmat un important creixement aquests \u00faltims anys. El barri, de fet, podr\u00edem dir que ha crescut en dues fases: una primera fase a mitjans dels anys 80 i una segona fase a finals dels 90. Durant anys i anys va semblar que havia quedat estancat; se\u2019n parlava molt a nivell de carrer, possibles especulacions, per\u00f2 no s\u2019acabava de concretar ja que estava m\u00e9s a prop del terme municipal de Vilafant i del barri de Les Forques que no de la mateixa ciutat de Figueres. La zona on ara hi ha l\u2019escola Amistat va quedar condicionada per la manca de connectivitat amb la resta de la ciutat. De cop ha fet un canvi espectacular que creix de forma paral\u00b7lela a les noves construccions de l\u2019entrada Sud de Figueres. Des de l\u2019 any 2012, el creixement urban\u00edstic ha quedat aturat.<\/p>\n<p>La zona ha passat en poc temps de d\u2019haver-hi un \u00fanic Centre d\u2019Infantil i Prim\u00e0ria (el Ceip Joaquim Cus\u00ed dels anys 70) a haver-hi un Institut (l\u2019IES Olivar Gran), l\u2019escola Amistat que \u00e9s de dues l\u00ednies\u00a0 i l\u2019escola Carme Guasch\u00a0en barracons. Tamb\u00e9 hi ha un\u00a0un nou Institut, molt proper, per\u00f2 al terme municipal de Vilafant. Tants centres educatius confirma la vitalitat de la zona i, alhora, les conseq\u00fc\u00e8ncies del desgavell en quan a planificaci\u00f3, doncs l\u2019escola Amistat est\u00e0 ubicada a l\u2019\u00faltim carrer abans de passar a terrenys de l\u2019altre municipi. \u00c9s a dir, com en d\u2019altres ciutats, els responsables pol\u00edtics i d\u2019educaci\u00f3, s\u2019han trobat superats pels fets consumats: desmesurat creixement de la poblaci\u00f3 i manca de s\u00f2l disponible, la qual cosa ha retardat les construccions i ha desdibuixat alguna distribuci\u00f3 m\u00e9s racional.<\/p>\n<p>Hem dit que a la zona de l\u2019escola Amistat hi ha diverses realitats\u00a0 familiars, que coincideixen en l\u2019\u00e8poca en qu\u00e8 van anar-hi a viure i, fins i tot, en el tipus d\u2019habitatge. Els de la primera etapa eren cases unifamiliars (planta m\u00e9s 1) o cases aparellades. Mentre que els de la segona fase s\u00f3n grans edificis, amb molts pisos, que acullen. Existeix tamb\u00e9 una tercera tipologia d\u2019habitatge, de protecci\u00f3 oficial, agrupat al voltant de la pla\u00e7a ve\u00efna al centre.<\/p>\n<p style=\"color: #666666;\"><strong>Escola Amistat<\/strong><br \/>\n<strong>Comunitat d&#8217;Aprenentatge.<\/strong><\/p>\n<p style=\"color: #666666;\">Apel\u00b7les Mestres 2<br \/>\n17600 Figueres<\/p>\n<p>Tel. 972502683<br \/>\nb7008006@xtec.cat<\/p>\n<p><iframe loading=\"lazy\" style=\"border: 0px currentColor;\" src=\"https:\/\/www.google.com\/maps\/embed?pb=!1m14!1m8!1m3!1d11813.10079460043!2d2.9601605!3d42.2512953!3m2!1i1024!2i768!4f13.1!3m3!1m2!1s0x0%3A0x640b43dbb8229bf5!2sEscola+Public+Amistat!5e0!3m2!1sca!2ses!4v1480072739729\" width=\"600\" height=\"450\" frameborder=\"0\" allowfullscreen=\"allowfullscreen\"><\/iframe><\/p>\n<p><strong>Com arribar-hi:<\/strong><\/p>\n<p><strong>Tren:<\/strong> Estaci\u00f3 Figueres, connectar amb Bus L2.<br \/>\n<strong>Bus:<\/strong> L\u00ednia 2<\/p>\n","protected":false},"excerpt":{"rendered":"<p>L\u2019escola AMISTAT est\u00e0 ubicat en un barri de la perif\u00e8ria de la ciutat de Figueres, capital de l\u2019Alt Empord\u00e0, que ha confirmat un important creixement aquests \u00faltims anys. El barri, de fet, podr\u00edem dir que ha crescut en dues fases: una primera fase a mitjans dels anys 80 i una segona fase a finals dels [&hellip;]<\/p>\n","protected":false},"author":1,"featured_media":0,"parent":22,"menu_order":1,"comment_status":"closed","ping_status":"closed","template":"page-templates\/side-menu.php","meta":{"_bbp_topic_count":0,"_bbp_reply_count":0,"_bbp_total_topic_count":0,"_bbp_total_reply_count":0,"_bbp_voice_count":0,"_bbp_anonymous_reply_count":0,"_bbp_topic_count_hidden":0,"_bbp_reply_count_hidden":0,"_bbp_forum_subforum_count":0,"site-sidebar-layout":"default","site-content-layout":"","ast-site-content-layout":"","site-content-style":"default","site-sidebar-style":"default","ast-global-header-display":"","ast-banner-title-visibility":"","ast-main-header-display":"","ast-hfb-above-header-display":"","ast-hfb-below-header-display":"","ast-hfb-mobile-header-display":"","site-post-title":"","ast-breadcrumbs-content":"","ast-featured-img":"","footer-sml-layout":"","theme-transparent-header-meta":"","adv-header-id-meta":"","stick-header-meta":"","header-above-stick-meta":"","header-main-stick-meta":"","header-below-stick-meta":"","astra-migrate-meta-layouts":"default","ast-page-background-enabled":"default","ast-page-background-meta":{"desktop":{"background-color":"var(--ast-global-color-4)","background-image":"","background-repeat":"repeat","background-position":"center center","background-size":"auto","background-attachment":"scroll","background-type":"","background-media":"","overlay-type":"","overlay-color":"","overlay-opacity":"","overlay-gradient":""},"tablet":{"background-color":"","background-image":"","background-repeat":"repeat","background-position":"center center","background-size":"auto","background-attachment":"scroll","background-type":"","background-media":"","overlay-type":"","overlay-color":"","overlay-opacity":"","overlay-gradient":""},"mobile":{"background-color":"","background-image":"","background-repeat":"repeat","background-position":"center center","background-size":"auto","background-attachment":"scroll","background-type":"","background-media":"","overlay-type":"","overlay-color":"","overlay-opacity":"","overlay-gradient":""}},"ast-content-background-meta":{"desktop":{"background-color":"var(--ast-global-color-5)","background-image":"","background-repeat":"repeat","background-position":"center center","background-size":"auto","background-attachment":"scroll","background-type":"","background-media":"","overlay-type":"","overlay-color":"","overlay-opacity":"","overlay-gradient":""},"tablet":{"background-color":"var(--ast-global-color-5)","background-image":"","background-repeat":"repeat","background-position":"center center","background-size":"auto","background-attachment":"scroll","background-type":"","background-media":"","overlay-type":"","overlay-color":"","overlay-opacity":"","overlay-gradient":""},"mobile":{"background-color":"var(--ast-global-color-5)","background-image":"","background-repeat":"repeat","background-position":"center center","background-size":"auto","background-attachment":"scroll","background-type":"","background-media":"","overlay-type":"","overlay-color":"","overlay-opacity":"","overlay-gradient":""}},"footnotes":""},"class_list":["post-24","page","type-page","status-publish","hentry"],"post_mailing_queue_ids":[],"_links":{"self":[{"href":"https:\/\/agora.xtec.cat\/ceipamistat\/wp-json\/wp\/v2\/pages\/24","targetHints":{"allow":["GET"]}}],"collection":[{"href":"https:\/\/agora.xtec.cat\/ceipamistat\/wp-json\/wp\/v2\/pages"}],"about":[{"href":"https:\/\/agora.xtec.cat\/ceipamistat\/wp-json\/wp\/v2\/types\/page"}],"author":[{"embeddable":true,"href":"https:\/\/agora.xtec.cat\/ceipamistat\/wp-json\/wp\/v2\/users\/1"}],"replies":[{"embeddable":true,"href":"https:\/\/agora.xtec.cat\/ceipamistat\/wp-json\/wp\/v2\/comments?post=24"}],"version-history":[{"count":4,"href":"https:\/\/agora.xtec.cat\/ceipamistat\/wp-json\/wp\/v2\/pages\/24\/revisions"}],"predecessor-version":[{"id":1248,"href":"https:\/\/agora.xtec.cat\/ceipamistat\/wp-json\/wp\/v2\/pages\/24\/revisions\/1248"}],"up":[{"embeddable":true,"href":"https:\/\/agora.xtec.cat\/ceipamistat\/wp-json\/wp\/v2\/pages\/22"}],"wp:attachment":[{"href":"https:\/\/agora.xtec.cat\/ceipamistat\/wp-json\/wp\/v2\/media?parent=24"}],"curies":[{"name":"wp","href":"https:\/\/api.w.org\/{rel}","templated":true}]}}