{"id":880,"date":"2023-10-08T20:33:39","date_gmt":"2023-10-08T18:33:39","guid":{"rendered":"https:\/\/agora.xtec.cat\/ceipamat-verdu\/?page_id=880"},"modified":"2025-11-23T10:28:39","modified_gmt":"2025-11-23T09:28:39","slug":"horari-atencio-families","status":"publish","type":"page","link":"https:\/\/agora.xtec.cat\/ceipamat-verdu\/informacio-families\/horari-atencio-families\/","title":{"rendered":"Horari atenci\u00f3 fam\u00edlies"},"content":{"rendered":"<p>L&#8217;horari d&#8217;atenci\u00f3 a les fam\u00edlies durant aquest curs ser\u00e0 el seg\u00fcent:<\/p>\n<table style=\"border-collapse: collapse; width: 100%;\">\n<tbody>\n<tr style=\"background-color: #f7a705;\">\n<td style=\"width: 20%; text-align: center;\"><strong>DIRECCI\u00d3<\/strong><\/td>\n<td style=\"width: 20%; text-align: center;\"><strong>SECRETARIA<\/strong><\/td>\n<td style=\"width: 20%; text-align: center;\"><strong>CAP D&#8217;ESTUDIS<\/strong><\/td>\n<td style=\"width: 20%; text-align: center;\"><strong>ADMINISTRACI\u00d3<\/strong><\/td>\n<\/tr>\n<tr>\n<td style=\"width: 20%; text-align: center;\">\n<h6><strong>Dimarts-Dijous<\/strong><\/h6>\n<p>de 9:00 a 10:00<\/p>\n<p>de 15:00 a 15:45<\/td>\n<td style=\"width: 20%; text-align: center;\">\n<h6><strong>Dilluns-Dimecres\u00a0<\/strong><\/h6>\n<p>de 9:00 a 10:00<\/p>\n<h6><strong>Dimecres\u00a0<\/strong><\/h6>\n<p>de 15:00 a<\/td>\n<td style=\"width: 20%; text-align: center;\">\n<h6><strong>Dimarts\u00a0<\/strong><\/h6>\n<p>de 9:00 a 10:00<\/p>\n<h6><strong>Dimecres<\/strong><\/h6>\n<p>de 15:45 a 16:30<\/td>\n<td style=\"width: 20%; text-align: center;\">\n<h6><strong>Dilluns a divendres<\/strong><\/h6>\n<p>de 9:00 a 10:00<\/p>\n<p>de 12:00 a 13:00<\/p>\n<p>de 15:00 a 16:15<\/td>\n<\/tr>\n<\/tbody>\n<\/table>\n","protected":false},"excerpt":{"rendered":"<p>L&#8217;horari d&#8217;atenci\u00f3 a les fam\u00edlies durant aquest curs ser\u00e0 el seg\u00fcent: DIRECCI\u00d3 SECRETARIA CAP D&#8217;ESTUDIS ADMINISTRACI\u00d3 Dimarts-Dijous de 9:00 a 10:00 de 15:00 a 15:45 Dilluns-Dimecres\u00a0 de 9:00 a 10:00 Dimecres\u00a0 de 15:00 a Dimarts\u00a0 de 9:00 a 10:00 Dimecres de 15:45 a 16:30 Dilluns a divendres de 9:00 a 10:00 de 12:00 a 13:00 [&hellip;]<\/p>\n","protected":false},"author":1,"featured_media":0,"parent":560,"menu_order":10,"comment_status":"closed","ping_status":"closed","template":"","meta":{"_bbp_topic_count":0,"_bbp_reply_count":0,"_bbp_total_topic_count":0,"_bbp_total_reply_count":0,"_bbp_voice_count":0,"_bbp_anonymous_reply_count":0,"_bbp_topic_count_hidden":0,"_bbp_reply_count_hidden":0,"_bbp_forum_subforum_count":0,"site-sidebar-layout":"default","site-content-layout":"","ast-site-content-layout":"default","site-content-style":"default","site-sidebar-style":"default","ast-global-header-display":"","ast-banner-title-visibility":"","ast-main-header-display":"","ast-hfb-above-header-display":"","ast-hfb-below-header-display":"","ast-hfb-mobile-header-display":"","site-post-title":"","ast-breadcrumbs-content":"","ast-featured-img":"","footer-sml-layout":"","theme-transparent-header-meta":"default","adv-header-id-meta":"","stick-header-meta":"","header-above-stick-meta":"","header-main-stick-meta":"","header-below-stick-meta":"","astra-migrate-meta-layouts":"set","ast-page-background-enabled":"default","ast-page-background-meta":{"desktop":{"background-color":"var(--ast-global-color-4)","background-image":"","background-repeat":"repeat","background-position":"center center","background-size":"auto","background-attachment":"scroll","background-type":"","background-media":"","overlay-type":"","overlay-color":"","overlay-opacity":"","overlay-gradient":""},"tablet":{"background-color":"","background-image":"","background-repeat":"repeat","background-position":"center center","background-size":"auto","background-attachment":"scroll","background-type":"","background-media":"","overlay-type":"","overlay-color":"","overlay-opacity":"","overlay-gradient":""},"mobile":{"background-color":"","background-image":"","background-repeat":"repeat","background-position":"center center","background-size":"auto","background-attachment":"scroll","background-type":"","background-media":"","overlay-type":"","overlay-color":"","overlay-opacity":"","overlay-gradient":""}},"ast-content-background-meta":{"desktop":{"background-color":"var(--ast-global-color-5)","background-image":"","background-repeat":"repeat","background-position":"center center","background-size":"auto","background-attachment":"scroll","background-type":"","background-media":"","overlay-type":"","overlay-color":"","overlay-opacity":"","overlay-gradient":""},"tablet":{"background-color":"var(--ast-global-color-5)","background-image":"","background-repeat":"repeat","background-position":"center center","background-size":"auto","background-attachment":"scroll","background-type":"","background-media":"","overlay-type":"","overlay-color":"","overlay-opacity":"","overlay-gradient":""},"mobile":{"background-color":"var(--ast-global-color-5)","background-image":"","background-repeat":"repeat","background-position":"center center","background-size":"auto","background-attachment":"scroll","background-type":"","background-media":"","overlay-type":"","overlay-color":"","overlay-opacity":"","overlay-gradient":""}},"footnotes":""},"class_list":["post-880","page","type-page","status-publish","hentry"],"post_mailing_queue_ids":[],"_links":{"self":[{"href":"https:\/\/agora.xtec.cat\/ceipamat-verdu\/wp-json\/wp\/v2\/pages\/880","targetHints":{"allow":["GET"]}}],"collection":[{"href":"https:\/\/agora.xtec.cat\/ceipamat-verdu\/wp-json\/wp\/v2\/pages"}],"about":[{"href":"https:\/\/agora.xtec.cat\/ceipamat-verdu\/wp-json\/wp\/v2\/types\/page"}],"author":[{"embeddable":true,"href":"https:\/\/agora.xtec.cat\/ceipamat-verdu\/wp-json\/wp\/v2\/users\/1"}],"replies":[{"embeddable":true,"href":"https:\/\/agora.xtec.cat\/ceipamat-verdu\/wp-json\/wp\/v2\/comments?post=880"}],"version-history":[{"count":6,"href":"https:\/\/agora.xtec.cat\/ceipamat-verdu\/wp-json\/wp\/v2\/pages\/880\/revisions"}],"predecessor-version":[{"id":3590,"href":"https:\/\/agora.xtec.cat\/ceipamat-verdu\/wp-json\/wp\/v2\/pages\/880\/revisions\/3590"}],"up":[{"embeddable":true,"href":"https:\/\/agora.xtec.cat\/ceipamat-verdu\/wp-json\/wp\/v2\/pages\/560"}],"wp:attachment":[{"href":"https:\/\/agora.xtec.cat\/ceipamat-verdu\/wp-json\/wp\/v2\/media?parent=880"}],"curies":[{"name":"wp","href":"https:\/\/api.w.org\/{rel}","templated":true}]}}