{"id":3440,"date":"2025-10-29T19:00:20","date_gmt":"2025-10-29T18:00:20","guid":{"rendered":"https:\/\/agora.xtec.cat\/ceipamat-verdu\/?page_id=3440"},"modified":"2025-11-17T09:27:38","modified_gmt":"2025-11-17T08:27:38","slug":"eleccions-novembre-25","status":"publish","type":"page","link":"https:\/\/agora.xtec.cat\/ceipamat-verdu\/lescola\/consell-escolar\/eleccions-novembre-25\/","title":{"rendered":"Eleccions Novembre 25"},"content":{"rendered":"\n<p><strong>NOVETAT<\/strong>  <a href=\"https:\/\/agora.xtec.cat\/ceipamat-verdu\/lescola\/consell-escolar\/candidatures-eleccions-2025\/\" data-type=\"link\" data-id=\"https:\/\/agora.xtec.cat\/ceipamat-verdu\/lescola\/consell-escolar\/candidatures-eleccions-2025\/\">Candidatures 2025<\/a><\/p>\n\n\n\n<p><a href=\"https:\/\/agora.xtec.cat\/ceipamat-verdu\/wp-content\/uploads\/usu2365\/2025\/10\/Convocatoria-signada.pdf\" data-type=\"link\" data-id=\"https:\/\/agora.xtec.cat\/ceipamat-verdu\/wp-content\/uploads\/usu2365\/2025\/10\/Convocatoria-signada.pdf\"><strong>Convocat\u00f2ria oficial<\/strong><\/a><\/p>\n\n\n\n<p><a href=\"https:\/\/agora.xtec.cat\/ceipamat-verdu\/lescola\/consell-escolar\/\" data-type=\"page\" data-id=\"28\"><strong>Composici\u00f3 actual<\/strong><\/a><\/p>\n\n\n\n<p><a href=\"https:\/\/agora.xtec.cat\/ceipamat-verdu\/wp-content\/uploads\/usu2365\/2025\/10\/Participem-Eleccions-consell-escolar-25.pdf\" data-type=\"link\" data-id=\"https:\/\/agora.xtec.cat\/ceipamat-verdu\/wp-content\/uploads\/usu2365\/2025\/10\/Participem-Eleccions-consell-escolar-25.pdf\"><strong>Per qu\u00e8 hem de participar les fam\u00edlies?<\/strong><\/a><\/p>\n\n\n\n<p><strong>Dates importants:<\/strong><\/p>\n\n\n\n<figure class=\"wp-block-table\"><table><tbody><tr><td><strong>Data<\/strong><\/td><td><strong>Proc\u00e9s electoral<\/strong><\/td><td><strong>Observacions<\/strong><\/td><\/tr><tr><td><strong>30 Octubre <\/strong><\/td><td>Convocat\u00f2ria d&#8217;eleccions al Consell Escolar.<\/td><td>Publicada a la Web. <\/td><\/tr><tr><td>30 Octubre<\/td><td>Publicaci\u00f3 cens electoral provisional.<\/td><td>Al tauler d&#8217;anuncis a l&#8217;entrada de secretaria. <\/td><\/tr><tr><td>Fins al 11 de novembre<\/td><td>Reclamacions al cens electoral.<\/td><td>Les reclamacions s&#8217;han de fer mitjan\u00e7ant escrit adr\u00e7at a la direcci\u00f3 de l&#8217;escola. <\/td><\/tr><tr><td>12 de novembre<\/td><td>Aprovaci\u00f3 i publicaci\u00f3 dels censos electorals definitus.<\/td><td>Al tauler d&#8217;anuncis a l&#8217;entrada de secretaria. <\/td><\/tr><tr><td>13 de novembre <\/td><td>Constituci\u00f3 mesa sectorial sector fam\u00edlies.<\/td><td>A les 16:45 a la biblioteca. <\/td><\/tr><tr><td><strong>14 de novembre<\/strong><\/td><td><strong>Darrer dia per presentar candidatures per ser membre del Consell Escolar.<\/strong><\/td><td><strong>Cal presentar les candidatures a la direcci\u00f3 del centre o enviar Sol\u00b7licitud per Dinantia. <\/strong><\/td><\/tr><tr><td>17 de novembre<\/td><td>Publicaci\u00f3 de les candidatures.<\/td><td>Al tauler d&#8217;anuncis a l&#8217;entrada de secretaria i a la web. <\/td><\/tr><tr><td>19 de novembre<\/td><td>Votaci\u00f3 mestres.<\/td><td>Biblioteca de l&#8217;escola<\/td><\/tr><tr><td><strong>20 de novembre <\/strong><\/td><td><strong>Votacions sector fam\u00edlies.<\/strong><\/td><td><strong>Entrada comunitat de mitjanes: 8:45 a 9:15; 12:15 a 12:45; 14:45 a 15:15 i 16:15 a 16:45. <\/strong><\/td><\/tr><tr><td>17 de desembre <\/td><td>Constituci\u00f3 Nou consell escolar.<\/td><td>A les 16:45 a la biblioteca de l&#8217;escola. <\/td><\/tr><\/tbody><\/table><\/figure>\n\n\n\n<p><\/p>\n","protected":false},"excerpt":{"rendered":"<p>NOVETAT Candidatures 2025 Convocat\u00f2ria oficial Composici\u00f3 actual Per qu\u00e8 hem de participar les fam\u00edlies? Dates importants: Data Proc\u00e9s electoral Observacions 30 Octubre Convocat\u00f2ria d&#8217;eleccions al Consell Escolar. Publicada a la Web. 30 Octubre Publicaci\u00f3 cens electoral provisional. Al tauler d&#8217;anuncis a l&#8217;entrada de secretaria. Fins al 11 de novembre Reclamacions al cens electoral. Les reclamacions [&hellip;]<\/p>\n","protected":false},"author":3,"featured_media":0,"parent":28,"menu_order":0,"comment_status":"closed","ping_status":"closed","template":"","meta":{"_bbp_topic_count":0,"_bbp_reply_count":0,"_bbp_total_topic_count":0,"_bbp_total_reply_count":0,"_bbp_voice_count":0,"_bbp_anonymous_reply_count":0,"_bbp_topic_count_hidden":0,"_bbp_reply_count_hidden":0,"_bbp_forum_subforum_count":0,"site-sidebar-layout":"default","site-content-layout":"","ast-site-content-layout":"default","site-content-style":"default","site-sidebar-style":"default","ast-global-header-display":"","ast-banner-title-visibility":"","ast-main-header-display":"","ast-hfb-above-header-display":"","ast-hfb-below-header-display":"","ast-hfb-mobile-header-display":"","site-post-title":"","ast-breadcrumbs-content":"","ast-featured-img":"","footer-sml-layout":"","theme-transparent-header-meta":"","adv-header-id-meta":"","stick-header-meta":"","header-above-stick-meta":"","header-main-stick-meta":"","header-below-stick-meta":"","astra-migrate-meta-layouts":"set","ast-page-background-enabled":"default","ast-page-background-meta":{"desktop":{"background-color":"var(--ast-global-color-4)","background-image":"","background-repeat":"repeat","background-position":"center center","background-size":"auto","background-attachment":"scroll","background-type":"","background-media":"","overlay-type":"","overlay-color":"","overlay-opacity":"","overlay-gradient":""},"tablet":{"background-color":"","background-image":"","background-repeat":"repeat","background-position":"center center","background-size":"auto","background-attachment":"scroll","background-type":"","background-media":"","overlay-type":"","overlay-color":"","overlay-opacity":"","overlay-gradient":""},"mobile":{"background-color":"","background-image":"","background-repeat":"repeat","background-position":"center center","background-size":"auto","background-attachment":"scroll","background-type":"","background-media":"","overlay-type":"","overlay-color":"","overlay-opacity":"","overlay-gradient":""}},"ast-content-background-meta":{"desktop":{"background-color":"var(--ast-global-color-5)","background-image":"","background-repeat":"repeat","background-position":"center center","background-size":"auto","background-attachment":"scroll","background-type":"","background-media":"","overlay-type":"","overlay-color":"","overlay-opacity":"","overlay-gradient":""},"tablet":{"background-color":"var(--ast-global-color-5)","background-image":"","background-repeat":"repeat","background-position":"center center","background-size":"auto","background-attachment":"scroll","background-type":"","background-media":"","overlay-type":"","overlay-color":"","overlay-opacity":"","overlay-gradient":""},"mobile":{"background-color":"var(--ast-global-color-5)","background-image":"","background-repeat":"repeat","background-position":"center center","background-size":"auto","background-attachment":"scroll","background-type":"","background-media":"","overlay-type":"","overlay-color":"","overlay-opacity":"","overlay-gradient":""}},"footnotes":""},"class_list":["post-3440","page","type-page","status-publish","hentry"],"post_mailing_queue_ids":[],"_links":{"self":[{"href":"https:\/\/agora.xtec.cat\/ceipamat-verdu\/wp-json\/wp\/v2\/pages\/3440","targetHints":{"allow":["GET"]}}],"collection":[{"href":"https:\/\/agora.xtec.cat\/ceipamat-verdu\/wp-json\/wp\/v2\/pages"}],"about":[{"href":"https:\/\/agora.xtec.cat\/ceipamat-verdu\/wp-json\/wp\/v2\/types\/page"}],"author":[{"embeddable":true,"href":"https:\/\/agora.xtec.cat\/ceipamat-verdu\/wp-json\/wp\/v2\/users\/3"}],"replies":[{"embeddable":true,"href":"https:\/\/agora.xtec.cat\/ceipamat-verdu\/wp-json\/wp\/v2\/comments?post=3440"}],"version-history":[{"count":6,"href":"https:\/\/agora.xtec.cat\/ceipamat-verdu\/wp-json\/wp\/v2\/pages\/3440\/revisions"}],"predecessor-version":[{"id":3569,"href":"https:\/\/agora.xtec.cat\/ceipamat-verdu\/wp-json\/wp\/v2\/pages\/3440\/revisions\/3569"}],"up":[{"embeddable":true,"href":"https:\/\/agora.xtec.cat\/ceipamat-verdu\/wp-json\/wp\/v2\/pages\/28"}],"wp:attachment":[{"href":"https:\/\/agora.xtec.cat\/ceipamat-verdu\/wp-json\/wp\/v2\/media?parent=3440"}],"curies":[{"name":"wp","href":"https:\/\/api.w.org\/{rel}","templated":true}]}}