{"id":34,"date":"2014-09-18T12:32:18","date_gmt":"2014-09-18T11:32:18","guid":{"rendered":"http:\/\/agora.xtec.cat\/ceipamat-verdu\/?page_id=34"},"modified":"2026-02-27T10:29:40","modified_gmt":"2026-02-27T09:29:40","slug":"oferta-educativa","status":"publish","type":"page","link":"https:\/\/agora.xtec.cat\/ceipamat-verdu\/lescola\/oferta-educativa\/","title":{"rendered":"Equip hum\u00e0"},"content":{"rendered":"\n<h3 class=\"wp-block-heading\"><span style=\"color: #ff9900;\">Equip de mestres 2025-26<\/span><\/h3>\n\n\n\n<p><strong>L\u2019equip de mestres<\/strong>&nbsp;est\u00e0 format pels mestres generalistes i pels especialistes. \u00c9s l\u2019\u00f2rgan de debat i de presa de decisions sobre els temes pedag\u00f2gics. Els\/les mestres es reuneixen peri\u00f2dicament, per aprofundir en les q\u00fcestions que afecten a la metodologia de les diferents mat\u00e8ries, l\u2019an\u00e0lisi de la din\u00e0mica de grups, el rendiment escolar i, en general, per fer una revisi\u00f3 avaluadora del treball realitzat.<\/p>\n\n\n\n<figure class=\"wp-block-table is-style-regular\">\n<table class=\"has-fixed-layout\" style=\"width: 100%; height: 92px;\">\n<tbody>\n<tr style=\"background-color: #f5a00f; height: 23px;\">\n<td style=\"height: 23px;\" colspan=\"2\"><b>EQUIP DIRECTIU<\/b><\/td>\n<\/tr>\n<tr style=\"height: 23px;\">\n<td style=\"height: 23px;\"><strong>Director<\/strong><\/td>\n<td style=\"height: 23px;\">Juanjo Luj\u00e1n<\/td>\n<\/tr>\n<tr style=\"height: 23px;\">\n<td style=\"height: 23px;\"><strong>Cap d&#8217;estudis<\/strong><\/td>\n<td style=\"height: 23px;\">Encarna Garc\u00eda<\/td>\n<\/tr>\n<tr style=\"height: 23px;\">\n<td style=\"height: 23px;\"><strong>Secret\u00e0ria<\/strong><\/td>\n<td style=\"height: 23px;\">Judith L\u00f3pez<\/td>\n<\/tr>\n<\/tbody>\n<\/table>\n<\/figure>\n\n\n\n<p><strong>TUTORS\/ES<\/strong><\/p>\n\n\n\n<figure class=\"wp-block-table\">\n<table class=\"has-fixed-layout\" style=\"width: 100%; height: 138px;\">\n<tbody>\n<tr style=\"background-color: #f5a00f; height: 23px;\">\n<td style=\"height: 23px;\" colspan=\"2\"><strong>COMUNITAT PETITS<\/strong><\/td>\n<\/tr>\n<tr style=\"height: 23px;\">\n<td style=\"height: 23px;\"><strong>I3<\/strong><\/td>\n<td style=\"height: 23px;\">Marina Castellano<\/td>\n<\/tr>\n<tr style=\"height: 23px;\">\n<td style=\"height: 23px;\"><strong>TEEI<\/strong><\/td>\n<td style=\"height: 23px;\">Ana Llanos<\/td>\n<\/tr>\n<tr style=\"height: 23px;\">\n<td style=\"height: 23px;\"><strong>I4<\/strong><\/td>\n<td style=\"height: 23px;\">Anna Maria Santana<\/td>\n<\/tr>\n<tr style=\"height: 23px;\">\n<td style=\"height: 23px;\"><strong>I5-A<\/strong><\/td>\n<td style=\"height: 23px;\">Mar\u00eda Ossorio<\/td>\n<\/tr>\n<tr style=\"height: 23px;\">\n<td style=\"height: 23px;\"><strong>I5-B<\/strong><\/td>\n<td style=\"height: 23px;\">Carlos del Valle<\/td>\n<\/tr>\n<\/tbody>\n<\/table>\n<\/figure>\n\n\n\n<figure class=\"wp-block-table\">\n<table class=\"has-fixed-layout\" style=\"width: 100%; height: 92px;\">\n<tbody>\n<tr style=\"background-color: #f5a00f; height: 23px;\">\n<td style=\"height: 23px;\" colspan=\"2\"><strong>COMUNITAT MITJANS<\/strong><\/td>\n<\/tr>\n<tr style=\"height: 23px;\">\n<td style=\"height: 23px;\"><strong>1r<\/strong><\/td>\n<td style=\"height: 23px;\">Mar\u00eda Jos\u00e9 Camacho<\/td>\n<\/tr>\n<tr style=\"height: 23px;\">\n<td style=\"height: 23px;\"><strong>2n<\/strong><\/td>\n<td style=\"height: 23px;\">Ana G\u00e1lvez<\/td>\n<\/tr>\n<tr style=\"height: 23px;\">\n<td style=\"height: 23px;\"><strong>3r<\/strong><\/td>\n<td style=\"height: 23px;\">Raquel Sande<\/td>\n<\/tr>\n<\/tbody>\n<\/table>\n<\/figure>\n\n\n\n<figure class=\"wp-block-table\">\n<table class=\"has-fixed-layout\" style=\"width: 100%; height: 115px;\">\n<tbody>\n<tr style=\"background-color: #f5a00f;\">\n<td style=\"height: 23px;\" colspan=\"2\"><strong>COMUNITAT GRANS<\/strong><\/td>\n<\/tr>\n<tr style=\"height: 23px;\">\n<td style=\"height: 23px;\"><strong>4t<\/strong><\/td>\n<td style=\"height: 23px;\">Ros\u00f3 Gelabert<\/td>\n<\/tr>\n<tr style=\"height: 23px;\">\n<td style=\"height: 23px;\"><strong>5\u00e8<\/strong><\/td>\n<td style=\"height: 23px;\">Sandra Hernando<\/td>\n<\/tr>\n<tr style=\"height: 23px;\">\n<td style=\"height: 23px;\"><strong>6A<\/strong><\/td>\n<td style=\"height: 23px;\">Cristina Lob\u00f3n<\/td>\n<\/tr>\n<tr style=\"height: 23px;\">\n<td style=\"height: 23px;\"><strong>6B<\/strong><\/td>\n<td style=\"height: 23px;\">Jordi Mateu<\/td>\n<\/tr>\n<\/tbody>\n<\/table>\n<\/figure>\n\n\n\n<figure class=\"wp-block-table\">\n<div>\u00a0<\/div>\n<table class=\"has-fixed-layout\" style=\"width: 100%; height: 345px;\">\n<tbody>\n<tr style=\"background-color: #f5a00f; height: 23px;\">\n<td style=\"height: 23px; width: 100%;\" colspan=\"2\"><strong>ESPECIALISTES<\/strong><\/td>\n<\/tr>\n<tr style=\"height: 23px;\">\n<td style=\"height: 23px; width: 20.888889%;\"><strong>Ed. Musical<\/strong><\/td>\n<td style=\"height: 23px; width: 79.111111%;\">N\u00faria Botia<\/td>\n<\/tr>\n<tr style=\"height: 23px;\">\n<td style=\"height: 23px; width: 20.888889%;\"><strong>Ed. F\u00edsica 1r-5\u00e8<\/strong><\/td>\n<td style=\"height: 23px; width: 79.111111%;\">Eric Ru\u00edz<\/td>\n<\/tr>\n<tr style=\"height: 23px;\">\n<td style=\"height: 23px; width: 20.888889%;\"><strong>Ed. F\u00edsica 6\u00e8<\/strong><\/td>\n<td style=\"height: 23px; width: 79.111111%;\">Juanjo Luj\u00e1n<\/td>\n<\/tr>\n<tr style=\"height: 23px;\">\n<td style=\"height: 23px; width: 20.888889%;\"><strong>Psicomotricitat Petits<\/strong><\/td>\n<td style=\"height: 23px; width: 79.111111%;\">Pepi Chaves<\/td>\n<\/tr>\n<tr style=\"height: 23px;\">\n<td style=\"height: 23px; width: 20.888889%;\"><strong>Angl\u00e8s Primaria<\/strong><\/td>\n<td style=\"height: 23px; width: 79.111111%;\">Sergio L\u00f3pez<\/td>\n<\/tr>\n<tr style=\"height: 23px;\">\n<td style=\"height: 23px; width: 20.888889%;\"><strong>Angl\u00e8s Infantil<\/strong><\/td>\n<td style=\"height: 23px; width: 79.111111%;\">Pepi Chaves<\/td>\n<\/tr>\n<tr style=\"height: 23px;\">\n<td style=\"height: 23px; width: 20.888889%;\"><b>Castell\u00e0 3r-6\u00e8<\/b><\/td>\n<td style=\"height: 23px; width: 79.111111%;\">Amada Garcia<\/td>\n<\/tr>\n<tr style=\"height: 23px;\">\n<td style=\"height: 23px; width: 20.888889%;\"><b>Castell\u00e0 1r-2n<\/b><\/td>\n<td style=\"height: 23px; width: 79.111111%;\">Judith L\u00f3pez<\/td>\n<\/tr>\n<tr style=\"height: 23px;\">\n<td style=\"height: 23px; width: 20.888889%;\"><b>Rob\u00f2tica\u00a0<\/b><\/td>\n<td style=\"height: 23px; width: 79.111111%;\">Juanjo Luj\u00e1n<\/td>\n<\/tr>\n<tr style=\"height: 23px;\">\n<td style=\"height: 23px; width: 20.888889%;\"><b>Rob\u00f2tica\u00a0<\/b><\/td>\n<td style=\"height: 23px; width: 79.111111%;\">Judith L\u00f3pez<\/td>\n<\/tr>\n<tr style=\"height: 23px;\">\n<td style=\"height: 23px; width: 20.888889%;\"><b>Ed. Especial Primaria<\/b><\/td>\n<td style=\"height: 23px; width: 79.111111%;\">Encarna Garcia-Judith S\u00e1nchez<\/td>\n<\/tr>\n<tr style=\"height: 23px;\">\n<td style=\"height: 23px; width: 20.888889%;\"><b>Ed. Especial Infantil<\/b><\/td>\n<td style=\"height: 23px; width: 79.111111%;\">Paula Galceran<\/td>\n<\/tr>\n<tr style=\"height: 23px;\">\n<td style=\"height: 23px; width: 20.888889%;\"><b>Mestra SIEI<\/b><\/td>\n<td style=\"height: 23px; width: 79.111111%;\">Alba Moya<\/td>\n<\/tr>\n<tr style=\"height: 23px;\">\n<td style=\"height: 23px; width: 20.888889%;\"><b>Educadora SIEI<\/b><\/td>\n<td style=\"height: 23px; width: 79.111111%;\">Vanessa Cabrejas<\/td>\n<\/tr>\n<\/tbody>\n<\/table>\n<\/figure>\n\n\n\n<figure class=\"wp-block-table\">\n<table class=\"has-fixed-layout\" style=\"width: 100%; height: 115px;\">\n<tbody>\n<tr style=\"background-color: #f5a00f;\">\n<td style=\"height: 23px;\" colspan=\"2\"><strong>SERVEIS EXTERNS<\/strong><\/td>\n<\/tr>\n<tr style=\"height: 23px;\">\n<td style=\"height: 23px;\"><strong>Psicopedagoga<\/strong><\/td>\n<td style=\"height: 23px;\">Merc\u00e8 Feliu<\/td>\n<\/tr>\n<tr style=\"height: 23px;\">\n<td style=\"height: 23px;\"><strong>Logopeda CREDA<\/strong><\/td>\n<td style=\"height: 23px;\">Cristina Rodr\u00edguez<\/td>\n<\/tr>\n<tr style=\"height: 23px;\">\n<td style=\"height: 23px;\"><strong>Treballadora LIC<\/strong><\/td>\n<td style=\"height: 23px;\">Mireia Mata<\/td>\n<\/tr>\n<tr style=\"height: 23px;\">\n<td style=\"height: 23px;\"><strong>Treballadora social EAP<\/strong><\/td>\n<td style=\"height: 23px;\">Lorena Moruno<\/td>\n<\/tr>\n<\/tbody>\n<\/table>\n<\/figure>\n\n\n\n<h3 class=\"wp-block-heading has-ast-global-color-0-color has-text-color has-link-color wp-elements-7f0b7aadf5fbbc0cb2358e9038233722\"><span style=\"color: #ff9900;\">Equip no-docent 2025-<\/span>26<\/h3>\n\n\n\n<p><strong>L&#8217;equip no- docen<\/strong>t de l&#8217;Amat Verd\u00fa est\u00e0 format per l&#8217;equip de monitors\/es, el personal administratiu, els conserjes, el personal extern i el personal de neteja.<\/p>\n\n\n\n<figure class=\"wp-block-table\">\n<table class=\"has-fixed-layout\" style=\"width: 100%; height: 286px;\">\n<tbody>\n<tr style=\"height: 23px; background-color: #f5a00f;\">\n<td style=\"height: 23px;\" colspan=\"2\"><strong>EQUIP MENJADOR<\/strong><\/td>\n<\/tr>\n<tr style=\"height: 23px;\">\n<td style=\"height: 23px;\"><strong>Coordinadora<\/strong><\/td>\n<td style=\"height: 23px;\">Patricia L\u00f3pez<\/td>\n<\/tr>\n<tr style=\"height: 23px;\">\n<td style=\"height: 23px;\"><strong>I3<\/strong><\/td>\n<td style=\"height: 23px;\">Carla-Gemma<\/td>\n<\/tr>\n<tr style=\"height: 23px;\">\n<td style=\"height: 23px;\"><strong>I4<\/strong><\/td>\n<td style=\"height: 23px;\">Carmen<\/td>\n<\/tr>\n<tr style=\"height: 23px;\">\n<td style=\"height: 23px;\"><strong>I5<\/strong><\/td>\n<td style=\"height: 23px;\">Maria Jes\u00fas<\/td>\n<\/tr>\n<tr style=\"height: 10px;\">\n<td style=\"height: 10px;\"><strong>1r<\/strong><\/td>\n<td style=\"height: 10px;\">Jesica<\/td>\n<\/tr>\n<tr style=\"height: 23px;\">\n<td style=\"height: 23px;\"><strong>2n<\/strong><\/td>\n<td style=\"height: 23px;\">Cristina<\/td>\n<\/tr>\n<tr style=\"height: 23px;\">\n<td style=\"height: 23px;\"><strong>3r<\/strong><\/td>\n<td style=\"height: 23px;\">Maite<\/td>\n<\/tr>\n<tr style=\"height: 23px;\">\n<td style=\"height: 23px;\"><strong>4t<\/strong><\/td>\n<td style=\"height: 23px;\">Natalia<\/td>\n<\/tr>\n<tr style=\"height: 23px;\">\n<td style=\"height: 23px;\"><strong>5\u00e8<\/strong><\/td>\n<td style=\"height: 23px;\">Emma<\/td>\n<\/tr>\n<tr style=\"height: 23px;\">\n<td style=\"height: 23px;\"><strong>6\u00e8<\/strong><\/td>\n<td style=\"height: 23px;\">Nataly-Patri<\/td>\n<\/tr>\n<tr style=\"height: 23px;\">\n<td style=\"height: 23px;\"><strong>Vetlladora<\/strong><\/td>\n<td style=\"height: 23px;\">Gemma<\/td>\n<\/tr>\n<tr style=\"height: 23px;\">\n<td style=\"height: 23px;\"><strong>Office<\/strong><\/td>\n<td style=\"height: 23px;\">Aurora<\/td>\n<\/tr>\n<\/tbody>\n<\/table>\n<\/figure>\n\n\n<figure class=\"wp-block-table\">\n<table class=\"has-fixed-layout\" style=\"width: 100%; height: 184px;\">\n<tbody>\n<tr style=\"background-color: #f5a00f; height: 23px;\">\n<td style=\"width: 100%; height: 23px;\" colspan=\"2\"><strong>ALTRES PERSONES DEL CENTRE<\/strong><\/td>\n<\/tr>\n<tr style=\"height: 23px;\">\n<td style=\"width: 17.666667%; height: 23px;\"><strong>Administrativa<\/strong><\/td>\n<td style=\"width: 82.333333%; height: 23px;\">Marcela Jimena<\/td>\n<\/tr>\n<tr style=\"height: 23px;\">\n<td style=\"width: 17.666667%; height: 23px;\"><strong>Conserje<\/strong><\/td>\n<td style=\"width: 82.333333%; height: 23px;\">Ra\u00fal Caba\u00f1ero<\/td>\n<\/tr>\n<tr style=\"height: 23px;\">\n<td style=\"width: 17.666667%; height: 23px;\"><strong>Conserje<\/strong><\/td>\n<td style=\"width: 82.333333%; height: 23px;\">Merche Ib\u00e1\u00f1ez<\/td>\n<\/tr>\n<tr style=\"height: 23px;\">\n<td style=\"width: 17.666667%; height: 23px;\"><strong>Neteja<\/strong><\/td>\n<td style=\"width: 82.333333%; height: 23px;\">Isabel<\/td>\n<\/tr>\n<tr style=\"height: 23px;\">\n<td style=\"width: 17.666667%; height: 23px;\"><strong>Neteja<\/strong><\/td>\n<td style=\"width: 82.333333%; height: 23px;\">Mari Carmen<\/td>\n<\/tr>\n<tr style=\"height: 23px;\">\n<td style=\"width: 17.666667%; height: 23px;\"><strong>Neteja\u00a0<\/strong><\/td>\n<td style=\"width: 82.333333%; height: 23px;\">Isabel<\/td>\n<\/tr>\n<tr style=\"height: 23px;\">\n<td style=\"width: 17.666667%; height: 23px;\"><strong>Neteja<\/strong><\/td>\n<td style=\"width: 82.333333%; height: 23px;\">Enri<\/td>\n<\/tr>\n<\/tbody>\n<\/table>\n<\/figure>\n\n\n<p><\/p>\n","protected":false},"excerpt":{"rendered":"<p>Equip de mestres 2025-26 L\u2019equip de mestres&nbsp;est\u00e0 format pels mestres generalistes i pels especialistes. \u00c9s l\u2019\u00f2rgan de debat i de presa de decisions sobre els temes pedag\u00f2gics. Els\/les mestres es reuneixen peri\u00f2dicament, per aprofundir en les q\u00fcestions que afecten a la metodologia de les diferents mat\u00e8ries, l\u2019an\u00e0lisi de la din\u00e0mica de grups, el rendiment escolar [&hellip;]<\/p>\n","protected":false},"author":1,"featured_media":0,"parent":22,"menu_order":40,"comment_status":"closed","ping_status":"closed","template":"","meta":{"_bbp_topic_count":0,"_bbp_reply_count":0,"_bbp_total_topic_count":0,"_bbp_total_reply_count":0,"_bbp_voice_count":0,"_bbp_anonymous_reply_count":0,"_bbp_topic_count_hidden":0,"_bbp_reply_count_hidden":0,"_bbp_forum_subforum_count":0,"site-sidebar-layout":"left-sidebar","site-content-layout":"","ast-site-content-layout":"default","site-content-style":"default","site-sidebar-style":"default","ast-global-header-display":"","ast-banner-title-visibility":"","ast-main-header-display":"","ast-hfb-above-header-display":"","ast-hfb-below-header-display":"","ast-hfb-mobile-header-display":"","site-post-title":"","ast-breadcrumbs-content":"","ast-featured-img":"","footer-sml-layout":"","theme-transparent-header-meta":"","adv-header-id-meta":"","stick-header-meta":"","header-above-stick-meta":"","header-main-stick-meta":"","header-below-stick-meta":"","astra-migrate-meta-layouts":"set","ast-page-background-enabled":"default","ast-page-background-meta":{"desktop":{"background-color":"var(--ast-global-color-4)","background-image":"","background-repeat":"repeat","background-position":"center center","background-size":"auto","background-attachment":"scroll","background-type":"","background-media":"","overlay-type":"","overlay-color":"","overlay-opacity":"","overlay-gradient":""},"tablet":{"background-color":"","background-image":"","background-repeat":"repeat","background-position":"center center","background-size":"auto","background-attachment":"scroll","background-type":"","background-media":"","overlay-type":"","overlay-color":"","overlay-opacity":"","overlay-gradient":""},"mobile":{"background-color":"","background-image":"","background-repeat":"repeat","background-position":"center center","background-size":"auto","background-attachment":"scroll","background-type":"","background-media":"","overlay-type":"","overlay-color":"","overlay-opacity":"","overlay-gradient":""}},"ast-content-background-meta":{"desktop":{"background-color":"var(--ast-global-color-5)","background-image":"","background-repeat":"repeat","background-position":"center center","background-size":"auto","background-attachment":"scroll","background-type":"","background-media":"","overlay-type":"","overlay-color":"","overlay-opacity":"","overlay-gradient":""},"tablet":{"background-color":"var(--ast-global-color-5)","background-image":"","background-repeat":"repeat","background-position":"center center","background-size":"auto","background-attachment":"scroll","background-type":"","background-media":"","overlay-type":"","overlay-color":"","overlay-opacity":"","overlay-gradient":""},"mobile":{"background-color":"var(--ast-global-color-5)","background-image":"","background-repeat":"repeat","background-position":"center center","background-size":"auto","background-attachment":"scroll","background-type":"","background-media":"","overlay-type":"","overlay-color":"","overlay-opacity":"","overlay-gradient":""}},"footnotes":""},"class_list":["post-34","page","type-page","status-publish","hentry"],"post_mailing_queue_ids":[],"_links":{"self":[{"href":"https:\/\/agora.xtec.cat\/ceipamat-verdu\/wp-json\/wp\/v2\/pages\/34","targetHints":{"allow":["GET"]}}],"collection":[{"href":"https:\/\/agora.xtec.cat\/ceipamat-verdu\/wp-json\/wp\/v2\/pages"}],"about":[{"href":"https:\/\/agora.xtec.cat\/ceipamat-verdu\/wp-json\/wp\/v2\/types\/page"}],"author":[{"embeddable":true,"href":"https:\/\/agora.xtec.cat\/ceipamat-verdu\/wp-json\/wp\/v2\/users\/1"}],"replies":[{"embeddable":true,"href":"https:\/\/agora.xtec.cat\/ceipamat-verdu\/wp-json\/wp\/v2\/comments?post=34"}],"version-history":[{"count":6,"href":"https:\/\/agora.xtec.cat\/ceipamat-verdu\/wp-json\/wp\/v2\/pages\/34\/revisions"}],"predecessor-version":[{"id":3894,"href":"https:\/\/agora.xtec.cat\/ceipamat-verdu\/wp-json\/wp\/v2\/pages\/34\/revisions\/3894"}],"up":[{"embeddable":true,"href":"https:\/\/agora.xtec.cat\/ceipamat-verdu\/wp-json\/wp\/v2\/pages\/22"}],"wp:attachment":[{"href":"https:\/\/agora.xtec.cat\/ceipamat-verdu\/wp-json\/wp\/v2\/media?parent=34"}],"curies":[{"name":"wp","href":"https:\/\/api.w.org\/{rel}","templated":true}]}}