{"id":3028,"date":"2025-07-11T16:57:50","date_gmt":"2025-07-11T14:57:50","guid":{"rendered":"https:\/\/agora.xtec.cat\/ceipamat-verdu\/?page_id=3028"},"modified":"2025-07-11T17:13:48","modified_gmt":"2025-07-11T15:13:48","slug":"ambient-dexperimentacio","status":"publish","type":"page","link":"https:\/\/agora.xtec.cat\/ceipamat-verdu\/ambient-dexperimentacio\/","title":{"rendered":"Ambient d&#8217;experimentaci\u00f3"},"content":{"rendered":"<p>En <strong>l&#8217;ambient d&#8217;experimentaci\u00f3<\/strong> trobem un espai ampli, din\u00e0mic i acollidor, ple de colors vibrants que estimulen la interacci\u00f3 amb els infants. A l\u2019aula trobem diferents propostes amb materials naturals com plantes, insectes en flascons, taules amb diferents textures (sorra, bicarbonat, teles \u2026), i eines com lupes per observar amb detall el que analitzem.<\/p>\n<p><a style=\"color: #2795b6;\" href=\"https:\/\/agora.xtec.cat\/ceipamat-verdu\/wp-content\/uploads\/usu2365\/2025\/02\/experimentacio-2.jpg\"><img loading=\"lazy\" decoding=\"async\" class=\"size-medium wp-image-2553 alignleft\" src=\"https:\/\/agora.xtec.cat\/ceipamat-verdu\/wp-content\/uploads\/usu2365\/2025\/02\/experimentacio-2-230x300.jpg\" alt=\"\" width=\"230\" height=\"300\" srcset=\"https:\/\/agora.xtec.cat\/ceipamat-verdu\/wp-content\/uploads\/usu2365\/2025\/02\/experimentacio-2-230x300.jpg 230w, https:\/\/agora.xtec.cat\/ceipamat-verdu\/wp-content\/uploads\/usu2365\/2025\/02\/experimentacio-2-783x1024.jpg 783w, https:\/\/agora.xtec.cat\/ceipamat-verdu\/wp-content\/uploads\/usu2365\/2025\/02\/experimentacio-2-768x1004.jpg 768w, https:\/\/agora.xtec.cat\/ceipamat-verdu\/wp-content\/uploads\/usu2365\/2025\/02\/experimentacio-2.jpg 1068w\" sizes=\"auto, (max-width: 230px) 100vw, 230px\" \/><\/a><span style=\"font-weight: 400;\">Aquest espai fomenta l\u2019aprenentatge i la creativitat a trav\u00e9s de l\u2019exploraci\u00f3 i el joc lliure.<\/span><\/p>\n<p>Objectius:<br \/>\n1. Fomentar l&#8217;observaci\u00f3 i l&#8217;atenci\u00f3.<br \/>\n2. Estimular la curiositat.<br \/>\n3. Desenvolupar la imaginaci\u00f3 i creativitat.<\/p>\n","protected":false},"excerpt":{"rendered":"<p>En l&#8217;ambient d&#8217;experimentaci\u00f3 trobem un espai ampli, din\u00e0mic i acollidor, ple de colors vibrants que estimulen la interacci\u00f3 amb els infants. A l\u2019aula trobem diferents propostes amb materials naturals com plantes, insectes en flascons, taules amb diferents textures (sorra, bicarbonat, teles \u2026), i eines com lupes per observar amb detall el que analitzem. Aquest espai [&hellip;]<\/p>\n","protected":false},"author":7,"featured_media":0,"parent":0,"menu_order":0,"comment_status":"closed","ping_status":"closed","template":"","meta":{"_bbp_topic_count":0,"_bbp_reply_count":0,"_bbp_total_topic_count":0,"_bbp_total_reply_count":0,"_bbp_voice_count":0,"_bbp_anonymous_reply_count":0,"_bbp_topic_count_hidden":0,"_bbp_reply_count_hidden":0,"_bbp_forum_subforum_count":0,"site-sidebar-layout":"no-sidebar","site-content-layout":"","ast-site-content-layout":"default","site-content-style":"default","site-sidebar-style":"default","ast-global-header-display":"","ast-banner-title-visibility":"","ast-main-header-display":"disabled","ast-hfb-above-header-display":"","ast-hfb-below-header-display":"","ast-hfb-mobile-header-display":"","site-post-title":"","ast-breadcrumbs-content":"","ast-featured-img":"","footer-sml-layout":"","theme-transparent-header-meta":"default","adv-header-id-meta":"","stick-header-meta":"","header-above-stick-meta":"","header-main-stick-meta":"","header-below-stick-meta":"","astra-migrate-meta-layouts":"set","ast-page-background-enabled":"default","ast-page-background-meta":{"desktop":{"background-color":"var(--ast-global-color-4)","background-image":"","background-repeat":"repeat","background-position":"center center","background-size":"auto","background-attachment":"scroll","background-type":"","background-media":"","overlay-type":"","overlay-color":"","overlay-opacity":"","overlay-gradient":""},"tablet":{"background-color":"","background-image":"","background-repeat":"repeat","background-position":"center center","background-size":"auto","background-attachment":"scroll","background-type":"","background-media":"","overlay-type":"","overlay-color":"","overlay-opacity":"","overlay-gradient":""},"mobile":{"background-color":"","background-image":"","background-repeat":"repeat","background-position":"center center","background-size":"auto","background-attachment":"scroll","background-type":"","background-media":"","overlay-type":"","overlay-color":"","overlay-opacity":"","overlay-gradient":""}},"ast-content-background-meta":{"desktop":{"background-color":"var(--ast-global-color-5)","background-image":"","background-repeat":"repeat","background-position":"center center","background-size":"auto","background-attachment":"scroll","background-type":"","background-media":"","overlay-type":"","overlay-color":"","overlay-opacity":"","overlay-gradient":""},"tablet":{"background-color":"var(--ast-global-color-5)","background-image":"","background-repeat":"repeat","background-position":"center center","background-size":"auto","background-attachment":"scroll","background-type":"","background-media":"","overlay-type":"","overlay-color":"","overlay-opacity":"","overlay-gradient":""},"mobile":{"background-color":"var(--ast-global-color-5)","background-image":"","background-repeat":"repeat","background-position":"center center","background-size":"auto","background-attachment":"scroll","background-type":"","background-media":"","overlay-type":"","overlay-color":"","overlay-opacity":"","overlay-gradient":""}},"footnotes":""},"class_list":["post-3028","page","type-page","status-publish","hentry"],"post_mailing_queue_ids":[],"_links":{"self":[{"href":"https:\/\/agora.xtec.cat\/ceipamat-verdu\/wp-json\/wp\/v2\/pages\/3028","targetHints":{"allow":["GET"]}}],"collection":[{"href":"https:\/\/agora.xtec.cat\/ceipamat-verdu\/wp-json\/wp\/v2\/pages"}],"about":[{"href":"https:\/\/agora.xtec.cat\/ceipamat-verdu\/wp-json\/wp\/v2\/types\/page"}],"author":[{"embeddable":true,"href":"https:\/\/agora.xtec.cat\/ceipamat-verdu\/wp-json\/wp\/v2\/users\/7"}],"replies":[{"embeddable":true,"href":"https:\/\/agora.xtec.cat\/ceipamat-verdu\/wp-json\/wp\/v2\/comments?post=3028"}],"version-history":[{"count":2,"href":"https:\/\/agora.xtec.cat\/ceipamat-verdu\/wp-json\/wp\/v2\/pages\/3028\/revisions"}],"predecessor-version":[{"id":3043,"href":"https:\/\/agora.xtec.cat\/ceipamat-verdu\/wp-json\/wp\/v2\/pages\/3028\/revisions\/3043"}],"wp:attachment":[{"href":"https:\/\/agora.xtec.cat\/ceipamat-verdu\/wp-json\/wp\/v2\/media?parent=3028"}],"curies":[{"name":"wp","href":"https:\/\/api.w.org\/{rel}","templated":true}]}}