{"id":3009,"date":"2025-07-11T16:14:56","date_gmt":"2025-07-11T14:14:56","guid":{"rendered":"https:\/\/agora.xtec.cat\/ceipamat-verdu\/?page_id=3009"},"modified":"2026-02-26T20:21:06","modified_gmt":"2026-02-26T19:21:06","slug":"menjador-escolar","status":"publish","type":"page","link":"https:\/\/agora.xtec.cat\/ceipamat-verdu\/afi\/menjador-escolar\/","title":{"rendered":"Menjador escolar"},"content":{"rendered":"<h4>\r\n\t<div class=\"slideshow_container slideshow_container_style-light\" style=\"height: 300px; \" data-slideshow-id=\"3065\" data-style-name=\"style-light\" data-style-version=\"2.3.1\" >\r\n\r\n\t\t\t\t\t<div class=\"slideshow_loading_icon\"><\/div>\r\n\t\t\r\n\t\t<div class=\"slideshow_content\" style=\"display: none;\">\r\n\r\n\t\t\t<div class=\"slideshow_view\">\r\n\t\t\t\t<div class=\"slideshow_slide slideshow_slide_image\">\r\n\t\t\t\t\t\t\t\t\t\t\t<img src=\"https:\/\/agora.xtec.cat\/ceipamat-verdu\/wp-content\/uploads\/usu2365\/2025\/06\/Imagen-de-WhatsApp-2025-06-10-a-las-11.17.39_01ffbc34.jpg\" alt=\"Imagen de WhatsApp 2025-06-10 a las 11.17.39_01ffbc34\" width=\"2048\" height=\"1536\" \/>\r\n\t\t\t\t\t\t\t\t\t\t<div class=\"slideshow_description_box slideshow_transparent\">\r\n\t\t\t\t\t\t<div class=\"slideshow_title\">Imagen de WhatsApp 2025-06-10 a las 11.17.39_01ffbc34<\/div>\t\t\t\t\t\t\t\t\t\t\t<\/div>\r\n\t\t\t\t<\/div>\r\n\r\n\t\t\t\t\t\t<div style=\"clear: both;\"><\/div><\/div>\r\n\t\t<\/div>\r\n\r\n\t\t<div class=\"slideshow_controlPanel slideshow_transparent\" style=\"display: none;\"><ul><li class=\"slideshow_togglePlay\" data-play-text=\"Visualitza\" data-pause-text=\"Pausa\"><\/li><\/ul><\/div>\r\n\r\n\t\t<div class=\"slideshow_button slideshow_previous slideshow_transparent\" role=\"button\" data-previous-text=\"Anterior\" style=\"display: none;\"><\/div>\r\n\t\t<div class=\"slideshow_button slideshow_next slideshow_transparent\" role=\"button\" data-next-text=\"Seg\u00fcent\" style=\"display: none;\"><\/div>\r\n\r\n\t\t<div class=\"slideshow_pagination\" style=\"display: none;\" data-go-to-text=\"V\u00e9s a la diapositiva\"><div class=\"slideshow_pagination_center\"><\/div><\/div>\r\n\r\n\t\t<!-- WordPress Slideshow Version 2.3.1 -->\r\n\r\n\t\t\t<\/div>\r\n\r\n<\/h4>\n<p>El menjadors escolar \u00e9s un servei que ofereix l\u2019AFA de l\u2019escola i est\u00e0 gestionat per l\u2019entitat Fundesplai.<\/p>\n<h5><strong>CONTACTE<\/strong><\/h5>\n<table>\n<tbody>\n<tr>\n<td style=\"background-color: #f7a705;\"><a href=\"https:\/\/agora.xtec.cat\/ceipamat-verdu\/wp-content\/uploads\/usu2365\/2023\/10\/1490129331-rounded07_82197.png\"><img loading=\"lazy\" decoding=\"async\" class=\"wp-image-1076 aligncenter\" src=\"https:\/\/agora.xtec.cat\/ceipamat-verdu\/wp-content\/uploads\/usu2365\/2023\/10\/1490129331-rounded07_82197-300x300.png\" alt=\"\" width=\"25\" height=\"25\" srcset=\"https:\/\/agora.xtec.cat\/ceipamat-verdu\/wp-content\/uploads\/usu2365\/2023\/10\/1490129331-rounded07_82197-300x300.png 300w, https:\/\/agora.xtec.cat\/ceipamat-verdu\/wp-content\/uploads\/usu2365\/2023\/10\/1490129331-rounded07_82197-150x150.png 150w, https:\/\/agora.xtec.cat\/ceipamat-verdu\/wp-content\/uploads\/usu2365\/2023\/10\/1490129331-rounded07_82197.png 512w\" sizes=\"auto, (max-width: 25px) 100vw, 25px\" \/><\/a><\/td>\n<td>\n<h5><strong>coordinacioavsb@fundesplai.org<\/strong><\/h5>\n<\/td>\n<\/tr>\n<tr>\n<td style=\"background-color: #f7a705;\"><a href=\"https:\/\/agora.xtec.cat\/ceipamat-verdu\/wp-content\/uploads\/usu2365\/2023\/10\/725624.png\"><img loading=\"lazy\" decoding=\"async\" class=\"wp-image-1075 aligncenter\" src=\"https:\/\/agora.xtec.cat\/ceipamat-verdu\/wp-content\/uploads\/usu2365\/2023\/10\/725624-300x300.png\" alt=\"\" width=\"25\" height=\"25\" srcset=\"https:\/\/agora.xtec.cat\/ceipamat-verdu\/wp-content\/uploads\/usu2365\/2023\/10\/725624-300x300.png 300w, https:\/\/agora.xtec.cat\/ceipamat-verdu\/wp-content\/uploads\/usu2365\/2023\/10\/725624-150x150.png 150w, https:\/\/agora.xtec.cat\/ceipamat-verdu\/wp-content\/uploads\/usu2365\/2023\/10\/725624.png 512w\" sizes=\"auto, (max-width: 25px) 100vw, 25px\" \/><\/a><\/td>\n<td>\n<h5><strong><span class=\"OYPEnA text-decoration-none text-strikethrough-none\">673175336<\/span><\/strong><\/h5>\n<\/td>\n<\/tr>\n<\/tbody>\n<\/table>\n<h5><strong>EL TEMPS EDUCATIU DEL MIGDIA<\/strong><\/h5>\n<p>Dins de l\u2019horari de menjador diferenciem dos espais que conviuen durant aquest temps: l\u2019espai de dinar i l\u2019espai de lleure.<br \/>\nEl rendiment escolar est\u00e0 directament relacionat amb uns h\u00e0bits alimentaris<br \/>\nsaludables dels infants, \u00e9s per aix\u00f2 que planifiquem uns men\u00fas variats i adaptats a les necessitats dels alumnes, casats en l\u2019alimentaci\u00f3 mediterr\u00e0nia, la sostenibilitat del planeta i amb mat\u00e8ries primeres cuinades de manera saludable.<br \/>\nDurant l\u2019estona del lleure, els infants gaudiran de jocs, tallers, din\u00e0miques de grup, esports\u2026 creixent en valors i promovent actituds positives vers els altres i l\u2019entorn.<\/p>\n<h5><strong>GESTI\u00d3 ADMINISTRATIVA<\/strong><\/h5>\n<p>Les inscripcions al servei es fan online a trav\u00e9s de l\u2019aplicaci\u00f3 m\u00f2bil de Fundesplai. Lesinscripcions com a espor\u00e0dic s\u2019han de realitzar tamb\u00e9 via l\u2019APP i avisar a la coordinadora, el dia que es queda l\u2019infant abans de les 9.30h del dia en q\u00fcesti\u00f3.<\/p>\n<ul>\n<li><strong>Preu alumnes fixes: 7,10\u20ac\/dia<\/strong>. Es considera alumne fixe a partir de 2 dies en setmana, procurant que sempre siguin els mateixos, per tal de vetllar per una correcta organitzaci\u00f3 del servei.<\/li>\n<li><strong>Preu alumnes eventuals: 7,56\u20ac\/dia<\/strong><\/li>\n<\/ul>\n<h5><strong>EQUIP MONITORS\/ES 2025-26<\/strong><\/h5>\n<table style=\"border-collapse: collapse; width: 37.580994%; height: 520px;\">\n<tbody>\n<tr style=\"height: 52px;\">\n<td style=\"width: 2.873563%; text-align: center; height: 52px; background-color: #f7a705;\"><strong>Coordinaci\u00f3<\/strong><\/td>\n<td style=\"width: 34.707431%; height: 52px; text-align: center;\"><strong>Patricia L\u00f3pez<\/strong><\/td>\n<\/tr>\n<tr style=\"height: 52px;\">\n<td style=\"width: 2.873563%; text-align: center; height: 52px; background-color: #f7a705;\"><strong>I3<\/strong><\/td>\n<td style=\"width: 34.707431%; height: 52px; text-align: center;\"><strong>Carla-Gemma<\/strong><\/td>\n<\/tr>\n<tr style=\"height: 52px;\">\n<td style=\"width: 2.873563%; text-align: center; height: 52px; background-color: #f7a705;\"><strong>I4<\/strong><\/td>\n<td style=\"width: 34.707431%; height: 52px; text-align: center;\"><strong>Carmen<\/strong><\/td>\n<\/tr>\n<tr style=\"height: 52px;\">\n<td style=\"width: 2.873563%; text-align: center; height: 52px; background-color: #f7a705;\"><strong>I5<\/strong><\/td>\n<td style=\"width: 34.707431%; height: 52px; text-align: center;\"><strong>Maria Jes\u00fas<\/strong><\/td>\n<\/tr>\n<tr style=\"height: 52px;\">\n<td style=\"width: 2.873563%; text-align: center; height: 52px; background-color: #f7a705;\"><strong>1r<\/strong><\/td>\n<td style=\"width: 34.707431%; height: 52px; text-align: center;\"><strong>Jessica<\/strong><\/td>\n<\/tr>\n<tr style=\"height: 52px;\">\n<td style=\"width: 2.873563%; text-align: center; height: 52px; background-color: #f7a705;\"><strong>2n<\/strong><\/td>\n<td style=\"width: 34.707431%; height: 52px; text-align: center;\"><strong>Cristina<\/strong><\/td>\n<\/tr>\n<tr style=\"height: 52px;\">\n<td style=\"width: 2.873563%; text-align: center; height: 52px; background-color: #f7a705;\"><strong>3r<\/strong><\/td>\n<td style=\"width: 34.707431%; height: 52px; text-align: center;\"><strong>Maite<\/strong><\/td>\n<\/tr>\n<tr style=\"height: 52px;\">\n<td style=\"width: 2.873563%; text-align: center; height: 52px; background-color: #f7a705;\"><strong>4t<\/strong><\/td>\n<td style=\"width: 34.707431%; height: 52px; text-align: center;\"><strong>Natalia<\/strong><\/td>\n<\/tr>\n<tr style=\"height: 52px;\">\n<td style=\"width: 2.873563%; text-align: center; height: 52px; background-color: #f7a705;\"><strong>5\u00e8<\/strong><\/td>\n<td style=\"width: 34.707431%; height: 52px; text-align: center;\"><strong>Emma<\/strong><\/td>\n<\/tr>\n<tr style=\"height: 52px;\">\n<td style=\"width: 2.873563%; text-align: center; height: 52px; background-color: #f7a705;\"><strong>6\u00e8<\/strong><\/td>\n<td style=\"width: 34.707431%; height: 52px; text-align: center;\"><strong>Nataly<\/strong><\/td>\n<\/tr>\n<\/tbody>\n<\/table>\n<h5><strong>EL V\u00cdDEO DEL MENJADOR\u00a0<\/strong><\/h5>\n<p><a href=\"https:\/\/drive.google.com\/file\/d\/1I0sQmaqWIY0XfZa3w9unhrGzZnoSLlw0\/view?usp=sharing\"><img loading=\"lazy\" decoding=\"async\" class=\"alignright size-full wp-image-3109\" src=\"https:\/\/agora.xtec.cat\/ceipamat-verdu\/wp-content\/uploads\/usu2365\/2025\/07\/menja.png\" alt=\"\" width=\"961\" height=\"555\" srcset=\"https:\/\/agora.xtec.cat\/ceipamat-verdu\/wp-content\/uploads\/usu2365\/2025\/07\/menja.png 961w, https:\/\/agora.xtec.cat\/ceipamat-verdu\/wp-content\/uploads\/usu2365\/2025\/07\/menja-300x173.png 300w, https:\/\/agora.xtec.cat\/ceipamat-verdu\/wp-content\/uploads\/usu2365\/2025\/07\/menja-768x444.png 768w\" sizes=\"auto, (max-width: 961px) 100vw, 961px\" \/><\/a><\/p>\n","protected":false},"excerpt":{"rendered":"<p>El menjadors escolar \u00e9s un servei que ofereix l\u2019AFA de l\u2019escola i est\u00e0 gestionat per l\u2019entitat Fundesplai. CONTACTE coordinacioavsb@fundesplai.org 673175336 EL TEMPS EDUCATIU DEL MIGDIA Dins de l\u2019horari de menjador diferenciem dos espais que conviuen durant aquest temps: l\u2019espai de dinar i l\u2019espai de lleure. El rendiment escolar est\u00e0 directament relacionat amb uns h\u00e0bits alimentaris [&hellip;]<\/p>\n","protected":false},"author":7,"featured_media":0,"parent":2258,"menu_order":0,"comment_status":"closed","ping_status":"closed","template":"","meta":{"_bbp_topic_count":0,"_bbp_reply_count":0,"_bbp_total_topic_count":0,"_bbp_total_reply_count":0,"_bbp_voice_count":0,"_bbp_anonymous_reply_count":0,"_bbp_topic_count_hidden":0,"_bbp_reply_count_hidden":0,"_bbp_forum_subforum_count":0,"site-sidebar-layout":"left-sidebar","site-content-layout":"","ast-site-content-layout":"default","site-content-style":"default","site-sidebar-style":"default","ast-global-header-display":"","ast-banner-title-visibility":"","ast-main-header-display":"","ast-hfb-above-header-display":"","ast-hfb-below-header-display":"","ast-hfb-mobile-header-display":"","site-post-title":"","ast-breadcrumbs-content":"","ast-featured-img":"","footer-sml-layout":"","theme-transparent-header-meta":"default","adv-header-id-meta":"","stick-header-meta":"","header-above-stick-meta":"","header-main-stick-meta":"","header-below-stick-meta":"","astra-migrate-meta-layouts":"set","ast-page-background-enabled":"default","ast-page-background-meta":{"desktop":{"background-color":"var(--ast-global-color-4)","background-image":"","background-repeat":"repeat","background-position":"center center","background-size":"auto","background-attachment":"scroll","background-type":"","background-media":"","overlay-type":"","overlay-color":"","overlay-opacity":"","overlay-gradient":""},"tablet":{"background-color":"","background-image":"","background-repeat":"repeat","background-position":"center center","background-size":"auto","background-attachment":"scroll","background-type":"","background-media":"","overlay-type":"","overlay-color":"","overlay-opacity":"","overlay-gradient":""},"mobile":{"background-color":"","background-image":"","background-repeat":"repeat","background-position":"center center","background-size":"auto","background-attachment":"scroll","background-type":"","background-media":"","overlay-type":"","overlay-color":"","overlay-opacity":"","overlay-gradient":""}},"ast-content-background-meta":{"desktop":{"background-color":"var(--ast-global-color-5)","background-image":"","background-repeat":"repeat","background-position":"center center","background-size":"auto","background-attachment":"scroll","background-type":"","background-media":"","overlay-type":"","overlay-color":"","overlay-opacity":"","overlay-gradient":""},"tablet":{"background-color":"var(--ast-global-color-5)","background-image":"","background-repeat":"repeat","background-position":"center center","background-size":"auto","background-attachment":"scroll","background-type":"","background-media":"","overlay-type":"","overlay-color":"","overlay-opacity":"","overlay-gradient":""},"mobile":{"background-color":"var(--ast-global-color-5)","background-image":"","background-repeat":"repeat","background-position":"center center","background-size":"auto","background-attachment":"scroll","background-type":"","background-media":"","overlay-type":"","overlay-color":"","overlay-opacity":"","overlay-gradient":""}},"footnotes":""},"class_list":["post-3009","page","type-page","status-publish","hentry"],"post_mailing_queue_ids":[],"_links":{"self":[{"href":"https:\/\/agora.xtec.cat\/ceipamat-verdu\/wp-json\/wp\/v2\/pages\/3009","targetHints":{"allow":["GET"]}}],"collection":[{"href":"https:\/\/agora.xtec.cat\/ceipamat-verdu\/wp-json\/wp\/v2\/pages"}],"about":[{"href":"https:\/\/agora.xtec.cat\/ceipamat-verdu\/wp-json\/wp\/v2\/types\/page"}],"author":[{"embeddable":true,"href":"https:\/\/agora.xtec.cat\/ceipamat-verdu\/wp-json\/wp\/v2\/users\/7"}],"replies":[{"embeddable":true,"href":"https:\/\/agora.xtec.cat\/ceipamat-verdu\/wp-json\/wp\/v2\/comments?post=3009"}],"version-history":[{"count":6,"href":"https:\/\/agora.xtec.cat\/ceipamat-verdu\/wp-json\/wp\/v2\/pages\/3009\/revisions"}],"predecessor-version":[{"id":3876,"href":"https:\/\/agora.xtec.cat\/ceipamat-verdu\/wp-json\/wp\/v2\/pages\/3009\/revisions\/3876"}],"up":[{"embeddable":true,"href":"https:\/\/agora.xtec.cat\/ceipamat-verdu\/wp-json\/wp\/v2\/pages\/2258"}],"wp:attachment":[{"href":"https:\/\/agora.xtec.cat\/ceipamat-verdu\/wp-json\/wp\/v2\/media?parent=3009"}],"curies":[{"name":"wp","href":"https:\/\/api.w.org\/{rel}","templated":true}]}}