{"id":2984,"date":"2025-07-11T15:48:19","date_gmt":"2025-07-11T13:48:19","guid":{"rendered":"https:\/\/agora.xtec.cat\/ceipamat-verdu\/?page_id=2984"},"modified":"2025-07-17T13:57:38","modified_gmt":"2025-07-17T11:57:38","slug":"projecte-musical-a-lescola","status":"publish","type":"page","link":"https:\/\/agora.xtec.cat\/ceipamat-verdu\/projecte-educatiu\/projecte-musical-a-lescola\/","title":{"rendered":"Projecte musical a l&#8217;escola"},"content":{"rendered":"\r\n\t<div class=\"slideshow_container slideshow_container_style-light\" style=\"height: 300px; \" data-slideshow-id=\"3055\" data-style-name=\"style-light\" data-style-version=\"2.3.1\" >\r\n\r\n\t\t\t\t\t<div class=\"slideshow_loading_icon\"><\/div>\r\n\t\t\r\n\t\t<div class=\"slideshow_content\" style=\"display: none;\">\r\n\r\n\t\t\t<div class=\"slideshow_view\">\r\n\t\t\t\t<div class=\"slideshow_slide slideshow_slide_image\">\r\n\t\t\t\t\t\t\t\t\t\t\t<img src=\"https:\/\/agora.xtec.cat\/ceipamat-verdu\/wp-content\/uploads\/usu2365\/2023\/10\/IMG_6692.jpg\" alt=\"IMG_6692\" width=\"1227\" height=\"920\" \/>\r\n\t\t\t\t\t\t\t\t\t\t<div class=\"slideshow_description_box slideshow_transparent\">\r\n\t\t\t\t\t\t<div class=\"slideshow_title\">IMG_6692<\/div>\t\t\t\t\t\t\t\t\t\t\t<\/div>\r\n\t\t\t\t<\/div>\r\n\r\n\t\t\t\t\t\t<div style=\"clear: both;\"><\/div><\/div>\r\n\t\t<\/div>\r\n\r\n\t\t<div class=\"slideshow_controlPanel slideshow_transparent\" style=\"display: none;\"><ul><li class=\"slideshow_togglePlay\" data-play-text=\"Visualitza\" data-pause-text=\"Pausa\"><\/li><\/ul><\/div>\r\n\r\n\t\t<div class=\"slideshow_button slideshow_previous slideshow_transparent\" role=\"button\" data-previous-text=\"Anterior\" style=\"display: none;\"><\/div>\r\n\t\t<div class=\"slideshow_button slideshow_next slideshow_transparent\" role=\"button\" data-next-text=\"Seg\u00fcent\" style=\"display: none;\"><\/div>\r\n\r\n\t\t<div class=\"slideshow_pagination\" style=\"display: none;\" data-go-to-text=\"V\u00e9s a la diapositiva\"><div class=\"slideshow_pagination_center\"><\/div><\/div>\r\n\r\n\t\t<!-- WordPress Slideshow Version 2.3.1 -->\r\n\r\n\t\t\t<\/div>\r\n\r\n\n<p>A l&#8217;escola participem en diversos projectes de m\u00fasica:<\/p>\n<h6><strong>PROJECTE AMB L\u2019ESCOLA MUNICIPAL DE M\u00daSICA BLAI I NET<\/strong><\/h6>\n<p>Un cop a la setmana ve una professora de l\u2019escola de m\u00fasica de Sant Boi i amb mig grup fa activitats mitjan\u00e7ant la metodologia Dalcroze que b\u00e0sicament tracta d\u2019aprendre m\u00fasica mitjan\u00e7ant la participaci\u00f3 corporal en el ritme musical. L\u2019activitat est\u00e0 adre\u00e7ada als nens i nens de I4 i t\u00e9 continu\u00eftat amb la tutora a I5.<\/p>\n<h6><strong>CELEBRACI\u00d3 DE SANTA CEC\u00cdLIA<\/strong><\/h6>\n<p>Pel dia de Santa Cec\u00edlia a l\u2019escola es duu a terme un concert que representa un espai lliure destinat a que els alumnes i les alumnes mostrin les seves habilitats art\u00edstiques: tocant un instrument, coreografies, cantant, etc. El concert s\u2019obre amb l\u2019actuaci\u00f3 de la mestra de m\u00fasica i les fam\u00edlies.<\/p>\n<h6><strong>CANTADA DE NADALES A L\u2019AJUNTAMENT<\/strong><\/h6>\n<p>Dies abans de les festes de Nadal es celebra una cantada de nadales a la pla\u00e7a de l\u2019ajuntament on participen gran part de les escoles de Sant Boi. Hi participen els nois i noies de 6\u00e8.<\/p>\n<h6><strong>BATUCADA<\/strong><\/h6>\n<p>Creaci\u00f3 d\u2019una batucada per a amenitzar la rua de carnaval per part dels nois i noies de 6\u00e8. L\u2019escola disposa d\u2019instruments com zurdos, caixes i altres instruments de percussi\u00f3 per tal de dur-lo a terme.<\/p>\n<h6><strong>CANT\u00c0NIA<\/strong><\/h6>\n<p>Participaci\u00f3 de la cantata Cant\u00e0nia organitzada per l\u2019Auditori de Barcelona. Es tracta d\u2019una activitat participativa dirigida a escolars de cicle mitj\u00e0 i superior de prim\u00e0ria. Cada temporada s\u2019encarrega una obra nova, per a un gran cor de nens i nenes, a compositors i escriptors catalans de reconegut prestigi. Durant tot el curs escolar es treballa tant des de L\u2019Auditori com des de l\u2019escola. L\u2019objectiu \u00e9s organitzar un acte per als alumnes que, per les caracter\u00edstiques globals pensades exclusivament per a ells, per la qualitat i per la implicaci\u00f3 personal i col\u2022lectiva en l\u2019acte, es converteixi en una viv\u00e8ncia musical inoblidable per a tots i totes.<\/p>\n<h6><strong>DANSABOI<\/strong><\/h6>\n<p>Activitat organitzada per tots els mestres i les mestres de m\u00fasica de Sant Boi adre\u00e7at a nens i nenes de cicle de mitjans on es fa una mostra de danses conjuntament amb diferents escoles de Sant Boi a la pla\u00e7a de l\u2019ajuntament.<\/p>\n<h6><strong>DANSES DE FESTA MAJOR<\/strong><\/h6>\n<p>Activitat organitzada per els especialistes de m\u00fasica i d\u2019educaci\u00f3 f\u00edsica en el que l\u2019objectiu es crear diferents coreografies o danses en motiu de la festa Major del poble. Tota l\u2019escola hi participa i es fa la mostra oberta a les fam\u00edlies a la pista del pati de l\u2019escola.<\/p>\n","protected":false},"excerpt":{"rendered":"<p>A l&#8217;escola participem en diversos projectes de m\u00fasica: PROJECTE AMB L\u2019ESCOLA MUNICIPAL DE M\u00daSICA BLAI I NET Un cop a la setmana ve una professora de l\u2019escola de m\u00fasica de Sant Boi i amb mig grup fa activitats mitjan\u00e7ant la metodologia Dalcroze que b\u00e0sicament tracta d\u2019aprendre m\u00fasica mitjan\u00e7ant la participaci\u00f3 corporal en el ritme musical. [&hellip;]<\/p>\n","protected":false},"author":7,"featured_media":0,"parent":64,"menu_order":0,"comment_status":"closed","ping_status":"closed","template":"","meta":{"_bbp_topic_count":0,"_bbp_reply_count":0,"_bbp_total_topic_count":0,"_bbp_total_reply_count":0,"_bbp_voice_count":0,"_bbp_anonymous_reply_count":0,"_bbp_topic_count_hidden":0,"_bbp_reply_count_hidden":0,"_bbp_forum_subforum_count":0,"site-sidebar-layout":"default","site-content-layout":"","ast-site-content-layout":"default","site-content-style":"default","site-sidebar-style":"default","ast-global-header-display":"","ast-banner-title-visibility":"","ast-main-header-display":"","ast-hfb-above-header-display":"","ast-hfb-below-header-display":"","ast-hfb-mobile-header-display":"","site-post-title":"","ast-breadcrumbs-content":"","ast-featured-img":"","footer-sml-layout":"","theme-transparent-header-meta":"default","adv-header-id-meta":"","stick-header-meta":"","header-above-stick-meta":"","header-main-stick-meta":"","header-below-stick-meta":"","astra-migrate-meta-layouts":"set","ast-page-background-enabled":"default","ast-page-background-meta":{"desktop":{"background-color":"var(--ast-global-color-4)","background-image":"","background-repeat":"repeat","background-position":"center center","background-size":"auto","background-attachment":"scroll","background-type":"","background-media":"","overlay-type":"","overlay-color":"","overlay-opacity":"","overlay-gradient":""},"tablet":{"background-color":"","background-image":"","background-repeat":"repeat","background-position":"center center","background-size":"auto","background-attachment":"scroll","background-type":"","background-media":"","overlay-type":"","overlay-color":"","overlay-opacity":"","overlay-gradient":""},"mobile":{"background-color":"","background-image":"","background-repeat":"repeat","background-position":"center center","background-size":"auto","background-attachment":"scroll","background-type":"","background-media":"","overlay-type":"","overlay-color":"","overlay-opacity":"","overlay-gradient":""}},"ast-content-background-meta":{"desktop":{"background-color":"var(--ast-global-color-5)","background-image":"","background-repeat":"repeat","background-position":"center center","background-size":"auto","background-attachment":"scroll","background-type":"","background-media":"","overlay-type":"","overlay-color":"","overlay-opacity":"","overlay-gradient":""},"tablet":{"background-color":"var(--ast-global-color-5)","background-image":"","background-repeat":"repeat","background-position":"center center","background-size":"auto","background-attachment":"scroll","background-type":"","background-media":"","overlay-type":"","overlay-color":"","overlay-opacity":"","overlay-gradient":""},"mobile":{"background-color":"var(--ast-global-color-5)","background-image":"","background-repeat":"repeat","background-position":"center center","background-size":"auto","background-attachment":"scroll","background-type":"","background-media":"","overlay-type":"","overlay-color":"","overlay-opacity":"","overlay-gradient":""}},"footnotes":""},"class_list":["post-2984","page","type-page","status-publish","hentry"],"post_mailing_queue_ids":[],"_links":{"self":[{"href":"https:\/\/agora.xtec.cat\/ceipamat-verdu\/wp-json\/wp\/v2\/pages\/2984","targetHints":{"allow":["GET"]}}],"collection":[{"href":"https:\/\/agora.xtec.cat\/ceipamat-verdu\/wp-json\/wp\/v2\/pages"}],"about":[{"href":"https:\/\/agora.xtec.cat\/ceipamat-verdu\/wp-json\/wp\/v2\/types\/page"}],"author":[{"embeddable":true,"href":"https:\/\/agora.xtec.cat\/ceipamat-verdu\/wp-json\/wp\/v2\/users\/7"}],"replies":[{"embeddable":true,"href":"https:\/\/agora.xtec.cat\/ceipamat-verdu\/wp-json\/wp\/v2\/comments?post=2984"}],"version-history":[{"count":3,"href":"https:\/\/agora.xtec.cat\/ceipamat-verdu\/wp-json\/wp\/v2\/pages\/2984\/revisions"}],"predecessor-version":[{"id":3160,"href":"https:\/\/agora.xtec.cat\/ceipamat-verdu\/wp-json\/wp\/v2\/pages\/2984\/revisions\/3160"}],"up":[{"embeddable":true,"href":"https:\/\/agora.xtec.cat\/ceipamat-verdu\/wp-json\/wp\/v2\/pages\/64"}],"wp:attachment":[{"href":"https:\/\/agora.xtec.cat\/ceipamat-verdu\/wp-json\/wp\/v2\/media?parent=2984"}],"curies":[{"name":"wp","href":"https:\/\/api.w.org\/{rel}","templated":true}]}}