{"id":2981,"date":"2025-07-11T15:46:34","date_gmt":"2025-07-11T13:46:34","guid":{"rendered":"https:\/\/agora.xtec.cat\/ceipamat-verdu\/?page_id=2981"},"modified":"2025-07-11T17:48:44","modified_gmt":"2025-07-11T15:48:44","slug":"teatre-escolar","status":"publish","type":"page","link":"https:\/\/agora.xtec.cat\/ceipamat-verdu\/projecte-educatiu\/teatre-escolar\/","title":{"rendered":"Teatre escolar"},"content":{"rendered":"<table class=\"wp-list-table widefat fixed striped table-view-list tags\">\n<tbody id=\"the-list\" data-wp-lists=\"list:tag\">\n<tr id=\"tag-80\" class=\"level-1\">\n<td class=\"description column-description\" data-colname=\"Descripci\u00f3\">\r\n\t<div class=\"slideshow_container slideshow_container_style-light\" style=\"height: 300px; \" data-slideshow-id=\"3048\" data-style-name=\"style-light\" data-style-version=\"2.3.1\" >\r\n\r\n\t\t\t\t\t<div class=\"slideshow_loading_icon\"><\/div>\r\n\t\t\r\n\t\t<div class=\"slideshow_content\" style=\"display: none;\">\r\n\r\n\t\t\t<div class=\"slideshow_view\">\r\n\t\t\t\t<div class=\"slideshow_slide slideshow_slide_image\">\r\n\t\t\t\t\t\t\t\t\t\t\t<img src=\"https:\/\/agora.xtec.cat\/ceipamat-verdu\/wp-content\/uploads\/usu2365\/2023\/10\/Captura-de-Pantalla-2023-10-12-a-las-15.33.41.png\" alt=\"Captura de Pantalla 2023-10-12 a las 15.33.41\" width=\"946\" height=\"648\" \/>\r\n\t\t\t\t\t\t\t\t\t\t<div class=\"slideshow_description_box slideshow_transparent\">\r\n\t\t\t\t\t\t<div class=\"slideshow_title\">Captura de Pantalla 2023-10-12 a las 15.33.41<\/div>\t\t\t\t\t\t\t\t\t\t\t<\/div>\r\n\t\t\t\t<\/div>\r\n\r\n\t\t\t\t\t\t<div style=\"clear: both;\"><\/div><\/div><div class=\"slideshow_view\">\r\n\t\t\t\t<div class=\"slideshow_slide slideshow_slide_image\">\r\n\t\t\t\t\t\t\t\t\t\t\t<img src=\"https:\/\/agora.xtec.cat\/ceipamat-verdu\/wp-content\/uploads\/usu2365\/2023\/10\/Captura-de-Pantalla-2023-10-12-a-las-12.45.54.png\" alt=\"Captura de Pantalla 2023-10-12 a las 12.45.54\" width=\"1120\" height=\"628\" \/>\r\n\t\t\t\t\t\t\t\t\t\t<div class=\"slideshow_description_box slideshow_transparent\">\r\n\t\t\t\t\t\t<div class=\"slideshow_title\">Captura de Pantalla 2023-10-12 a las 12.45.54<\/div>\t\t\t\t\t\t\t\t\t\t\t<\/div>\r\n\t\t\t\t<\/div>\r\n\r\n\t\t\t\t\t\t<div style=\"clear: both;\"><\/div><\/div>\r\n\t\t<\/div>\r\n\r\n\t\t<div class=\"slideshow_controlPanel slideshow_transparent\" style=\"display: none;\"><ul><li class=\"slideshow_togglePlay\" data-play-text=\"Visualitza\" data-pause-text=\"Pausa\"><\/li><\/ul><\/div>\r\n\r\n\t\t<div class=\"slideshow_button slideshow_previous slideshow_transparent\" role=\"button\" data-previous-text=\"Anterior\" style=\"display: none;\"><\/div>\r\n\t\t<div class=\"slideshow_button slideshow_next slideshow_transparent\" role=\"button\" data-next-text=\"Seg\u00fcent\" style=\"display: none;\"><\/div>\r\n\r\n\t\t<div class=\"slideshow_pagination\" style=\"display: none;\" data-go-to-text=\"V\u00e9s a la diapositiva\"><div class=\"slideshow_pagination_center\"><\/div><\/div>\r\n\r\n\t\t<!-- WordPress Slideshow Version 2.3.1 -->\r\n\r\n\t\t\t<\/div>\r\n\r\n<\/p>\n<p class=\"font_8\">El teatre \u00e9s un mitj\u00e0 per expressar, \u00a0per comunicar-se, per deixar volar la imaginaci\u00f3, per crear, per connectar amb altres persones\u2026 Fer teatre \u00e9s jugar, inventar personatges, idear situacions, hist\u00f2ries\u2026 \u00e9s viure experi\u00e8ncies inimaginables.<\/p>\n<p class=\"font_8\">Totes aquestes qualitats s\u00f3n innates als m\u00e9s petits i, amb el teatre, ens proposem conservar aquesta manera de fer, tan l\u00fadica i tan vivencial, per a treballar aspectes clau per al foment de les compet\u00e8ncies b\u00e0siques del nostre alumnat.<\/p>\n<p class=\"font_8\">A la nostra escola treballem el teatre de manera sistem\u00e0tica amb tots els nens i nenes del centre que cursen Educaci\u00f3 Prim\u00e0ria. Des de 1r fins a 6\u00e8 es programa una sessi\u00f3 setmanal dedicada a aquesta activitat al llarg de tot el curs. A 5\u00e8 i 6\u00e8, la meitat de les sessions dedicades a teatre es realitzen en llengua anglesa amb el mestre especialista d\u2019aquesta mat\u00e8ria. Per poder realitzar aquest treball de manera m\u00e9s eficient i pr\u00e0ctica es realitzen desdoblaments de grup. Per aix\u00f2, cada classe t\u00e9 dos grups de teatre d\u2019uns 12 \/ 13 alumnes aproximadament.<\/p>\n<h5 class=\"font_8\"><strong>OBJECTIUS QUE ENS PLANTEGEM:<\/strong><\/h5>\n<ul class=\"font_8\">\n<li>\n<p class=\"font_8\">Fomentar el treball de l\u2019educaci\u00f3 en valors mitjan\u00e7ant activitats vivencials i pr\u00e0ctiques.<\/p>\n<\/li>\n<li>\n<p class=\"font_8\">Promoure l\u2019autoconeixement: idees, sentiments, emocions, potencialitats\u2026<\/p>\n<\/li>\n<li>\n<p class=\"font_8\">Fomentar la capacitat d\u2019expressi\u00f3 oral.<\/p>\n<\/li>\n<li>\n<p class=\"font_8\">Potenciar l\u2019expressi\u00f3 corporal.<\/p>\n<\/li>\n<li>\n<p class=\"font_8\">Desenvolupar la imaginaci\u00f3 i la creativitat.<\/p>\n<\/li>\n<li>\n<p class=\"font_8\">Advertir la import\u00e0ncia del treball en equip.<\/p>\n<\/li>\n<li>\n<p class=\"font_8\">Activar el gust per l\u2019art i la creaci\u00f3 art\u00edstica.<\/p>\n<\/li>\n<li>\n<p class=\"font_8\">Fer \u00fas de la llengua anglesa com a eina d\u2019expressi\u00f3 art\u00edstica i de comunicaci\u00f3 (teatre en angl\u00e8s a 5\u00e8 i 6\u00e8).<\/p>\n<\/li>\n<\/ul>\n<h5><strong>QUINES ACTVITATS REALITZEM:<\/strong><\/h5>\n<p class=\"font_8\">La programaci\u00f3 de teatre presenta un tipus d\u2019activitats molt variat, mitjan\u00e7ant les quals es treballen continguts de l\u2019\u00e0rea d\u2019Educaci\u00f3 en Valors Socials i C\u00edvics. D\u2019entre els diferents tipus d\u2019activitats en destaquem els seg\u00fcents:<\/p>\n<ul class=\"font_8\">\n<li>\n<p class=\"font_8\">Exercicis de veu.<\/p>\n<\/li>\n<li>\n<p class=\"font_8\">Exercicis d\u2019expressi\u00f3 oral i corporal.<\/p>\n<\/li>\n<li>\n<p class=\"font_8\">Exercicis de dicci\u00f3 i pron\u00fancia.<\/p>\n<\/li>\n<li>\n<p class=\"font_8\">Exercicis de mem\u00f2ria.<\/p>\n<\/li>\n<li>\n<p class=\"font_8\">Exercicis de construcci\u00f3 de personatge.<\/p>\n<\/li>\n<li>\n<p class=\"font_8\">Exercicis d\u2019improvisaci\u00f3.<\/p>\n<\/li>\n<li>\n<p class=\"font_8\">Jocs teatrals.<\/p>\n<\/li>\n<li>\n<p class=\"font_8\">Activitats de preparaci\u00f3 de l\u2019escenografia.<\/p>\n<\/li>\n<li>\n<p class=\"font_8\">Activitats de maquillatge.<\/p>\n<\/li>\n<li>\n<p class=\"font_8\">Lectura, an\u00e0lisi i preparaci\u00f3 d\u2019un text teatral.<\/p>\n<\/li>\n<li>\n<p class=\"font_8\">Participaci\u00f3 en una obra de teatre.<\/p>\n<\/li>\n<\/ul>\n<p class=\"font_8\">Tot el treball fet al llarg del curs durant les sessions de teatre culmina amb la representaci\u00f3 d\u2019una obra teatral per cada nivell (des de 1r fins a 6\u00e8) davant dels familiars dels \/ de les alumnes participants.<\/p>\n<\/td>\n<td class=\"slug column-slug\" data-colname=\"\u00c0lies\"><\/td>\n<\/tr>\n<\/tbody>\n<\/table>\n","protected":false},"excerpt":{"rendered":"<p>El teatre \u00e9s un mitj\u00e0 per expressar, \u00a0per comunicar-se, per deixar volar la imaginaci\u00f3, per crear, per connectar amb altres persones\u2026 Fer teatre \u00e9s jugar, inventar personatges, idear situacions, hist\u00f2ries\u2026 \u00e9s viure experi\u00e8ncies inimaginables. Totes aquestes qualitats s\u00f3n innates als m\u00e9s petits i, amb el teatre, ens proposem conservar aquesta manera de fer, tan l\u00fadica [&hellip;]<\/p>\n","protected":false},"author":7,"featured_media":0,"parent":64,"menu_order":0,"comment_status":"closed","ping_status":"closed","template":"","meta":{"_bbp_topic_count":0,"_bbp_reply_count":0,"_bbp_total_topic_count":0,"_bbp_total_reply_count":0,"_bbp_voice_count":0,"_bbp_anonymous_reply_count":0,"_bbp_topic_count_hidden":0,"_bbp_reply_count_hidden":0,"_bbp_forum_subforum_count":0,"site-sidebar-layout":"default","site-content-layout":"","ast-site-content-layout":"default","site-content-style":"default","site-sidebar-style":"default","ast-global-header-display":"","ast-banner-title-visibility":"","ast-main-header-display":"","ast-hfb-above-header-display":"","ast-hfb-below-header-display":"","ast-hfb-mobile-header-display":"","site-post-title":"","ast-breadcrumbs-content":"","ast-featured-img":"","footer-sml-layout":"","theme-transparent-header-meta":"default","adv-header-id-meta":"","stick-header-meta":"","header-above-stick-meta":"","header-main-stick-meta":"","header-below-stick-meta":"","astra-migrate-meta-layouts":"set","ast-page-background-enabled":"default","ast-page-background-meta":{"desktop":{"background-color":"var(--ast-global-color-4)","background-image":"","background-repeat":"repeat","background-position":"center center","background-size":"auto","background-attachment":"scroll","background-type":"","background-media":"","overlay-type":"","overlay-color":"","overlay-opacity":"","overlay-gradient":""},"tablet":{"background-color":"","background-image":"","background-repeat":"repeat","background-position":"center center","background-size":"auto","background-attachment":"scroll","background-type":"","background-media":"","overlay-type":"","overlay-color":"","overlay-opacity":"","overlay-gradient":""},"mobile":{"background-color":"","background-image":"","background-repeat":"repeat","background-position":"center center","background-size":"auto","background-attachment":"scroll","background-type":"","background-media":"","overlay-type":"","overlay-color":"","overlay-opacity":"","overlay-gradient":""}},"ast-content-background-meta":{"desktop":{"background-color":"var(--ast-global-color-5)","background-image":"","background-repeat":"repeat","background-position":"center center","background-size":"auto","background-attachment":"scroll","background-type":"","background-media":"","overlay-type":"","overlay-color":"","overlay-opacity":"","overlay-gradient":""},"tablet":{"background-color":"var(--ast-global-color-5)","background-image":"","background-repeat":"repeat","background-position":"center center","background-size":"auto","background-attachment":"scroll","background-type":"","background-media":"","overlay-type":"","overlay-color":"","overlay-opacity":"","overlay-gradient":""},"mobile":{"background-color":"var(--ast-global-color-5)","background-image":"","background-repeat":"repeat","background-position":"center center","background-size":"auto","background-attachment":"scroll","background-type":"","background-media":"","overlay-type":"","overlay-color":"","overlay-opacity":"","overlay-gradient":""}},"footnotes":""},"class_list":["post-2981","page","type-page","status-publish","hentry"],"post_mailing_queue_ids":[],"_links":{"self":[{"href":"https:\/\/agora.xtec.cat\/ceipamat-verdu\/wp-json\/wp\/v2\/pages\/2981","targetHints":{"allow":["GET"]}}],"collection":[{"href":"https:\/\/agora.xtec.cat\/ceipamat-verdu\/wp-json\/wp\/v2\/pages"}],"about":[{"href":"https:\/\/agora.xtec.cat\/ceipamat-verdu\/wp-json\/wp\/v2\/types\/page"}],"author":[{"embeddable":true,"href":"https:\/\/agora.xtec.cat\/ceipamat-verdu\/wp-json\/wp\/v2\/users\/7"}],"replies":[{"embeddable":true,"href":"https:\/\/agora.xtec.cat\/ceipamat-verdu\/wp-json\/wp\/v2\/comments?post=2981"}],"version-history":[{"count":3,"href":"https:\/\/agora.xtec.cat\/ceipamat-verdu\/wp-json\/wp\/v2\/pages\/2981\/revisions"}],"predecessor-version":[{"id":3061,"href":"https:\/\/agora.xtec.cat\/ceipamat-verdu\/wp-json\/wp\/v2\/pages\/2981\/revisions\/3061"}],"up":[{"embeddable":true,"href":"https:\/\/agora.xtec.cat\/ceipamat-verdu\/wp-json\/wp\/v2\/pages\/64"}],"wp:attachment":[{"href":"https:\/\/agora.xtec.cat\/ceipamat-verdu\/wp-json\/wp\/v2\/media?parent=2981"}],"curies":[{"name":"wp","href":"https:\/\/api.w.org\/{rel}","templated":true}]}}