{"id":2977,"date":"2025-07-11T15:44:14","date_gmt":"2025-07-11T13:44:14","guid":{"rendered":"https:\/\/agora.xtec.cat\/ceipamat-verdu\/?page_id=2977"},"modified":"2025-07-11T17:26:02","modified_gmt":"2025-07-11T15:26:02","slug":"la-liga-dels-llibres","status":"publish","type":"page","link":"https:\/\/agora.xtec.cat\/ceipamat-verdu\/projecte-educatiu\/la-liga-dels-llibres\/","title":{"rendered":"La lliga dels llibres"},"content":{"rendered":"<p class=\"font_8\">La <strong>\u201cLliga dels llibres\u201d<\/strong> \u00e9s una activitat de dinamitzaci\u00f3 de la lectura dirigida als alumnes de 5\u00e8 de Prim\u00e0ria que \u00e9s realitza entre diverses escoles de Sant Boi.<\/p>\n<h5 class=\"font_8\"><strong><span class=\"color_5\">OBJECTIUS:<\/span><\/strong><\/h5>\n<ul class=\"font_8\">\n<li>\n<p class=\"font_8\">Engrescar els nois i les noies en el plaer de la lectura.<\/p>\n<\/li>\n<li>\n<p class=\"font_8\">Refor\u00e7ar l\u2019h\u00e0bit, el domini i la comprensi\u00f3 lectora.<\/p>\n<\/li>\n<li>\n<p class=\"font_8\">Atansar als nois i a les noies un ventall de llibres que els permeti<\/p>\n<\/li>\n<li>\n<p class=\"font_8\">Con\u00e8ixer diversos tipus d\u2019estils narratius.<\/p>\n<\/li>\n<li>\n<p class=\"font_8\">Implicar els pares en les lectures dels seus fills.<\/p>\n<\/li>\n<li>\n<p class=\"font_8\">Apropar i donar a con\u00e8ixer les biblioteques de la Ciutat<\/p>\n<\/li>\n<\/ul>\n<h5 class=\"font_8\"><strong><span class=\"color_5\">FUNCIONAMENT DE L\u2019ACTIVITAT<\/span><\/strong><\/h5>\n<ul class=\"font_8\">\n<li>\n<p class=\"font_8\">La lliga dels llibres proposa a cada grup classe participant la lectura d\u2019un lot de 5 llibres de temes i d\u2019estils variats, escrits en catal\u00e0.<\/p>\n<\/li>\n<li>\n<p class=\"font_8\">Despr\u00e9s de llegir els llibres, cada classe ha de preparar preguntes sobre els llibres, que aniran dirigides a les classes amb les quals jugaran. \u00c9s, per tant, convenient que el m\u00e0xim d\u2019alumnes llegeixin el m\u00e0xim de llibres.<\/p>\n<\/li>\n<li>\n<p class=\"font_8\">S\u2019estructura en unes eliminat\u00f2ries entre els grups classe de les escoles participants. A les eliminat\u00f2ries es fan les preguntes proposades pels nens\/es. Els dos grups amb m\u00e9s quantitats de punts a la ronda eliminat\u00f2ria pasen a la final.<\/p>\n<\/li>\n<li>\n<p class=\"font_8\">Generalment tant les rondes eliminat\u00f2ries com la gran final es realitzen al centre Can Massallera.<\/p>\n<\/li>\n<\/ul>\n<h5 class=\"font_8\"><strong><span class=\"wixGuard\">\u200b<\/span><span class=\"color_5\">CALENDARI<\/span><\/strong><\/h5>\n<p class=\"font_8\"><span class=\"color_9\">El calendari varia cada curs escolar, per\u00f2 generalment s\u2019aproxima al detallat a continuaci\u00f3:<\/span><\/p>\n<ul class=\"font_8\">\n<li>\n<p class=\"font_8\">Al novembre es fa una visita a les escoles participants, moment en qu\u00e8 es presenten els llibres i s\u2019explica el funcionament de l\u2019activitat.<\/p>\n<\/li>\n<\/ul>\n<ul class=\"font_8\">\n<li>\n<p class=\"font_8\">A inicis de maig: Entrega de preguntes.<\/p>\n<\/li>\n<\/ul>\n<p class=\"font_8\">\u00a0 \u00a0 \u00a0 Els grups participants han de formular les preguntes que es presentaran al concurs<\/p>\n<ul class=\"font_8\">\n<li>\n<p class=\"font_8\">Cap a mitjans de maig: Rondes classificat\u00f2ries.<\/p>\n<\/li>\n<\/ul>\n<p class=\"font_8\">\u00a0\u00a0 \u00a0 \u00a0Es realitzen les rondes \u00a0classificat\u00f2ries entre diversos grups participants.<\/p>\n<ul class=\"font_8\">\n<li>\n<p class=\"font_8\">Darrers dies de maig: La gran final<\/p>\n<\/li>\n<\/ul>\n<p class=\"font_8\">\u00a0 \u00a0 \u00a0 Final a la biblioteca Can Massallera entre els 2 grups amb m\u00e9s punts acumulats.<\/p>\n","protected":false},"excerpt":{"rendered":"<p>La \u201cLliga dels llibres\u201d \u00e9s una activitat de dinamitzaci\u00f3 de la lectura dirigida als alumnes de 5\u00e8 de Prim\u00e0ria que \u00e9s realitza entre diverses escoles de Sant Boi. OBJECTIUS: Engrescar els nois i les noies en el plaer de la lectura. Refor\u00e7ar l\u2019h\u00e0bit, el domini i la comprensi\u00f3 lectora. Atansar als nois i a les [&hellip;]<\/p>\n","protected":false},"author":7,"featured_media":0,"parent":64,"menu_order":0,"comment_status":"closed","ping_status":"closed","template":"","meta":{"_bbp_topic_count":0,"_bbp_reply_count":0,"_bbp_total_topic_count":0,"_bbp_total_reply_count":0,"_bbp_voice_count":0,"_bbp_anonymous_reply_count":0,"_bbp_topic_count_hidden":0,"_bbp_reply_count_hidden":0,"_bbp_forum_subforum_count":0,"site-sidebar-layout":"default","site-content-layout":"","ast-site-content-layout":"default","site-content-style":"default","site-sidebar-style":"default","ast-global-header-display":"","ast-banner-title-visibility":"","ast-main-header-display":"","ast-hfb-above-header-display":"","ast-hfb-below-header-display":"","ast-hfb-mobile-header-display":"","site-post-title":"","ast-breadcrumbs-content":"","ast-featured-img":"","footer-sml-layout":"","theme-transparent-header-meta":"default","adv-header-id-meta":"","stick-header-meta":"","header-above-stick-meta":"","header-main-stick-meta":"","header-below-stick-meta":"","astra-migrate-meta-layouts":"set","ast-page-background-enabled":"default","ast-page-background-meta":{"desktop":{"background-color":"var(--ast-global-color-4)","background-image":"","background-repeat":"repeat","background-position":"center center","background-size":"auto","background-attachment":"scroll","background-type":"","background-media":"","overlay-type":"","overlay-color":"","overlay-opacity":"","overlay-gradient":""},"tablet":{"background-color":"","background-image":"","background-repeat":"repeat","background-position":"center center","background-size":"auto","background-attachment":"scroll","background-type":"","background-media":"","overlay-type":"","overlay-color":"","overlay-opacity":"","overlay-gradient":""},"mobile":{"background-color":"","background-image":"","background-repeat":"repeat","background-position":"center center","background-size":"auto","background-attachment":"scroll","background-type":"","background-media":"","overlay-type":"","overlay-color":"","overlay-opacity":"","overlay-gradient":""}},"ast-content-background-meta":{"desktop":{"background-color":"var(--ast-global-color-5)","background-image":"","background-repeat":"repeat","background-position":"center center","background-size":"auto","background-attachment":"scroll","background-type":"","background-media":"","overlay-type":"","overlay-color":"","overlay-opacity":"","overlay-gradient":""},"tablet":{"background-color":"var(--ast-global-color-5)","background-image":"","background-repeat":"repeat","background-position":"center center","background-size":"auto","background-attachment":"scroll","background-type":"","background-media":"","overlay-type":"","overlay-color":"","overlay-opacity":"","overlay-gradient":""},"mobile":{"background-color":"var(--ast-global-color-5)","background-image":"","background-repeat":"repeat","background-position":"center center","background-size":"auto","background-attachment":"scroll","background-type":"","background-media":"","overlay-type":"","overlay-color":"","overlay-opacity":"","overlay-gradient":""}},"footnotes":""},"class_list":["post-2977","page","type-page","status-publish","hentry"],"post_mailing_queue_ids":[],"_links":{"self":[{"href":"https:\/\/agora.xtec.cat\/ceipamat-verdu\/wp-json\/wp\/v2\/pages\/2977","targetHints":{"allow":["GET"]}}],"collection":[{"href":"https:\/\/agora.xtec.cat\/ceipamat-verdu\/wp-json\/wp\/v2\/pages"}],"about":[{"href":"https:\/\/agora.xtec.cat\/ceipamat-verdu\/wp-json\/wp\/v2\/types\/page"}],"author":[{"embeddable":true,"href":"https:\/\/agora.xtec.cat\/ceipamat-verdu\/wp-json\/wp\/v2\/users\/7"}],"replies":[{"embeddable":true,"href":"https:\/\/agora.xtec.cat\/ceipamat-verdu\/wp-json\/wp\/v2\/comments?post=2977"}],"version-history":[{"count":2,"href":"https:\/\/agora.xtec.cat\/ceipamat-verdu\/wp-json\/wp\/v2\/pages\/2977\/revisions"}],"predecessor-version":[{"id":3044,"href":"https:\/\/agora.xtec.cat\/ceipamat-verdu\/wp-json\/wp\/v2\/pages\/2977\/revisions\/3044"}],"up":[{"embeddable":true,"href":"https:\/\/agora.xtec.cat\/ceipamat-verdu\/wp-json\/wp\/v2\/pages\/64"}],"wp:attachment":[{"href":"https:\/\/agora.xtec.cat\/ceipamat-verdu\/wp-json\/wp\/v2\/media?parent=2977"}],"curies":[{"name":"wp","href":"https:\/\/api.w.org\/{rel}","templated":true}]}}