{"id":2975,"date":"2025-07-11T15:43:42","date_gmt":"2025-07-11T13:43:42","guid":{"rendered":"https:\/\/agora.xtec.cat\/ceipamat-verdu\/?page_id=2975"},"modified":"2025-07-11T17:43:55","modified_gmt":"2025-07-11T15:43:55","slug":"lhort-escolar","status":"publish","type":"page","link":"https:\/\/agora.xtec.cat\/ceipamat-verdu\/projecte-educatiu\/lhort-escolar\/","title":{"rendered":"L&#8217;hort escolar"},"content":{"rendered":"\r\n\t<div class=\"slideshow_container slideshow_container_style-light\" style=\"height: 300px; \" data-slideshow-id=\"3045\" data-style-name=\"style-light\" data-style-version=\"2.3.1\" >\r\n\r\n\t\t\t\t\t<div class=\"slideshow_loading_icon\"><\/div>\r\n\t\t\r\n\t\t<div class=\"slideshow_content\" style=\"display: none;\">\r\n\r\n\t\t\t<div class=\"slideshow_view\">\r\n\t\t\t\t<div class=\"slideshow_slide slideshow_slide_image\">\r\n\t\t\t\t\t\t\t\t\t\t\t<img src=\"https:\/\/agora.xtec.cat\/ceipamat-verdu\/wp-content\/uploads\/usu2365\/2023\/10\/DSC_7175-1.jpg\" alt=\"DSC_7175\" width=\"1600\" height=\"900\" \/>\r\n\t\t\t\t\t\t\t\t\t\t<div class=\"slideshow_description_box slideshow_transparent\">\r\n\t\t\t\t\t\t<div class=\"slideshow_title\">DSC_7175<\/div>\t\t\t\t\t\t\t\t\t\t\t<\/div>\r\n\t\t\t\t<\/div>\r\n\r\n\t\t\t\t\t\t<div style=\"clear: both;\"><\/div><\/div><div class=\"slideshow_view\">\r\n\t\t\t\t<div class=\"slideshow_slide slideshow_slide_image\">\r\n\t\t\t\t\t\t\t\t\t\t\t<img src=\"https:\/\/agora.xtec.cat\/ceipamat-verdu\/wp-content\/uploads\/usu2365\/2023\/10\/DSC_5929.jpg\" alt=\"DSC_5929\" width=\"453\" height=\"322\" \/>\r\n\t\t\t\t\t\t\t\t\t\t<div class=\"slideshow_description_box slideshow_transparent\">\r\n\t\t\t\t\t\t<div class=\"slideshow_title\">DSC_5929<\/div>\t\t\t\t\t\t\t\t\t\t\t<\/div>\r\n\t\t\t\t<\/div>\r\n\r\n\t\t\t\t\t\t<div style=\"clear: both;\"><\/div><\/div>\r\n\t\t<\/div>\r\n\r\n\t\t<div class=\"slideshow_controlPanel slideshow_transparent\" style=\"display: none;\"><ul><li class=\"slideshow_togglePlay\" data-play-text=\"Visualitza\" data-pause-text=\"Pausa\"><\/li><\/ul><\/div>\r\n\r\n\t\t<div class=\"slideshow_button slideshow_previous slideshow_transparent\" role=\"button\" data-previous-text=\"Anterior\" style=\"display: none;\"><\/div>\r\n\t\t<div class=\"slideshow_button slideshow_next slideshow_transparent\" role=\"button\" data-next-text=\"Seg\u00fcent\" style=\"display: none;\"><\/div>\r\n\r\n\t\t<div class=\"slideshow_pagination\" style=\"display: none;\" data-go-to-text=\"V\u00e9s a la diapositiva\"><div class=\"slideshow_pagination_center\"><\/div><\/div>\r\n\r\n\t\t<!-- WordPress Slideshow Version 2.3.1 -->\r\n\r\n\t\t\t<\/div>\r\n\r\n\n<p class=\"font_8\">Des del curs 2015-16 l\u2019escola va reiniciar el Projecte de l\u2019Hort Escolar que portava alguns cursos aturat. Des de llavors, no ho hem deixat!<\/p>\n<h5 class=\"font_8\"><strong>QUI PARTICIPA EN EL PROJECTE?<\/strong><\/h5>\n<p class=\"font_8\">En aquesta primera etapa, la proposta de treball se centra exclusivament en la comunitat dels mitjans de l\u2019Educaci\u00f3 Prim\u00e0ria, concretament amb els alumnes de 3r. \u00c9s un curs molt adient per a iniciar el projecte per diversos motius.<\/p>\n<p class=\"font_8\">Per a poder desenvolupar el projecte cal la implicaci\u00f3, tamb\u00e9, de diversos mestres del centre. D\u2019una banda, els\/les mestres tutors\/es dels grups de tercer\u00a0i, d\u2019una altra, una mestra addicional encarregada de la supervisi\u00f3 del treball de camp.<\/p>\n<p class=\"font_8\">Per\u00f2, atenci\u00f3! Des del curs 2017-2018 el treball realitzat per 3r a les sessions d\u2019hort \u00e9s recolzat per les tasques de manteniment i cura que realitzen\u00a0la resta de cursos de l\u2019educaci\u00f3 prim\u00e0ria en les estones d\u2019HORT-PATI, dutes a terme\u00a0dos cops a la setmana.<\/p>\n<p class=\"font_8\">L\u2019Hort-Pati esdev\u00e9 una ampliaci\u00f3 del projecte de centre \u201cL\u2019Hort de l\u2019Amat\u201d que sorgeix de la voluntat d\u2019implicar a tots els cursos de l\u2019Educaci\u00f3 Prim\u00e0ria en la cura i el manteniment de l\u2019hort de l\u2019escola. L\u2019alumnat interessat pot participar de manera volunt\u00e0ria en les activitats proposades per a les sessions d\u2019Hort-Pati. Aix\u00ed, el projecte s\u2019obre a tots els cursos compresos entre 1r i 6\u00e8 d\u2019Educaci\u00f3 Prim\u00e0ria.<\/p>\n<h5 class=\"font_8\"><strong>QUAN ES PORTA A TERME?<\/strong><\/h5>\n<p class=\"font_8\"><strong>\u00b7 Sessions d\u2019hort a 3r<\/strong><\/p>\n<p class=\"font_8\">El projecte de treball \u00e9s portat a terme al llarg de tot el curs escolar, durant el qual els nens i nenes de tercer disposen d\u2019una hora setmanal concreta al seu horari escolar destinada al treball de l\u2019hort. Per a poder realitzar aquest treball de manera m\u00e9s eficient i pr\u00e0ctica es realitzen desdoblaments de grup. Mentre la meitat del grup roman a l\u2019aula amb el tutor\/a realitzant diverses tasques relacionades amb la mat\u00e8ria, l\u2019altra meitat es despla\u00e7a a l\u2019hort escolar amb la mestra encarregada de la supervisi\u00f3 del treball de camp.<\/p>\n<p class=\"font_8\"><strong><span class=\"wixGuard\">\u00b7 Sessions d\u2019hort-pati (de 1r a 6\u00e8)\u200b<\/span><\/strong><\/p>\n<p class=\"font_8\">Es realitzen cada dimarts i cada dimecres d\u201911 a 11:30 hores, a les estones d\u2019esbarjo.<\/p>\n<h5 class=\"font_8\"><strong>ON ES REALITZA?<\/strong><\/h5>\n<p class=\"font_8\">Des del 2017-2018 l\u2019Hort de l\u2019Amat disposa d\u2019un nou espai, molt m\u00e9s adient. Aix\u00ed, actualment l\u2019hort s\u2019ubica al costat del pati de cicle inicial, tocant la nova entrada i els nous patis,<\/p>\n<p class=\"font_8\">La nova zona d\u2019hort disposa d\u2019un espai per al cultiu amb m\u00e9s profunditat de terra que l\u2019anterior i m\u00e9s hores de llum natural al dia. Aix\u00ed mateix, tamb\u00e9 disposa d\u2019una aula adjacent d\u2019experimentaci\u00f3 que t\u00e9 acc\u00e9s directe a la zona de cultiu.<\/p>\n<h5 class=\"font_8\"><strong>COM ES TREBALLA?<\/strong><\/h5>\n<p class=\"font_8\">El treball es porta a terme amb el grup desdoblat i mitjan\u00e7ant una metodologia totalment pr\u00e0ctica i vivencial. L\u2019alumnat \u00e9s l\u2019encarregat de la creaci\u00f3 inicial de l\u2019hort aix\u00ed com de la \u00a0realitzaci\u00f3 de les diverses tasques que envolten la feina agr\u00edcola. Una mestra del centre escolar porta la doc\u00e8ncia durant aquestes estones, guiant i supervisant el treball. Les sessions de treball inclouen tasques relacionades amb la cura i el manteniment de l\u2019hort i, tasques que fomenten l\u2019observaci\u00f3, l\u2019an\u00e0lisi, l\u2019experimentaci\u00f3, l\u2019extracci\u00f3 de conclusions, i, en definitiva, la utilitzaci\u00f3 del m\u00e8tode cient\u00edfic per part de l\u2019alumnat.<\/p>\n","protected":false},"excerpt":{"rendered":"<p>Des del curs 2015-16 l\u2019escola va reiniciar el Projecte de l\u2019Hort Escolar que portava alguns cursos aturat. Des de llavors, no ho hem deixat! QUI PARTICIPA EN EL PROJECTE? En aquesta primera etapa, la proposta de treball se centra exclusivament en la comunitat dels mitjans de l\u2019Educaci\u00f3 Prim\u00e0ria, concretament amb els alumnes de 3r. \u00c9s [&hellip;]<\/p>\n","protected":false},"author":7,"featured_media":0,"parent":64,"menu_order":0,"comment_status":"closed","ping_status":"closed","template":"","meta":{"_bbp_topic_count":0,"_bbp_reply_count":0,"_bbp_total_topic_count":0,"_bbp_total_reply_count":0,"_bbp_voice_count":0,"_bbp_anonymous_reply_count":0,"_bbp_topic_count_hidden":0,"_bbp_reply_count_hidden":0,"_bbp_forum_subforum_count":0,"site-sidebar-layout":"default","site-content-layout":"","ast-site-content-layout":"default","site-content-style":"default","site-sidebar-style":"default","ast-global-header-display":"","ast-banner-title-visibility":"","ast-main-header-display":"","ast-hfb-above-header-display":"","ast-hfb-below-header-display":"","ast-hfb-mobile-header-display":"","site-post-title":"","ast-breadcrumbs-content":"","ast-featured-img":"","footer-sml-layout":"","theme-transparent-header-meta":"default","adv-header-id-meta":"","stick-header-meta":"","header-above-stick-meta":"","header-main-stick-meta":"","header-below-stick-meta":"","astra-migrate-meta-layouts":"set","ast-page-background-enabled":"default","ast-page-background-meta":{"desktop":{"background-color":"var(--ast-global-color-4)","background-image":"","background-repeat":"repeat","background-position":"center center","background-size":"auto","background-attachment":"scroll","background-type":"","background-media":"","overlay-type":"","overlay-color":"","overlay-opacity":"","overlay-gradient":""},"tablet":{"background-color":"","background-image":"","background-repeat":"repeat","background-position":"center center","background-size":"auto","background-attachment":"scroll","background-type":"","background-media":"","overlay-type":"","overlay-color":"","overlay-opacity":"","overlay-gradient":""},"mobile":{"background-color":"","background-image":"","background-repeat":"repeat","background-position":"center center","background-size":"auto","background-attachment":"scroll","background-type":"","background-media":"","overlay-type":"","overlay-color":"","overlay-opacity":"","overlay-gradient":""}},"ast-content-background-meta":{"desktop":{"background-color":"var(--ast-global-color-5)","background-image":"","background-repeat":"repeat","background-position":"center center","background-size":"auto","background-attachment":"scroll","background-type":"","background-media":"","overlay-type":"","overlay-color":"","overlay-opacity":"","overlay-gradient":""},"tablet":{"background-color":"var(--ast-global-color-5)","background-image":"","background-repeat":"repeat","background-position":"center center","background-size":"auto","background-attachment":"scroll","background-type":"","background-media":"","overlay-type":"","overlay-color":"","overlay-opacity":"","overlay-gradient":""},"mobile":{"background-color":"var(--ast-global-color-5)","background-image":"","background-repeat":"repeat","background-position":"center center","background-size":"auto","background-attachment":"scroll","background-type":"","background-media":"","overlay-type":"","overlay-color":"","overlay-opacity":"","overlay-gradient":""}},"footnotes":""},"class_list":["post-2975","page","type-page","status-publish","hentry"],"post_mailing_queue_ids":[],"_links":{"self":[{"href":"https:\/\/agora.xtec.cat\/ceipamat-verdu\/wp-json\/wp\/v2\/pages\/2975","targetHints":{"allow":["GET"]}}],"collection":[{"href":"https:\/\/agora.xtec.cat\/ceipamat-verdu\/wp-json\/wp\/v2\/pages"}],"about":[{"href":"https:\/\/agora.xtec.cat\/ceipamat-verdu\/wp-json\/wp\/v2\/types\/page"}],"author":[{"embeddable":true,"href":"https:\/\/agora.xtec.cat\/ceipamat-verdu\/wp-json\/wp\/v2\/users\/7"}],"replies":[{"embeddable":true,"href":"https:\/\/agora.xtec.cat\/ceipamat-verdu\/wp-json\/wp\/v2\/comments?post=2975"}],"version-history":[{"count":3,"href":"https:\/\/agora.xtec.cat\/ceipamat-verdu\/wp-json\/wp\/v2\/pages\/2975\/revisions"}],"predecessor-version":[{"id":3053,"href":"https:\/\/agora.xtec.cat\/ceipamat-verdu\/wp-json\/wp\/v2\/pages\/2975\/revisions\/3053"}],"up":[{"embeddable":true,"href":"https:\/\/agora.xtec.cat\/ceipamat-verdu\/wp-json\/wp\/v2\/pages\/64"}],"wp:attachment":[{"href":"https:\/\/agora.xtec.cat\/ceipamat-verdu\/wp-json\/wp\/v2\/media?parent=2975"}],"curies":[{"name":"wp","href":"https:\/\/api.w.org\/{rel}","templated":true}]}}