{"id":2973,"date":"2025-07-11T15:43:04","date_gmt":"2025-07-11T13:43:04","guid":{"rendered":"https:\/\/agora.xtec.cat\/ceipamat-verdu\/?page_id=2973"},"modified":"2025-07-11T15:43:04","modified_gmt":"2025-07-11T13:43:04","slug":"jocs-florals-de-lajuntament","status":"publish","type":"page","link":"https:\/\/agora.xtec.cat\/ceipamat-verdu\/projecte-educatiu\/jocs-florals-de-lajuntament\/","title":{"rendered":"Jocs Florals de l&#8217;ajuntament"},"content":{"rendered":"<p class=\"font_8\">La nostra escola promou, cada curs escolar, la participaci\u00f3 dels nens i nenes en dos cert\u00e0mens literaris que incentiven l\u2019expressi\u00f3 escrita de l\u2019alumnat i la seva capacitat creativa:<\/p>\n<p class=\"font_8\">Els principals objectius que, com a escola, ens proposem amb aquesta participaci\u00f3 s\u00f3n:<\/p>\n<ul class=\"font_8\">\n<li>\n<p class=\"font_8\">Estimular l\u2019expressi\u00f3 i la producci\u00f3 escrita dels nens i nenes.<\/p>\n<\/li>\n<li>\n<p class=\"font_8\">Fomentar el gust per la creaci\u00f3 art\u00edstica liter\u00e0ria.<\/p>\n<\/li>\n<li>\n<p class=\"font_8\">Valorar la import\u00e0ncia de l\u2019esfor\u00e7 en qualsevol proc\u00e9s de creaci\u00f3 art\u00edstica.<\/p>\n<\/li>\n<li>\n<p class=\"font_8\">Promoure l\u2019autosatisfacci\u00f3 per la dedicaci\u00f3 en el proc\u00e9s de participaci\u00f3, independentment del resultat final del concurs.<\/p>\n<\/li>\n<li>\n<p class=\"font_8\">Difondre una tradici\u00f3 cultural pr\u00f2pia i arrelada al nostre context: els jocs florals.<\/p>\n<\/li>\n<li>\n<p class=\"font_8\">Activar l\u2019esperit de participaci\u00f3 ciutadana en el nostre alumnat, tot ajudant-los a fer-se part\u00edcips de les activitats de poble en qu\u00e8 poden intervenir.<\/p>\n<\/li>\n<\/ul>\n<h5 class=\"font_8\"><strong>COM PARTICIPEM?<\/strong><\/h5>\n<p class=\"font_8\">En tots dos cert\u00e0mens, les modalitats de participaci\u00f3 s\u00f3n diverses, diversificades atenent l\u2019edat de l\u2019alumnat que hi participa. El nostre alumnat participa, com a m\u00ednim, en les modalitats seg\u00fcents:<\/p>\n<p class=\"font_8\"><strong>Alumnat Infantil<\/strong>:<\/p>\n<p class=\"font_8\">\u2013 Treball conjunt d\u2019aula (llibre d\u2019aula, m\u00f2bil, etc.)<\/p>\n<p class=\"font_8\"><strong>Alumant Prim\u00e0ria:<\/strong><\/p>\n<ul class=\"font_8\">\n<li>\n<p class=\"font_8\">1r \u2013 Frase il\u00b7lustrada.<\/p>\n<\/li>\n<li>\n<p class=\"font_8\">2n \u2013 Poesia i poesia visual (cal\u00b7ligrama).<\/p>\n<\/li>\n<li>\n<p class=\"font_8\">3r i 4t \u2013 Poesia, poesia visual (cal\u00b7ligrama) i narrativa.<\/p>\n<\/li>\n<li>\n<p class=\"font_8\">5\u00e8 i 6\u00e8 \u2013 Poesia visual (no cal\u00b7ligrama), narrativa i c\u00f2mic.<\/p>\n<\/li>\n<\/ul>\n<p class=\"font_8\">Tant la celebraci\u00f3 dels Jocs Florals d\u2019escola com la participaci\u00f3 als Jocs Florals de l\u2019ajuntament s\u00f3n possibles gr\u00e0cies a l\u2019esfor\u00e7 i el treball que realitzen els nens i nenes dels diferents nivells des de principi de curs. Els treballs realitzats pel nostre alumnat s\u00f3n el fruit de la seva dedicaci\u00f3 en l\u2019an\u00e0lisi de les caracter\u00edstiques de les diferents tipologies textuals i la pr\u00e0ctica de l\u2019escriptura creativa al llarg del curs.<\/p>\n","protected":false},"excerpt":{"rendered":"<p>La nostra escola promou, cada curs escolar, la participaci\u00f3 dels nens i nenes en dos cert\u00e0mens literaris que incentiven l\u2019expressi\u00f3 escrita de l\u2019alumnat i la seva capacitat creativa: Els principals objectius que, com a escola, ens proposem amb aquesta participaci\u00f3 s\u00f3n: Estimular l\u2019expressi\u00f3 i la producci\u00f3 escrita dels nens i nenes. Fomentar el gust per [&hellip;]<\/p>\n","protected":false},"author":7,"featured_media":0,"parent":64,"menu_order":0,"comment_status":"closed","ping_status":"closed","template":"","meta":{"_bbp_topic_count":0,"_bbp_reply_count":0,"_bbp_total_topic_count":0,"_bbp_total_reply_count":0,"_bbp_voice_count":0,"_bbp_anonymous_reply_count":0,"_bbp_topic_count_hidden":0,"_bbp_reply_count_hidden":0,"_bbp_forum_subforum_count":0,"site-sidebar-layout":"default","site-content-layout":"","ast-site-content-layout":"default","site-content-style":"default","site-sidebar-style":"default","ast-global-header-display":"","ast-banner-title-visibility":"","ast-main-header-display":"","ast-hfb-above-header-display":"","ast-hfb-below-header-display":"","ast-hfb-mobile-header-display":"","site-post-title":"","ast-breadcrumbs-content":"","ast-featured-img":"","footer-sml-layout":"","theme-transparent-header-meta":"default","adv-header-id-meta":"","stick-header-meta":"","header-above-stick-meta":"","header-main-stick-meta":"","header-below-stick-meta":"","astra-migrate-meta-layouts":"set","ast-page-background-enabled":"default","ast-page-background-meta":{"desktop":{"background-color":"var(--ast-global-color-4)","background-image":"","background-repeat":"repeat","background-position":"center center","background-size":"auto","background-attachment":"scroll","background-type":"","background-media":"","overlay-type":"","overlay-color":"","overlay-opacity":"","overlay-gradient":""},"tablet":{"background-color":"","background-image":"","background-repeat":"repeat","background-position":"center center","background-size":"auto","background-attachment":"scroll","background-type":"","background-media":"","overlay-type":"","overlay-color":"","overlay-opacity":"","overlay-gradient":""},"mobile":{"background-color":"","background-image":"","background-repeat":"repeat","background-position":"center center","background-size":"auto","background-attachment":"scroll","background-type":"","background-media":"","overlay-type":"","overlay-color":"","overlay-opacity":"","overlay-gradient":""}},"ast-content-background-meta":{"desktop":{"background-color":"var(--ast-global-color-5)","background-image":"","background-repeat":"repeat","background-position":"center center","background-size":"auto","background-attachment":"scroll","background-type":"","background-media":"","overlay-type":"","overlay-color":"","overlay-opacity":"","overlay-gradient":""},"tablet":{"background-color":"var(--ast-global-color-5)","background-image":"","background-repeat":"repeat","background-position":"center center","background-size":"auto","background-attachment":"scroll","background-type":"","background-media":"","overlay-type":"","overlay-color":"","overlay-opacity":"","overlay-gradient":""},"mobile":{"background-color":"var(--ast-global-color-5)","background-image":"","background-repeat":"repeat","background-position":"center center","background-size":"auto","background-attachment":"scroll","background-type":"","background-media":"","overlay-type":"","overlay-color":"","overlay-opacity":"","overlay-gradient":""}},"footnotes":""},"class_list":["post-2973","page","type-page","status-publish","hentry"],"post_mailing_queue_ids":[],"_links":{"self":[{"href":"https:\/\/agora.xtec.cat\/ceipamat-verdu\/wp-json\/wp\/v2\/pages\/2973","targetHints":{"allow":["GET"]}}],"collection":[{"href":"https:\/\/agora.xtec.cat\/ceipamat-verdu\/wp-json\/wp\/v2\/pages"}],"about":[{"href":"https:\/\/agora.xtec.cat\/ceipamat-verdu\/wp-json\/wp\/v2\/types\/page"}],"author":[{"embeddable":true,"href":"https:\/\/agora.xtec.cat\/ceipamat-verdu\/wp-json\/wp\/v2\/users\/7"}],"replies":[{"embeddable":true,"href":"https:\/\/agora.xtec.cat\/ceipamat-verdu\/wp-json\/wp\/v2\/comments?post=2973"}],"version-history":[{"count":1,"href":"https:\/\/agora.xtec.cat\/ceipamat-verdu\/wp-json\/wp\/v2\/pages\/2973\/revisions"}],"predecessor-version":[{"id":2974,"href":"https:\/\/agora.xtec.cat\/ceipamat-verdu\/wp-json\/wp\/v2\/pages\/2973\/revisions\/2974"}],"up":[{"embeddable":true,"href":"https:\/\/agora.xtec.cat\/ceipamat-verdu\/wp-json\/wp\/v2\/pages\/64"}],"wp:attachment":[{"href":"https:\/\/agora.xtec.cat\/ceipamat-verdu\/wp-json\/wp\/v2\/media?parent=2973"}],"curies":[{"name":"wp","href":"https:\/\/api.w.org\/{rel}","templated":true}]}}