{"id":2971,"date":"2025-07-11T15:42:13","date_gmt":"2025-07-11T13:42:13","guid":{"rendered":"https:\/\/agora.xtec.cat\/ceipamat-verdu\/?page_id=2971"},"modified":"2025-07-11T17:46:11","modified_gmt":"2025-07-11T15:46:11","slug":"escola-verda","status":"publish","type":"page","link":"https:\/\/agora.xtec.cat\/ceipamat-verdu\/projecte-educatiu\/escola-verda\/","title":{"rendered":"Escola verda"},"content":{"rendered":"\r\n\t<div class=\"slideshow_container slideshow_container_style-light\" style=\"height: 300px; \" data-slideshow-id=\"3056\" data-style-name=\"style-light\" data-style-version=\"2.3.1\" >\r\n\r\n\t\t\t\t\t<div class=\"slideshow_loading_icon\"><\/div>\r\n\t\t\r\n\t\t<div class=\"slideshow_content\" style=\"display: none;\">\r\n\r\n\t\t\t<div class=\"slideshow_view\">\r\n\t\t\t\t<div class=\"slideshow_slide slideshow_slide_image\">\r\n\t\t\t\t\t\t\t\t\t\t\t<img src=\"https:\/\/agora.xtec.cat\/ceipamat-verdu\/wp-content\/uploads\/usu2365\/2023\/10\/99c846_0483590dbc784afeb27e851634251b15.png\" alt=\"99c846_0483590dbc784afeb27e851634251b15\" width=\"520\" height=\"378\" \/>\r\n\t\t\t\t\t\t\t\t\t\t<div class=\"slideshow_description_box slideshow_transparent\">\r\n\t\t\t\t\t\t<div class=\"slideshow_title\">99c846_0483590dbc784afeb27e851634251b15<\/div>\t\t\t\t\t\t\t\t\t\t\t<\/div>\r\n\t\t\t\t<\/div>\r\n\r\n\t\t\t\t\t\t<div style=\"clear: both;\"><\/div><\/div>\r\n\t\t<\/div>\r\n\r\n\t\t<div class=\"slideshow_controlPanel slideshow_transparent\" style=\"display: none;\"><ul><li class=\"slideshow_togglePlay\" data-play-text=\"Visualitza\" data-pause-text=\"Pausa\"><\/li><\/ul><\/div>\r\n\r\n\t\t<div class=\"slideshow_button slideshow_previous slideshow_transparent\" role=\"button\" data-previous-text=\"Anterior\" style=\"display: none;\"><\/div>\r\n\t\t<div class=\"slideshow_button slideshow_next slideshow_transparent\" role=\"button\" data-next-text=\"Seg\u00fcent\" style=\"display: none;\"><\/div>\r\n\r\n\t\t<div class=\"slideshow_pagination\" style=\"display: none;\" data-go-to-text=\"V\u00e9s a la diapositiva\"><div class=\"slideshow_pagination_center\"><\/div><\/div>\r\n\r\n\t\t<!-- WordPress Slideshow Version 2.3.1 -->\r\n\r\n\t\t\t<\/div>\r\n\r\n\n<p class=\"font_8\">Una escola verda \u00e9s aquella que t\u00e9 en compte criteris medi ambientals tant en l\u2019\u00e0mbit d\u2019ensenyament aprenentatge com en l\u2019aspecte organitzatiu.<\/p>\n<p class=\"font_8\">El Departament de Medi Ambient i Ensenyament de la Generalitat de Catalunya \u00e9s qui concedeix l\u2019acreditaci\u00f3 amb la qual es reconeix l\u2019esfor\u00e7 d\u2019un centre pel que fa a l\u2019ambientalitzaci\u00f3 d\u2019aquest.<\/p>\n<p class=\"font_8\">L\u2019Amat Verd\u00fa va rebre l\u2019acreditaci\u00f3 d\u2019Escola Verda el curs 2002-2003 i ha anat\u00a0 essent renovada des de llavors.<\/p>\n<h5><strong>PLA D\u2019ACTUACI\u00d3 COM A ESCOLA VERDA:<\/strong><\/h5>\n<p class=\"font_8\">El nostre Pla d\u2019Actuaci\u00f3 es diversifica en 4 contextos fonamentals:<\/p>\n<p class=\"font_8\">1.- Curr\u00edculum: an\u00e0lisi i estudi de l\u2019entorn, els fen\u00f2mens naturals, l\u2019impacte de l\u2019\u00e9sser hum\u00e0 al paisatge, etc.<\/p>\n<p class=\"font_8\">2.- Participaci\u00f3, organitzaci\u00f3 i comunicaci\u00f3: implicaci\u00f3 de l\u2019alumnat en la presa de decisions, foment del treball actiu de tota la comunitat educativa\u2026<\/p>\n<p class=\"font_8\">3.- Gesti\u00f3 de recursos i materials: Reducci\u00f3 de residus, consum responsable, gesti\u00f3 adient de les deixalles al centre, etc.<\/p>\n<p class=\"font_8\">4.- Implicaci\u00f3 en l\u2019entorn natural, social i cultural: sortides medi-ambientals, participaci\u00f3 en xarxes de treball comunit\u00e0ries (XESC\/sb, Euronet 50\/50..).<\/p>\n","protected":false},"excerpt":{"rendered":"<p>Una escola verda \u00e9s aquella que t\u00e9 en compte criteris medi ambientals tant en l\u2019\u00e0mbit d\u2019ensenyament aprenentatge com en l\u2019aspecte organitzatiu. El Departament de Medi Ambient i Ensenyament de la Generalitat de Catalunya \u00e9s qui concedeix l\u2019acreditaci\u00f3 amb la qual es reconeix l\u2019esfor\u00e7 d\u2019un centre pel que fa a l\u2019ambientalitzaci\u00f3 d\u2019aquest. L\u2019Amat Verd\u00fa va rebre [&hellip;]<\/p>\n","protected":false},"author":7,"featured_media":0,"parent":64,"menu_order":0,"comment_status":"closed","ping_status":"closed","template":"","meta":{"_bbp_topic_count":0,"_bbp_reply_count":0,"_bbp_total_topic_count":0,"_bbp_total_reply_count":0,"_bbp_voice_count":0,"_bbp_anonymous_reply_count":0,"_bbp_topic_count_hidden":0,"_bbp_reply_count_hidden":0,"_bbp_forum_subforum_count":0,"site-sidebar-layout":"default","site-content-layout":"","ast-site-content-layout":"default","site-content-style":"default","site-sidebar-style":"default","ast-global-header-display":"","ast-banner-title-visibility":"","ast-main-header-display":"","ast-hfb-above-header-display":"","ast-hfb-below-header-display":"","ast-hfb-mobile-header-display":"","site-post-title":"","ast-breadcrumbs-content":"","ast-featured-img":"","footer-sml-layout":"","theme-transparent-header-meta":"default","adv-header-id-meta":"","stick-header-meta":"","header-above-stick-meta":"","header-main-stick-meta":"","header-below-stick-meta":"","astra-migrate-meta-layouts":"set","ast-page-background-enabled":"default","ast-page-background-meta":{"desktop":{"background-color":"var(--ast-global-color-4)","background-image":"","background-repeat":"repeat","background-position":"center center","background-size":"auto","background-attachment":"scroll","background-type":"","background-media":"","overlay-type":"","overlay-color":"","overlay-opacity":"","overlay-gradient":""},"tablet":{"background-color":"","background-image":"","background-repeat":"repeat","background-position":"center center","background-size":"auto","background-attachment":"scroll","background-type":"","background-media":"","overlay-type":"","overlay-color":"","overlay-opacity":"","overlay-gradient":""},"mobile":{"background-color":"","background-image":"","background-repeat":"repeat","background-position":"center center","background-size":"auto","background-attachment":"scroll","background-type":"","background-media":"","overlay-type":"","overlay-color":"","overlay-opacity":"","overlay-gradient":""}},"ast-content-background-meta":{"desktop":{"background-color":"var(--ast-global-color-5)","background-image":"","background-repeat":"repeat","background-position":"center center","background-size":"auto","background-attachment":"scroll","background-type":"","background-media":"","overlay-type":"","overlay-color":"","overlay-opacity":"","overlay-gradient":""},"tablet":{"background-color":"var(--ast-global-color-5)","background-image":"","background-repeat":"repeat","background-position":"center center","background-size":"auto","background-attachment":"scroll","background-type":"","background-media":"","overlay-type":"","overlay-color":"","overlay-opacity":"","overlay-gradient":""},"mobile":{"background-color":"var(--ast-global-color-5)","background-image":"","background-repeat":"repeat","background-position":"center center","background-size":"auto","background-attachment":"scroll","background-type":"","background-media":"","overlay-type":"","overlay-color":"","overlay-opacity":"","overlay-gradient":""}},"footnotes":""},"class_list":["post-2971","page","type-page","status-publish","hentry"],"post_mailing_queue_ids":[],"_links":{"self":[{"href":"https:\/\/agora.xtec.cat\/ceipamat-verdu\/wp-json\/wp\/v2\/pages\/2971","targetHints":{"allow":["GET"]}}],"collection":[{"href":"https:\/\/agora.xtec.cat\/ceipamat-verdu\/wp-json\/wp\/v2\/pages"}],"about":[{"href":"https:\/\/agora.xtec.cat\/ceipamat-verdu\/wp-json\/wp\/v2\/types\/page"}],"author":[{"embeddable":true,"href":"https:\/\/agora.xtec.cat\/ceipamat-verdu\/wp-json\/wp\/v2\/users\/7"}],"replies":[{"embeddable":true,"href":"https:\/\/agora.xtec.cat\/ceipamat-verdu\/wp-json\/wp\/v2\/comments?post=2971"}],"version-history":[{"count":2,"href":"https:\/\/agora.xtec.cat\/ceipamat-verdu\/wp-json\/wp\/v2\/pages\/2971\/revisions"}],"predecessor-version":[{"id":3057,"href":"https:\/\/agora.xtec.cat\/ceipamat-verdu\/wp-json\/wp\/v2\/pages\/2971\/revisions\/3057"}],"up":[{"embeddable":true,"href":"https:\/\/agora.xtec.cat\/ceipamat-verdu\/wp-json\/wp\/v2\/pages\/64"}],"wp:attachment":[{"href":"https:\/\/agora.xtec.cat\/ceipamat-verdu\/wp-json\/wp\/v2\/media?parent=2971"}],"curies":[{"name":"wp","href":"https:\/\/api.w.org\/{rel}","templated":true}]}}