{"id":2969,"date":"2025-07-11T15:41:16","date_gmt":"2025-07-11T13:41:16","guid":{"rendered":"https:\/\/agora.xtec.cat\/ceipamat-verdu\/?page_id=2969"},"modified":"2026-02-03T13:50:05","modified_gmt":"2026-02-03T12:50:05","slug":"apadrinaments-lectors","status":"publish","type":"page","link":"https:\/\/agora.xtec.cat\/ceipamat-verdu\/projecte-educatiu\/apadrinaments-lectors\/","title":{"rendered":"Apadrinament lectors"},"content":{"rendered":"\r\n\t<div class=\"slideshow_container slideshow_container_style-light\" style=\"height: 300px; \" data-slideshow-id=\"3047\" data-style-name=\"style-light\" data-style-version=\"2.3.1\" >\r\n\r\n\t\t\t\t\t<div class=\"slideshow_loading_icon\"><\/div>\r\n\t\t\r\n\t\t<div class=\"slideshow_content\" style=\"display: none;\">\r\n\r\n\t\t\t<div class=\"slideshow_view\">\r\n\t\t\t\t<div class=\"slideshow_slide slideshow_slide_image\">\r\n\t\t\t\t\t\t\t\t\t\t\t<img src=\"https:\/\/agora.xtec.cat\/ceipamat-verdu\/wp-content\/uploads\/usu2365\/2023\/10\/IMG_1236-scaled.jpg\" alt=\"IMG_1236\" width=\"2560\" height=\"1920\" \/>\r\n\t\t\t\t\t\t\t\t\t\t<div class=\"slideshow_description_box slideshow_transparent\">\r\n\t\t\t\t\t\t<div class=\"slideshow_title\">IMG_1236<\/div>\t\t\t\t\t\t\t\t\t\t\t<\/div>\r\n\t\t\t\t<\/div>\r\n\r\n\t\t\t\t\t\t<div style=\"clear: both;\"><\/div><\/div>\r\n\t\t<\/div>\r\n\r\n\t\t<div class=\"slideshow_controlPanel slideshow_transparent\" style=\"display: none;\"><ul><li class=\"slideshow_togglePlay\" data-play-text=\"Visualitza\" data-pause-text=\"Pausa\"><\/li><\/ul><\/div>\r\n\r\n\t\t<div class=\"slideshow_button slideshow_previous slideshow_transparent\" role=\"button\" data-previous-text=\"Anterior\" style=\"display: none;\"><\/div>\r\n\t\t<div class=\"slideshow_button slideshow_next slideshow_transparent\" role=\"button\" data-next-text=\"Seg\u00fcent\" style=\"display: none;\"><\/div>\r\n\r\n\t\t<div class=\"slideshow_pagination\" style=\"display: none;\" data-go-to-text=\"V\u00e9s a la diapositiva\"><div class=\"slideshow_pagination_center\"><\/div><\/div>\r\n\r\n\t\t<!-- WordPress Slideshow Version 2.3.1 -->\r\n\r\n\t\t\t<\/div>\r\n\r\n\n<p class=\"font_8\"><strong>L\u2019apadrinament lecto<\/strong>r \u00e9s una activitat cooperativa que es realitza en parelles formades per alumnes grans amb alumnes petits.<\/p>\n<p class=\"font_8\">El fet de ser padr\u00ed de lectura representa que l\u2019alumne padr\u00ed adquireix el comprom\u00eds principal de vetllar per l\u2019aprenentatge lector del seu fillol. que s\u2019esta iniciant n el m\u00f3n de la lectura.<\/p>\n<p class=\"font_8\">L\u2019activitat \u00e9s realitza diversos cops per trimestre a l\u2019edifici dels alumnes d\u2019infantil. La primera sessi\u00f3 serveix perqu\u00e8 les noves parelles de lectura es coneguin, intercanviin impressions i signin el contracte de padr\u00ed i fillol de lectura.<\/p>\n<h5 class=\"font_8\"><strong>OBJECTIUS:<\/strong><\/h5>\n<p class=\"font_8\">Amb aquesta activitat estem treballant els seg\u00fcents objectius:<\/p>\n<p class=\"font_8\">\u00a0\u2013\u00a0Crear contextos significatius d\u2019aprenentatge.<\/p>\n<p class=\"font_8\">\u00a0\u2013 Establir lligams afectius entre padrins i fillols al voltant\u00a0de la lectura.<\/p>\n<p class=\"font_8\">\u00a0\u2013 Educar en la responsabilitat i el comprom\u00eds.<br \/>\n\u2013 Treballar la cooperaci\u00f3 entre els cicles.<\/p>\n<p class=\"font_8\">\u00a0\u2013 Generar una experi\u00e8ncia positiva i plaent de lectura<\/p>\n","protected":false},"excerpt":{"rendered":"<p>L\u2019apadrinament lector \u00e9s una activitat cooperativa que es realitza en parelles formades per alumnes grans amb alumnes petits. El fet de ser padr\u00ed de lectura representa que l\u2019alumne padr\u00ed adquireix el comprom\u00eds principal de vetllar per l\u2019aprenentatge lector del seu fillol. que s\u2019esta iniciant n el m\u00f3n de la lectura. L\u2019activitat \u00e9s realitza diversos cops [&hellip;]<\/p>\n","protected":false},"author":7,"featured_media":0,"parent":64,"menu_order":0,"comment_status":"closed","ping_status":"closed","template":"","meta":{"_bbp_topic_count":0,"_bbp_reply_count":0,"_bbp_total_topic_count":0,"_bbp_total_reply_count":0,"_bbp_voice_count":0,"_bbp_anonymous_reply_count":0,"_bbp_topic_count_hidden":0,"_bbp_reply_count_hidden":0,"_bbp_forum_subforum_count":0,"site-sidebar-layout":"default","site-content-layout":"","ast-site-content-layout":"default","site-content-style":"default","site-sidebar-style":"default","ast-global-header-display":"","ast-banner-title-visibility":"","ast-main-header-display":"","ast-hfb-above-header-display":"","ast-hfb-below-header-display":"","ast-hfb-mobile-header-display":"","site-post-title":"","ast-breadcrumbs-content":"","ast-featured-img":"","footer-sml-layout":"","theme-transparent-header-meta":"default","adv-header-id-meta":"","stick-header-meta":"","header-above-stick-meta":"","header-main-stick-meta":"","header-below-stick-meta":"","astra-migrate-meta-layouts":"set","ast-page-background-enabled":"default","ast-page-background-meta":{"desktop":{"background-color":"var(--ast-global-color-4)","background-image":"","background-repeat":"repeat","background-position":"center center","background-size":"auto","background-attachment":"scroll","background-type":"","background-media":"","overlay-type":"","overlay-color":"","overlay-opacity":"","overlay-gradient":""},"tablet":{"background-color":"","background-image":"","background-repeat":"repeat","background-position":"center center","background-size":"auto","background-attachment":"scroll","background-type":"","background-media":"","overlay-type":"","overlay-color":"","overlay-opacity":"","overlay-gradient":""},"mobile":{"background-color":"","background-image":"","background-repeat":"repeat","background-position":"center center","background-size":"auto","background-attachment":"scroll","background-type":"","background-media":"","overlay-type":"","overlay-color":"","overlay-opacity":"","overlay-gradient":""}},"ast-content-background-meta":{"desktop":{"background-color":"var(--ast-global-color-5)","background-image":"","background-repeat":"repeat","background-position":"center center","background-size":"auto","background-attachment":"scroll","background-type":"","background-media":"","overlay-type":"","overlay-color":"","overlay-opacity":"","overlay-gradient":""},"tablet":{"background-color":"var(--ast-global-color-5)","background-image":"","background-repeat":"repeat","background-position":"center center","background-size":"auto","background-attachment":"scroll","background-type":"","background-media":"","overlay-type":"","overlay-color":"","overlay-opacity":"","overlay-gradient":""},"mobile":{"background-color":"var(--ast-global-color-5)","background-image":"","background-repeat":"repeat","background-position":"center center","background-size":"auto","background-attachment":"scroll","background-type":"","background-media":"","overlay-type":"","overlay-color":"","overlay-opacity":"","overlay-gradient":""}},"footnotes":""},"class_list":["post-2969","page","type-page","status-publish","hentry"],"post_mailing_queue_ids":[],"_links":{"self":[{"href":"https:\/\/agora.xtec.cat\/ceipamat-verdu\/wp-json\/wp\/v2\/pages\/2969","targetHints":{"allow":["GET"]}}],"collection":[{"href":"https:\/\/agora.xtec.cat\/ceipamat-verdu\/wp-json\/wp\/v2\/pages"}],"about":[{"href":"https:\/\/agora.xtec.cat\/ceipamat-verdu\/wp-json\/wp\/v2\/types\/page"}],"author":[{"embeddable":true,"href":"https:\/\/agora.xtec.cat\/ceipamat-verdu\/wp-json\/wp\/v2\/users\/7"}],"replies":[{"embeddable":true,"href":"https:\/\/agora.xtec.cat\/ceipamat-verdu\/wp-json\/wp\/v2\/comments?post=2969"}],"version-history":[{"count":5,"href":"https:\/\/agora.xtec.cat\/ceipamat-verdu\/wp-json\/wp\/v2\/pages\/2969\/revisions"}],"predecessor-version":[{"id":3690,"href":"https:\/\/agora.xtec.cat\/ceipamat-verdu\/wp-json\/wp\/v2\/pages\/2969\/revisions\/3690"}],"up":[{"embeddable":true,"href":"https:\/\/agora.xtec.cat\/ceipamat-verdu\/wp-json\/wp\/v2\/pages\/64"}],"wp:attachment":[{"href":"https:\/\/agora.xtec.cat\/ceipamat-verdu\/wp-json\/wp\/v2\/media?parent=2969"}],"curies":[{"name":"wp","href":"https:\/\/api.w.org\/{rel}","templated":true}]}}