{"id":2964,"date":"2025-07-11T15:38:02","date_gmt":"2025-07-11T13:38:02","guid":{"rendered":"https:\/\/agora.xtec.cat\/ceipamat-verdu\/?page_id=2964"},"modified":"2026-03-01T13:34:07","modified_gmt":"2026-03-01T12:34:07","slug":"ambients-daprenentage","status":"publish","type":"page","link":"https:\/\/agora.xtec.cat\/ceipamat-verdu\/projecte-educatiu\/ambients-daprenentage\/","title":{"rendered":"Ambients d&#8217;aprenentatge"},"content":{"rendered":"\r\n\t<div class=\"slideshow_container slideshow_container_style-light\" style=\"height: 400px; \" data-slideshow-id=\"1035\" data-style-name=\"style-light\" data-style-version=\"2.3.1\" >\r\n\r\n\t\t\t\t\t<div class=\"slideshow_loading_icon\"><\/div>\r\n\t\t\r\n\t\t<div class=\"slideshow_content\" style=\"display: none;\">\r\n\r\n\t\t\t<div class=\"slideshow_view\">\r\n\t\t\t\t<div class=\"slideshow_slide slideshow_slide_image\">\r\n\t\t\t\t\t\t\t\t\t\t\t<img src=\"https:\/\/agora.xtec.cat\/ceipamat-verdu\/wp-content\/uploads\/usu2365\/2026\/02\/1769027696834.jpg\" alt=\"1769027696834\" width=\"1064\" height=\"491\" \/>\r\n\t\t\t\t\t\t\t\t\t\t<div class=\"slideshow_description_box slideshow_transparent\">\r\n\t\t\t\t\t\t<div class=\"slideshow_title\">1769027696834<\/div>\t\t\t\t\t\t\t\t\t\t\t<\/div>\r\n\t\t\t\t<\/div>\r\n\r\n\t\t\t\t\t\t<div style=\"clear: both;\"><\/div><\/div><div class=\"slideshow_view\">\r\n\t\t\t\t<div class=\"slideshow_slide slideshow_slide_image\">\r\n\t\t\t\t\t\t\t\t\t\t\t<img src=\"https:\/\/agora.xtec.cat\/ceipamat-verdu\/wp-content\/uploads\/usu2365\/2026\/02\/1771450402737.jpg\" alt=\"1771450402737\" width=\"1064\" height=\"491\" \/>\r\n\t\t\t\t\t\t\t\t\t\t<div class=\"slideshow_description_box slideshow_transparent\">\r\n\t\t\t\t\t\t<div class=\"slideshow_title\">1771450402737<\/div>\t\t\t\t\t\t\t\t\t\t\t<\/div>\r\n\t\t\t\t<\/div>\r\n\r\n\t\t\t\t\t\t<div style=\"clear: both;\"><\/div><\/div><div class=\"slideshow_view\">\r\n\t\t\t\t<div class=\"slideshow_slide slideshow_slide_image\">\r\n\t\t\t\t\t\t\t\t\t\t\t<img src=\"https:\/\/agora.xtec.cat\/ceipamat-verdu\/wp-content\/uploads\/usu2365\/2026\/02\/1771967558693.jpg\" alt=\"1771967558693\" width=\"1017\" height=\"470\" \/>\r\n\t\t\t\t\t\t\t\t\t\t<div class=\"slideshow_description_box slideshow_transparent\">\r\n\t\t\t\t\t\t<div class=\"slideshow_title\">1771967558693<\/div>\t\t\t\t\t\t\t\t\t\t\t<\/div>\r\n\t\t\t\t<\/div>\r\n\r\n\t\t\t\t\t\t<div style=\"clear: both;\"><\/div><\/div><div class=\"slideshow_view\">\r\n\t\t\t\t<div class=\"slideshow_slide slideshow_slide_image\">\r\n\t\t\t\t\t\t\t\t\t\t\t<img src=\"https:\/\/agora.xtec.cat\/ceipamat-verdu\/wp-content\/uploads\/usu2365\/2026\/02\/IMG_0188.jpeg\" alt=\"IMG_0188\" width=\"1048\" height=\"786\" \/>\r\n\t\t\t\t\t\t\t\t\t\t<div class=\"slideshow_description_box slideshow_transparent\">\r\n\t\t\t\t\t\t<div class=\"slideshow_title\">IMG_0188<\/div>\t\t\t\t\t\t\t\t\t\t\t<\/div>\r\n\t\t\t\t<\/div>\r\n\r\n\t\t\t\t\t\t<div style=\"clear: both;\"><\/div><\/div><div class=\"slideshow_view\">\r\n\t\t\t\t<div class=\"slideshow_slide slideshow_slide_image\">\r\n\t\t\t\t\t\t\t\t\t\t\t<img src=\"https:\/\/agora.xtec.cat\/ceipamat-verdu\/wp-content\/uploads\/usu2365\/2026\/02\/IMG_6762.jpg\" alt=\"IMG_6762\" width=\"1089\" height=\"816\" \/>\r\n\t\t\t\t\t\t\t\t\t\t<div class=\"slideshow_description_box slideshow_transparent\">\r\n\t\t\t\t\t\t<div class=\"slideshow_title\">IMG_6762<\/div>\t\t\t\t\t\t\t\t\t\t\t<\/div>\r\n\t\t\t\t<\/div>\r\n\r\n\t\t\t\t\t\t<div style=\"clear: both;\"><\/div><\/div><div class=\"slideshow_view\">\r\n\t\t\t\t<div class=\"slideshow_slide slideshow_slide_image\">\r\n\t\t\t\t\t\t\t\t\t\t\t<img src=\"https:\/\/agora.xtec.cat\/ceipamat-verdu\/wp-content\/uploads\/usu2365\/2026\/02\/IMG_8824.jpeg\" alt=\"IMG_8824\" width=\"1058\" height=\"1411\" \/>\r\n\t\t\t\t\t\t\t\t\t\t<div class=\"slideshow_description_box slideshow_transparent\">\r\n\t\t\t\t\t\t<div class=\"slideshow_title\">IMG_8824<\/div>\t\t\t\t\t\t\t\t\t\t\t<\/div>\r\n\t\t\t\t<\/div>\r\n\r\n\t\t\t\t\t\t<div style=\"clear: both;\"><\/div><\/div><div class=\"slideshow_view\">\r\n\t\t\t\t<div class=\"slideshow_slide slideshow_slide_image\">\r\n\t\t\t\t\t\t\t\t\t\t\t<img src=\"https:\/\/agora.xtec.cat\/ceipamat-verdu\/wp-content\/uploads\/usu2365\/2026\/02\/IMG_9184.jpeg\" alt=\"IMG_9184\" width=\"1008\" height=\"756\" \/>\r\n\t\t\t\t\t\t\t\t\t\t<div class=\"slideshow_description_box slideshow_transparent\">\r\n\t\t\t\t\t\t<div class=\"slideshow_title\">IMG_9184<\/div>\t\t\t\t\t\t\t\t\t\t\t<\/div>\r\n\t\t\t\t<\/div>\r\n\r\n\t\t\t\t\t\t<div style=\"clear: both;\"><\/div><\/div><div class=\"slideshow_view\">\r\n\t\t\t\t<div class=\"slideshow_slide slideshow_slide_image\">\r\n\t\t\t\t\t\t\t\t\t\t\t<img src=\"https:\/\/agora.xtec.cat\/ceipamat-verdu\/wp-content\/uploads\/usu2365\/2026\/02\/IMG_20251015_155329.jpg\" alt=\"IMG_20251015_155329\" width=\"1065\" height=\"799\" \/>\r\n\t\t\t\t\t\t\t\t\t\t<div class=\"slideshow_description_box slideshow_transparent\">\r\n\t\t\t\t\t\t<div class=\"slideshow_title\">IMG_20251015_155329<\/div>\t\t\t\t\t\t\t\t\t\t\t<\/div>\r\n\t\t\t\t<\/div>\r\n\r\n\t\t\t\t\t\t<div style=\"clear: both;\"><\/div><\/div><div class=\"slideshow_view\">\r\n\t\t\t\t<div class=\"slideshow_slide slideshow_slide_image\">\r\n\t\t\t\t\t\t\t\t\t\t\t<img src=\"https:\/\/agora.xtec.cat\/ceipamat-verdu\/wp-content\/uploads\/usu2365\/2026\/02\/IMG_20251015_155501.jpg\" alt=\"IMG_20251015_155501\" width=\"1024\" height=\"768\" \/>\r\n\t\t\t\t\t\t\t\t\t\t<div class=\"slideshow_description_box slideshow_transparent\">\r\n\t\t\t\t\t\t<div class=\"slideshow_title\">IMG_20251015_155501<\/div>\t\t\t\t\t\t\t\t\t\t\t<\/div>\r\n\t\t\t\t<\/div>\r\n\r\n\t\t\t\t\t\t<div style=\"clear: both;\"><\/div><\/div><div class=\"slideshow_view\">\r\n\t\t\t\t<div class=\"slideshow_slide slideshow_slide_image\">\r\n\t\t\t\t\t\t\t\t\t\t\t<img src=\"https:\/\/agora.xtec.cat\/ceipamat-verdu\/wp-content\/uploads\/usu2365\/2026\/02\/IMG_20260119_152939.jpg\" alt=\"IMG_20260119_152939\" width=\"1014\" height=\"1352\" \/>\r\n\t\t\t\t\t\t\t\t\t\t<div class=\"slideshow_description_box slideshow_transparent\">\r\n\t\t\t\t\t\t<div class=\"slideshow_title\">IMG_20260119_152939<\/div>\t\t\t\t\t\t\t\t\t\t\t<\/div>\r\n\t\t\t\t<\/div>\r\n\r\n\t\t\t\t\t\t<div style=\"clear: both;\"><\/div><\/div><div class=\"slideshow_view\">\r\n\t\t\t\t<div class=\"slideshow_slide slideshow_slide_image\">\r\n\t\t\t\t\t\t\t\t\t\t\t<img src=\"https:\/\/agora.xtec.cat\/ceipamat-verdu\/wp-content\/uploads\/usu2365\/2026\/02\/IMG_20260119_155539.jpg\" alt=\"IMG_20260119_155539\" width=\"1061\" height=\"796\" \/>\r\n\t\t\t\t\t\t\t\t\t\t<div class=\"slideshow_description_box slideshow_transparent\">\r\n\t\t\t\t\t\t<div class=\"slideshow_title\">IMG_20260119_155539<\/div>\t\t\t\t\t\t\t\t\t\t\t<\/div>\r\n\t\t\t\t<\/div>\r\n\r\n\t\t\t\t\t\t<div style=\"clear: both;\"><\/div><\/div><div class=\"slideshow_view\">\r\n\t\t\t\t<div class=\"slideshow_slide slideshow_slide_image\">\r\n\t\t\t\t\t\t\t\t\t\t\t<img src=\"https:\/\/agora.xtec.cat\/ceipamat-verdu\/wp-content\/uploads\/usu2365\/2026\/02\/IMG_20260121_154842.jpg\" alt=\"IMG_20260121_154842\" width=\"1061\" height=\"796\" \/>\r\n\t\t\t\t\t\t\t\t\t\t<div class=\"slideshow_description_box slideshow_transparent\">\r\n\t\t\t\t\t\t<div class=\"slideshow_title\">IMG_20260121_154842<\/div>\t\t\t\t\t\t\t\t\t\t\t<\/div>\r\n\t\t\t\t<\/div>\r\n\r\n\t\t\t\t\t\t<div style=\"clear: both;\"><\/div><\/div><div class=\"slideshow_view\">\r\n\t\t\t\t<div class=\"slideshow_slide slideshow_slide_image\">\r\n\t\t\t\t\t\t\t\t\t\t\t<img src=\"https:\/\/agora.xtec.cat\/ceipamat-verdu\/wp-content\/uploads\/usu2365\/2026\/02\/IMG_20260213_113301.jpg\" alt=\"IMG_20260213_113301\" width=\"1020\" height=\"765\" \/>\r\n\t\t\t\t\t\t\t\t\t\t<div class=\"slideshow_description_box slideshow_transparent\">\r\n\t\t\t\t\t\t<div class=\"slideshow_title\">IMG_20260213_113301<\/div>\t\t\t\t\t\t\t\t\t\t\t<\/div>\r\n\t\t\t\t<\/div>\r\n\r\n\t\t\t\t\t\t<div style=\"clear: both;\"><\/div><\/div><div class=\"slideshow_view\">\r\n\t\t\t\t<div class=\"slideshow_slide slideshow_slide_image\">\r\n\t\t\t\t\t\t\t\t\t\t\t<img src=\"https:\/\/agora.xtec.cat\/ceipamat-verdu\/wp-content\/uploads\/usu2365\/2023\/10\/IMG_20181121_093958-copia-scaled.jpg\" alt=\"edf\" width=\"2560\" height=\"1920\" \/>\r\n\t\t\t\t\t\t\t\t\t\t<div class=\"slideshow_description_box slideshow_transparent\">\r\n\t\t\t\t\t\t<div class=\"slideshow_title\">edf<\/div>\t\t\t\t\t\t\t\t\t\t\t<\/div>\r\n\t\t\t\t<\/div>\r\n\r\n\t\t\t\t\t\t<div style=\"clear: both;\"><\/div><\/div><div class=\"slideshow_view\">\r\n\t\t\t\t<div class=\"slideshow_slide slideshow_slide_image\">\r\n\t\t\t\t\t\t\t\t\t\t\t<img src=\"https:\/\/agora.xtec.cat\/ceipamat-verdu\/wp-content\/uploads\/usu2365\/2023\/10\/IMG_20181114_095015.jpg\" alt=\"cof\" width=\"992\" height=\"744\" \/>\r\n\t\t\t\t\t\t\t\t\t\t<div class=\"slideshow_description_box slideshow_transparent\">\r\n\t\t\t\t\t\t<div class=\"slideshow_title\">cof<\/div>\t\t\t\t\t\t\t\t\t\t\t<\/div>\r\n\t\t\t\t<\/div>\r\n\r\n\t\t\t\t\t\t<div style=\"clear: both;\"><\/div><\/div>\r\n\t\t<\/div>\r\n\r\n\t\t<div class=\"slideshow_controlPanel slideshow_transparent\" style=\"display: none;\"><ul><li class=\"slideshow_togglePlay\" data-play-text=\"Visualitza\" data-pause-text=\"Pausa\"><\/li><\/ul><\/div>\r\n\r\n\t\t<div class=\"slideshow_button slideshow_previous slideshow_transparent\" role=\"button\" data-previous-text=\"Anterior\" style=\"display: none;\"><\/div>\r\n\t\t<div class=\"slideshow_button slideshow_next slideshow_transparent\" role=\"button\" data-next-text=\"Seg\u00fcent\" style=\"display: none;\"><\/div>\r\n\r\n\t\t<div class=\"slideshow_pagination\" style=\"display: none;\" data-go-to-text=\"V\u00e9s a la diapositiva\"><div class=\"slideshow_pagination_center\"><\/div><\/div>\r\n\r\n\t\t<!-- WordPress Slideshow Version 2.3.1 -->\r\n\r\n\t\t\t<\/div>\r\n\r\n\n<p>Els <strong>ambients d\u2019aprenentatge<\/strong> s\u00f3n espais de relaci\u00f3 i comunicaci\u00f3 on a partir de diferents propostes els infants poden actuar, observar, experimentar, construir, inventar, imaginar, compartir, relacionar-se, emocionar-se\u2026i interactuar amb els altres.<\/p>\n<p class=\"font_8\">Aquest plantejament de treball \u00a0respon a la necessitat que mostren els infants de jugar i relacionar-se. \u00c9s una manera de poder donar resposta als interessos i necessitats dels infants i respectar els diferents ritmes d\u2019aprenentatge.<\/p>\n<p class=\"font_8\">Els infants disposen d\u2019un temps d\u2019experi\u00e8ncia activa, constru\u00efda per l\u2019adult, per\u00f2 reconstru\u00efda per ells mateixos, on nens i nenes es reuneixen per explorar diverses possibilitats de joc i dels materials.<\/p>\n<h5><strong>QUINS AMBIENTS FEM EN AQUEST CURS:<\/strong><\/h5>\n<table style=\"border-collapse: collapse; width: 100%;\">\n<tbody>\n<tr>\n<td style=\"width: 50%;\"><a href=\"https:\/\/agora.xtec.cat\/ceipamat-verdu\/wp-content\/uploads\/usu2365\/2026\/02\/IMG_20260119_155539.jpg\"><img loading=\"lazy\" decoding=\"async\" class=\"alignright size-large wp-image-3890\" src=\"https:\/\/agora.xtec.cat\/ceipamat-verdu\/wp-content\/uploads\/usu2365\/2026\/02\/IMG_20260119_155539-1024x768.jpg\" alt=\"\" width=\"1024\" height=\"768\" srcset=\"https:\/\/agora.xtec.cat\/ceipamat-verdu\/wp-content\/uploads\/usu2365\/2026\/02\/IMG_20260119_155539-1024x768.jpg 1024w, https:\/\/agora.xtec.cat\/ceipamat-verdu\/wp-content\/uploads\/usu2365\/2026\/02\/IMG_20260119_155539-300x225.jpg 300w, https:\/\/agora.xtec.cat\/ceipamat-verdu\/wp-content\/uploads\/usu2365\/2026\/02\/IMG_20260119_155539-768x576.jpg 768w, https:\/\/agora.xtec.cat\/ceipamat-verdu\/wp-content\/uploads\/usu2365\/2026\/02\/IMG_20260119_155539.jpg 1061w\" sizes=\"auto, (max-width: 1024px) 100vw, 1024px\" \/><\/a><\/td>\n<td style=\"width: 50%;\"><a href=\"https:\/\/agora.xtec.cat\/ceipamat-verdu\/wp-content\/uploads\/usu2365\/2026\/02\/IMG_0188.jpeg\"><img loading=\"lazy\" decoding=\"async\" class=\"alignright size-large wp-image-3881\" src=\"https:\/\/agora.xtec.cat\/ceipamat-verdu\/wp-content\/uploads\/usu2365\/2026\/02\/IMG_0188-1024x768.jpeg\" alt=\"\" width=\"1024\" height=\"768\" srcset=\"https:\/\/agora.xtec.cat\/ceipamat-verdu\/wp-content\/uploads\/usu2365\/2026\/02\/IMG_0188-1024x768.jpeg 1024w, https:\/\/agora.xtec.cat\/ceipamat-verdu\/wp-content\/uploads\/usu2365\/2026\/02\/IMG_0188-300x225.jpeg 300w, https:\/\/agora.xtec.cat\/ceipamat-verdu\/wp-content\/uploads\/usu2365\/2026\/02\/IMG_0188-768x576.jpeg 768w, https:\/\/agora.xtec.cat\/ceipamat-verdu\/wp-content\/uploads\/usu2365\/2026\/02\/IMG_0188.jpeg 1048w\" sizes=\"auto, (max-width: 1024px) 100vw, 1024px\" \/><\/a><\/td>\n<\/tr>\n<tr>\n<td style=\"width: 50%; text-align: center;\"><a href=\"https:\/\/agora.xtec.cat\/ceipamat-verdu\/ambient-dexperimentacio\/\"><strong>Experimentaci\u00f3<\/strong><\/a><\/td>\n<td style=\"width: 50%; text-align: center;\"><a href=\"https:\/\/agora.xtec.cat\/ceipamat-verdu\/ambient-de-llum-i-foscor\/\"><strong>Llum i foscor<\/strong><\/a><\/td>\n<\/tr>\n<tr>\n<td style=\"width: 50%;\"><a href=\"https:\/\/agora.xtec.cat\/ceipamat-verdu\/wp-content\/uploads\/usu2365\/2026\/02\/IMG_20251015_155501.jpg\"><img loading=\"lazy\" decoding=\"async\" class=\"alignright size-full wp-image-3888\" src=\"https:\/\/agora.xtec.cat\/ceipamat-verdu\/wp-content\/uploads\/usu2365\/2026\/02\/IMG_20251015_155501.jpg\" alt=\"\" width=\"1024\" height=\"768\" srcset=\"https:\/\/agora.xtec.cat\/ceipamat-verdu\/wp-content\/uploads\/usu2365\/2026\/02\/IMG_20251015_155501.jpg 1024w, https:\/\/agora.xtec.cat\/ceipamat-verdu\/wp-content\/uploads\/usu2365\/2026\/02\/IMG_20251015_155501-300x225.jpg 300w, https:\/\/agora.xtec.cat\/ceipamat-verdu\/wp-content\/uploads\/usu2365\/2026\/02\/IMG_20251015_155501-768x576.jpg 768w\" sizes=\"auto, (max-width: 1024px) 100vw, 1024px\" \/><\/a><\/td>\n<td style=\"width: 50%;\"><a href=\"https:\/\/agora.xtec.cat\/ceipamat-verdu\/wp-content\/uploads\/usu2365\/2026\/02\/IMG_20260213_113301.jpg\"><img loading=\"lazy\" decoding=\"async\" class=\"alignright size-full wp-image-3893\" src=\"https:\/\/agora.xtec.cat\/ceipamat-verdu\/wp-content\/uploads\/usu2365\/2026\/02\/IMG_20260213_113301.jpg\" alt=\"\" width=\"1020\" height=\"765\" srcset=\"https:\/\/agora.xtec.cat\/ceipamat-verdu\/wp-content\/uploads\/usu2365\/2026\/02\/IMG_20260213_113301.jpg 1020w, https:\/\/agora.xtec.cat\/ceipamat-verdu\/wp-content\/uploads\/usu2365\/2026\/02\/IMG_20260213_113301-300x225.jpg 300w, https:\/\/agora.xtec.cat\/ceipamat-verdu\/wp-content\/uploads\/usu2365\/2026\/02\/IMG_20260213_113301-768x576.jpg 768w\" sizes=\"auto, (max-width: 1020px) 100vw, 1020px\" \/><\/a><\/td>\n<\/tr>\n<tr>\n<td style=\"width: 50%; text-align: center;\"><a href=\"https:\/\/agora.xtec.cat\/ceipamat-verdu\/ambient-de-minimons\/\"><strong>Minimons<\/strong><\/a><\/td>\n<td style=\"width: 50%; text-align: center;\"><a href=\"https:\/\/agora.xtec.cat\/ceipamat-verdu\/ambient-de-construccions\/\"><strong>Construccions<\/strong><\/a><\/td>\n<\/tr>\n<tr>\n<td style=\"width: 50%;\"><a href=\"https:\/\/agora.xtec.cat\/ceipamat-verdu\/wp-content\/uploads\/usu2365\/2026\/03\/20251117_153104.jpg\"><img loading=\"lazy\" decoding=\"async\" class=\"alignright size-large wp-image-3909\" src=\"https:\/\/agora.xtec.cat\/ceipamat-verdu\/wp-content\/uploads\/usu2365\/2026\/03\/20251117_153104-1024x727.jpg\" alt=\"\" width=\"1024\" height=\"727\" srcset=\"https:\/\/agora.xtec.cat\/ceipamat-verdu\/wp-content\/uploads\/usu2365\/2026\/03\/20251117_153104-1024x727.jpg 1024w, https:\/\/agora.xtec.cat\/ceipamat-verdu\/wp-content\/uploads\/usu2365\/2026\/03\/20251117_153104-300x213.jpg 300w, https:\/\/agora.xtec.cat\/ceipamat-verdu\/wp-content\/uploads\/usu2365\/2026\/03\/20251117_153104-768x545.jpg 768w, https:\/\/agora.xtec.cat\/ceipamat-verdu\/wp-content\/uploads\/usu2365\/2026\/03\/20251117_153104.jpg 1080w\" sizes=\"auto, (max-width: 1024px) 100vw, 1024px\" \/><\/a><\/td>\n<td style=\"width: 50%;\"><a href=\"https:\/\/agora.xtec.cat\/ceipamat-verdu\/wp-content\/uploads\/usu2365\/2026\/03\/IMG_0660.jpg\"><img loading=\"lazy\" decoding=\"async\" class=\"alignright size-large wp-image-3912\" src=\"https:\/\/agora.xtec.cat\/ceipamat-verdu\/wp-content\/uploads\/usu2365\/2026\/03\/IMG_0660-1024x730.jpg\" alt=\"\" width=\"1024\" height=\"730\" srcset=\"https:\/\/agora.xtec.cat\/ceipamat-verdu\/wp-content\/uploads\/usu2365\/2026\/03\/IMG_0660-1024x730.jpg 1024w, https:\/\/agora.xtec.cat\/ceipamat-verdu\/wp-content\/uploads\/usu2365\/2026\/03\/IMG_0660-300x214.jpg 300w, https:\/\/agora.xtec.cat\/ceipamat-verdu\/wp-content\/uploads\/usu2365\/2026\/03\/IMG_0660-768x547.jpg 768w, https:\/\/agora.xtec.cat\/ceipamat-verdu\/wp-content\/uploads\/usu2365\/2026\/03\/IMG_0660.jpg 1071w\" sizes=\"auto, (max-width: 1024px) 100vw, 1024px\" \/><\/a><\/td>\n<\/tr>\n<tr>\n<td style=\"width: 50%; text-align: center;\"><a href=\"https:\/\/agora.xtec.cat\/ceipamat-verdu\/ambient-artistic\/\"><strong>Art\u00edstic<\/strong><\/a><\/td>\n<td style=\"width: 50%; text-align: center;\"><a href=\"https:\/\/agora.xtec.cat\/ceipamat-verdu\/ambient-de-teatre\/\"><strong><span style=\"text-decoration: underline;\">Teatre<\/span><\/strong><\/a><\/td>\n<\/tr>\n<tr>\n<td style=\"width: 50%;\"><a href=\"https:\/\/agora.xtec.cat\/ceipamat-verdu\/wp-content\/uploads\/usu2365\/2026\/03\/1769027696834-1.jpg\"><img loading=\"lazy\" decoding=\"async\" class=\"alignright size-large wp-image-3911\" src=\"https:\/\/agora.xtec.cat\/ceipamat-verdu\/wp-content\/uploads\/usu2365\/2026\/03\/1769027696834-1-1024x683.jpg\" alt=\"\" width=\"1024\" height=\"683\" srcset=\"https:\/\/agora.xtec.cat\/ceipamat-verdu\/wp-content\/uploads\/usu2365\/2026\/03\/1769027696834-1-1024x683.jpg 1024w, https:\/\/agora.xtec.cat\/ceipamat-verdu\/wp-content\/uploads\/usu2365\/2026\/03\/1769027696834-1-300x200.jpg 300w, https:\/\/agora.xtec.cat\/ceipamat-verdu\/wp-content\/uploads\/usu2365\/2026\/03\/1769027696834-1-768x512.jpg 768w, https:\/\/agora.xtec.cat\/ceipamat-verdu\/wp-content\/uploads\/usu2365\/2026\/03\/1769027696834-1.jpg 1073w\" sizes=\"auto, (max-width: 1024px) 100vw, 1024px\" \/><\/a><\/td>\n<td style=\"width: 50%;\"><\/td>\n<\/tr>\n<tr>\n<td style=\"width: 50%; text-align: center;\"><a href=\"https:\/\/agora.xtec.cat\/ceipamat-verdu\/ambient-de-joc-simbolic\/\"><strong>Joc Simb\u00f2lic<\/strong><\/a><\/td>\n<td style=\"width: 50%;\"><\/td>\n<\/tr>\n<\/tbody>\n<\/table>\n<h5 class=\"font_8\"><strong>QUINS OBJECTIUS ENS PLANTEGEM?<\/strong><\/h5>\n<p><span style=\"font-weight: 400;\">\u2013 Afavorir les relacions socials i de conviv\u00e8ncia entre els infants de diferents edats.<\/span><\/p>\n<p><span style=\"font-weight: 400;\">\u2013 Desenvolupar els h\u00e0bits socials; compartir espais, jocs, joguines, posar-se d\u2019acord els uns amb els altres, establir normes de comportament i de joc\u2026<\/span><\/p>\n<p><span style=\"font-weight: 400;\">\u2013 Desenvolupar el llenguatge oral: l\u00e8xic, espontane\u00eftat en la parla\u2026<\/span><\/p>\n<p><span style=\"font-weight: 400;\">\u2013 Aprendre dels companys\/es, no nom\u00e9s de l\u2019adult.<\/span><\/p>\n<p><span style=\"font-weight: 400;\">\u2013 Oferir als infants un espai de joc on poder investigar, observar, manipular\u2026de manera constant i lliure sistem\u00e0ticament.<\/span><\/p>\n<p><span style=\"font-weight: 400;\">\u2013 Expressar els seus sentiments, emocions i sensacions\u00a0 lliurement.<\/span><\/p>\n<p><span style=\"font-weight: 400;\">\u2013 Respectar a les persones i els materials.<\/span><\/p>\n<h5><\/h5>\n<h5 class=\"font_8\"><strong><span class=\"wixGuard\">\u200b<\/span>FUNCIONAMENT DELS AMBIENTS<\/strong><\/h5>\n<p class=\"font_8\"><span class=\"wixGuard\">\u200b<\/span>Els dimecres al mat\u00ed fem la sessi\u00f3 d&#8217;ambients. Els infants\u00a0 s\u00f3n els qui trien on volen anar abans de comen\u00e7ar la sessi\u00f3 al mat\u00ed. \u00a0Cada grup es reuneix en una rotllana quan arriba al mat\u00ed a l&#8217;aula i els nens i nenes van triant l&#8217;ambient on volen anar en aquella sessi\u00f3 amb una pin\u00e7a amb el color corresponent a l&#8217;ambient que volen. Un cop tots els nens i nenes han triat el seu ambient i tenen la seva pin\u00e7a van a l&#8217;aula on els hi toca anar, cadascuna d\u2019elles identificada amb un distintiu a la porta.<\/p>\n<p class=\"font_8\"><span class=\"wixGuard\">\u200b<\/span>A cada ambient hi ha uns 11 infants, aix\u00ed que la ratio \u00e9s m\u00e9s baixa i els podem atendre d\u2019una manera m\u00e9s individualitzada.<\/p>\n<h5><\/h5>\n<h5 class=\"font_8\"><strong>DIN\u00c0MICA DE LA SESSI\u00d3 D&#8217;AMBIENTS:<\/strong><\/h5>\n<ul class=\"font_8\">\n<li>\n<p class=\"font_8\">A l\u2019entrar a l\u2019ambient es far\u00e0 una petita conversa en rotllana per parlar sobre les propostes per aquella sessi\u00f3 i per recordar quines s\u00f3n les consignes que cal seguir, all\u00f2 a qu\u00e8 pensen jugar, quins rols es desenvolupen en aquell ambient\u2026<\/p>\n<\/li>\n<li>\n<p class=\"font_8\">Joc m\u00e9s lliure per part dels infants on els mestres fan de guia i de suggeridors de propostes.<\/p>\n<\/li>\n<li>\n<p class=\"font_8\">Per finalitzar, es tornar\u00e0 a fer una conversa per explicar les seves experi\u00e8ncies i valorar amb uns pompons de colors com s&#8217;ho han passat.<\/p>\n<\/li>\n<\/ul>\n","protected":false},"excerpt":{"rendered":"<p>Els ambients d\u2019aprenentatge s\u00f3n espais de relaci\u00f3 i comunicaci\u00f3 on a partir de diferents propostes els infants poden actuar, observar, experimentar, construir, inventar, imaginar, compartir, relacionar-se, emocionar-se\u2026i interactuar amb els altres. Aquest plantejament de treball \u00a0respon a la necessitat que mostren els infants de jugar i relacionar-se. \u00c9s una manera de poder donar resposta als [&hellip;]<\/p>\n","protected":false},"author":7,"featured_media":0,"parent":64,"menu_order":0,"comment_status":"closed","ping_status":"closed","template":"","meta":{"_bbp_topic_count":0,"_bbp_reply_count":0,"_bbp_total_topic_count":0,"_bbp_total_reply_count":0,"_bbp_voice_count":0,"_bbp_anonymous_reply_count":0,"_bbp_topic_count_hidden":0,"_bbp_reply_count_hidden":0,"_bbp_forum_subforum_count":0,"site-sidebar-layout":"default","site-content-layout":"","ast-site-content-layout":"default","site-content-style":"default","site-sidebar-style":"default","ast-global-header-display":"","ast-banner-title-visibility":"","ast-main-header-display":"","ast-hfb-above-header-display":"","ast-hfb-below-header-display":"","ast-hfb-mobile-header-display":"","site-post-title":"","ast-breadcrumbs-content":"","ast-featured-img":"","footer-sml-layout":"","theme-transparent-header-meta":"default","adv-header-id-meta":"","stick-header-meta":"","header-above-stick-meta":"","header-main-stick-meta":"","header-below-stick-meta":"","astra-migrate-meta-layouts":"set","ast-page-background-enabled":"default","ast-page-background-meta":{"desktop":{"background-color":"var(--ast-global-color-4)","background-image":"","background-repeat":"repeat","background-position":"center center","background-size":"auto","background-attachment":"scroll","background-type":"","background-media":"","overlay-type":"","overlay-color":"","overlay-opacity":"","overlay-gradient":""},"tablet":{"background-color":"","background-image":"","background-repeat":"repeat","background-position":"center center","background-size":"auto","background-attachment":"scroll","background-type":"","background-media":"","overlay-type":"","overlay-color":"","overlay-opacity":"","overlay-gradient":""},"mobile":{"background-color":"","background-image":"","background-repeat":"repeat","background-position":"center center","background-size":"auto","background-attachment":"scroll","background-type":"","background-media":"","overlay-type":"","overlay-color":"","overlay-opacity":"","overlay-gradient":""}},"ast-content-background-meta":{"desktop":{"background-color":"var(--ast-global-color-5)","background-image":"","background-repeat":"repeat","background-position":"center center","background-size":"auto","background-attachment":"scroll","background-type":"","background-media":"","overlay-type":"","overlay-color":"","overlay-opacity":"","overlay-gradient":""},"tablet":{"background-color":"var(--ast-global-color-5)","background-image":"","background-repeat":"repeat","background-position":"center center","background-size":"auto","background-attachment":"scroll","background-type":"","background-media":"","overlay-type":"","overlay-color":"","overlay-opacity":"","overlay-gradient":""},"mobile":{"background-color":"var(--ast-global-color-5)","background-image":"","background-repeat":"repeat","background-position":"center center","background-size":"auto","background-attachment":"scroll","background-type":"","background-media":"","overlay-type":"","overlay-color":"","overlay-opacity":"","overlay-gradient":""}},"footnotes":""},"class_list":["post-2964","page","type-page","status-publish","hentry"],"post_mailing_queue_ids":[],"_links":{"self":[{"href":"https:\/\/agora.xtec.cat\/ceipamat-verdu\/wp-json\/wp\/v2\/pages\/2964","targetHints":{"allow":["GET"]}}],"collection":[{"href":"https:\/\/agora.xtec.cat\/ceipamat-verdu\/wp-json\/wp\/v2\/pages"}],"about":[{"href":"https:\/\/agora.xtec.cat\/ceipamat-verdu\/wp-json\/wp\/v2\/types\/page"}],"author":[{"embeddable":true,"href":"https:\/\/agora.xtec.cat\/ceipamat-verdu\/wp-json\/wp\/v2\/users\/7"}],"replies":[{"embeddable":true,"href":"https:\/\/agora.xtec.cat\/ceipamat-verdu\/wp-json\/wp\/v2\/comments?post=2964"}],"version-history":[{"count":5,"href":"https:\/\/agora.xtec.cat\/ceipamat-verdu\/wp-json\/wp\/v2\/pages\/2964\/revisions"}],"predecessor-version":[{"id":3913,"href":"https:\/\/agora.xtec.cat\/ceipamat-verdu\/wp-json\/wp\/v2\/pages\/2964\/revisions\/3913"}],"up":[{"embeddable":true,"href":"https:\/\/agora.xtec.cat\/ceipamat-verdu\/wp-json\/wp\/v2\/pages\/64"}],"wp:attachment":[{"href":"https:\/\/agora.xtec.cat\/ceipamat-verdu\/wp-json\/wp\/v2\/media?parent=2964"}],"curies":[{"name":"wp","href":"https:\/\/api.w.org\/{rel}","templated":true}]}}