{"id":2258,"date":"2025-07-10T23:20:12","date_gmt":"2025-07-10T21:20:12","guid":{"rendered":"https:\/\/agora.xtec.cat\/ceipamat-verdu\/?page_id=2258"},"modified":"2025-07-11T22:53:26","modified_gmt":"2025-07-11T20:53:26","slug":"afi","status":"publish","type":"page","link":"https:\/\/agora.xtec.cat\/ceipamat-verdu\/afi\/","title":{"rendered":"AFI"},"content":{"rendered":"<table class=\"wp-list-table widefat fixed striped table-view-list tags\">\n<tbody id=\"the-list\" data-wp-lists=\"list:tag\">\n<tr id=\"tag-7\" class=\"level-0\">\n<td class=\"description column-description\" data-colname=\"Descripci\u00f3\">\n<h5 class=\"font_2\"><strong><span class=\"color_5\">QU\u00c8 \u00c9S L\u2019AFI?<\/span><\/strong><\/h5>\n<p class=\"font_8\">L\u2019AFI \u00e9s una associaci\u00f3 sense \u00e0nim de lucre formada per les fam\u00edlies d\u2019infants de l\u2019escola, que hi col\u00b7laboren de forma volunt\u00e0ria per al bon funcionament\u00a0 i la qualitat de l\u2019ensenyament, sempre en col\u00b7laboraci\u00f3 amb el professorat. Alhora t\u00e9 una representaci\u00f3 directa al Consell Escolar.<\/p>\n<h5><strong>HORARIS d\u2019ATENCI\u00d3 AL DESPATX<\/strong><\/h5>\n<table>\n<tbody>\n<tr style=\"border-color: #000000;\">\n<td style=\"background-color: #f7a705; border-color: #000000;\"><strong>MATI<\/strong><\/td>\n<td style=\"border-color: #000000;\">Dimarts i dijous de 9:00 a 10:00<\/td>\n<\/tr>\n<tr style=\"border-color: #000000;\">\n<td style=\"background-color: #f7a705; border-color: #000000;\"><strong>TARDA<\/strong><\/td>\n<td style=\"border-color: #000000;\">Dilluns, dimecres i divendres de 15:00 a 16:00<\/td>\n<\/tr>\n<\/tbody>\n<\/table>\n<h5><\/h5>\n<h5><strong>QUI SOM:<\/strong><\/h5>\n<p>La Junta de l\u2019AFI est\u00e0 formada per la Presidenta, la Secret\u00e0ria, la Tresorera i els vocals, que coordinen els grups de treball o comissions. Tamb\u00e9 s\u00f3n membres actius els pares i mares col\u00b7laboradors i les delegades de cada curs. Us volem animar a participar d\u2019una manera activa a l\u2019associaci\u00f3.<\/p>\n<table>\n<tbody>\n<tr style=\"background-color: #f7a705;\">\n<td style=\"border-color: #030000;\"><strong>PRESIDENTA<\/strong><\/td>\n<td style=\"border-color: #030000;\"><strong>VICEPRESIDENTA<\/strong><\/td>\n<td style=\"border-color: #030000;\"><strong>SECRET\u00c0RIA<\/strong><\/td>\n<td style=\"border-color: #030000;\"><strong>TRESORERA<\/strong><\/td>\n<\/tr>\n<tr>\n<td style=\"border-color: #030000;\"><strong>Nabila I5<\/strong><\/td>\n<td style=\"border-color: #030000;\"><strong>Marta I4A<\/strong><\/td>\n<td style=\"border-color: #030000;\"><strong>S\u00f3nia 6\u00e8<\/strong><\/td>\n<td style=\"border-color: #030000;\"><strong>Vanessa I4B<\/strong><\/td>\n<\/tr>\n<\/tbody>\n<\/table>\n<h5><\/h5>\n<h5><strong>COMISSIONS:<\/strong><\/h5>\n<table style=\"width: 92.158682%;\">\n<tbody>\n<tr style=\"background-color: #f7a705;\">\n<td style=\"width: 18.297332%; border-color: #000000;\"><strong>FESTES\u00a0<\/strong><\/td>\n<td style=\"width: 29.987294%; border-color: #000000;\"><strong>EXTRAESCOLARS<\/strong><\/td>\n<td style=\"width: 21.728081%; border-color: #000000;\"><strong>MENJADOR<\/strong><\/td>\n<td style=\"width: 29.860229%; border-color: #000000;\"><strong>XARXES SOCIALS<\/strong><\/td>\n<\/tr>\n<tr>\n<td style=\"width: 18.297332%; border-color: #000000;\"><strong>Marta I4<\/strong><\/p>\n<p><strong>Sandra I4<\/strong><\/p>\n<p><strong>Mar 5\u00e8<\/strong><\/p>\n<p><strong>Ana 5\u00e8<\/strong><\/td>\n<td style=\"width: 29.987294%; border-color: #000000;\"><strong>S\u00f2nia 6\u00e8<\/strong><\/p>\n<p><strong>Lorena I5<\/strong><\/p>\n<p><strong>Ana I3<\/strong><\/p>\n<p>&nbsp;<\/td>\n<td style=\"width: 21.728081%; border-color: #000000;\"><strong>Ana 4t<\/strong><\/p>\n<p><strong>Montse 3r<\/strong><\/p>\n<p><strong>Meri I4<\/strong><\/p>\n<p>&nbsp;<\/td>\n<td style=\"width: 29.860229%; border-color: #000000;\"><strong>Marta I4<\/strong><\/p>\n<p>&nbsp;<\/p>\n<p>&nbsp;<\/p>\n<p>&nbsp;<\/td>\n<\/tr>\n<\/tbody>\n<\/table>\n<h5><\/h5>\n<h5 class=\"font_8\"><strong><span class=\"color_5\">OBJECTIUS:\u00a0<\/span><\/strong><\/h5>\n<ul class=\"font_8\">\n<li>\n<p class=\"font_8\">Treballar en col\u00b7laboraci\u00f3 amb la direcci\u00f3 de l\u2019escola i l\u2019equip pedag\u00f2gic.<\/p>\n<\/li>\n<li>\n<p class=\"font_8\">Mantenir i millorar la qualitat de l\u2019ensenyament que reben els nostres fills i filles. Creiem en una escola plural i de qualitat.<\/p>\n<\/li>\n<li>\n<p class=\"font_8\">Fomentar la col\u00b7laboraci\u00f3 i participaci\u00f3 dels pares a la vida escolar.<\/p>\n<\/li>\n<li>\n<p class=\"font_8\">Fomentar activitats d\u2019inter\u00e8s per a tota la comunitat escolar.<\/p>\n<\/li>\n<li>\n<p class=\"font_8\">Donar suport puntual amb recursos que millorin la dotaci\u00f3 de l\u2019escola.<\/p>\n<\/li>\n<\/ul>\n<\/td>\n<td class=\"slug column-slug\" data-colname=\"\u00c0lies\"><\/td>\n<\/tr>\n<\/tbody>\n<\/table>\n","protected":false},"excerpt":{"rendered":"<p>QU\u00c8 \u00c9S L\u2019AFI? L\u2019AFI \u00e9s una associaci\u00f3 sense \u00e0nim de lucre formada per les fam\u00edlies d\u2019infants de l\u2019escola, que hi col\u00b7laboren de forma volunt\u00e0ria per al bon funcionament\u00a0 i la qualitat de l\u2019ensenyament, sempre en col\u00b7laboraci\u00f3 amb el professorat. Alhora t\u00e9 una representaci\u00f3 directa al Consell Escolar. HORARIS d\u2019ATENCI\u00d3 AL DESPATX MATI Dimarts i dijous [&hellip;]<\/p>\n","protected":false},"author":7,"featured_media":0,"parent":0,"menu_order":0,"comment_status":"closed","ping_status":"closed","template":"","meta":{"_bbp_topic_count":0,"_bbp_reply_count":0,"_bbp_total_topic_count":0,"_bbp_total_reply_count":0,"_bbp_voice_count":0,"_bbp_anonymous_reply_count":0,"_bbp_topic_count_hidden":0,"_bbp_reply_count_hidden":0,"_bbp_forum_subforum_count":0,"site-sidebar-layout":"default","site-content-layout":"","ast-site-content-layout":"default","site-content-style":"default","site-sidebar-style":"default","ast-global-header-display":"","ast-banner-title-visibility":"","ast-main-header-display":"","ast-hfb-above-header-display":"","ast-hfb-below-header-display":"","ast-hfb-mobile-header-display":"","site-post-title":"","ast-breadcrumbs-content":"","ast-featured-img":"","footer-sml-layout":"","theme-transparent-header-meta":"default","adv-header-id-meta":"","stick-header-meta":"","header-above-stick-meta":"","header-main-stick-meta":"","header-below-stick-meta":"","astra-migrate-meta-layouts":"set","ast-page-background-enabled":"default","ast-page-background-meta":{"desktop":{"background-color":"var(--ast-global-color-4)","background-image":"","background-repeat":"repeat","background-position":"center center","background-size":"auto","background-attachment":"scroll","background-type":"","background-media":"","overlay-type":"","overlay-color":"","overlay-opacity":"","overlay-gradient":""},"tablet":{"background-color":"","background-image":"","background-repeat":"repeat","background-position":"center center","background-size":"auto","background-attachment":"scroll","background-type":"","background-media":"","overlay-type":"","overlay-color":"","overlay-opacity":"","overlay-gradient":""},"mobile":{"background-color":"","background-image":"","background-repeat":"repeat","background-position":"center center","background-size":"auto","background-attachment":"scroll","background-type":"","background-media":"","overlay-type":"","overlay-color":"","overlay-opacity":"","overlay-gradient":""}},"ast-content-background-meta":{"desktop":{"background-color":"var(--ast-global-color-5)","background-image":"","background-repeat":"repeat","background-position":"center center","background-size":"auto","background-attachment":"scroll","background-type":"","background-media":"","overlay-type":"","overlay-color":"","overlay-opacity":"","overlay-gradient":""},"tablet":{"background-color":"var(--ast-global-color-5)","background-image":"","background-repeat":"repeat","background-position":"center center","background-size":"auto","background-attachment":"scroll","background-type":"","background-media":"","overlay-type":"","overlay-color":"","overlay-opacity":"","overlay-gradient":""},"mobile":{"background-color":"var(--ast-global-color-5)","background-image":"","background-repeat":"repeat","background-position":"center center","background-size":"auto","background-attachment":"scroll","background-type":"","background-media":"","overlay-type":"","overlay-color":"","overlay-opacity":"","overlay-gradient":""}},"footnotes":""},"class_list":["post-2258","page","type-page","status-publish","hentry"],"post_mailing_queue_ids":[],"_links":{"self":[{"href":"https:\/\/agora.xtec.cat\/ceipamat-verdu\/wp-json\/wp\/v2\/pages\/2258","targetHints":{"allow":["GET"]}}],"collection":[{"href":"https:\/\/agora.xtec.cat\/ceipamat-verdu\/wp-json\/wp\/v2\/pages"}],"about":[{"href":"https:\/\/agora.xtec.cat\/ceipamat-verdu\/wp-json\/wp\/v2\/types\/page"}],"author":[{"embeddable":true,"href":"https:\/\/agora.xtec.cat\/ceipamat-verdu\/wp-json\/wp\/v2\/users\/7"}],"replies":[{"embeddable":true,"href":"https:\/\/agora.xtec.cat\/ceipamat-verdu\/wp-json\/wp\/v2\/comments?post=2258"}],"version-history":[{"count":7,"href":"https:\/\/agora.xtec.cat\/ceipamat-verdu\/wp-json\/wp\/v2\/pages\/2258\/revisions"}],"predecessor-version":[{"id":3262,"href":"https:\/\/agora.xtec.cat\/ceipamat-verdu\/wp-json\/wp\/v2\/pages\/2258\/revisions\/3262"}],"wp:attachment":[{"href":"https:\/\/agora.xtec.cat\/ceipamat-verdu\/wp-json\/wp\/v2\/media?parent=2258"}],"curies":[{"name":"wp","href":"https:\/\/api.w.org\/{rel}","templated":true}]}}