{"id":22,"date":"2014-09-18T12:19:57","date_gmt":"2014-09-18T11:19:57","guid":{"rendered":"http:\/\/agora.xtec.cat\/ceipamat-verdu\/?page_id=22"},"modified":"2025-07-17T12:10:32","modified_gmt":"2025-07-17T10:10:32","slug":"lescola","status":"publish","type":"page","link":"https:\/\/agora.xtec.cat\/ceipamat-verdu\/lescola\/","title":{"rendered":"L&#8217;escola"},"content":{"rendered":"\n<p><strong>L&#8217;escola Amat Verd\u00fa \u00e9s un centre d&#8217;Educaci\u00f3 Infantil i Prim\u00e0ria p\u00fablic de d&#8217;una l\u00ednia que \u00a0acull nens i nens de 3 a 12 anys i que dep\u00e8n de la Generalitat de Catalunya.<\/strong><\/p>\n\n\n\n<figure class=\"wp-block-image size-full\" style=\"margin-top:0;margin-bottom:0\"><a href=\"https:\/\/agora.xtec.cat\/ceipamat-verdu\/wp-content\/uploads\/usu2365\/2023\/09\/a1-1-e1752747007753.jpg\"><img loading=\"lazy\" decoding=\"async\" width=\"1008\" height=\"615\" src=\"https:\/\/agora.xtec.cat\/ceipamat-verdu\/wp-content\/uploads\/usu2365\/2023\/09\/a1-1-e1752747007753.jpg\" alt=\"\" class=\"wp-image-498\" srcset=\"https:\/\/agora.xtec.cat\/ceipamat-verdu\/wp-content\/uploads\/usu2365\/2023\/09\/a1-1-e1752747007753.jpg 1008w, https:\/\/agora.xtec.cat\/ceipamat-verdu\/wp-content\/uploads\/usu2365\/2023\/09\/a1-1-e1752747007753-300x183.jpg 300w, https:\/\/agora.xtec.cat\/ceipamat-verdu\/wp-content\/uploads\/usu2365\/2023\/09\/a1-1-e1752747007753-768x469.jpg 768w\" sizes=\"auto, (max-width: 1008px) 100vw, 1008px\" \/><\/a><\/figure>\n","protected":false},"excerpt":{"rendered":"<p>L&#8217;escola Amat Verd\u00fa \u00e9s un centre d&#8217;Educaci\u00f3 Infantil i Prim\u00e0ria p\u00fablic de d&#8217;una l\u00ednia que \u00a0acull nens i nens de 3 a 12 anys i que dep\u00e8n de la Generalitat de Catalunya.<\/p>\n","protected":false},"author":1,"featured_media":0,"parent":0,"menu_order":0,"comment_status":"closed","ping_status":"closed","template":"","meta":{"_bbp_topic_count":0,"_bbp_reply_count":0,"_bbp_total_topic_count":0,"_bbp_total_reply_count":0,"_bbp_voice_count":0,"_bbp_anonymous_reply_count":0,"_bbp_topic_count_hidden":0,"_bbp_reply_count_hidden":0,"_bbp_forum_subforum_count":0,"site-sidebar-layout":"default","site-content-layout":"","ast-site-content-layout":"default","site-content-style":"default","site-sidebar-style":"default","ast-global-header-display":"","ast-banner-title-visibility":"","ast-main-header-display":"","ast-hfb-above-header-display":"","ast-hfb-below-header-display":"","ast-hfb-mobile-header-display":"","site-post-title":"","ast-breadcrumbs-content":"","ast-featured-img":"","footer-sml-layout":"","theme-transparent-header-meta":"","adv-header-id-meta":"","stick-header-meta":"","header-above-stick-meta":"","header-main-stick-meta":"","header-below-stick-meta":"","astra-migrate-meta-layouts":"set","ast-page-background-enabled":"default","ast-page-background-meta":{"desktop":{"background-color":"var(--ast-global-color-4)","background-image":"","background-repeat":"repeat","background-position":"center center","background-size":"auto","background-attachment":"scroll","background-type":"","background-media":"","overlay-type":"","overlay-color":"","overlay-opacity":"","overlay-gradient":""},"tablet":{"background-color":"","background-image":"","background-repeat":"repeat","background-position":"center center","background-size":"auto","background-attachment":"scroll","background-type":"","background-media":"","overlay-type":"","overlay-color":"","overlay-opacity":"","overlay-gradient":""},"mobile":{"background-color":"","background-image":"","background-repeat":"repeat","background-position":"center center","background-size":"auto","background-attachment":"scroll","background-type":"","background-media":"","overlay-type":"","overlay-color":"","overlay-opacity":"","overlay-gradient":""}},"ast-content-background-meta":{"desktop":{"background-color":"var(--ast-global-color-5)","background-image":"","background-repeat":"repeat","background-position":"center center","background-size":"auto","background-attachment":"scroll","background-type":"","background-media":"","overlay-type":"","overlay-color":"","overlay-opacity":"","overlay-gradient":""},"tablet":{"background-color":"var(--ast-global-color-5)","background-image":"","background-repeat":"repeat","background-position":"center center","background-size":"auto","background-attachment":"scroll","background-type":"","background-media":"","overlay-type":"","overlay-color":"","overlay-opacity":"","overlay-gradient":""},"mobile":{"background-color":"var(--ast-global-color-5)","background-image":"","background-repeat":"repeat","background-position":"center center","background-size":"auto","background-attachment":"scroll","background-type":"","background-media":"","overlay-type":"","overlay-color":"","overlay-opacity":"","overlay-gradient":""}},"footnotes":""},"class_list":["post-22","page","type-page","status-publish","hentry"],"post_mailing_queue_ids":[],"_links":{"self":[{"href":"https:\/\/agora.xtec.cat\/ceipamat-verdu\/wp-json\/wp\/v2\/pages\/22","targetHints":{"allow":["GET"]}}],"collection":[{"href":"https:\/\/agora.xtec.cat\/ceipamat-verdu\/wp-json\/wp\/v2\/pages"}],"about":[{"href":"https:\/\/agora.xtec.cat\/ceipamat-verdu\/wp-json\/wp\/v2\/types\/page"}],"author":[{"embeddable":true,"href":"https:\/\/agora.xtec.cat\/ceipamat-verdu\/wp-json\/wp\/v2\/users\/1"}],"replies":[{"embeddable":true,"href":"https:\/\/agora.xtec.cat\/ceipamat-verdu\/wp-json\/wp\/v2\/comments?post=22"}],"version-history":[{"count":2,"href":"https:\/\/agora.xtec.cat\/ceipamat-verdu\/wp-json\/wp\/v2\/pages\/22\/revisions"}],"predecessor-version":[{"id":3147,"href":"https:\/\/agora.xtec.cat\/ceipamat-verdu\/wp-json\/wp\/v2\/pages\/22\/revisions\/3147"}],"wp:attachment":[{"href":"https:\/\/agora.xtec.cat\/ceipamat-verdu\/wp-json\/wp\/v2\/media?parent=22"}],"curies":[{"name":"wp","href":"https:\/\/api.w.org\/{rel}","templated":true}]}}