{"id":978,"date":"2025-01-31T13:52:07","date_gmt":"2025-01-31T12:52:07","guid":{"rendered":"https:\/\/agora.xtec.cat\/ceipalzinesballadores\/?page_id=978"},"modified":"2026-03-09T10:12:48","modified_gmt":"2026-03-09T09:12:48","slug":"preinscripcio","status":"publish","type":"page","link":"https:\/\/agora.xtec.cat\/ceipalzinesballadores\/lescola\/preinscripcio\/","title":{"rendered":"Preinscripci\u00f3 26-27"},"content":{"rendered":"<p><a href=\"https:\/\/agora.xtec.cat\/ceipalzinesballadores\/wp-content\/uploads\/usu3049\/2026\/02\/Preinscripcio-curs-26-27-cartell-web.jpg\"><img loading=\"lazy\" decoding=\"async\" class=\"aligncenter wp-image-1178\" src=\"https:\/\/agora.xtec.cat\/ceipalzinesballadores\/wp-content\/uploads\/usu3049\/2026\/02\/Preinscripcio-curs-26-27-cartell-web-1024x724.jpg\" alt=\"\" width=\"601\" height=\"425\" srcset=\"https:\/\/agora.xtec.cat\/ceipalzinesballadores\/wp-content\/uploads\/usu3049\/2026\/02\/Preinscripcio-curs-26-27-cartell-web-1024x724.jpg 1024w, https:\/\/agora.xtec.cat\/ceipalzinesballadores\/wp-content\/uploads\/usu3049\/2026\/02\/Preinscripcio-curs-26-27-cartell-web-300x212.jpg 300w, https:\/\/agora.xtec.cat\/ceipalzinesballadores\/wp-content\/uploads\/usu3049\/2026\/02\/Preinscripcio-curs-26-27-cartell-web-768x543.jpg 768w, https:\/\/agora.xtec.cat\/ceipalzinesballadores\/wp-content\/uploads\/usu3049\/2026\/02\/Preinscripcio-curs-26-27-cartell-web-1536x1086.jpg 1536w, https:\/\/agora.xtec.cat\/ceipalzinesballadores\/wp-content\/uploads\/usu3049\/2026\/02\/Preinscripcio-curs-26-27-cartell-web.jpg 2000w\" sizes=\"auto, (max-width: 601px) 100vw, 601px\" \/><\/a><\/p>\n<p>INFORME_BAREM_PROVISIONAL<\/p>\n<p>INFORME_BAREM_RESOLTES<\/p>\n<p>INFORME_BAREM_DEFINITIU<\/p>\n<p>INFORME_ASSIGNADES<\/p>\n<p><a href=\"https:\/\/preinscripcio.gencat.cat\/ca\/estudis\/primaria\/inici\/\">Enlla\u00e7 preinscripcions prim\u00e0ria<\/a><\/p>\n<p><a href=\"https:\/\/preinscripcio.gencat.cat\/ca\/estudis\/eso\/inici\/\">Enlla\u00e7 preinscripcions educaci\u00f3 secund\u00e0ria obligat\u00f2ria (ESO)<\/a><\/p>\n<p><a href=\"https:\/\/agora.xtec.cat\/ceipalzinesballadores\/wp-content\/uploads\/usu3049\/2026\/03\/INFORME_OFERTA_OME_INFORME_OFERTA.pdf\">\u00a0INFORME_OFERTA_OME_INFORME_OFERTA_INICIAL<\/a><\/p>\n<p>&nbsp;<\/p>\n","protected":false},"excerpt":{"rendered":"<p><a href=\"https:\/\/agora.xtec.cat\/ceipalzinesballadores\/wp-content\/uploads\/usu3049\/2026\/02\/Preinscripcio-curs-26-27-cartell-web.jpg\"><\/a><br \/>\nINFORME_BAREM_PROVISIONAL<br \/>\nINFORME_BAREM_RESOLTES<br \/>\nINFORME_BAREM_DEFINITIU<br \/>\nINFORME_ASSIGNADES<br \/>\n<a href=\"https:\/\/preinscripcio.gencat.cat\/ca\/estudis\/primaria\/inici\/\">Enlla\u00e7 preinscripcions prim\u00e0ria<\/a><br \/>\n<a href=\"https:\/\/preinscripcio.gencat.cat\/ca\/estudis\/eso\/inici\/\">Enlla\u00e7 preinscripcions educaci\u00f3 secund\u00e0ria obligat\u00f2ria (ESO)<\/a><br \/>\n<a href=\"https:\/\/agora.xtec.cat\/ceipalzinesballadores\/wp-content\/uploads\/usu3049\/2026\/03\/INFORME_OFERTA_OME_INFORME_OFERTA.pdf\">\u00a0INFORME_OFERTA_OME_INFORME_OFERTA_INICIAL<\/a><br \/>\n&nbsp;<\/p>\n","protected":false},"author":1,"featured_media":0,"parent":22,"menu_order":90,"comment_status":"closed","ping_status":"closed","template":"","meta":{"footnotes":""},"class_list":["post-978","page","type-page","status-publish","hentry"],"post_mailing_queue_ids":[],"_links":{"self":[{"href":"https:\/\/agora.xtec.cat\/ceipalzinesballadores\/wp-json\/wp\/v2\/pages\/978","targetHints":{"allow":["GET"]}}],"collection":[{"href":"https:\/\/agora.xtec.cat\/ceipalzinesballadores\/wp-json\/wp\/v2\/pages"}],"about":[{"href":"https:\/\/agora.xtec.cat\/ceipalzinesballadores\/wp-json\/wp\/v2\/types\/page"}],"author":[{"embeddable":true,"href":"https:\/\/agora.xtec.cat\/ceipalzinesballadores\/wp-json\/wp\/v2\/users\/1"}],"replies":[{"embeddable":true,"href":"https:\/\/agora.xtec.cat\/ceipalzinesballadores\/wp-json\/wp\/v2\/comments?post=978"}],"version-history":[{"count":7,"href":"https:\/\/agora.xtec.cat\/ceipalzinesballadores\/wp-json\/wp\/v2\/pages\/978\/revisions"}],"predecessor-version":[{"id":1188,"href":"https:\/\/agora.xtec.cat\/ceipalzinesballadores\/wp-json\/wp\/v2\/pages\/978\/revisions\/1188"}],"up":[{"embeddable":true,"href":"https:\/\/agora.xtec.cat\/ceipalzinesballadores\/wp-json\/wp\/v2\/pages\/22"}],"wp:attachment":[{"href":"https:\/\/agora.xtec.cat\/ceipalzinesballadores\/wp-json\/wp\/v2\/media?parent=978"}],"curies":[{"name":"wp","href":"https:\/\/api.w.org\/{rel}","templated":true}]}}