{"id":73,"date":"2014-09-18T14:01:51","date_gmt":"2014-09-18T13:01:51","guid":{"rendered":"http:\/\/agora.xtec.cat\/ceipalzinesballadores\/?page_id=73"},"modified":"2024-08-29T12:24:57","modified_gmt":"2024-08-29T10:24:57","slug":"menjador-escolar","status":"publish","type":"page","link":"https:\/\/agora.xtec.cat\/ceipalzinesballadores\/serveis\/menjador-escolar\/","title":{"rendered":"MENJADOR ESCOLAR"},"content":{"rendered":"<p>Benvolgut, benvolgudes.<\/p>\n<div>Us\u00a0informem que ja s&#8217;ha fet l&#8217;adjudicaci\u00f3 del contracte de menjador del lot el qual forma part la vostra escola.<br \/>\nEl vostre centre educatiu forma part del\u00a0<b>LOT-<\/b><b>C\u00b73_<\/b><b>\u00a0Baix Montseny<\/b>. En aquest Lot en formeu part l&#8217;institut escola Montseny, l&#8217;escola Alzines Balladores i l&#8217;escola Les Falgueres.<br \/>\nL&#8217;empresa finalista ha estat\u00a0\u00a0<span lang=\"CA\"><b>SERHS FOOD AREA, SL<\/b><\/span> aquesta ha estat l&#8217;adjudicat\u00e0ria del vostre Lot condicionada a la formalitzaci\u00f3 i entrega de tota la documentaci\u00f3 requerida.<\/div>\n<div><\/div>\n<div>Aquesta ha ofert un preu final de\u00a06.74\u202f\u20ac\u00a0pels alumnes\u00a0fixos\u00a0amb l&#8217;augment del 10% corresponent pels alumnes espor\u00e0dics.<\/div>\n","protected":false},"excerpt":{"rendered":"<p>Benvolgut, benvolgudes.<br \/>\nUs\u00a0informem que ja s&#8217;ha fet l&#8217;adjudicaci\u00f3 del contracte de menjador del lot el qual forma part la vostra escola.<br \/>\nEl vostre centre educatiu forma part del\u00a0LOT-C\u00b73_\u00a0Baix Montseny. En aquest Lot en formeu part l&#8217;institut escola Montseny, l&#8217;escola Alzines Balladores i l&#8217;escola Les Falgueres.<br \/>\nL&#8217;empresa finalista ha&hellip;  <a href=\"https:\/\/agora.xtec.cat\/ceipalzinesballadores\/serveis\/menjador-escolar\/\" title=\"Read MENJADOR ESCOLAR\">Llegeix m\u00e9s\u00bb<\/a><\/p>\n","protected":false},"author":1,"featured_media":0,"parent":66,"menu_order":70,"comment_status":"closed","ping_status":"closed","template":"page-templates\/side-menu.php","meta":{"footnotes":""},"class_list":["post-73","page","type-page","status-publish","hentry"],"post_mailing_queue_ids":[],"_links":{"self":[{"href":"https:\/\/agora.xtec.cat\/ceipalzinesballadores\/wp-json\/wp\/v2\/pages\/73","targetHints":{"allow":["GET"]}}],"collection":[{"href":"https:\/\/agora.xtec.cat\/ceipalzinesballadores\/wp-json\/wp\/v2\/pages"}],"about":[{"href":"https:\/\/agora.xtec.cat\/ceipalzinesballadores\/wp-json\/wp\/v2\/types\/page"}],"author":[{"embeddable":true,"href":"https:\/\/agora.xtec.cat\/ceipalzinesballadores\/wp-json\/wp\/v2\/users\/1"}],"replies":[{"embeddable":true,"href":"https:\/\/agora.xtec.cat\/ceipalzinesballadores\/wp-json\/wp\/v2\/comments?post=73"}],"version-history":[{"count":6,"href":"https:\/\/agora.xtec.cat\/ceipalzinesballadores\/wp-json\/wp\/v2\/pages\/73\/revisions"}],"predecessor-version":[{"id":819,"href":"https:\/\/agora.xtec.cat\/ceipalzinesballadores\/wp-json\/wp\/v2\/pages\/73\/revisions\/819"}],"up":[{"embeddable":true,"href":"https:\/\/agora.xtec.cat\/ceipalzinesballadores\/wp-json\/wp\/v2\/pages\/66"}],"wp:attachment":[{"href":"https:\/\/agora.xtec.cat\/ceipalzinesballadores\/wp-json\/wp\/v2\/media?parent=73"}],"curies":[{"name":"wp","href":"https:\/\/api.w.org\/{rel}","templated":true}]}}