{"id":544,"date":"2024-07-03T18:08:20","date_gmt":"2024-07-03T16:08:20","guid":{"rendered":"https:\/\/agora.xtec.cat\/ceipalzinesballadores\/?page_id=544"},"modified":"2025-09-24T13:37:14","modified_gmt":"2025-09-24T11:37:14","slug":"fotos","status":"publish","type":"page","link":"https:\/\/agora.xtec.cat\/ceipalzinesballadores\/fotos\/","title":{"rendered":"FOTOS"},"content":{"rendered":"<p>En aquesta p\u00e0gina trobareu les imatges\/v\u00eddeos dels vostres fills\/es durant el curs escolar actual i d&#8217;anys anteriors. Per accedir a la carpeta de les fotos\/v\u00eddeos haureu de clicar a sobre i us demanar\u00e0 una contrasenya que fins al setembre no se us facilitar\u00e0. Estem fent proves i tant aviat estigui tot a punt se us donar\u00e0 tota la informaci\u00f3 necess\u00e0ria.<\/p>\n<p style=\"text-align: center;\"><a href=\"https:\/\/agora.xtec.cat\/ceipalzinesballadores\/fotos\/fotos-i3-curs-24-25\/\">FOTOS I3 curs 25-26<\/a><\/p>\n<p style=\"text-align: center;\"><a href=\"https:\/\/agora.xtec.cat\/ceipalzinesballadores\/fotos\/fotos-i4-curs-25-26\/\">FOTOS I4 curs 25-26<\/a><\/p>\n<p style=\"text-align: center;\"><a href=\"https:\/\/agora.xtec.cat\/ceipalzinesballadores\/fotos\/fotos-i5-curs-24-25\/\">FOTOS I5 curs 25-26<\/a><\/p>\n<p style=\"text-align: center;\"><a href=\"https:\/\/agora.xtec.cat\/ceipalzinesballadores\/fotos\/fotos-1r-curs-25-26\/\">FOTOS 1r curs 25-26<\/a><\/p>\n<p style=\"text-align: center;\"><a href=\"https:\/\/agora.xtec.cat\/ceipalzinesballadores\/fotos\/fotos-2n-curs-25-26\/\">FOTOS 2n curs 25-26<\/a><\/p>\n<p style=\"text-align: center;\"><a href=\"https:\/\/agora.xtec.cat\/ceipalzinesballadores\/fotos\/fotos-3r-curs-25-26\/\">FOTOS 3r curs 25-26<\/a><\/p>\n<p style=\"text-align: center;\"><a href=\"https:\/\/agora.xtec.cat\/ceipalzinesballadores\/fotos\/fotos-4t-curs-25-26\/\">FOTOS 4t curs 25-26<\/a><\/p>\n<p style=\"text-align: center;\"><a href=\"https:\/\/agora.xtec.cat\/ceipalzinesballadores\/fotos\/fotos-5e-curs-25-26\/\">FOTOS 5\u00e8 curs 25-26<\/a><\/p>\n<p style=\"text-align: center;\"><a href=\"https:\/\/agora.xtec.cat\/ceipalzinesballadores\/fotos\/fotos-6e-curs-25-26\/\">FOTOS 6\u00e8 curs 25-26<\/a><\/p>\n<p>&nbsp;<\/p>\n<p>&nbsp;<\/p>\n","protected":false},"excerpt":{"rendered":"<p>En aquesta p\u00e0gina trobareu les imatges\/v\u00eddeos dels vostres fills\/es durant el curs escolar actual i d&#8217;anys anteriors. Per accedir a la carpeta de les fotos\/v\u00eddeos haureu de clicar a sobre i us demanar\u00e0 una contrasenya que fins al setembre no se us facilitar\u00e0. Estem fent&hellip;  <a href=\"https:\/\/agora.xtec.cat\/ceipalzinesballadores\/fotos\/\" title=\"Read FOTOS\">Llegeix m\u00e9s\u00bb<\/a><\/p>\n","protected":false},"author":1,"featured_media":0,"parent":0,"menu_order":0,"comment_status":"closed","ping_status":"closed","template":"","meta":{"footnotes":""},"class_list":["post-544","page","type-page","status-publish","hentry"],"post_mailing_queue_ids":[],"_links":{"self":[{"href":"https:\/\/agora.xtec.cat\/ceipalzinesballadores\/wp-json\/wp\/v2\/pages\/544","targetHints":{"allow":["GET"]}}],"collection":[{"href":"https:\/\/agora.xtec.cat\/ceipalzinesballadores\/wp-json\/wp\/v2\/pages"}],"about":[{"href":"https:\/\/agora.xtec.cat\/ceipalzinesballadores\/wp-json\/wp\/v2\/types\/page"}],"author":[{"embeddable":true,"href":"https:\/\/agora.xtec.cat\/ceipalzinesballadores\/wp-json\/wp\/v2\/users\/1"}],"replies":[{"embeddable":true,"href":"https:\/\/agora.xtec.cat\/ceipalzinesballadores\/wp-json\/wp\/v2\/comments?post=544"}],"version-history":[{"count":6,"href":"https:\/\/agora.xtec.cat\/ceipalzinesballadores\/wp-json\/wp\/v2\/pages\/544\/revisions"}],"predecessor-version":[{"id":1126,"href":"https:\/\/agora.xtec.cat\/ceipalzinesballadores\/wp-json\/wp\/v2\/pages\/544\/revisions\/1126"}],"wp:attachment":[{"href":"https:\/\/agora.xtec.cat\/ceipalzinesballadores\/wp-json\/wp\/v2\/media?parent=544"}],"curies":[{"name":"wp","href":"https:\/\/api.w.org\/{rel}","templated":true}]}}