{"id":537,"date":"2024-07-03T17:42:42","date_gmt":"2024-07-03T15:42:42","guid":{"rendered":"https:\/\/agora.xtec.cat\/ceipalzinesballadores\/?page_id=537"},"modified":"2025-10-16T14:07:00","modified_gmt":"2025-10-16T12:07:00","slug":"equip-huma","status":"publish","type":"page","link":"https:\/\/agora.xtec.cat\/ceipalzinesballadores\/lescola\/equip-huma\/","title":{"rendered":"Equip hum\u00e0"},"content":{"rendered":"<h3 dir=\"ltr\"><span style=\"color: #339966;\"><strong>L&#8217;EQUIP DE L&#8217;ESCOLA 2025-2026<\/strong><\/span><\/h3>\n<h5 dir=\"ltr\"><a href=\"https:\/\/agora.xtec.cat\/ceipalzinesballadores\/wp-content\/uploads\/usu3049\/2025\/09\/foto-curs-25-26.jpg\"><img loading=\"lazy\" decoding=\"async\" class=\"alignnone size-medium wp-image-1073\" src=\"https:\/\/agora.xtec.cat\/ceipalzinesballadores\/wp-content\/uploads\/usu3049\/2025\/09\/foto-curs-25-26-300x225.jpg\" alt=\"\" width=\"300\" height=\"225\" srcset=\"https:\/\/agora.xtec.cat\/ceipalzinesballadores\/wp-content\/uploads\/usu3049\/2025\/09\/foto-curs-25-26-300x225.jpg 300w, https:\/\/agora.xtec.cat\/ceipalzinesballadores\/wp-content\/uploads\/usu3049\/2025\/09\/foto-curs-25-26-1024x768.jpg 1024w, https:\/\/agora.xtec.cat\/ceipalzinesballadores\/wp-content\/uploads\/usu3049\/2025\/09\/foto-curs-25-26-768x576.jpg 768w, https:\/\/agora.xtec.cat\/ceipalzinesballadores\/wp-content\/uploads\/usu3049\/2025\/09\/foto-curs-25-26-1536x1152.jpg 1536w, https:\/\/agora.xtec.cat\/ceipalzinesballadores\/wp-content\/uploads\/usu3049\/2025\/09\/foto-curs-25-26-200x150.jpg 200w, https:\/\/agora.xtec.cat\/ceipalzinesballadores\/wp-content\/uploads\/usu3049\/2025\/09\/foto-curs-25-26.jpg 1600w\" sizes=\"auto, (max-width: 300px) 100vw, 300px\" \/><\/a><\/h5>\n<h5 dir=\"ltr\"><span style=\"color: #99cc00;\"><strong><span style=\"text-decoration: underline;\">EQUIP DIRECTIU<\/span><\/strong><\/span><\/h5>\n<p dir=\"ltr\">Directora: Susana Esteva<\/p>\n<p dir=\"ltr\">Cap d&#8217;estudis: Laia Lojo<\/p>\n<p dir=\"ltr\">Secret\u00e0ria: Eva Quintanas<\/p>\n<h5 dir=\"ltr\"><span style=\"text-decoration: underline; color: #99cc00;\"><strong>EDUCACI\u00d3 INFANTIL<\/strong><\/span><\/h5>\n<p dir=\"ltr\">EI3:\u00a0 Anna G\u00f3mez<\/p>\n<p dir=\"ltr\">EI4:\u00a0 Sandra Rota<\/p>\n<p dir=\"ltr\">EI5: Irene Robles<span style=\"font-family: inherit; font-size: 1em;\">\u00a0<\/span><\/p>\n<p dir=\"ltr\">M\u00fasica: J\u00falia Pavon<\/p>\n<p dir=\"ltr\">Angl\u00e8s: Eva Quintanas<\/p>\n<p dir=\"ltr\">Psicomotricitat: Susana Esteva<\/p>\n<h5 dir=\"ltr\"><span style=\"text-decoration: underline; color: #99cc00;\"><strong>EDUCACI\u00d3 PRIM\u00c0RIA<\/strong><\/span><\/h5>\n<p dir=\"ltr\">1r: N\u00faria Cat<\/p>\n<p dir=\"ltr\">2n: S\u00f2nia Camps<\/p>\n<p dir=\"ltr\">3r: Gemma Duran<\/p>\n<p dir=\"ltr\">4t: Clara Torres<\/p>\n<p dir=\"ltr\">5\u00e8: J\u00falia Pavon<\/p>\n<p dir=\"ltr\">6\u00e8: N\u00faria Bach<\/p>\n<p dir=\"ltr\">Angl\u00e8s: Eva Quintanas (CI i CM) i N\u00faria Bach (CS)<\/p>\n<p dir=\"ltr\">Religi\u00f3: Pep Plademunt<\/p>\n<p dir=\"ltr\">M\u00fasica: J\u00falia Pavon<\/p>\n<p dir=\"ltr\">Educaci\u00f3 f\u00edsica: Elixabet Mart\u00edn (CI i CS) i Gemma Duran (CM)<\/p>\n<p dir=\"ltr\"><span style=\"font-family: inherit; font-size: 1em;\">Educaci\u00f3 Especial: Judith Levy<\/span><\/p>\n<p dir=\"ltr\">Mestres sense tutoria: Susana Esteva, Laia Lojo, Judith Levy, Pep Plademunt, Elixabet Mart\u00edn i Eva Quintanas<\/p>\n<h5 dir=\"ltr\"><span style=\"text-decoration: underline; color: #339966;\"><strong>PERSONAL NO DOCENT<\/strong><\/span><\/h5>\n<p dir=\"ltr\">Conserge: S\u00f2nia Pararol<\/p>\n<p dir=\"ltr\">Administrativa: Carme Camps<\/p>\n<p dir=\"ltr\">Vetlladores: Sandra Brugada i Esther Massaguer<\/p>\n<p>Vetlladora menjador: Cristina Romero<\/p>\n","protected":false},"excerpt":{"rendered":"<p>L&#8217;EQUIP DE L&#8217;ESCOLA 2025-2026<br \/>\n<a href=\"https:\/\/agora.xtec.cat\/ceipalzinesballadores\/wp-content\/uploads\/usu3049\/2025\/09\/foto-curs-25-26.jpg\"><\/a><br \/>\nEQUIP DIRECTIU<br \/>\nDirectora: Susana Esteva<br \/>\nCap d&#8217;estudis: Laia Lojo<br \/>\nSecret\u00e0ria: Eva Quintanas<br \/>\nEDUCACI\u00d3 INFANTIL<br \/>\nEI3:\u00a0 Anna G\u00f3mez<br \/>\nEI4:\u00a0 Sandra Rota<br \/>\nEI5: Irene Robles\u00a0<br \/>\nM\u00fasica: J\u00falia Pavon<br \/>\nAngl\u00e8s: Eva Quintanas<br \/>\nPsicomotricitat: Susana Esteva<br \/>\nEDUCACI\u00d3 PRIM\u00c0RIA<br \/>\n1r: N\u00faria Cat<br \/>\n2n: S\u00f2nia Camps<br \/>\n3r: Gemma Duran<br \/>\n4t: Clara Torres<br \/>\n5\u00e8: J\u00falia Pavon<br \/>\n6\u00e8: N\u00faria Bach<br \/>\nAngl\u00e8s: Eva Quintanas (CI i CM) i&hellip;  <a href=\"https:\/\/agora.xtec.cat\/ceipalzinesballadores\/lescola\/equip-huma\/\" title=\"Read Equip hum\u00e0\">Llegeix m\u00e9s\u00bb<\/a><\/p>\n","protected":false},"author":1,"featured_media":0,"parent":22,"menu_order":20,"comment_status":"closed","ping_status":"closed","template":"page-templates\/side-menu.php","meta":{"footnotes":""},"class_list":["post-537","page","type-page","status-publish","hentry"],"post_mailing_queue_ids":[],"_links":{"self":[{"href":"https:\/\/agora.xtec.cat\/ceipalzinesballadores\/wp-json\/wp\/v2\/pages\/537","targetHints":{"allow":["GET"]}}],"collection":[{"href":"https:\/\/agora.xtec.cat\/ceipalzinesballadores\/wp-json\/wp\/v2\/pages"}],"about":[{"href":"https:\/\/agora.xtec.cat\/ceipalzinesballadores\/wp-json\/wp\/v2\/types\/page"}],"author":[{"embeddable":true,"href":"https:\/\/agora.xtec.cat\/ceipalzinesballadores\/wp-json\/wp\/v2\/users\/1"}],"replies":[{"embeddable":true,"href":"https:\/\/agora.xtec.cat\/ceipalzinesballadores\/wp-json\/wp\/v2\/comments?post=537"}],"version-history":[{"count":6,"href":"https:\/\/agora.xtec.cat\/ceipalzinesballadores\/wp-json\/wp\/v2\/pages\/537\/revisions"}],"predecessor-version":[{"id":1161,"href":"https:\/\/agora.xtec.cat\/ceipalzinesballadores\/wp-json\/wp\/v2\/pages\/537\/revisions\/1161"}],"up":[{"embeddable":true,"href":"https:\/\/agora.xtec.cat\/ceipalzinesballadores\/wp-json\/wp\/v2\/pages\/22"}],"wp:attachment":[{"href":"https:\/\/agora.xtec.cat\/ceipalzinesballadores\/wp-json\/wp\/v2\/media?parent=537"}],"curies":[{"name":"wp","href":"https:\/\/api.w.org\/{rel}","templated":true}]}}