{"id":26,"date":"2014-09-18T12:24:32","date_gmt":"2014-09-18T11:24:32","guid":{"rendered":"http:\/\/agora.xtec.cat\/ceipalzinesballadores\/?page_id=26"},"modified":"2024-07-05T18:57:21","modified_gmt":"2024-07-05T16:57:21","slug":"historia","status":"publish","type":"page","link":"https:\/\/agora.xtec.cat\/ceipalzinesballadores\/lescola\/historia\/","title":{"rendered":"Hist\u00f2ria"},"content":{"rendered":"<p>Se\u2019ns coneix com a <strong>Alzines Balladores<\/strong> perqu\u00e8 dona nom a una de les moltes llegendes del nostre entorn:<\/p>\n<p>Conten que un pastor al que li agradava molt la m\u00fasica, va voler fer un elogi a la sardana, i va plantar 8 alzines tot formant una rotllana, al bell mig n&#8217;hi va plantar una altra que simbolitzava el flabiol, instrument que tocava el pastor mentre reposava tot vigilant la pastura. Les alzines van anar creixent, i les branques es tocaven i s\u2019unien, com si realment fossin persones ballant una sardana. Els dies de vent, se les veia moure\u2019s i la gent en passar per all\u00ed per anar cap al mercat ve\u00ed van comen\u00e7ar a dir: \u201cles alzines balladores\u201d. El nom escollit pret\u00e9n apropar les llegendes i la hist\u00f2ria del nostre entorn proper als infants, alhora que ens permet con\u00e8ixer el medi, estimar-lo i respectar-lo, una uni\u00f3 de la cultura (m\u00fasica i hist\u00f2ria) i la natura.<\/p>\n<p><a href=\"https:\/\/agora.xtec.cat\/ceipalzinesballadores\/wp-content\/uploads\/usu3049\/2024\/07\/logo-dibuix-6-e1720193870718.png\"><img loading=\"lazy\" decoding=\"async\" class=\"wp-image-523 aligncenter\" src=\"https:\/\/agora.xtec.cat\/ceipalzinesballadores\/wp-content\/uploads\/usu3049\/2024\/07\/logo-dibuix-6-1024x506.png\" alt=\"\" width=\"595\" height=\"294\" \/><\/a><\/p>\n","protected":false},"excerpt":{"rendered":"<p>Se\u2019ns coneix com a Alzines Balladores perqu\u00e8 dona nom a una de les moltes llegendes del nostre entorn:<br \/>\nConten que un pastor al que li agradava molt la m\u00fasica, va voler fer un elogi a la sardana, i va plantar 8 alzines tot formant una rotllana,&hellip;  <a href=\"https:\/\/agora.xtec.cat\/ceipalzinesballadores\/lescola\/historia\/\" title=\"Read Hist\u00f2ria\">Llegeix m\u00e9s\u00bb<\/a><\/p>\n","protected":false},"author":1,"featured_media":0,"parent":22,"menu_order":40,"comment_status":"closed","ping_status":"closed","template":"page-templates\/side-menu.php","meta":{"footnotes":""},"class_list":["post-26","page","type-page","status-publish","hentry"],"post_mailing_queue_ids":[],"_links":{"self":[{"href":"https:\/\/agora.xtec.cat\/ceipalzinesballadores\/wp-json\/wp\/v2\/pages\/26","targetHints":{"allow":["GET"]}}],"collection":[{"href":"https:\/\/agora.xtec.cat\/ceipalzinesballadores\/wp-json\/wp\/v2\/pages"}],"about":[{"href":"https:\/\/agora.xtec.cat\/ceipalzinesballadores\/wp-json\/wp\/v2\/types\/page"}],"author":[{"embeddable":true,"href":"https:\/\/agora.xtec.cat\/ceipalzinesballadores\/wp-json\/wp\/v2\/users\/1"}],"replies":[{"embeddable":true,"href":"https:\/\/agora.xtec.cat\/ceipalzinesballadores\/wp-json\/wp\/v2\/comments?post=26"}],"version-history":[{"count":2,"href":"https:\/\/agora.xtec.cat\/ceipalzinesballadores\/wp-json\/wp\/v2\/pages\/26\/revisions"}],"predecessor-version":[{"id":779,"href":"https:\/\/agora.xtec.cat\/ceipalzinesballadores\/wp-json\/wp\/v2\/pages\/26\/revisions\/779"}],"up":[{"embeddable":true,"href":"https:\/\/agora.xtec.cat\/ceipalzinesballadores\/wp-json\/wp\/v2\/pages\/22"}],"wp:attachment":[{"href":"https:\/\/agora.xtec.cat\/ceipalzinesballadores\/wp-json\/wp\/v2\/media?parent=26"}],"curies":[{"name":"wp","href":"https:\/\/api.w.org\/{rel}","templated":true}]}}