{"id":26,"date":"2014-09-18T12:24:32","date_gmt":"2014-09-18T11:24:32","guid":{"rendered":"http:\/\/agora.xtec.cat\/ceipalfredmata\/?page_id=26"},"modified":"2026-04-15T13:12:34","modified_gmt":"2026-04-15T11:12:34","slug":"historia","status":"publish","type":"page","link":"https:\/\/agora.xtec.cat\/ceipalfredmata\/lescola\/historia\/","title":{"rendered":"Hist\u00f2ria"},"content":{"rendered":"<p><span style=\"font-weight: 400;\">L&#8217;escola <\/span><b>\u201cAlfred Mata i Juli\u00e0\u201d<\/b><span style=\"font-weight: 400;\"> es va construir l&#8217;any 1926, per\u00f2 no sabem qui va ser l&#8217;arquitecte o el mestre d&#8217;obres que la va dissenyar. <\/span><b>Alfred Mata i Juli\u00e0<\/b><span style=\"font-weight: 400;\">, propietari de la Col\u00f2nia Casas, juntament amb l&#8217;Ajuntament de Puig-reig, van treballar per fer realitat aquesta escola.<\/span><\/p>\n<p style=\"text-align: justify;\"><span style=\"font-weight: 400;\">L&#8217;escola ha viscut molts canvis al llarg del temps, per\u00f2 continua sent un espai educatiu important per al poble de Puig-reig.<\/span><\/p>\n<p style=\"text-align: justify;\"><span style=\"font-weight: 400;\">Aquest <strong>11 de juliol<\/strong><\/span><b>\u00a0de 2026<\/b><span style=\"font-weight: 400;\">, l\u2019escola far\u00e0 <\/span><b>100 anys<\/b><span style=\"font-weight: 400;\"> que aquest edifici \u00e9s un lloc d\u2019aprenentatge, creixement i somnis compartits. \u00c9s un viatge ple d\u2019hist\u00f2ria i emoci\u00f3 que ens recorda el cam\u00ed recorregut i el futur que encara ens espera junts.<\/span><\/p>\n<p><a href=\"http:\/\/agora.xtec.cat\/ceipalfredmata\/wp-content\/uploads\/usu329\/2014\/09\/escola.jpg\"><img loading=\"lazy\" decoding=\"async\" class=\"aligncenter wp-image-887\" src=\"http:\/\/agora.xtec.cat\/ceipalfredmata\/wp-content\/uploads\/usu329\/2014\/09\/escola.jpg\" alt=\"escola\" width=\"612\" height=\"439\" srcset=\"https:\/\/agora.xtec.cat\/ceipalfredmata\/wp-content\/uploads\/usu329\/2014\/09\/escola.jpg 1141w, https:\/\/agora.xtec.cat\/ceipalfredmata\/wp-content\/uploads\/usu329\/2014\/09\/escola-300x215.jpg 300w, https:\/\/agora.xtec.cat\/ceipalfredmata\/wp-content\/uploads\/usu329\/2014\/09\/escola-768x551.jpg 768w, https:\/\/agora.xtec.cat\/ceipalfredmata\/wp-content\/uploads\/usu329\/2014\/09\/escola-1024x735.jpg 1024w\" sizes=\"auto, (max-width: 612px) 100vw, 612px\" \/><\/a><\/p>\n","protected":false},"excerpt":{"rendered":"<p>L&#8217;escola \u201cAlfred Mata i Juli\u00e0\u201d es va construir l&#8217;any 1926, per\u00f2 no sabem qui va ser l&#8217;arquitecte o el mestre d&#8217;obres que la va dissenyar. Alfred Mata i Juli\u00e0, propietari de la Col\u00f2nia Casas, juntament amb l&#8217;Ajuntament de Puig-reig, van treballar per fer realitat aquesta escola. L&#8217;escola ha viscut molts canvis al llarg del temps, [&hellip;]<\/p>\n","protected":false},"author":1,"featured_media":0,"parent":6901,"menu_order":20,"comment_status":"closed","ping_status":"closed","template":"","meta":{"_bbp_topic_count":0,"_bbp_reply_count":0,"_bbp_total_topic_count":0,"_bbp_total_reply_count":0,"_bbp_voice_count":0,"_bbp_anonymous_reply_count":0,"_bbp_topic_count_hidden":0,"_bbp_reply_count_hidden":0,"_bbp_forum_subforum_count":0,"site-sidebar-layout":"default","site-content-layout":"","ast-site-content-layout":"default","site-content-style":"default","site-sidebar-style":"default","ast-global-header-display":"","ast-banner-title-visibility":"","ast-main-header-display":"","ast-hfb-above-header-display":"","ast-hfb-below-header-display":"","ast-hfb-mobile-header-display":"","site-post-title":"","ast-breadcrumbs-content":"","ast-featured-img":"","footer-sml-layout":"","theme-transparent-header-meta":"default","adv-header-id-meta":"","stick-header-meta":"","header-above-stick-meta":"","header-main-stick-meta":"","header-below-stick-meta":"","astra-migrate-meta-layouts":"set","ast-page-background-enabled":"default","ast-page-background-meta":{"desktop":{"background-color":"var(--ast-global-color-4)","background-image":"","background-repeat":"repeat","background-position":"center center","background-size":"auto","background-attachment":"scroll","background-type":"","background-media":"","overlay-type":"","overlay-color":"","overlay-opacity":"","overlay-gradient":""},"tablet":{"background-color":"","background-image":"","background-repeat":"repeat","background-position":"center center","background-size":"auto","background-attachment":"scroll","background-type":"","background-media":"","overlay-type":"","overlay-color":"","overlay-opacity":"","overlay-gradient":""},"mobile":{"background-color":"","background-image":"","background-repeat":"repeat","background-position":"center center","background-size":"auto","background-attachment":"scroll","background-type":"","background-media":"","overlay-type":"","overlay-color":"","overlay-opacity":"","overlay-gradient":""}},"ast-content-background-meta":{"desktop":{"background-color":"var(--ast-global-color-5)","background-image":"","background-repeat":"repeat","background-position":"center center","background-size":"auto","background-attachment":"scroll","background-type":"","background-media":"","overlay-type":"","overlay-color":"","overlay-opacity":"","overlay-gradient":""},"tablet":{"background-color":"var(--ast-global-color-5)","background-image":"","background-repeat":"repeat","background-position":"center center","background-size":"auto","background-attachment":"scroll","background-type":"","background-media":"","overlay-type":"","overlay-color":"","overlay-opacity":"","overlay-gradient":""},"mobile":{"background-color":"var(--ast-global-color-5)","background-image":"","background-repeat":"repeat","background-position":"center center","background-size":"auto","background-attachment":"scroll","background-type":"","background-media":"","overlay-type":"","overlay-color":"","overlay-opacity":"","overlay-gradient":""}},"footnotes":""},"class_list":["post-26","page","type-page","status-publish","hentry"],"post_mailing_queue_ids":[],"_links":{"self":[{"href":"https:\/\/agora.xtec.cat\/ceipalfredmata\/wp-json\/wp\/v2\/pages\/26","targetHints":{"allow":["GET"]}}],"collection":[{"href":"https:\/\/agora.xtec.cat\/ceipalfredmata\/wp-json\/wp\/v2\/pages"}],"about":[{"href":"https:\/\/agora.xtec.cat\/ceipalfredmata\/wp-json\/wp\/v2\/types\/page"}],"author":[{"embeddable":true,"href":"https:\/\/agora.xtec.cat\/ceipalfredmata\/wp-json\/wp\/v2\/users\/1"}],"replies":[{"embeddable":true,"href":"https:\/\/agora.xtec.cat\/ceipalfredmata\/wp-json\/wp\/v2\/comments?post=26"}],"version-history":[{"count":6,"href":"https:\/\/agora.xtec.cat\/ceipalfredmata\/wp-json\/wp\/v2\/pages\/26\/revisions"}],"predecessor-version":[{"id":7013,"href":"https:\/\/agora.xtec.cat\/ceipalfredmata\/wp-json\/wp\/v2\/pages\/26\/revisions\/7013"}],"up":[{"embeddable":true,"href":"https:\/\/agora.xtec.cat\/ceipalfredmata\/wp-json\/wp\/v2\/pages\/6901"}],"wp:attachment":[{"href":"https:\/\/agora.xtec.cat\/ceipalfredmata\/wp-json\/wp\/v2\/media?parent=26"}],"curies":[{"name":"wp","href":"https:\/\/api.w.org\/{rel}","templated":true}]}}