{"id":590,"date":"2016-12-26T08:54:42","date_gmt":"2016-12-26T07:54:42","guid":{"rendered":"http:\/\/agora.xtec.cat\/ceipalfonsi\/?page_id=590"},"modified":"2018-05-04T23:44:09","modified_gmt":"2018-05-04T21:44:09","slug":"biblioteca","status":"publish","type":"page","link":"https:\/\/agora.xtec.cat\/ceipalfonsi\/projecte-educatiu\/biblioteca\/","title":{"rendered":"Biblioteca"},"content":{"rendered":"<p style=\"text-align: justify;\">Acord a la Llei 12\/2009 d\u2019Educaci\u00f3, la biblioteca escolar de l\u2019Escola Alfons I, compleix amb el paper de suport a l\u2019ensenyament i l\u2019aprenentatge de les diferents \u00e0rees del curr\u00edculum aix\u00ed com amb el foment i l\u2019h\u00e0bit lector. Per tant, la biblioteca en aquest moment est\u00e0 vinculada amb el centre i compromesa amb el desenvolupament del curr\u00edculum, mitjan\u00e7ant activitats puntuals. Aix\u00ed mateix, la biblioteca en si mateixa no \u00e9s una instituci\u00f3, sin\u00f3 que forma part de l\u2019escola. \u00c9s a dir, podr\u00edem dir que actua com a un recurs del centre. Si tenim en compte que durant el curs 2016-17 va comen\u00e7ar-se el funcionament de la Biblioteca Escolar i es va plantejar la possibilitat de dinamitzar el funcionament de la biblioteca de manera que els alumnes poguessin gaudir dels llibres de l\u2019escola tant dins com fora de l\u2019escola mitjan\u00e7ant el pr\u00e9stec bibliotecari, podem afirmar que l\u2019evoluci\u00f3 del seu funcionament \u00e9s molt positiva ja que cada cop m\u00e9s hi ha m\u00e9s cursos i alumnes implicats en les activitats.<\/p>\n<p style=\"text-align: justify;\">Per una altra banda considerem interessant esmentar que, segons les dues dimensions de la biblioteca, la f\u00edsica i l\u2019educativa, les accions que es duen a terme estan orientades a no nom\u00e9s crear la biblioteca com a instituci\u00f3 sin\u00f3 planificar-ne el seu \u00fas did\u00e0ctic i l\u2019encaix de les activitats amb el curr\u00edculum i l\u2019h\u00e0bit lector. En aquest sentit us informe de que, tant a nivell f\u00edsic com educatiu, algunes de les tasques que es realitzen des de la Biblioteca s\u00f3n les seg\u00fcents:<\/p>\n<p style=\"text-align: justify;\">1.- Organitzar els llibres i ambientar l\u2019espai per trimestres<\/p>\n<p style=\"text-align: justify;\">2.- Elaborar normativa i funcionament de la biblioteca<\/p>\n<p style=\"text-align: justify;\">3.- Dinamitzar l\u2019\u00fas de la biblioteca per a tot l\u2019alumnat.<\/p>\n<p style=\"text-align: justify;\">4.- Fomentar la lectura i l\u2019expressi\u00f3 oral\/escrita amb activitats.<\/p>\n<p style=\"text-align: justify;\">5.- Programar activitats per a tot l\u2019alumnat del centre.<\/p>\n<p style=\"text-align: justify;\">6.- Contactar amb la biblioteca municipal perqu\u00e8 ens cedeixi llibres.<\/p>\n<p style=\"text-align: justify;\">7.- Incentivar els nens i nenes al pr\u00e9stec de llibres.<\/p>\n<p style=\"text-align: justify;\">8.- Arxivar llibres.<\/p>\n<p style=\"text-align: justify;\">9.- Demanar a les fam\u00edlies llibres que ja no utilitzen per donar a l\u2019escola. (Des de l\u2019escola, agra\u00efm molt la col\u00b7laboraci\u00f3 de totes les fam\u00edlies que cedeixen llibres)<\/p>\n<ol style=\"text-align: justify;\" start=\"10\">\n<li>\u2013 Facilitar l\u2019\u00fas de dispositius digitals.<\/li>\n<\/ol>\n<p style=\"text-align: justify;\">Tamb\u00e9 creiem oport\u00fa posar en el vostre coneixement l&#8217;horari en el que la Biblioteca resta oberta per a que l&#8217;alumnat pugui accedir al pr\u00e8stec de llibres, per a que disposi d&#8217;un espai alternatiu de dinamitzaci\u00f3 de l&#8217;h\u00e0bit lector, etc.<\/p>\n<ul>\n<li style=\"text-align: justify;\">Dilluns: de 10:40h a 11:10h i de 12:00h a 13:00h.<\/li>\n<li style=\"text-align: justify;\">Dimarts:\u00a0de 12:00h a 13:00h.<\/li>\n<li style=\"text-align: justify;\">Dimecres:\u00a0de 12:00h a 13:00h.<\/li>\n<li style=\"text-align: justify;\">Dijous:\u00a0de 10:40h a 11:10h i de 12:00h a 13:00h.<\/li>\n<li style=\"text-align: justify;\">Divendres:\u00a0de 12:00h a 13:00h.<\/li>\n<\/ul>\n<p style=\"text-align: justify;\">Finalment, us informem de que, des de la Comissi\u00f3 de Biblioteca, s\u2019est\u00e0 treballant perqu\u00e8 el cat\u00e0leg de la nostra biblioteca sigui digital per tal que es pugui consultar fora de l\u2019escola si es desitja. Es pot fer \u00fas d\u2019aquest servei accedint a\u00a0l&#8217;enlla\u00e7 que trobareu clicant a la seg\u00fcent imatge\u00a0. Cal dir, que de moment hi ha pocs llibres per consultar, per\u00f2 el nostre objectiu \u00e9s anar introduint tots els llibres de mica en mica ja que el fons documental de l\u2019escola consta de m\u00e9s de 2000 llibres.<\/p>\n<p style=\"text-align: center;\"><a href=\"https:\/\/aplicacions.gestioeducativa.gencat.cat\/epergam\/web\/biblioteca.jsp?codi=17002880 \" target=\"_blank\" rel=\"noopener noreferrer\"><img loading=\"lazy\" decoding=\"async\" class=\"aligncenter wp-image-2216\" src=\"http:\/\/agora.xtec.cat\/ceipalfonsi\/wp-content\/uploads\/usu1033\/2018\/05\/t_epergam.gif\" alt=\"\" width=\"258\" height=\"86\" \/><\/a><\/p>\n","protected":false},"excerpt":{"rendered":"<p>Acord a la Llei 12\/2009 d\u2019Educaci\u00f3, la biblioteca escolar de l\u2019Escola Alfons I, compleix amb el paper de suport a l\u2019ensenyament i l\u2019aprenentatge de les diferents \u00e0rees del curr\u00edculum aix\u00ed com amb el foment i l\u2019h\u00e0bit lector. Per tant, la biblioteca en aquest moment est\u00e0 vinculada amb el centre i compromesa amb el desenvolupament del [&hellip;]<\/p>\n","protected":false},"author":1,"featured_media":0,"parent":64,"menu_order":80,"comment_status":"closed","ping_status":"closed","template":"page-templates\/side-menu.php","meta":{"_bbp_topic_count":0,"_bbp_reply_count":0,"_bbp_total_topic_count":0,"_bbp_total_reply_count":0,"_bbp_voice_count":0,"_bbp_anonymous_reply_count":0,"_bbp_topic_count_hidden":0,"_bbp_reply_count_hidden":0,"_bbp_forum_subforum_count":0,"site-sidebar-layout":"default","site-content-layout":"","ast-site-content-layout":"","site-content-style":"default","site-sidebar-style":"default","ast-global-header-display":"","ast-banner-title-visibility":"","ast-main-header-display":"","ast-hfb-above-header-display":"","ast-hfb-below-header-display":"","ast-hfb-mobile-header-display":"","site-post-title":"","ast-breadcrumbs-content":"","ast-featured-img":"","footer-sml-layout":"","theme-transparent-header-meta":"","adv-header-id-meta":"","stick-header-meta":"","header-above-stick-meta":"","header-main-stick-meta":"","header-below-stick-meta":"","astra-migrate-meta-layouts":"default","ast-page-background-enabled":"default","ast-page-background-meta":{"desktop":{"background-color":"var(--ast-global-color-4)","background-image":"","background-repeat":"repeat","background-position":"center center","background-size":"auto","background-attachment":"scroll","background-type":"","background-media":"","overlay-type":"","overlay-color":"","overlay-opacity":"","overlay-gradient":""},"tablet":{"background-color":"","background-image":"","background-repeat":"repeat","background-position":"center center","background-size":"auto","background-attachment":"scroll","background-type":"","background-media":"","overlay-type":"","overlay-color":"","overlay-opacity":"","overlay-gradient":""},"mobile":{"background-color":"","background-image":"","background-repeat":"repeat","background-position":"center center","background-size":"auto","background-attachment":"scroll","background-type":"","background-media":"","overlay-type":"","overlay-color":"","overlay-opacity":"","overlay-gradient":""}},"ast-content-background-meta":{"desktop":{"background-color":"var(--ast-global-color-5)","background-image":"","background-repeat":"repeat","background-position":"center center","background-size":"auto","background-attachment":"scroll","background-type":"","background-media":"","overlay-type":"","overlay-color":"","overlay-opacity":"","overlay-gradient":""},"tablet":{"background-color":"var(--ast-global-color-5)","background-image":"","background-repeat":"repeat","background-position":"center center","background-size":"auto","background-attachment":"scroll","background-type":"","background-media":"","overlay-type":"","overlay-color":"","overlay-opacity":"","overlay-gradient":""},"mobile":{"background-color":"var(--ast-global-color-5)","background-image":"","background-repeat":"repeat","background-position":"center center","background-size":"auto","background-attachment":"scroll","background-type":"","background-media":"","overlay-type":"","overlay-color":"","overlay-opacity":"","overlay-gradient":""}},"footnotes":""},"class_list":["post-590","page","type-page","status-publish","hentry"],"post_mailing_queue_ids":[],"_links":{"self":[{"href":"https:\/\/agora.xtec.cat\/ceipalfonsi\/wp-json\/wp\/v2\/pages\/590","targetHints":{"allow":["GET"]}}],"collection":[{"href":"https:\/\/agora.xtec.cat\/ceipalfonsi\/wp-json\/wp\/v2\/pages"}],"about":[{"href":"https:\/\/agora.xtec.cat\/ceipalfonsi\/wp-json\/wp\/v2\/types\/page"}],"author":[{"embeddable":true,"href":"https:\/\/agora.xtec.cat\/ceipalfonsi\/wp-json\/wp\/v2\/users\/1"}],"replies":[{"embeddable":true,"href":"https:\/\/agora.xtec.cat\/ceipalfonsi\/wp-json\/wp\/v2\/comments?post=590"}],"version-history":[{"count":3,"href":"https:\/\/agora.xtec.cat\/ceipalfonsi\/wp-json\/wp\/v2\/pages\/590\/revisions"}],"predecessor-version":[{"id":2220,"href":"https:\/\/agora.xtec.cat\/ceipalfonsi\/wp-json\/wp\/v2\/pages\/590\/revisions\/2220"}],"up":[{"embeddable":true,"href":"https:\/\/agora.xtec.cat\/ceipalfonsi\/wp-json\/wp\/v2\/pages\/64"}],"wp:attachment":[{"href":"https:\/\/agora.xtec.cat\/ceipalfonsi\/wp-json\/wp\/v2\/media?parent=590"}],"curies":[{"name":"wp","href":"https:\/\/api.w.org\/{rel}","templated":true}]}}