{"id":576,"date":"2016-12-25T12:21:50","date_gmt":"2016-12-25T11:21:50","guid":{"rendered":"http:\/\/agora.xtec.cat\/ceipalfonsi\/?page_id=576"},"modified":"2019-12-19T12:20:45","modified_gmt":"2019-12-19T11:20:45","slug":"esport-blanc-escolar-ebe","status":"publish","type":"page","link":"https:\/\/agora.xtec.cat\/ceipalfonsi\/activitats-de-centre\/altres-activitats\/esport-blanc-escolar-ebe\/","title":{"rendered":"Esport Blanc Escolar (EBE)"},"content":{"rendered":"<div><\/div>\n<p style=\"text-align: justify;\">El Programa Esport Blanc Escolar (EBE) \u00e9s un programa institucional que t\u00e9 l&#8217;objectiu, tal com estableixen les dues primeres l\u00ednies estrat\u00e8giques de l\u2019\u00e0mbit de la Promoci\u00f3 i Popularitzaci\u00f3 del <em>Pla Estrat\u00e8gic d\u2019Esports d\u2019Hivern de Catalunya<\/em>, \u00a0d\u2019impulsar la iniciaci\u00f3 i el coneixement dels esports d\u2019hivern, en les seves diferents modalitats, en la poblaci\u00f3 infantil, fent una atenci\u00f3 especial a les comarques pirinenques\u201d. L\u2019altra finalitat \u00e9s Ia d\u2019educar mitjan\u00e7ant l\u2019esport a respectar, gaudir, conviure, estimar i con\u00e8ixer les nostres muntanyes amb la complicitat del professorat dels centres d\u2019ensenyament i dels t\u00e8cnics d\u2019esport\u201d.<\/p>\n<p style=\"text-align: justify;\">El programa \u201cEsport Blanc Escolar\u201d proposa una activitat de formaci\u00f3 poliesportiva en esports d\u2019hivern, en el marc curricular de l\u2019assignatura d\u2019Educaci\u00f3 F\u00edsica, per\u00f2 amb un tractament interdisciplinari que permeti treballar el coneixement i respecte de les muntanyes del Pirineu, i del medi natural en general, de la interacci\u00f3 amb els diferents tipus de neu i de persones i professions del territori que s\u2019hi relacionen, i viure en primera persona tots els valors que comporten.<\/p>\n<p style=\"text-align: justify;\">El programa estableix la realitzaci\u00f3 d\u2019un total de 8 sessions anuals, distribu\u00efdes en 3 sessions d\u2019esqu\u00ed alp\u00ed, 3 sessions d\u2019esqu\u00ed de fons i 2 sessions de surf de neu (\u201csnowboard\u201d). Cada sessi\u00f3 es portar\u00e0 a terme durant un mat\u00ed a la setmana, per part de l\u2019alumnat dels cursos de 3r i 4t de prim\u00e0ria (8-10 anys), de forma progressiva, de manera que tots els alumnes realitzin aquesta activitat al llarg de dos cursos escolars.<\/p>\n<p style=\"text-align: justify;\">Val a dir que s\u00f3n molts els agents que fan possible aquest projecte. D\u2019una banda, la coordinaci\u00f3 curricular del Departament d\u2019Ensenyament amb els centres educatius de les nou comarques del Pirineu, \u00a0l\u2019impuls i suport econ\u00f2mic de la Secretaria General de l\u2019Esport, en col\u00b7laboraci\u00f3 amb els consells esportius de cada comarca, i el comprom\u00eds de la Federaci\u00f3 Catalana d\u2019Esports d\u2019Hivern per a la selecci\u00f3 i formaci\u00f3 dels t\u00e8cnics d\u2019esqu\u00ed i la coordinaci\u00f3 t\u00e8cnica del programa. D\u2019una altra banda, la cooperaci\u00f3 de les corporacions locals (consells comarcals, etc.) i del Consell General d\u2019Aran per al transport escolar, aix\u00ed com l\u2019esfor\u00e7 de les estacions d\u2019esqu\u00ed per a facilitar a un preu redu\u00eft els forfaits i el material. I finalment, la petita aportaci\u00f3 de les fam\u00edlies, similar a qualsevol sortida escolar, destinada a completar el cost de l&#8217;activitat\u00a0(en el curs 2019-2020 aquesta aportaci\u00f3 ha estat de 25\u20ac + 7,5\u20ac d&#8217;asseguran\u00e7a).<\/p>\n<p style=\"text-align: justify;\">A trav\u00e9s d&#8217;aquest Programa EBE\u00a0les entitats promotores pretenen aconseguir els seg\u00fcents objectius generals:<\/p>\n<ul style=\"text-align: justify;\">\n<li style=\"text-align: left;\">Ajudar en la formaci\u00f3 integral de l&#8217;alumnat d&#8217;Educaci\u00f3 Prim\u00e0ria.<\/li>\n<li style=\"text-align: left;\">Educar mitjan\u00e7ant la pr\u00e0ctica d&#8217;esport a l&#8217;aire lliure.<\/li>\n<li style=\"text-align: left;\">Respectar i gaudir de la muntanya com a entorn natural que \u00e9s.<\/li>\n<li style=\"text-align: left;\">Fomentar l&#8217;adquisici\u00f3 de diferents habilitats coordinatives.<\/li>\n<li style=\"text-align: left;\">Practicar les diferents t\u00e8cniques esportives espec\u00edfiques dels esports d&#8217;hivern.<\/li>\n<li style=\"text-align: left;\">Aconseguir que tot l&#8217;alumnat que viu a les comarques pirinenques tingui l&#8217;oportunitat d&#8217;aprendre a esquiar.<\/li>\n<\/ul>\n<p style=\"text-align: justify;\">Cal dir que el nostre centre va entrar\u00a0a formar part d&#8217;aquest projecte durant el curs escolar 2016-2017 a trav\u00e9s dels alumnes de 3r d&#8217;Educaci\u00f3 Prim\u00e0ria i que a partir del curs 2017-2018 ja s&#8217;hi han afegit els de 4t.<\/p>\n<p style=\"text-align: justify;\">Finalment, us deixem amb un parell d&#8217;enlla\u00e7os a documents que us poden aportar m\u00e9s informaci\u00f3 sobre el funcionament d&#8217;aquest programa aix\u00ed com amb un v\u00eddeo promocional de l&#8217;activitat.<\/p>\n<p style=\"text-align: center;\"><a href=\"http:\/\/agora.xtec.cat\/ceipalfonsi\/wp-content\/uploads\/usu1033\/2016\/12\/Tr\u00edptic-EBE.pdf\" target=\"_blank\" rel=\"noopener noreferrer\">Tr\u00edptic EBE<\/a><\/p>\n<p style=\"text-align: center;\"><a href=\"http:\/\/agora.xtec.cat\/ceipalfonsi\/wp-content\/uploads\/usu1033\/2016\/12\/Presentaci\u00f3-Programa-EBE.pdf\" target=\"_blank\" rel=\"noopener noreferrer\">Presentaci\u00f3-Programa-EBE<\/a><\/p>\n<p style=\"text-align: center;\"><iframe loading=\"lazy\" src=\"https:\/\/www.youtube.com\/embed\/K8ZrAXibm5U\" width=\"560\" height=\"315\" frameborder=\"0\" allowfullscreen=\"allowfullscreen\"><\/iframe><\/p>\n","protected":false},"excerpt":{"rendered":"<p>El Programa Esport Blanc Escolar (EBE) \u00e9s un programa institucional que t\u00e9 l&#8217;objectiu, tal com estableixen les dues primeres l\u00ednies estrat\u00e8giques de l\u2019\u00e0mbit de la Promoci\u00f3 i Popularitzaci\u00f3 del Pla Estrat\u00e8gic d\u2019Esports d\u2019Hivern de Catalunya, \u00a0d\u2019impulsar la iniciaci\u00f3 i el coneixement dels esports d\u2019hivern, en les seves diferents modalitats, en la poblaci\u00f3 infantil, fent una [&hellip;]<\/p>\n","protected":false},"author":1,"featured_media":0,"parent":570,"menu_order":20,"comment_status":"closed","ping_status":"closed","template":"page-templates\/side-menu.php","meta":{"_bbp_topic_count":0,"_bbp_reply_count":0,"_bbp_total_topic_count":0,"_bbp_total_reply_count":0,"_bbp_voice_count":0,"_bbp_anonymous_reply_count":0,"_bbp_topic_count_hidden":0,"_bbp_reply_count_hidden":0,"_bbp_forum_subforum_count":0,"site-sidebar-layout":"default","site-content-layout":"","ast-site-content-layout":"","site-content-style":"default","site-sidebar-style":"default","ast-global-header-display":"","ast-banner-title-visibility":"","ast-main-header-display":"","ast-hfb-above-header-display":"","ast-hfb-below-header-display":"","ast-hfb-mobile-header-display":"","site-post-title":"","ast-breadcrumbs-content":"","ast-featured-img":"","footer-sml-layout":"","theme-transparent-header-meta":"","adv-header-id-meta":"","stick-header-meta":"","header-above-stick-meta":"","header-main-stick-meta":"","header-below-stick-meta":"","astra-migrate-meta-layouts":"default","ast-page-background-enabled":"default","ast-page-background-meta":{"desktop":{"background-color":"var(--ast-global-color-4)","background-image":"","background-repeat":"repeat","background-position":"center center","background-size":"auto","background-attachment":"scroll","background-type":"","background-media":"","overlay-type":"","overlay-color":"","overlay-opacity":"","overlay-gradient":""},"tablet":{"background-color":"","background-image":"","background-repeat":"repeat","background-position":"center center","background-size":"auto","background-attachment":"scroll","background-type":"","background-media":"","overlay-type":"","overlay-color":"","overlay-opacity":"","overlay-gradient":""},"mobile":{"background-color":"","background-image":"","background-repeat":"repeat","background-position":"center center","background-size":"auto","background-attachment":"scroll","background-type":"","background-media":"","overlay-type":"","overlay-color":"","overlay-opacity":"","overlay-gradient":""}},"ast-content-background-meta":{"desktop":{"background-color":"var(--ast-global-color-5)","background-image":"","background-repeat":"repeat","background-position":"center center","background-size":"auto","background-attachment":"scroll","background-type":"","background-media":"","overlay-type":"","overlay-color":"","overlay-opacity":"","overlay-gradient":""},"tablet":{"background-color":"var(--ast-global-color-5)","background-image":"","background-repeat":"repeat","background-position":"center center","background-size":"auto","background-attachment":"scroll","background-type":"","background-media":"","overlay-type":"","overlay-color":"","overlay-opacity":"","overlay-gradient":""},"mobile":{"background-color":"var(--ast-global-color-5)","background-image":"","background-repeat":"repeat","background-position":"center center","background-size":"auto","background-attachment":"scroll","background-type":"","background-media":"","overlay-type":"","overlay-color":"","overlay-opacity":"","overlay-gradient":""}},"footnotes":""},"class_list":["post-576","page","type-page","status-publish","hentry"],"post_mailing_queue_ids":[],"_links":{"self":[{"href":"https:\/\/agora.xtec.cat\/ceipalfonsi\/wp-json\/wp\/v2\/pages\/576","targetHints":{"allow":["GET"]}}],"collection":[{"href":"https:\/\/agora.xtec.cat\/ceipalfonsi\/wp-json\/wp\/v2\/pages"}],"about":[{"href":"https:\/\/agora.xtec.cat\/ceipalfonsi\/wp-json\/wp\/v2\/types\/page"}],"author":[{"embeddable":true,"href":"https:\/\/agora.xtec.cat\/ceipalfonsi\/wp-json\/wp\/v2\/users\/1"}],"replies":[{"embeddable":true,"href":"https:\/\/agora.xtec.cat\/ceipalfonsi\/wp-json\/wp\/v2\/comments?post=576"}],"version-history":[{"count":4,"href":"https:\/\/agora.xtec.cat\/ceipalfonsi\/wp-json\/wp\/v2\/pages\/576\/revisions"}],"predecessor-version":[{"id":4000,"href":"https:\/\/agora.xtec.cat\/ceipalfonsi\/wp-json\/wp\/v2\/pages\/576\/revisions\/4000"}],"up":[{"embeddable":true,"href":"https:\/\/agora.xtec.cat\/ceipalfonsi\/wp-json\/wp\/v2\/pages\/570"}],"wp:attachment":[{"href":"https:\/\/agora.xtec.cat\/ceipalfonsi\/wp-json\/wp\/v2\/media?parent=576"}],"curies":[{"name":"wp","href":"https:\/\/api.w.org\/{rel}","templated":true}]}}