{"id":558,"date":"2016-12-25T12:11:54","date_gmt":"2016-12-25T11:11:54","guid":{"rendered":"http:\/\/agora.xtec.cat\/ceipalfonsi\/?page_id=558"},"modified":"2026-04-08T10:30:37","modified_gmt":"2026-04-08T08:30:37","slug":"servei-de-menjador","status":"publish","type":"page","link":"https:\/\/agora.xtec.cat\/ceipalfonsi\/serveis\/servei-de-menjador\/","title":{"rendered":"Servei de menjador"},"content":{"rendered":"<p style=\"text-align: justify;\">Enguany els i les alumnes de l&#8217;escola continuen disposant de la possibilitat de fer \u00fas del servei de menjador del centre, el qual est\u00e0 gestionat per la empresa de c\u00e0tering Aramark.<\/p>\n<p>L&#8217;horari del servei de menjador \u00e9s de 12:30 h\ud83d\udd67\u00a0 a 15:00 h \ud83d\udd52.<\/p>\n<p>A la seg\u00fcent p\u00e0gina web podeu trobar tota la informaci\u00f3. <a href=\"https:\/\/www.elgustdecreixer.cat\/\">https:\/\/www.elgustdecreixer.cat\/<\/a> En aquesta p\u00e0gina tamb\u00e9 podeu descarregar els men\u00fas.<\/p>\n<p style=\"text-align: justify;\">Aquest servei es pot utilitzar tant en la modalitat FIXA (usuari\/a que, segons les necessitats familiars, segueix un patr\u00f3 determinat, des de un dia a la setmana a cada dia) a un preu de 7,25\u20ac\/dia o ESPOR\u00c0DICA (usuari\/a que no t\u00e9 cap patr\u00f3 per\u00f2 que pot fer \u00fas del servei sempre que ho vulgui) amb un cost de 7,98\u20ac\/dia.<\/p>\n<p style=\"text-align: justify;\">En cas de dubte o per a m\u00e9s informaci\u00f3 us podeu posar en contacte amb les responsables del servei trucant al 650896208 de dilluns a dijous de 9:00h a 11:00h o b\u00e9 per Dinantia.<\/p>\n<p style=\"text-align: justify;\"><img loading=\"lazy\" decoding=\"async\" class=\"alignnone size-large wp-image-8133\" src=\"https:\/\/agora.xtec.cat\/ceipalfonsi\/wp-content\/uploads\/usu1033\/2026\/04\/Captura-de-pantalla-2026-04-08-103003-1024x653.png\" alt=\"\" width=\"1024\" height=\"653\" srcset=\"https:\/\/agora.xtec.cat\/ceipalfonsi\/wp-content\/uploads\/usu1033\/2026\/04\/Captura-de-pantalla-2026-04-08-103003-1024x653.png 1024w, https:\/\/agora.xtec.cat\/ceipalfonsi\/wp-content\/uploads\/usu1033\/2026\/04\/Captura-de-pantalla-2026-04-08-103003-300x191.png 300w, https:\/\/agora.xtec.cat\/ceipalfonsi\/wp-content\/uploads\/usu1033\/2026\/04\/Captura-de-pantalla-2026-04-08-103003-768x490.png 768w, https:\/\/agora.xtec.cat\/ceipalfonsi\/wp-content\/uploads\/usu1033\/2026\/04\/Captura-de-pantalla-2026-04-08-103003.png 1341w\" sizes=\"auto, (max-width: 1024px) 100vw, 1024px\" \/><\/p>\n","protected":false},"excerpt":{"rendered":"<p>Enguany els i les alumnes de l&#8217;escola continuen disposant de la possibilitat de fer \u00fas del servei de menjador del centre, el qual est\u00e0 gestionat per la empresa de c\u00e0tering Aramark. L&#8217;horari del servei de menjador \u00e9s de 12:30 h\ud83d\udd67\u00a0 a 15:00 h \ud83d\udd52. A la seg\u00fcent p\u00e0gina web podeu trobar tota la informaci\u00f3. https:\/\/www.elgustdecreixer.cat\/ [&hellip;]<\/p>\n","protected":false},"author":1,"featured_media":0,"parent":66,"menu_order":40,"comment_status":"closed","ping_status":"closed","template":"page-templates\/side-menu.php","meta":{"_bbp_topic_count":0,"_bbp_reply_count":0,"_bbp_total_topic_count":0,"_bbp_total_reply_count":0,"_bbp_voice_count":0,"_bbp_anonymous_reply_count":0,"_bbp_topic_count_hidden":0,"_bbp_reply_count_hidden":0,"_bbp_forum_subforum_count":0,"site-sidebar-layout":"default","site-content-layout":"","ast-site-content-layout":"","site-content-style":"default","site-sidebar-style":"default","ast-global-header-display":"","ast-banner-title-visibility":"","ast-main-header-display":"","ast-hfb-above-header-display":"","ast-hfb-below-header-display":"","ast-hfb-mobile-header-display":"","site-post-title":"","ast-breadcrumbs-content":"","ast-featured-img":"","footer-sml-layout":"","theme-transparent-header-meta":"","adv-header-id-meta":"","stick-header-meta":"","header-above-stick-meta":"","header-main-stick-meta":"","header-below-stick-meta":"","astra-migrate-meta-layouts":"default","ast-page-background-enabled":"default","ast-page-background-meta":{"desktop":{"background-color":"var(--ast-global-color-4)","background-image":"","background-repeat":"repeat","background-position":"center center","background-size":"auto","background-attachment":"scroll","background-type":"","background-media":"","overlay-type":"","overlay-color":"","overlay-opacity":"","overlay-gradient":""},"tablet":{"background-color":"","background-image":"","background-repeat":"repeat","background-position":"center center","background-size":"auto","background-attachment":"scroll","background-type":"","background-media":"","overlay-type":"","overlay-color":"","overlay-opacity":"","overlay-gradient":""},"mobile":{"background-color":"","background-image":"","background-repeat":"repeat","background-position":"center center","background-size":"auto","background-attachment":"scroll","background-type":"","background-media":"","overlay-type":"","overlay-color":"","overlay-opacity":"","overlay-gradient":""}},"ast-content-background-meta":{"desktop":{"background-color":"var(--ast-global-color-5)","background-image":"","background-repeat":"repeat","background-position":"center center","background-size":"auto","background-attachment":"scroll","background-type":"","background-media":"","overlay-type":"","overlay-color":"","overlay-opacity":"","overlay-gradient":""},"tablet":{"background-color":"var(--ast-global-color-5)","background-image":"","background-repeat":"repeat","background-position":"center center","background-size":"auto","background-attachment":"scroll","background-type":"","background-media":"","overlay-type":"","overlay-color":"","overlay-opacity":"","overlay-gradient":""},"mobile":{"background-color":"var(--ast-global-color-5)","background-image":"","background-repeat":"repeat","background-position":"center center","background-size":"auto","background-attachment":"scroll","background-type":"","background-media":"","overlay-type":"","overlay-color":"","overlay-opacity":"","overlay-gradient":""}},"footnotes":""},"class_list":["post-558","page","type-page","status-publish","hentry"],"post_mailing_queue_ids":[],"_links":{"self":[{"href":"https:\/\/agora.xtec.cat\/ceipalfonsi\/wp-json\/wp\/v2\/pages\/558","targetHints":{"allow":["GET"]}}],"collection":[{"href":"https:\/\/agora.xtec.cat\/ceipalfonsi\/wp-json\/wp\/v2\/pages"}],"about":[{"href":"https:\/\/agora.xtec.cat\/ceipalfonsi\/wp-json\/wp\/v2\/types\/page"}],"author":[{"embeddable":true,"href":"https:\/\/agora.xtec.cat\/ceipalfonsi\/wp-json\/wp\/v2\/users\/1"}],"replies":[{"embeddable":true,"href":"https:\/\/agora.xtec.cat\/ceipalfonsi\/wp-json\/wp\/v2\/comments?post=558"}],"version-history":[{"count":7,"href":"https:\/\/agora.xtec.cat\/ceipalfonsi\/wp-json\/wp\/v2\/pages\/558\/revisions"}],"predecessor-version":[{"id":8134,"href":"https:\/\/agora.xtec.cat\/ceipalfonsi\/wp-json\/wp\/v2\/pages\/558\/revisions\/8134"}],"up":[{"embeddable":true,"href":"https:\/\/agora.xtec.cat\/ceipalfonsi\/wp-json\/wp\/v2\/pages\/66"}],"wp:attachment":[{"href":"https:\/\/agora.xtec.cat\/ceipalfonsi\/wp-json\/wp\/v2\/media?parent=558"}],"curies":[{"name":"wp","href":"https:\/\/api.w.org\/{rel}","templated":true}]}}