{"id":551,"date":"2016-12-25T12:10:11","date_gmt":"2016-12-25T11:10:11","guid":{"rendered":"http:\/\/agora.xtec.cat\/ceipalfonsi\/?page_id=551"},"modified":"2026-04-16T12:02:58","modified_gmt":"2026-04-16T10:02:58","slug":"documents-de-centre","status":"publish","type":"page","link":"https:\/\/agora.xtec.cat\/ceipalfonsi\/documents-de-centre\/","title":{"rendered":"Documents de centre"},"content":{"rendered":"<p style=\"text-align: justify;\">En aquest apartat del Nodes podreu anar trobant els diferents documents de centre que des del Departament d&#8217;Ensenyament ens han demanat que posem a l&#8217;abast de tothom que hi estigui interessat:<\/p>\n<ul>\n<li><a href=\"https:\/\/agora.xtec.cat\/ceipalfonsi\/wp-content\/uploads\/usu1033\/2019\/02\/PROJECTE-EDUCATIU-DE-CENTRE.pdf\" target=\"_blank\" rel=\"noopener noreferrer\">Projecte Educatiu de Centre (PEC).<\/a><\/li>\n<li><a href=\"https:\/\/agora.xtec.cat\/ceipalfonsi\/wp-content\/uploads\/usu1033\/2019\/02\/PROJECTE-LING\u00dc\u00cdSTIC.pdf\" target=\"_blank\" rel=\"noopener noreferrer\">Projecte L\u00edng\u00fc\u00edstic (PL).<\/a><\/li>\n<li><a href=\"https:\/\/agora.xtec.cat\/ceipalfonsi\/wp-content\/uploads\/usu1033\/2019\/10\/NOFC.pdf\" target=\"_blank\" rel=\"noopener noreferrer\">Normes d&#8217;Organitzaci\u00f3 i Funcionament de Centre (NOFC).<\/a><\/li>\n<li><a href=\"https:\/\/drive.google.com\/file\/d\/1RI3c5hJNp2AcmtshBab3hGqQHIKOMMl-\/view?usp=sharing\" target=\"_blank\" rel=\"noopener\">Organigrama del Centre 2025-2026<\/a><\/li>\n<li><a href=\"https:\/\/agora.xtec.cat\/ceipalfonsi\/wp-content\/uploads\/usu1033\/2021\/09\/PLA-DORGANITZACIO-ESCOLA-ALFONS-I-2021-22.pdf\" target=\"_blank\" rel=\"noopener noreferrer\">Pla d&#8217;Organitzaci\u00f3 de l&#8217;Escola Alfons I (Curs 21-22).\/ PLA D&#8217;ACTUACI\u00d3<\/a><\/li>\n<li>Perfil i traject\u00f2ria professional de l&#8217;Equip Directiu:\n<ul>\n<li>Director.<\/li>\n<li>Cap d&#8217;Estudis.<\/li>\n<li>Secretari.<\/li>\n<\/ul>\n<\/li>\n<\/ul>\n","protected":false},"excerpt":{"rendered":"<p>En aquest apartat del Nodes podreu anar trobant els diferents documents de centre que des del Departament d&#8217;Ensenyament ens han demanat que posem a l&#8217;abast de tothom que hi estigui interessat: Projecte Educatiu de Centre (PEC). Projecte L\u00edng\u00fc\u00edstic (PL). Normes d&#8217;Organitzaci\u00f3 i Funcionament de Centre (NOFC). Organigrama del Centre 2025-2026 Pla d&#8217;Organitzaci\u00f3 de l&#8217;Escola Alfons [&hellip;]<\/p>\n","protected":false},"author":1,"featured_media":0,"parent":0,"menu_order":20,"comment_status":"closed","ping_status":"closed","template":"","meta":{"_bbp_topic_count":0,"_bbp_reply_count":0,"_bbp_total_topic_count":0,"_bbp_total_reply_count":0,"_bbp_voice_count":0,"_bbp_anonymous_reply_count":0,"_bbp_topic_count_hidden":0,"_bbp_reply_count_hidden":0,"_bbp_forum_subforum_count":0,"site-sidebar-layout":"default","site-content-layout":"","ast-site-content-layout":"default","site-content-style":"default","site-sidebar-style":"default","ast-global-header-display":"","ast-banner-title-visibility":"","ast-main-header-display":"","ast-hfb-above-header-display":"","ast-hfb-below-header-display":"","ast-hfb-mobile-header-display":"","site-post-title":"","ast-breadcrumbs-content":"","ast-featured-img":"","footer-sml-layout":"","theme-transparent-header-meta":"default","adv-header-id-meta":"","stick-header-meta":"","header-above-stick-meta":"","header-main-stick-meta":"","header-below-stick-meta":"","astra-migrate-meta-layouts":"set","ast-page-background-enabled":"default","ast-page-background-meta":{"desktop":{"background-color":"var(--ast-global-color-4)","background-image":"","background-repeat":"repeat","background-position":"center center","background-size":"auto","background-attachment":"scroll","background-type":"","background-media":"","overlay-type":"","overlay-color":"","overlay-opacity":"","overlay-gradient":""},"tablet":{"background-color":"","background-image":"","background-repeat":"repeat","background-position":"center center","background-size":"auto","background-attachment":"scroll","background-type":"","background-media":"","overlay-type":"","overlay-color":"","overlay-opacity":"","overlay-gradient":""},"mobile":{"background-color":"","background-image":"","background-repeat":"repeat","background-position":"center center","background-size":"auto","background-attachment":"scroll","background-type":"","background-media":"","overlay-type":"","overlay-color":"","overlay-opacity":"","overlay-gradient":""}},"ast-content-background-meta":{"desktop":{"background-color":"var(--ast-global-color-5)","background-image":"","background-repeat":"repeat","background-position":"center center","background-size":"auto","background-attachment":"scroll","background-type":"","background-media":"","overlay-type":"","overlay-color":"","overlay-opacity":"","overlay-gradient":""},"tablet":{"background-color":"var(--ast-global-color-5)","background-image":"","background-repeat":"repeat","background-position":"center center","background-size":"auto","background-attachment":"scroll","background-type":"","background-media":"","overlay-type":"","overlay-color":"","overlay-opacity":"","overlay-gradient":""},"mobile":{"background-color":"var(--ast-global-color-5)","background-image":"","background-repeat":"repeat","background-position":"center center","background-size":"auto","background-attachment":"scroll","background-type":"","background-media":"","overlay-type":"","overlay-color":"","overlay-opacity":"","overlay-gradient":""}},"footnotes":""},"class_list":["post-551","page","type-page","status-publish","hentry"],"post_mailing_queue_ids":[],"_links":{"self":[{"href":"https:\/\/agora.xtec.cat\/ceipalfonsi\/wp-json\/wp\/v2\/pages\/551","targetHints":{"allow":["GET"]}}],"collection":[{"href":"https:\/\/agora.xtec.cat\/ceipalfonsi\/wp-json\/wp\/v2\/pages"}],"about":[{"href":"https:\/\/agora.xtec.cat\/ceipalfonsi\/wp-json\/wp\/v2\/types\/page"}],"author":[{"embeddable":true,"href":"https:\/\/agora.xtec.cat\/ceipalfonsi\/wp-json\/wp\/v2\/users\/1"}],"replies":[{"embeddable":true,"href":"https:\/\/agora.xtec.cat\/ceipalfonsi\/wp-json\/wp\/v2\/comments?post=551"}],"version-history":[{"count":5,"href":"https:\/\/agora.xtec.cat\/ceipalfonsi\/wp-json\/wp\/v2\/pages\/551\/revisions"}],"predecessor-version":[{"id":8176,"href":"https:\/\/agora.xtec.cat\/ceipalfonsi\/wp-json\/wp\/v2\/pages\/551\/revisions\/8176"}],"wp:attachment":[{"href":"https:\/\/agora.xtec.cat\/ceipalfonsi\/wp-json\/wp\/v2\/media?parent=551"}],"curies":[{"name":"wp","href":"https:\/\/api.w.org\/{rel}","templated":true}]}}