{"id":537,"date":"2016-12-25T12:00:19","date_gmt":"2016-12-25T11:00:19","guid":{"rendered":"http:\/\/agora.xtec.cat\/ceipalfonsi\/?page_id=537"},"modified":"2017-11-06T15:09:41","modified_gmt":"2017-11-06T14:09:41","slug":"la-castanyada","status":"publish","type":"page","link":"https:\/\/agora.xtec.cat\/ceipalfonsi\/activitats-de-centre\/festes\/la-castanyada\/","title":{"rendered":"La Castanyada"},"content":{"rendered":"<p style=\"text-align: justify;\">La festa que celebrem a l&#8217;escola sota el nom de &#8220;La Castanyada&#8221; est\u00e0 totalment vinculada a la coneguda festivitat de Tots Sants, la qual est\u00e0 dedicada al record dels avantpassats. Aquesta celebraci\u00f3 t\u00e9 el seu origen\u00a0en una vella tradici\u00f3 pagana que se celebrava a tota Europa en la qual s\u2019assimilava la fi de la collita i el bon temps amb el culte a les \u00e0nimes dels familiars morts.<\/p>\n<p style=\"text-align: justify;\">En aquest sentit, quan arriba la tardor, i el temps del fred comen\u00e7a a dibuixar-se a l\u2019horitz\u00f3 retornen les festes a la vora del foc. En el nostre calendari, la Castanyada i la menja de panellets s\u00f3n uns costums que, malgrat haver perdut el seu car\u00e0cter d&#8217;ofrena funer\u00e0ria original, segueixen complint una important funci\u00f3 social.<\/p>\n<p style=\"text-align: justify;\">Segons diuen alguns cronistes, aquesta tradici\u00f3 de menjar castanyes, molt arrelada a tot Catalunya, es va iniciar durant la nit que va del dia de Tots Sants (1 de novembre) al Dia dels Morts (2 de novembre). Fa anys, durant aquesta vetllada, els campaners de les esgl\u00e9sies no paraven de fer sonar les campanes per avisar els ve\u00efns de l&#8217;arribada del moment de pregar pels seus difunts. El gran cansament que produ\u00efa moure les rudiment\u00e0ries estructures dels campanars durant tantes hores feia necessari poder refer forces. Per aix\u00f2 els campaners s\u2019enduien castanyes, el fruit que m\u00e9s abundava en aquesta \u00e8poca de l\u2019any, i alguna ampolla de vi dol\u00e7, per fer-les passar millor i, a la vegada, combatre el fred en els pocs moments de descans.<\/p>\n<p style=\"text-align: justify;\">A finals del segle XVIII, el costum de menjar castanyes en aquest dia s\u2019havia generalitzat a tot el territori. Aix\u00ed van apar\u00e8ixer les castanyeres que es van fer molt populars pels carrers de pobles i ciutats, fins que es van convertir en tota una instituci\u00f3. Les m\u00e9s conegudes tenien parada fixa, i segons diuen els nostres avis, amb sofisticats sistemes i molta paci\u00e8ncia, torraven les castanyes de tal manera que era una meravella menjar-les.<\/p>\n<p style=\"text-align: justify;\">Avui quan arriben aquestes dates, tornen a sortir les parades de castanyers i castanyeres i tamb\u00e9 parades de castanyes torrades portades per gent jove, que troben aquesta tasca l\u2019oportunitat de fer uns calerons per finan\u00e7ar les activitats de les seves associacions. Des de fa uns anys tamb\u00e9 se celebren castanyades populars a l&#8217;aire lliure, balls, i altres activitats organitzades per diferents entitats i associacions. Fins i tot les discoteques ofereixen, des de fa uns anys, versions enllaunades de la celebraci\u00f3.<\/p>\n<p style=\"text-align: justify;\"><b>Els panellets<\/b><\/p>\n<p style=\"text-align: justify;\">A m\u00e9s de les castanyes, els panellets i la fruita confitada s\u00f3n tamb\u00e9 un menjar t\u00edpic d\u2019aquesta singular festa. L&#8217;origen dels panellets i la seva relaci\u00f3 amb la diada de Tots Sants \u00e9s una q\u00fcesti\u00f3 encara no aclarida. Alguns historiadors defensen que poden ser una evoluci\u00f3 d\u2019antics \u00e0pats funeraris celebrats en moltes poblacions de la Catalunya Vella, on hi havia el costum de fer un dinar despr\u00e9s de la mort d&#8217;algun familiar. Aquest acte era tot un ritual, tant en la forma de parar la taula com en la distribuci\u00f3 dels comensals i el tipus de menjar que es servia.<\/p>\n<p style=\"text-align: justify;\">Altres teories suggereixen que aquest costum est\u00e0 lligat a la benedicci\u00f3 de pans, que es dipositaven com ofrena a les tombes familiars en honor a la mem\u00f2ria dels avantpassats i tamb\u00e9 com a aliment en el viatge al m\u00e9s enll\u00e0. Aquests pans haurien estat substitu\u00efts amb el temps pels dol\u00e7os panellets, elaborats amb ingredients que no es passen amb el temps i que, per tant, poden aguantar uns quants dies mentre els difunts fan el seu cam\u00ed cap a l\u2019eternitat.<\/p>\n<p style=\"text-align: right;\"><sub>(Informaci\u00f3 extreta de:\u00a0http:\/\/www.festes.org\/articles.php?id=214)<\/sub><\/p>\n<p style=\"text-align: justify;\">Finalment, si teniu inter\u00e8s en veure alguna de les fotografies que enguany hem fet de la celebraci\u00f3 de la festa a l&#8217;escola podeu fer-ho accedint a l&#8217;\u00e0lbum que trobareu clicant la seg\u00fcent imatge.<\/p>\n<p><a href=\"https:\/\/photos.app.goo.gl\/itA5VKwpiB8sykDu1\" target=\"_blank\" rel=\"noopener noreferrer\"><img loading=\"lazy\" decoding=\"async\" class=\"wp-image-1394 size-medium aligncenter\" src=\"http:\/\/agora.xtec.cat\/ceipalfonsi\/wp-content\/uploads\/usu1033\/2017\/11\/PA310446-300x225.jpg\" alt=\"\" width=\"300\" height=\"225\" srcset=\"https:\/\/agora.xtec.cat\/ceipalfonsi\/wp-content\/uploads\/usu1033\/2017\/11\/PA310446-300x225.jpg 300w, https:\/\/agora.xtec.cat\/ceipalfonsi\/wp-content\/uploads\/usu1033\/2017\/11\/PA310446-768x576.jpg 768w, https:\/\/agora.xtec.cat\/ceipalfonsi\/wp-content\/uploads\/usu1033\/2017\/11\/PA310446-1024x768.jpg 1024w, https:\/\/agora.xtec.cat\/ceipalfonsi\/wp-content\/uploads\/usu1033\/2017\/11\/PA310446-200x150.jpg 200w\" sizes=\"auto, (max-width: 300px) 100vw, 300px\" \/><\/a><\/p>\n","protected":false},"excerpt":{"rendered":"<p>La festa que celebrem a l&#8217;escola sota el nom de &#8220;La Castanyada&#8221; est\u00e0 totalment vinculada a la coneguda festivitat de Tots Sants, la qual est\u00e0 dedicada al record dels avantpassats. Aquesta celebraci\u00f3 t\u00e9 el seu origen\u00a0en una vella tradici\u00f3 pagana que se celebrava a tota Europa en la qual s\u2019assimilava la fi de la collita [&hellip;]<\/p>\n","protected":false},"author":1,"featured_media":0,"parent":527,"menu_order":20,"comment_status":"closed","ping_status":"closed","template":"page-templates\/side-menu.php","meta":{"_bbp_topic_count":0,"_bbp_reply_count":0,"_bbp_total_topic_count":0,"_bbp_total_reply_count":0,"_bbp_voice_count":0,"_bbp_anonymous_reply_count":0,"_bbp_topic_count_hidden":0,"_bbp_reply_count_hidden":0,"_bbp_forum_subforum_count":0,"site-sidebar-layout":"default","site-content-layout":"","ast-site-content-layout":"","site-content-style":"default","site-sidebar-style":"default","ast-global-header-display":"","ast-banner-title-visibility":"","ast-main-header-display":"","ast-hfb-above-header-display":"","ast-hfb-below-header-display":"","ast-hfb-mobile-header-display":"","site-post-title":"","ast-breadcrumbs-content":"","ast-featured-img":"","footer-sml-layout":"","theme-transparent-header-meta":"","adv-header-id-meta":"","stick-header-meta":"","header-above-stick-meta":"","header-main-stick-meta":"","header-below-stick-meta":"","astra-migrate-meta-layouts":"default","ast-page-background-enabled":"default","ast-page-background-meta":{"desktop":{"background-color":"var(--ast-global-color-4)","background-image":"","background-repeat":"repeat","background-position":"center center","background-size":"auto","background-attachment":"scroll","background-type":"","background-media":"","overlay-type":"","overlay-color":"","overlay-opacity":"","overlay-gradient":""},"tablet":{"background-color":"","background-image":"","background-repeat":"repeat","background-position":"center center","background-size":"auto","background-attachment":"scroll","background-type":"","background-media":"","overlay-type":"","overlay-color":"","overlay-opacity":"","overlay-gradient":""},"mobile":{"background-color":"","background-image":"","background-repeat":"repeat","background-position":"center center","background-size":"auto","background-attachment":"scroll","background-type":"","background-media":"","overlay-type":"","overlay-color":"","overlay-opacity":"","overlay-gradient":""}},"ast-content-background-meta":{"desktop":{"background-color":"var(--ast-global-color-5)","background-image":"","background-repeat":"repeat","background-position":"center center","background-size":"auto","background-attachment":"scroll","background-type":"","background-media":"","overlay-type":"","overlay-color":"","overlay-opacity":"","overlay-gradient":""},"tablet":{"background-color":"var(--ast-global-color-5)","background-image":"","background-repeat":"repeat","background-position":"center center","background-size":"auto","background-attachment":"scroll","background-type":"","background-media":"","overlay-type":"","overlay-color":"","overlay-opacity":"","overlay-gradient":""},"mobile":{"background-color":"var(--ast-global-color-5)","background-image":"","background-repeat":"repeat","background-position":"center center","background-size":"auto","background-attachment":"scroll","background-type":"","background-media":"","overlay-type":"","overlay-color":"","overlay-opacity":"","overlay-gradient":""}},"footnotes":""},"class_list":["post-537","page","type-page","status-publish","hentry"],"post_mailing_queue_ids":[],"_links":{"self":[{"href":"https:\/\/agora.xtec.cat\/ceipalfonsi\/wp-json\/wp\/v2\/pages\/537","targetHints":{"allow":["GET"]}}],"collection":[{"href":"https:\/\/agora.xtec.cat\/ceipalfonsi\/wp-json\/wp\/v2\/pages"}],"about":[{"href":"https:\/\/agora.xtec.cat\/ceipalfonsi\/wp-json\/wp\/v2\/types\/page"}],"author":[{"embeddable":true,"href":"https:\/\/agora.xtec.cat\/ceipalfonsi\/wp-json\/wp\/v2\/users\/1"}],"replies":[{"embeddable":true,"href":"https:\/\/agora.xtec.cat\/ceipalfonsi\/wp-json\/wp\/v2\/comments?post=537"}],"version-history":[{"count":4,"href":"https:\/\/agora.xtec.cat\/ceipalfonsi\/wp-json\/wp\/v2\/pages\/537\/revisions"}],"predecessor-version":[{"id":1401,"href":"https:\/\/agora.xtec.cat\/ceipalfonsi\/wp-json\/wp\/v2\/pages\/537\/revisions\/1401"}],"up":[{"embeddable":true,"href":"https:\/\/agora.xtec.cat\/ceipalfonsi\/wp-json\/wp\/v2\/pages\/527"}],"wp:attachment":[{"href":"https:\/\/agora.xtec.cat\/ceipalfonsi\/wp-json\/wp\/v2\/media?parent=537"}],"curies":[{"name":"wp","href":"https:\/\/api.w.org\/{rel}","templated":true}]}}