{"id":525,"date":"2016-12-25T11:49:01","date_gmt":"2016-12-25T10:49:01","guid":{"rendered":"http:\/\/agora.xtec.cat\/ceipalfonsi\/?page_id=525"},"modified":"2026-04-09T12:58:18","modified_gmt":"2026-04-09T10:58:18","slug":"blocs-de-lescola","status":"publish","type":"page","link":"https:\/\/agora.xtec.cat\/ceipalfonsi\/blocs-de-lescola\/","title":{"rendered":"Sites Educaci\u00f3 Infantil"},"content":{"rendered":"<p style=\"text-align: justify;\">En aqu\u00ed podeu trobar els enlla\u00e7os als diferents blocs que gestiona el centre. No deixeu de fer una ullada en tots ells, us ajudar\u00e0 a entendre millor la nostra manera de treball.<\/p>\n<table style=\"width: 875px;\">\n<tbody>\n<tr>\n<td style=\"text-align: center; width: 326px;\"><strong>BLOC D&#8217;EDUCACI\u00d3 INFANTIL<\/strong><\/td>\n<td style=\"text-align: center; width: 269px;\"><strong>BLOC DE L&#8217;ESCOLA<\/strong><\/td>\n<td style=\"text-align: center; width: 270px;\"><strong>BLOC D&#8217;EDUCACI\u00d3 ESPECIAL<\/strong><\/td>\n<\/tr>\n<tr>\n<td style=\"text-align: center; width: 326px;\"><a href=\"http:\/\/educacioinfantilalfons1.blogspot.com.es\" target=\"_blank\" rel=\"noopener\">http:\/\/educacioinfantilalfons1.blogspot.com.es<\/a><\/td>\n<td style=\"text-align: center; width: 269px;\"><a href=\"http:\/\/alfonsipuigcerda.blogspot.com.es\" target=\"_blank\" rel=\"noopener\">http:\/\/alfonsipuigcerda.blogspot.com.es<\/a><\/td>\n<td style=\"text-align: center; width: 270px;\"><a href=\"http:\/\/monperaprendre.blogspot.com.es\" target=\"_blank\" rel=\"noopener\">http:\/\/monperaprendre.blogspot.com.es<\/a><\/td>\n<\/tr>\n<\/tbody>\n<\/table>\n<p style=\"text-align: justify;\">\n","protected":false},"excerpt":{"rendered":"<p>En aqu\u00ed podeu trobar els enlla\u00e7os als diferents blocs que gestiona el centre. No deixeu de fer una ullada en tots ells, us ajudar\u00e0 a entendre millor la nostra manera de treball. BLOC D&#8217;EDUCACI\u00d3 INFANTIL BLOC DE L&#8217;ESCOLA BLOC D&#8217;EDUCACI\u00d3 ESPECIAL http:\/\/educacioinfantilalfons1.blogspot.com.es http:\/\/alfonsipuigcerda.blogspot.com.es http:\/\/monperaprendre.blogspot.com.es<\/p>\n","protected":false},"author":1,"featured_media":0,"parent":0,"menu_order":0,"comment_status":"closed","ping_status":"closed","template":"","meta":{"_bbp_topic_count":0,"_bbp_reply_count":0,"_bbp_total_topic_count":0,"_bbp_total_reply_count":0,"_bbp_voice_count":0,"_bbp_anonymous_reply_count":0,"_bbp_topic_count_hidden":0,"_bbp_reply_count_hidden":0,"_bbp_forum_subforum_count":0,"site-sidebar-layout":"default","site-content-layout":"","ast-site-content-layout":"default","site-content-style":"default","site-sidebar-style":"default","ast-global-header-display":"","ast-banner-title-visibility":"","ast-main-header-display":"","ast-hfb-above-header-display":"","ast-hfb-below-header-display":"","ast-hfb-mobile-header-display":"","site-post-title":"","ast-breadcrumbs-content":"","ast-featured-img":"","footer-sml-layout":"","theme-transparent-header-meta":"default","adv-header-id-meta":"","stick-header-meta":"","header-above-stick-meta":"","header-main-stick-meta":"","header-below-stick-meta":"","astra-migrate-meta-layouts":"set","ast-page-background-enabled":"default","ast-page-background-meta":{"desktop":{"background-color":"var(--ast-global-color-4)","background-image":"","background-repeat":"repeat","background-position":"center center","background-size":"auto","background-attachment":"scroll","background-type":"","background-media":"","overlay-type":"","overlay-color":"","overlay-opacity":"","overlay-gradient":""},"tablet":{"background-color":"","background-image":"","background-repeat":"repeat","background-position":"center center","background-size":"auto","background-attachment":"scroll","background-type":"","background-media":"","overlay-type":"","overlay-color":"","overlay-opacity":"","overlay-gradient":""},"mobile":{"background-color":"","background-image":"","background-repeat":"repeat","background-position":"center center","background-size":"auto","background-attachment":"scroll","background-type":"","background-media":"","overlay-type":"","overlay-color":"","overlay-opacity":"","overlay-gradient":""}},"ast-content-background-meta":{"desktop":{"background-color":"var(--ast-global-color-5)","background-image":"","background-repeat":"repeat","background-position":"center center","background-size":"auto","background-attachment":"scroll","background-type":"","background-media":"","overlay-type":"","overlay-color":"","overlay-opacity":"","overlay-gradient":""},"tablet":{"background-color":"var(--ast-global-color-5)","background-image":"","background-repeat":"repeat","background-position":"center center","background-size":"auto","background-attachment":"scroll","background-type":"","background-media":"","overlay-type":"","overlay-color":"","overlay-opacity":"","overlay-gradient":""},"mobile":{"background-color":"var(--ast-global-color-5)","background-image":"","background-repeat":"repeat","background-position":"center center","background-size":"auto","background-attachment":"scroll","background-type":"","background-media":"","overlay-type":"","overlay-color":"","overlay-opacity":"","overlay-gradient":""}},"footnotes":""},"class_list":["post-525","page","type-page","status-publish","hentry"],"post_mailing_queue_ids":[],"_links":{"self":[{"href":"https:\/\/agora.xtec.cat\/ceipalfonsi\/wp-json\/wp\/v2\/pages\/525","targetHints":{"allow":["GET"]}}],"collection":[{"href":"https:\/\/agora.xtec.cat\/ceipalfonsi\/wp-json\/wp\/v2\/pages"}],"about":[{"href":"https:\/\/agora.xtec.cat\/ceipalfonsi\/wp-json\/wp\/v2\/types\/page"}],"author":[{"embeddable":true,"href":"https:\/\/agora.xtec.cat\/ceipalfonsi\/wp-json\/wp\/v2\/users\/1"}],"replies":[{"embeddable":true,"href":"https:\/\/agora.xtec.cat\/ceipalfonsi\/wp-json\/wp\/v2\/comments?post=525"}],"version-history":[{"count":5,"href":"https:\/\/agora.xtec.cat\/ceipalfonsi\/wp-json\/wp\/v2\/pages\/525\/revisions"}],"predecessor-version":[{"id":8156,"href":"https:\/\/agora.xtec.cat\/ceipalfonsi\/wp-json\/wp\/v2\/pages\/525\/revisions\/8156"}],"wp:attachment":[{"href":"https:\/\/agora.xtec.cat\/ceipalfonsi\/wp-json\/wp\/v2\/media?parent=525"}],"curies":[{"name":"wp","href":"https:\/\/api.w.org\/{rel}","templated":true}]}}