{"id":26,"date":"2014-09-18T12:24:32","date_gmt":"2014-09-18T11:24:32","guid":{"rendered":"http:\/\/agora.xtec.cat\/ceipalfonsi\/?page_id=26"},"modified":"2024-10-10T13:21:03","modified_gmt":"2024-10-10T11:21:03","slug":"historia","status":"publish","type":"page","link":"https:\/\/agora.xtec.cat\/ceipalfonsi\/lescola\/historia\/","title":{"rendered":"Hist\u00f2ria"},"content":{"rendered":"<p style=\"text-align: justify;\"><strong>EL NAIXEMENT DE LA NOSTRA ESCOLA <img loading=\"lazy\" decoding=\"async\" class=\"alignright\" src=\"https:\/\/upload.wikimedia.org\/wikipedia\/commons\/c\/cf\/Alfonso_II_de_Arag%C3%B3n_from_Liber_feudorum_maior.jpg\" alt=\"undefined\" width=\"161\" height=\"341\" \/><\/strong><\/p>\n<p style=\"text-align: left;\">La nostra escola rep el nom\u00a0 en mem\u00f2ria d&#8217;Alfons del Cast o el Trobador, anomenat tamb\u00e9 Alfons II d&#8217;Arag\u00f3 i\u00a0<strong>Alfons I de Catalunya-Arag\u00f3<\/strong>, mar\u00e7 de\u00a0<a title=\"1157\" href=\"https:\/\/ca.wikipedia.org\/wiki\/1157\">1157<\/a><sup id=\"cite_ref-3\" class=\"reference\"><a href=\"https:\/\/ca.wikipedia.org\/wiki\/Alfons_el_Cast#cite_note-3\"><span class=\"cite-bracket\">[<\/span>c<span class=\"cite-bracket\">]<\/span><\/a><\/sup> \u00a0<a title=\"Perpiny\u00e0\" href=\"https:\/\/ca.wikipedia.org\/wiki\/Perpiny%C3%A0\">Perpiny\u00e0<\/a>,\u00a0<a title=\"25 d'abril\" href=\"https:\/\/ca.wikipedia.org\/wiki\/25_d%27abril\">25 d&#8217;abril<\/a>\u00a0de\u00a0<a title=\"1196\" href=\"https:\/\/ca.wikipedia.org\/wiki\/1196\">1196<\/a>;<sup id=\"cite_ref-4\" class=\"reference\"><a href=\"https:\/\/ca.wikipedia.org\/wiki\/Alfons_el_Cast#cite_note-4\"><span class=\"cite-bracket\">[<\/span>1<span class=\"cite-bracket\">]<\/span><\/a><\/sup><sup id=\"cite_ref-5\" class=\"reference\"><a title=\"\" href=\"https:\/\/ca.wikipedia.org\/wiki\/Alfons_el_Cast#cite_note-5\"><span class=\"cite-bracket\">[<\/span>2<span class=\"cite-bracket\">].\u00a0<\/span><\/a><\/sup>Monarca que fund\u00e0 la vila de Puigcerd\u00e0 i li confer\u00ed la capitalitat cerdana.<\/p>\n<p style=\"text-align: left;\"><span style=\"font-family: inherit; font-size: 1em; text-align: justify;\">L&#8217;edifici on actualment es troba situada l&#8217;escola va ser inaugurat el 20 de <\/span>mar\u00e7 de 1993, essent una edificaci\u00f3 moderna de recent construcci\u00f3, est\u00e0 situat a l\u2019Av. Schierbeck n\u00famero 2 de Puigcerd\u00e0.<\/p>\n<p style=\"text-align: justify;\">En entrar a l&#8217;edifici s&#8217;observa que aquest est\u00e0 format per un ample passad\u00eds central del qual surten de forma radial tres naus amb sis aules cada una. A m\u00e9s a m\u00e9s d&#8217;aquestes aules, l&#8217;edifici tamb\u00e9 inclou un gimn\u00e0s de dimensions equivalents a una d\u2019aquestes naus, una aula per inform\u00e0tica, una biblioteca, una aula de m\u00fasica i els serveis higi\u00e8nics corresponents. Cal destacar que les construccions que s\u2019han fet posteriorment a la data d&#8217;inauguraci\u00f3 sempre han respectat la intencionalitat est\u00e8tica i la funcionalitat de la construcci\u00f3 original.<\/p>\n<p style=\"text-align: justify;\" align=\"justify\">Finalment, cal destacar que l\u2019edifici d\u2019Educaci\u00f3 Infantil es va fer amb posterioritat i la seva funcionalitat, tant per la ubicaci\u00f3 de les aules com per les entrades i sortides, \u00e9s for\u00e7a independent.<\/p>\n<p style=\"text-align: justify;\" align=\"justify\"><strong>SITUACI\u00d3 GEOGR\u00c0FICA<\/strong><\/p>\n<p style=\"text-align: justify;\" align=\"justify\">Geogr\u00e0ficament l&#8217;escola es situa dins del municipi de Puigcerd\u00e0, motiu pel qual es pot dir que es troba a uns 1202m d\u2019al\u00e7ada, entre els rius Segre i Querol, \u00e9s a dir, en una plana envoltada d\u2019altes muntanyes en ple Pirineu Axial.<\/p>\n<p style=\"text-align: justify;\" align=\"justify\">La comarca de la Cerdanya, de la quan en destaca la poblaci\u00f3 de Puigcerd\u00e0 com a capital, est\u00e0 limitada al nord pels massissos del Carlit (2921m) i del Puigpedr\u00f3s (2911m) i, pel migjorn, pel Puigmal (2909m), la Tosa d\u2019Alp(2531m) i la Serralada del Cad\u00ed. L\u2019estret del Barid\u00e0 i l\u2019altipl\u00e0 de la Perxa la separen de l\u2019Urgellet i del Conflent. De fet, la comarca \u00e9s, com ben poques altres, un conjunt geogr\u00e0fic ben clar i identificat, que ultrapassa les l\u00ednies frontereres i les divisions provincials, ja que l\u2019alta Cerdanya pertany a Fran\u00e7a i la baixa Cerdanya a les prov\u00edncies de Girona i Lleida.<\/p>\n<p style=\"text-align: center;\" align=\"justify\">\n","protected":false},"excerpt":{"rendered":"<p>EL NAIXEMENT DE LA NOSTRA ESCOLA La nostra escola rep el nom\u00a0 en mem\u00f2ria d&#8217;Alfons del Cast o el Trobador, anomenat tamb\u00e9 Alfons II d&#8217;Arag\u00f3 i\u00a0Alfons I de Catalunya-Arag\u00f3, mar\u00e7 de\u00a01157[c] \u00a0Perpiny\u00e0,\u00a025 d&#8217;abril\u00a0de\u00a01196;[1][2].\u00a0Monarca que fund\u00e0 la vila de Puigcerd\u00e0 i li confer\u00ed la capitalitat cerdana. L&#8217;edifici on actualment es troba situada l&#8217;escola va ser inaugurat [&hellip;]<\/p>\n","protected":false},"author":1,"featured_media":0,"parent":22,"menu_order":20,"comment_status":"closed","ping_status":"closed","template":"page-templates\/side-menu.php","meta":{"_bbp_topic_count":0,"_bbp_reply_count":0,"_bbp_total_topic_count":0,"_bbp_total_reply_count":0,"_bbp_voice_count":0,"_bbp_anonymous_reply_count":0,"_bbp_topic_count_hidden":0,"_bbp_reply_count_hidden":0,"_bbp_forum_subforum_count":0,"site-sidebar-layout":"default","site-content-layout":"","ast-site-content-layout":"","site-content-style":"default","site-sidebar-style":"default","ast-global-header-display":"","ast-banner-title-visibility":"","ast-main-header-display":"","ast-hfb-above-header-display":"","ast-hfb-below-header-display":"","ast-hfb-mobile-header-display":"","site-post-title":"","ast-breadcrumbs-content":"","ast-featured-img":"","footer-sml-layout":"","theme-transparent-header-meta":"","adv-header-id-meta":"","stick-header-meta":"","header-above-stick-meta":"","header-main-stick-meta":"","header-below-stick-meta":"","astra-migrate-meta-layouts":"default","ast-page-background-enabled":"default","ast-page-background-meta":{"desktop":{"background-color":"var(--ast-global-color-4)","background-image":"","background-repeat":"repeat","background-position":"center center","background-size":"auto","background-attachment":"scroll","background-type":"","background-media":"","overlay-type":"","overlay-color":"","overlay-opacity":"","overlay-gradient":""},"tablet":{"background-color":"","background-image":"","background-repeat":"repeat","background-position":"center center","background-size":"auto","background-attachment":"scroll","background-type":"","background-media":"","overlay-type":"","overlay-color":"","overlay-opacity":"","overlay-gradient":""},"mobile":{"background-color":"","background-image":"","background-repeat":"repeat","background-position":"center center","background-size":"auto","background-attachment":"scroll","background-type":"","background-media":"","overlay-type":"","overlay-color":"","overlay-opacity":"","overlay-gradient":""}},"ast-content-background-meta":{"desktop":{"background-color":"var(--ast-global-color-5)","background-image":"","background-repeat":"repeat","background-position":"center center","background-size":"auto","background-attachment":"scroll","background-type":"","background-media":"","overlay-type":"","overlay-color":"","overlay-opacity":"","overlay-gradient":""},"tablet":{"background-color":"var(--ast-global-color-5)","background-image":"","background-repeat":"repeat","background-position":"center center","background-size":"auto","background-attachment":"scroll","background-type":"","background-media":"","overlay-type":"","overlay-color":"","overlay-opacity":"","overlay-gradient":""},"mobile":{"background-color":"var(--ast-global-color-5)","background-image":"","background-repeat":"repeat","background-position":"center center","background-size":"auto","background-attachment":"scroll","background-type":"","background-media":"","overlay-type":"","overlay-color":"","overlay-opacity":"","overlay-gradient":""}},"footnotes":""},"class_list":["post-26","page","type-page","status-publish","hentry"],"post_mailing_queue_ids":[],"_links":{"self":[{"href":"https:\/\/agora.xtec.cat\/ceipalfonsi\/wp-json\/wp\/v2\/pages\/26","targetHints":{"allow":["GET"]}}],"collection":[{"href":"https:\/\/agora.xtec.cat\/ceipalfonsi\/wp-json\/wp\/v2\/pages"}],"about":[{"href":"https:\/\/agora.xtec.cat\/ceipalfonsi\/wp-json\/wp\/v2\/types\/page"}],"author":[{"embeddable":true,"href":"https:\/\/agora.xtec.cat\/ceipalfonsi\/wp-json\/wp\/v2\/users\/1"}],"replies":[{"embeddable":true,"href":"https:\/\/agora.xtec.cat\/ceipalfonsi\/wp-json\/wp\/v2\/comments?post=26"}],"version-history":[{"count":7,"href":"https:\/\/agora.xtec.cat\/ceipalfonsi\/wp-json\/wp\/v2\/pages\/26\/revisions"}],"predecessor-version":[{"id":7559,"href":"https:\/\/agora.xtec.cat\/ceipalfonsi\/wp-json\/wp\/v2\/pages\/26\/revisions\/7559"}],"up":[{"embeddable":true,"href":"https:\/\/agora.xtec.cat\/ceipalfonsi\/wp-json\/wp\/v2\/pages\/22"}],"wp:attachment":[{"href":"https:\/\/agora.xtec.cat\/ceipalfonsi\/wp-json\/wp\/v2\/media?parent=26"}],"curies":[{"name":"wp","href":"https:\/\/api.w.org\/{rel}","templated":true}]}}