{"id":460,"date":"2015-11-12T14:47:47","date_gmt":"2015-11-12T13:47:47","guid":{"rendered":"http:\/\/agora.xtec.cat\/ceipalfes\/?page_id=460"},"modified":"2016-09-25T12:22:40","modified_gmt":"2016-09-25T11:22:40","slug":"premis-baldiri-reixac","status":"publish","type":"page","link":"https:\/\/agora.xtec.cat\/ceipalfes\/premis-baldiri-reixac\/","title":{"rendered":"Premis Baldiri Reixac"},"content":{"rendered":"<table border=\"0\" width=\"80%\" align=\"center\">\n<tbody>\n<tr align=\"center\" valign=\"middle\" bgcolor=\"#CCCC00\">\n<td height=\"44\"><img loading=\"lazy\" decoding=\"async\" src=\"http:\/\/www.xtec.cat\/ceipalfes\/premis\/barrabaldiri.jpg\" alt=\"\" width=\"642\" height=\"30\" \/><\/td>\n<\/tr>\n<tr align=\"center\" valign=\"middle\" bgcolor=\"#CCCC00\">\n<td bgcolor=\"#FFFFFF\" height=\"21\"><\/td>\n<\/tr>\n<tr align=\"center\" valign=\"middle\" bgcolor=\"#CCCC00\">\n<td bgcolor=\"#66CC99\" height=\"21\">\n<h4><span class=\"Estilo2\">Curs 2011-12 Premi als alumnes pel treball de l&#8217; Hortet d&#8217;Alf\u00e9s<\/span><\/h4>\n<\/td>\n<\/tr>\n<tr align=\"center\" valign=\"middle\" bgcolor=\"#CCCC00\">\n<td bgcolor=\"#FFFFFF\" height=\"21\">\n<table border=\"0\" width=\"99%\">\n<tbody>\n<tr>\n<td width=\"20%\">\n<div align=\"center\"><span class=\"Estilo1\"><img loading=\"lazy\" decoding=\"async\" src=\"http:\/\/www.xtec.cat\/ceipalfes\/premis\/baldidiplo05.JPG\" alt=\"\" width=\"182\" height=\"291\" border=\"1\" hspace=\"10\" \/><\/span><\/div>\n<\/td>\n<td width=\"20%\"><a href=\"http:\/\/www.youblisher.com\/p\/233114-Album-de-fotos-de-l-hort-d-Alfes\/\"><img loading=\"lazy\" decoding=\"async\" src=\"http:\/\/www.xtec.cat\/ceipalfes\/imatges\/hortet1.jpg\" alt=\"\" width=\"203\" height=\"290\" border=\"0\" \/><\/a><\/td>\n<td width=\"20%\">\n<div align=\"center\"><a href=\"http:\/\/www.youblisher.com\/p\/230258-Contes-Hortet-d-Alfes\/\"><img loading=\"lazy\" decoding=\"async\" src=\"http:\/\/www.xtec.cat\/ceipalfes\/imatges\/hortet2.jpg\" alt=\"\" width=\"194\" height=\"287\" border=\"1\" \/><\/a><\/div>\n<\/td>\n<td width=\"40%\">\n<div align=\"center\"><a href=\"https:\/\/sites.google.com\/a\/xtec.cat\/l-hortet-d-alfes\/\"><img loading=\"lazy\" decoding=\"async\" src=\"http:\/\/www.xtec.cat\/ceipalfes\/imatges\/hortet3.jpg\" alt=\"\" width=\"389\" height=\"251\" border=\"1\" \/><\/a><\/div>\n<\/td>\n<\/tr>\n<\/tbody>\n<\/table>\n<\/td>\n<\/tr>\n<tr align=\"center\" valign=\"middle\" bgcolor=\"#CCCC00\">\n<td bgcolor=\"#FFFFFF\" height=\"21\"><\/td>\n<\/tr>\n<tr align=\"center\" valign=\"middle\" bgcolor=\"#CCCC00\">\n<td bgcolor=\"#66CC99\" height=\"21\">\n<h4><span class=\"Estilo2\"><strong>Curs 2009-10 Premi treball d&#8217;alumnes sobre &#8220;LA BASSETA DEL PATI&#8221;<\/strong><\/span><\/h4>\n<\/td>\n<\/tr>\n<tr align=\"center\" valign=\"middle\" bgcolor=\"#CCCC00\">\n<td bgcolor=\"#FFFFFF\" height=\"21\">\n<table style=\"height: 335px;\" border=\"0\" width=\"689\">\n<tbody>\n<tr>\n<td width=\"35%\">\n<div align=\"center\"><a href=\"http:\/\/agora.xtec.cat\/ceipalfes\/llibres-digitals\/\"><img loading=\"lazy\" decoding=\"async\" src=\"http:\/\/www.xtec.cat\/ceipalfes\/Basseta\/pagines\/imatges\/Images\/02.jpg\" alt=\"\" width=\"269\" height=\"305\" \/><\/a><\/div>\n<\/td>\n<td width=\"59%\">\n<div align=\"center\"><img loading=\"lazy\" decoding=\"async\" class=\"aligncenter\" src=\"http:\/\/www.xtec.cat\/ceipalfes\/imatges\/bas3%20copia.jpg\" alt=\"\" width=\"394\" height=\"289\" \/><\/div>\n<\/td>\n<td width=\"3%\">\n<div align=\"center\"><span class=\"Estilo1\"><img loading=\"lazy\" decoding=\"async\" src=\"http:\/\/www.xtec.cat\/ceipalfes\/premis\/baldidiplo05.JPG\" alt=\"\" width=\"188\" height=\"288\" \/><\/span><\/div>\n<\/td>\n<td width=\"3%\"><\/td>\n<\/tr>\n<\/tbody>\n<\/table>\n<\/td>\n<\/tr>\n<tr align=\"center\" valign=\"middle\" bgcolor=\"#CCCC00\">\n<td bgcolor=\"#FFFFFF\" height=\"21\"><\/td>\n<\/tr>\n<tr align=\"center\" valign=\"middle\" bgcolor=\"#CCCC00\">\n<td bgcolor=\"#66CC99\" height=\"44\">\n<h4><span class=\"Estilo2\"><strong>Curs 2005-06<\/strong><\/span><span class=\"Estilo1\"><strong>. Premi als alumnes pel treball sobre els anuncis.<br \/>\n<span class=\"Estilo2\">Qu\u00e8 bonics s\u00f3n els anuncis..!<\/span><\/strong><\/span><\/h4>\n<\/td>\n<\/tr>\n<tr align=\"center\" valign=\"middle\" bgcolor=\"#CCCC00\">\n<td bgcolor=\"#FFFFFF\" height=\"44\"><span class=\"Estilo1\"><img loading=\"lazy\" decoding=\"async\" src=\"http:\/\/www.xtec.cat\/ceipalfes\/premis\/bal07.jpg\" alt=\"\" width=\"394\" height=\"264\" hspace=\"15\" \/> <img loading=\"lazy\" decoding=\"async\" src=\"http:\/\/www.xtec.cat\/ceipalfes\/premis\/baldidiplo05.JPG\" alt=\"\" width=\"164\" height=\"264\" \/>\u00a0 \u00a0 \u00a0\u00a0<a href=\"https:\/\/www.youtube.com\/watch?v=0JRXjidXmcE\"><img loading=\"lazy\" decoding=\"async\" class=\"\" src=\"http:\/\/www.xtec.cat\/ceipalfes\/publi06\/publi3.jpg\" alt=\"\" width=\"313\" height=\"235\" \/><\/a><\/span><\/td>\n<\/tr>\n<tr align=\"center\" valign=\"middle\" bgcolor=\"#CCCC00\">\n<td bgcolor=\"#FFFFFF\" height=\"44\"><\/td>\n<\/tr>\n<tr class=\"Estilo1\" align=\"center\" valign=\"middle\">\n<td><\/td>\n<\/tr>\n<tr class=\"Estilo1\" align=\"center\" valign=\"middle\">\n<td bgcolor=\"#66CC99\">\n<h4><strong>Curs 2004-05<br \/>\n<\/strong>Premi pel treball <strong>&#8220;Tint\u00edn i el misteri de la campana&#8221;<\/strong>, un treball multim\u00e8dia on els nens acompanyen en Tint\u00edn en una aventura m\u00e9s feta per nosaltres. El c\u00f2mic combina fotografies dels nens, del paisatge, figures del c\u00f2mic de Tint\u00edn i vinyetes confegint un nou llibre d&#8217;aventures. El treball recorda el 75 aniversari del c\u00f2mic.<\/h4>\n<\/td>\n<\/tr>\n<tr class=\"Estilo1\" align=\"center\" valign=\"middle\">\n<td><\/td>\n<\/tr>\n<tr class=\"Estilo1\" align=\"center\" valign=\"middle\">\n<td>\n<p class=\"Estilo1\"><a href=\"https:\/\/www.youtube.com\/watch?v=TIYpapfI7RA\"><img loading=\"lazy\" decoding=\"async\" src=\"http:\/\/www.xtec.cat\/ceipalfes\/tintin\/imatges\/porta.jpg\" alt=\"\" width=\"260\" height=\"399\" border=\"1\" hspace=\"10\" \/><\/a><img loading=\"lazy\" decoding=\"async\" src=\"http:\/\/www.xtec.cat\/ceipalfes\/premis\/badiri2005.jpg\" alt=\"\" width=\"195\" height=\"200\" hspace=\"10\" \/> <img loading=\"lazy\" decoding=\"async\" src=\"http:\/\/www.xtec.cat\/ceipalfes\/premis\/baldidiplo05.JPG\" alt=\"\" width=\"236\" height=\"400\" border=\"1\" hspace=\"10\" \/><a href=\"http:\/\/www.xtec.cat\/ceipalfes\/tintin\/porta.htm\"><img loading=\"lazy\" decoding=\"async\" src=\"http:\/\/www.xtec.cat\/ceipalfes\/tintin\/imatges\/logo.gif\" alt=\"\" width=\"185\" height=\"175\" border=\"0\" hspace=\"10\" \/><\/a><\/p>\n<\/td>\n<\/tr>\n<tr class=\"Estilo1\" align=\"center\" valign=\"middle\">\n<td valign=\"top\"><\/td>\n<\/tr>\n<tr class=\"Estilo1\" align=\"center\" valign=\"middle\">\n<td bgcolor=\"#66CC99\">\n<h4 class=\"Estilo1\"><strong>Curs 2002-03<br \/>\n<\/strong>Ens van atorgar el premi pel treball <strong>&#8220;Viatge al pa\u00eds dels contes&#8221;<\/strong> un treball multim\u00e8dia consistent en la personalitzaci\u00f3 d&#8217;un seguit de contes tradicionals amb les fotografies dels alumnes de la classe de prim\u00e0ria.<\/h4>\n<\/td>\n<\/tr>\n<tr class=\"Estilo1\" align=\"center\" valign=\"middle\">\n<td><img loading=\"lazy\" decoding=\"async\" src=\"http:\/\/www.xtec.cat\/ceipalfes\/premis\/baldidiplo03.JPG\" alt=\"\" width=\"289\" height=\"400\" border=\"1\" hspace=\"10\" \/><img loading=\"lazy\" decoding=\"async\" src=\"http:\/\/www.xtec.cat\/ceipalfes\/premis\/baldiri2003.jpg\" alt=\"\" width=\"300\" height=\"210\" hspace=\"10\" \/><\/td>\n<\/tr>\n<tr class=\"Estilo1\" align=\"center\" valign=\"middle\">\n<td><\/td>\n<\/tr>\n<tr class=\"Estilo1\" align=\"center\" valign=\"middle\">\n<td><a href=\"http:\/\/www.xtec.cat\/ceipalfes\/wcontes\/presentacio1.html\"><img loading=\"lazy\" decoding=\"async\" src=\"http:\/\/www.xtec.cat\/ceipalfes\/wcontes\/presentacio\/compopere.jpg\" alt=\"\" width=\"150\" height=\"183\" border=\"1\" hspace=\"5\" \/><\/a><a href=\"http:\/\/www.xtec.cat\/ceipalfes\/wcontes\/presentacio1.html\"><img loading=\"lazy\" decoding=\"async\" src=\"http:\/\/www.xtec.cat\/ceipalfes\/wcontes\/presentacio\/compolladres.jpg\" alt=\"\" width=\"150\" height=\"214\" border=\"1\" hspace=\"5\" \/><\/a><a href=\"http:\/\/www.xtec.cat\/ceipalfes\/wcontes\/presentacio1.html\"><img loading=\"lazy\" decoding=\"async\" src=\"http:\/\/www.xtec.cat\/ceipalfes\/wcontes\/presentacio\/compopages.jpg\" alt=\"\" width=\"150\" height=\"184\" border=\"1\" hspace=\"5\" \/><\/a><a href=\"http:\/\/www.xtec.cat\/ceipalfes\/wcontes\/presentacio1.html\"><img loading=\"lazy\" decoding=\"async\" src=\"http:\/\/www.xtec.cat\/ceipalfes\/wcontes\/presentacio\/compoventa.jpg\" alt=\"\" width=\"150\" height=\"157\" border=\"1\" hspace=\"5\" \/><\/a><\/td>\n<\/tr>\n<tr class=\"Estilo1\" align=\"center\" valign=\"middle\">\n<td><\/td>\n<\/tr>\n<tr class=\"Estilo1\" align=\"center\" valign=\"middle\">\n<td bgcolor=\"#66CC6D\">\n<h4 class=\"Estilo1\"><strong>Curs 1999-00<br \/>\n<\/strong>Els alumnes van guanyar el premi amb el treball <strong>&#8220;Poemes de Sant Jordi&#8221;<\/strong> un recull de poemes escrits i il.lustrats per ells. Acompanyant el treball varem fer una presentaci\u00f3 en Power P. on es podia sentir i veure els alumnes recitant els seus poemes.<\/h4>\n<\/td>\n<\/tr>\n<tr class=\"Estilo1\" align=\"center\" valign=\"middle\">\n<td><img loading=\"lazy\" decoding=\"async\" src=\"http:\/\/www.xtec.cat\/ceipalfes\/premis\/baldiri2000.JPG\" alt=\"\" width=\"300\" height=\"225\" border=\"1\" hspace=\"10\" \/><img loading=\"lazy\" decoding=\"async\" src=\"http:\/\/www.xtec.cat\/ceipalfes\/premis\/baldiplo2000.JPG\" alt=\"\" width=\"280\" height=\"400\" border=\"1\" hspace=\"10\" \/><\/td>\n<\/tr>\n<tr class=\"Estilo1\" align=\"center\" valign=\"middle\">\n<td><img loading=\"lazy\" decoding=\"async\" src=\"http:\/\/www.xtec.cat\/ceipalfes\/premis\/poemes0.jpg\" alt=\"\" width=\"144\" height=\"200\" hspace=\"5\" \/><img loading=\"lazy\" decoding=\"async\" src=\"http:\/\/www.xtec.cat\/ceipalfes\/premis\/poemes1.jpg\" alt=\"\" width=\"145\" height=\"200\" hspace=\"5\" \/><img loading=\"lazy\" decoding=\"async\" src=\"http:\/\/www.xtec.cat\/ceipalfes\/premis\/poemes2.jpg\" alt=\"\" width=\"144\" height=\"200\" hspace=\"5\" \/><img loading=\"lazy\" decoding=\"async\" src=\"http:\/\/www.xtec.cat\/ceipalfes\/premis\/poemes3.jpg\" alt=\"\" width=\"152\" height=\"200\" hspace=\"5\" \/><\/td>\n<\/tr>\n<tr class=\"Estilo1\" align=\"center\" valign=\"middle\">\n<td><\/td>\n<\/tr>\n<tr class=\"Estilo1\" align=\"center\" valign=\"middle\">\n<td bgcolor=\"#66CC6D\">\n<h4><strong>Curs 1998-99<br \/>\n<\/strong>Premi atorgat pel treball <strong>&#8220;El temps&#8221;<\/strong> fet a la classe de petits i que recull un seguit d&#8217;exercicis de pl\u00e0stica a l&#8217;entorn de poemes que parlen del temps. Acompanyant el treball pl\u00e0stic vam presentar un CD Rom amb una presentaci\u00f3 PPoint on els nens reciten els poemes.<\/h4>\n<\/td>\n<\/tr>\n<tr class=\"Estilo1\" align=\"center\" valign=\"middle\">\n<td><img loading=\"lazy\" decoding=\"async\" class=\"Estilo1\" src=\"http:\/\/www.xtec.cat\/ceipalfes\/premis\/baldidiplo99.JPG\" alt=\"\" width=\"278\" height=\"400\" border=\"1\" hspace=\"10\" \/> <img loading=\"lazy\" decoding=\"async\" src=\"http:\/\/www.xtec.cat\/ceipalfes\/premis\/baldiri99.jpg\" alt=\"\" width=\"300\" height=\"218\" border=\"1\" hspace=\"10\" \/><\/td>\n<\/tr>\n<tr class=\"Estilo1\" align=\"center\" valign=\"middle\">\n<td><img loading=\"lazy\" decoding=\"async\" src=\"http:\/\/www.xtec.cat\/ceipalfes\/premis\/temps0.jpg\" alt=\"\" width=\"168\" height=\"108\" border=\"1\" hspace=\"5\" \/><img loading=\"lazy\" decoding=\"async\" src=\"http:\/\/www.xtec.cat\/ceipalfes\/premis\/temps1.jpg\" alt=\"\" width=\"158\" height=\"107\" border=\"1\" hspace=\"5\" \/><img loading=\"lazy\" decoding=\"async\" src=\"http:\/\/www.xtec.cat\/ceipalfes\/premis\/temps2.jpg\" alt=\"\" width=\"158\" height=\"105\" border=\"1\" hspace=\"5\" \/><img loading=\"lazy\" decoding=\"async\" src=\"http:\/\/www.xtec.cat\/ceipalfes\/premis\/temps3.jpg\" alt=\"\" width=\"168\" height=\"108\" border=\"1\" hspace=\"5\" \/><\/td>\n<\/tr>\n<tr class=\"Estilo1\" align=\"center\" valign=\"middle\">\n<td><\/td>\n<\/tr>\n<tr class=\"Estilo1\" align=\"center\" valign=\"middle\">\n<td bgcolor=\"#66CC6D\">\n<h4><strong>Curs 2000 &#8211; 01<\/strong><\/h4>\n<h4>Premi Baldiri individual per Treballs de professorat a Pep Borr\u00e0s pel treball <strong>&#8220;Bits de Colors&#8221;<\/strong> . El treball recull el proc\u00e9s de confecci\u00f3 dels treballs d&#8217;Imatge digital fets a l&#8217;escola d&#8217;Alf\u00e9s els darrers cursos. El premi es va donar al Palau de la Generalitat, el mes de juny de 2001. Entreguen el diploma Joan Triad\u00fa i Marc\u00e8 Carulla.<\/h4>\n<\/td>\n<\/tr>\n<tr class=\"Estilo1\" align=\"center\" valign=\"middle\">\n<td><img loading=\"lazy\" decoding=\"async\" src=\"http:\/\/www.xtec.cat\/ceipalfes\/premis\/baldipep00.JPG\" alt=\"\" width=\"191\" height=\"297\" border=\"1\" hspace=\"10\" \/><img loading=\"lazy\" decoding=\"async\" src=\"http:\/\/www.xtec.cat\/ceipalfes\/premis\/baldiripepf.jpg\" alt=\"\" width=\"268\" height=\"176\" hspace=\"5\" \/><a href=\"http:\/\/www.youblisher.com\/p\/433258-Bits-de-colors\/\"><img loading=\"lazy\" decoding=\"async\" src=\"http:\/\/www.xtec.cat\/ceipalfes\/premis\/bites.jpg\" alt=\"\" width=\"168\" height=\"298\" border=\"1\" hspace=\"10\" \/><\/a><\/td>\n<\/tr>\n<tr class=\"Estilo1\" align=\"center\" valign=\"middle\">\n<td><\/td>\n<\/tr>\n<\/tbody>\n<\/table>\n<p>&nbsp;<\/p>\n","protected":false},"excerpt":{"rendered":"<p>Curs 2011-12 Premi als alumnes pel treball de l&#8217; Hortet d&#8217;Alf\u00e9s Curs 2009-10 Premi treball d&#8217;alumnes sobre &#8220;LA BASSETA DEL PATI&#8221; Curs 2005-06. Premi als alumnes pel treball sobre els anuncis. Qu\u00e8 bonics s\u00f3n els anuncis..! \u00a0 \u00a0 \u00a0\u00a0 Curs 2004-05 Premi pel treball &#8220;Tint\u00edn i el misteri de la campana&#8221;, un treball multim\u00e8dia on [&hellip;]<\/p>\n","protected":false},"author":1,"featured_media":0,"parent":0,"menu_order":0,"comment_status":"closed","ping_status":"closed","template":"","meta":{"_bbp_topic_count":0,"_bbp_reply_count":0,"_bbp_total_topic_count":0,"_bbp_total_reply_count":0,"_bbp_voice_count":0,"_bbp_anonymous_reply_count":0,"_bbp_topic_count_hidden":0,"_bbp_reply_count_hidden":0,"_bbp_forum_subforum_count":0,"site-sidebar-layout":"default","site-content-layout":"","ast-site-content-layout":"","site-content-style":"default","site-sidebar-style":"default","ast-global-header-display":"","ast-banner-title-visibility":"","ast-main-header-display":"","ast-hfb-above-header-display":"","ast-hfb-below-header-display":"","ast-hfb-mobile-header-display":"","site-post-title":"","ast-breadcrumbs-content":"","ast-featured-img":"","footer-sml-layout":"","theme-transparent-header-meta":"","adv-header-id-meta":"","stick-header-meta":"","header-above-stick-meta":"","header-main-stick-meta":"","header-below-stick-meta":"","astra-migrate-meta-layouts":"default","ast-page-background-enabled":"default","ast-page-background-meta":{"desktop":{"background-color":"var(--ast-global-color-4)","background-image":"","background-repeat":"repeat","background-position":"center center","background-size":"auto","background-attachment":"scroll","background-type":"","background-media":"","overlay-type":"","overlay-color":"","overlay-opacity":"","overlay-gradient":""},"tablet":{"background-color":"","background-image":"","background-repeat":"repeat","background-position":"center center","background-size":"auto","background-attachment":"scroll","background-type":"","background-media":"","overlay-type":"","overlay-color":"","overlay-opacity":"","overlay-gradient":""},"mobile":{"background-color":"","background-image":"","background-repeat":"repeat","background-position":"center center","background-size":"auto","background-attachment":"scroll","background-type":"","background-media":"","overlay-type":"","overlay-color":"","overlay-opacity":"","overlay-gradient":""}},"ast-content-background-meta":{"desktop":{"background-color":"var(--ast-global-color-5)","background-image":"","background-repeat":"repeat","background-position":"center center","background-size":"auto","background-attachment":"scroll","background-type":"","background-media":"","overlay-type":"","overlay-color":"","overlay-opacity":"","overlay-gradient":""},"tablet":{"background-color":"var(--ast-global-color-5)","background-image":"","background-repeat":"repeat","background-position":"center center","background-size":"auto","background-attachment":"scroll","background-type":"","background-media":"","overlay-type":"","overlay-color":"","overlay-opacity":"","overlay-gradient":""},"mobile":{"background-color":"var(--ast-global-color-5)","background-image":"","background-repeat":"repeat","background-position":"center center","background-size":"auto","background-attachment":"scroll","background-type":"","background-media":"","overlay-type":"","overlay-color":"","overlay-opacity":"","overlay-gradient":""}},"footnotes":""},"class_list":["post-460","page","type-page","status-publish","hentry"],"post_mailing_queue_ids":[],"_links":{"self":[{"href":"https:\/\/agora.xtec.cat\/ceipalfes\/wp-json\/wp\/v2\/pages\/460","targetHints":{"allow":["GET"]}}],"collection":[{"href":"https:\/\/agora.xtec.cat\/ceipalfes\/wp-json\/wp\/v2\/pages"}],"about":[{"href":"https:\/\/agora.xtec.cat\/ceipalfes\/wp-json\/wp\/v2\/types\/page"}],"author":[{"embeddable":true,"href":"https:\/\/agora.xtec.cat\/ceipalfes\/wp-json\/wp\/v2\/users\/1"}],"replies":[{"embeddable":true,"href":"https:\/\/agora.xtec.cat\/ceipalfes\/wp-json\/wp\/v2\/comments?post=460"}],"version-history":[{"count":3,"href":"https:\/\/agora.xtec.cat\/ceipalfes\/wp-json\/wp\/v2\/pages\/460\/revisions"}],"predecessor-version":[{"id":1220,"href":"https:\/\/agora.xtec.cat\/ceipalfes\/wp-json\/wp\/v2\/pages\/460\/revisions\/1220"}],"wp:attachment":[{"href":"https:\/\/agora.xtec.cat\/ceipalfes\/wp-json\/wp\/v2\/media?parent=460"}],"curies":[{"name":"wp","href":"https:\/\/api.w.org\/{rel}","templated":true}]}}