{"id":22,"date":"2014-09-18T12:19:57","date_gmt":"2014-09-18T12:19:57","guid":{"rendered":"http:\/\/agora.xtec.cat\/ceipalfes\/?page_id=22"},"modified":"2025-07-28T09:18:39","modified_gmt":"2025-07-28T07:18:39","slug":"historia","status":"publish","type":"page","link":"https:\/\/agora.xtec.cat\/ceipalfes\/historia\/","title":{"rendered":"Hist\u00f2ria"},"content":{"rendered":"<p style=\"text-align: left;\">L&#8217;edifici escolar d&#8217;Alf\u00e9s fou constru\u00eft l&#8217;any 1990.<br \/>\nEl projecte \u00e9s de l&#8217;arquitecte<strong> Pere Rober<\/strong>t.<br \/>\nL&#8217;edifici escolar t\u00e9 dues aules i un espai com\u00fa d&#8217;usos m\u00faltiples. La seva estructura correspon a la d&#8217;una escola rural de dues unitats.<br \/>\nLa concepci\u00f3 arquitect\u00f2nica de l&#8217;edifici escolar \u00e9s molt acollidora i resol de forma magistral les necessitats d&#8217;un centre rural com el nostre.<br \/>\nArquitect\u00f2nicament t\u00e9 for\u00e7a al\u00b7licients: per una banda l&#8217;\u00fas de materials c\u00e0lids alhora que s\u00f2lids com el totxo vermell i les estructures metal\u00b7liques blanques i per altra la fusta, usada com element de contrucci\u00f3 \u00a0i de mobiliari fixe que combina i ressalta amb el blanc de les parets.<br \/>\nL&#8217;abund\u00e0ncia de finestres i els portals enormes fa que el vidre sigui un dels elements distintius de l&#8217;edifici. Tot plegat fa un conjunt llumin\u00f3s i c\u00e0lid alhora.<\nUn lloc on dona bo treballar i on \u00a0tot\u00a0\u00a0resulta molt funcional i agradable. <span style=\"font-family: Arial;\">\u00a0\u00a0<\/span><\/p>\n","protected":false},"excerpt":{"rendered":"<p>L&#8217;edifici escolar d&#8217;Alf\u00e9s fou constru\u00eft l&#8217;any 1990. El projecte \u00e9s de l&#8217;arquitecte Pere Robert. L&#8217;edifici escolar t\u00e9 dues aules i un espai com\u00fa d&#8217;usos m\u00faltiples. La seva estructura correspon a la d&#8217;una escola rural de dues unitats. La concepci\u00f3 arquitect\u00f2nica de l&#8217;edifici escolar \u00e9s molt acollidora i resol de forma magistral les necessitats d&#8217;un centre [&hellip;]<\/p>\n","protected":false},"author":2,"featured_media":0,"parent":0,"menu_order":0,"comment_status":"closed","ping_status":"closed","template":"","meta":{"_bbp_topic_count":0,"_bbp_reply_count":0,"_bbp_total_topic_count":0,"_bbp_total_reply_count":0,"_bbp_voice_count":0,"_bbp_anonymous_reply_count":0,"_bbp_topic_count_hidden":0,"_bbp_reply_count_hidden":0,"_bbp_forum_subforum_count":0,"site-sidebar-layout":"left-sidebar","site-content-layout":"","ast-site-content-layout":"normal-width-container","site-content-style":"boxed","site-sidebar-style":"default","ast-global-header-display":"","ast-banner-title-visibility":"","ast-main-header-display":"","ast-hfb-above-header-display":"","ast-hfb-below-header-display":"","ast-hfb-mobile-header-display":"","site-post-title":"","ast-breadcrumbs-content":"","ast-featured-img":"","footer-sml-layout":"","theme-transparent-header-meta":"default","adv-header-id-meta":"","stick-header-meta":"","header-above-stick-meta":"","header-main-stick-meta":"","header-below-stick-meta":"","astra-migrate-meta-layouts":"set","ast-page-background-enabled":"default","ast-page-background-meta":{"desktop":{"background-color":"var(--ast-global-color-4)","background-image":"","background-repeat":"repeat","background-position":"center center","background-size":"auto","background-attachment":"scroll","background-type":"","background-media":"","overlay-type":"","overlay-color":"","overlay-opacity":"","overlay-gradient":""},"tablet":{"background-color":"","background-image":"","background-repeat":"repeat","background-position":"center center","background-size":"auto","background-attachment":"scroll","background-type":"","background-media":"","overlay-type":"","overlay-color":"","overlay-opacity":"","overlay-gradient":""},"mobile":{"background-color":"","background-image":"","background-repeat":"repeat","background-position":"center center","background-size":"auto","background-attachment":"scroll","background-type":"","background-media":"","overlay-type":"","overlay-color":"","overlay-opacity":"","overlay-gradient":""}},"ast-content-background-meta":{"desktop":{"background-color":"var(--ast-global-color-5)","background-image":"","background-repeat":"repeat","background-position":"center center","background-size":"auto","background-attachment":"scroll","background-type":"","background-media":"","overlay-type":"","overlay-color":"","overlay-opacity":"","overlay-gradient":""},"tablet":{"background-color":"var(--ast-global-color-5)","background-image":"","background-repeat":"repeat","background-position":"center center","background-size":"auto","background-attachment":"scroll","background-type":"","background-media":"","overlay-type":"","overlay-color":"","overlay-opacity":"","overlay-gradient":""},"mobile":{"background-color":"var(--ast-global-color-5)","background-image":"","background-repeat":"repeat","background-position":"center center","background-size":"auto","background-attachment":"scroll","background-type":"","background-media":"","overlay-type":"","overlay-color":"","overlay-opacity":"","overlay-gradient":""}},"footnotes":""},"class_list":["post-22","page","type-page","status-publish","hentry"],"post_mailing_queue_ids":[],"_links":{"self":[{"href":"https:\/\/agora.xtec.cat\/ceipalfes\/wp-json\/wp\/v2\/pages\/22","targetHints":{"allow":["GET"]}}],"collection":[{"href":"https:\/\/agora.xtec.cat\/ceipalfes\/wp-json\/wp\/v2\/pages"}],"about":[{"href":"https:\/\/agora.xtec.cat\/ceipalfes\/wp-json\/wp\/v2\/types\/page"}],"author":[{"embeddable":true,"href":"https:\/\/agora.xtec.cat\/ceipalfes\/wp-json\/wp\/v2\/users\/2"}],"replies":[{"embeddable":true,"href":"https:\/\/agora.xtec.cat\/ceipalfes\/wp-json\/wp\/v2\/comments?post=22"}],"version-history":[{"count":7,"href":"https:\/\/agora.xtec.cat\/ceipalfes\/wp-json\/wp\/v2\/pages\/22\/revisions"}],"predecessor-version":[{"id":7100,"href":"https:\/\/agora.xtec.cat\/ceipalfes\/wp-json\/wp\/v2\/pages\/22\/revisions\/7100"}],"wp:attachment":[{"href":"https:\/\/agora.xtec.cat\/ceipalfes\/wp-json\/wp\/v2\/media?parent=22"}],"curies":[{"name":"wp","href":"https:\/\/api.w.org\/{rel}","templated":true}]}}