{"id":757,"date":"2017-11-04T13:49:00","date_gmt":"2017-11-04T12:49:00","guid":{"rendered":"http:\/\/agora.xtec.cat\/ceipalexandregali\/?page_id=757"},"modified":"2017-11-05T10:30:00","modified_gmt":"2017-11-05T09:30:00","slug":"dinamica-escolar","status":"publish","type":"page","link":"https:\/\/agora.xtec.cat\/ceipalexandregali\/lescola\/dinamica-escolar\/","title":{"rendered":"Din\u00e0mica escolar"},"content":{"rendered":"<p>Els nens i nenes han de portar a classe tot el material necessari per treballar i que els mestres sol\u00b7licitin . Quan els nens i nenes del Cicle Mitj\u00e0 i Superior hagin acabat les llibretes , caldr\u00e0 que les comprin a l&#8217;escola.<\/p>\n<p>Mai han de portar objectes que facilitin la distracci\u00f3 dels nens\/nenes , com per exemple tel\u00e8fon m\u00f2bil o joguines.En cas de portar-los romandran a l&#8217;escola.<\/p>\n<p>Com a normes b\u00e0siques de conviv\u00e8ncia us farem un petit llistat de les quals\u00a0 en cas de ser repetitives seran motiu de sanci\u00f3 a trav\u00e9s de la Comissi\u00f3 de Conviv\u00e8ncia de l&#8217;escola:<\/p>\n<ul>\n<li>Puntualitat.<\/li>\n<li>Higiene.<\/li>\n<li>Faltes de respecte envers els adults o\u00a0 companys\/es.<\/li>\n<li>Actitud incorrecta dintre de les classes i davant de les tasques escolars.<\/li>\n<li>Fets agressius.<\/li>\n<li>Tot el comportament que alteri la bona harmonia del centre i la relaci\u00f3 entre\u00a0 tots els\u00a0 membres de la comunitat educativa.<\/li>\n<\/ul>\n","protected":false},"excerpt":{"rendered":"<p>Els nens i nenes han de portar a classe tot el material necessari per treballar i que els mestres sol\u00b7licitin . Quan els nens i nenes del Cicle Mitj\u00e0 i Superior hagin acabat les llibretes , caldr\u00e0 que les comprin a l&#8217;escola.<br \/>\nMai han de portar&hellip;  <a href=\"https:\/\/agora.xtec.cat\/ceipalexandregali\/lescola\/dinamica-escolar\/\" title=\"Read Din\u00e0mica escolar\">Llegeix m\u00e9s\u00bb<\/a><\/p>\n","protected":false},"author":1,"featured_media":0,"parent":22,"menu_order":20,"comment_status":"closed","ping_status":"closed","template":"page-templates\/side-menu.php","meta":{"_bbp_topic_count":0,"_bbp_reply_count":0,"_bbp_total_topic_count":0,"_bbp_total_reply_count":0,"_bbp_voice_count":0,"_bbp_anonymous_reply_count":0,"_bbp_topic_count_hidden":0,"_bbp_reply_count_hidden":0,"_bbp_forum_subforum_count":0,"footnotes":""},"class_list":["post-757","page","type-page","status-publish","hentry"],"post_mailing_queue_ids":[],"_links":{"self":[{"href":"https:\/\/agora.xtec.cat\/ceipalexandregali\/wp-json\/wp\/v2\/pages\/757","targetHints":{"allow":["GET"]}}],"collection":[{"href":"https:\/\/agora.xtec.cat\/ceipalexandregali\/wp-json\/wp\/v2\/pages"}],"about":[{"href":"https:\/\/agora.xtec.cat\/ceipalexandregali\/wp-json\/wp\/v2\/types\/page"}],"author":[{"embeddable":true,"href":"https:\/\/agora.xtec.cat\/ceipalexandregali\/wp-json\/wp\/v2\/users\/1"}],"replies":[{"embeddable":true,"href":"https:\/\/agora.xtec.cat\/ceipalexandregali\/wp-json\/wp\/v2\/comments?post=757"}],"version-history":[{"count":1,"href":"https:\/\/agora.xtec.cat\/ceipalexandregali\/wp-json\/wp\/v2\/pages\/757\/revisions"}],"predecessor-version":[{"id":758,"href":"https:\/\/agora.xtec.cat\/ceipalexandregali\/wp-json\/wp\/v2\/pages\/757\/revisions\/758"}],"up":[{"embeddable":true,"href":"https:\/\/agora.xtec.cat\/ceipalexandregali\/wp-json\/wp\/v2\/pages\/22"}],"wp:attachment":[{"href":"https:\/\/agora.xtec.cat\/ceipalexandregali\/wp-json\/wp\/v2\/media?parent=757"}],"curies":[{"name":"wp","href":"https:\/\/api.w.org\/{rel}","templated":true}]}}