{"id":746,"date":"2017-11-04T12:39:32","date_gmt":"2017-11-04T11:39:32","guid":{"rendered":"http:\/\/agora.xtec.cat\/ceipalexandregali\/?page_id=746"},"modified":"2019-09-18T19:48:40","modified_gmt":"2019-09-18T17:48:40","slug":"personal-del-centre","status":"publish","type":"page","link":"https:\/\/agora.xtec.cat\/ceipalexandregali\/lescola\/personal-del-centre\/","title":{"rendered":"Personal del centre"},"content":{"rendered":"<h5><strong>EDUC<\/strong><strong>ACI\u00d3 INFANTIL:<\/strong><\/h5>\n<p><strong>P3 A<\/strong>: Lorena\u00a0 S\u00e1ez.<\/p>\n<p><strong>P3 B<\/strong> : Rita Costa.<\/p>\n<p><strong>P4<\/strong>: Maite D\u00edaz.<\/p>\n<p><strong>P5<\/strong>: Laura Mengual .<\/p>\n<p><strong>Refor\u00e7 Infantil<\/strong> :Vanessa Novell\/\u00a0 \u00a0Laia\/ Yolanda Garc\u00eda.<\/p>\n<p><strong>TEI<\/strong>: Susana Sanz.<\/p>\n<p>&nbsp;<\/p>\n<h5><strong>EDUCACI\u00d3 PRIM\u00c0RIA<\/strong><\/h5>\n<p><strong>1r:<\/strong> Montse Prats.<\/p>\n<p><strong>2n :<\/strong> Soledad P\u00e9rez.<\/p>\n<p><strong>3r <\/strong>: Laura Vilches.<\/p>\n<p><strong>4t A:<\/strong>Susana Pineda.<\/p>\n<p><strong>4t B<\/strong>:\u00a0Laura Bosque.<\/p>\n<p><strong>5\u00e8 A<\/strong>: <strong>\u00a0<\/strong>Josep Roig.<\/p>\n<p><strong>5\u00e8 B<\/strong>: S\u00f2nia Ure\u00f1a.<\/p>\n<p><strong>6\u00e8 A<\/strong>:Ester Ferrer.<\/p>\n<p><strong>6\u00e8 B: <\/strong>Hermi.<\/p>\n<p><strong>Refor\u00e7 Prim\u00e0ria<\/strong>:\u00a0 Estrella Mart\u00ednez, Sonia\u00a0 Jim\u00e9nez,\u00a0 Javier , S\u00f2nia Dito,\u00a0 Raquel\u00a0 i Enric Sales .<\/p>\n<p><strong>SIEI<\/strong>: M. Salud Almansa.\u00a0 <strong>Educadora<\/strong>: Ver\u00f3nica Reche.<\/p>\n<p>&nbsp;<\/p>\n<h5><strong>ESPECIALISTES:<\/strong><\/h5>\n<p><strong>Angl\u00e8s<\/strong>: N\u00faria L\u00e1zaro.<\/p>\n<p><strong>M\u00fasica<\/strong>: Zulima.<\/p>\n<p><strong>Ed. Especial<\/strong>: Francy Villegas\/ Marta.<\/p>\n<p><strong>Ed. F\u00edsica<\/strong>: David P\u00e9rez ( Vanessa Oropesa).<\/p>\n<p><strong>Aula Acollida<\/strong>:Ester Gonz\u00e1lez.<\/p>\n<h5><strong>EQUIP DIRECTIU:\u00a0<\/strong><\/h5>\n<p><strong>Directora<\/strong>: Pruden S\u00e1nchez.<\/p>\n<p><strong>Cap d&#8217;Estudis<\/strong>: Juanma Pe\u00f1a.<\/p>\n<p><strong>Secret\u00e0ria<\/strong>: Yolanda Garc\u00eda.<\/p>\n<p><strong>Oficial d&#8217;oficis<\/strong>: Alfonso Santiago.<\/p>\n<p><strong>Menjador escolar<\/strong>: Lidia Arredondo.<\/p>\n<p><strong>Administrativa<\/strong>: Esther Acosta.<\/p>\n","protected":false},"excerpt":{"rendered":"<p>EDUCACI\u00d3 INFANTIL:<br \/>\nP3 A: Lorena\u00a0 S\u00e1ez.<br \/>\nP3 B : Rita Costa.<br \/>\nP4: Maite D\u00edaz.<br \/>\nP5: Laura Mengual .<br \/>\nRefor\u00e7 Infantil :Vanessa Novell\/\u00a0 \u00a0Laia\/ Yolanda Garc\u00eda.<br \/>\nTEI: Susana Sanz.<br \/>\n&nbsp;<br \/>\nEDUCACI\u00d3 PRIM\u00c0RIA<br \/>\n1r: Montse Prats.<br \/>\n2n : Soledad P\u00e9rez.<br \/>\n3r : Laura Vilches.<br \/>\n4t A:Susana Pineda.<br \/>\n4t B:\u00a0Laura Bosque.<br \/>\n5\u00e8 A: \u00a0Josep Roig.<br \/>\n5\u00e8 B: S\u00f2nia Ure\u00f1a.<br \/>\n6\u00e8 A:Ester Ferrer.<br \/>\n6\u00e8 B: Hermi.<br \/>\nRefor\u00e7&hellip;  <a href=\"https:\/\/agora.xtec.cat\/ceipalexandregali\/lescola\/personal-del-centre\/\" title=\"Read Personal del centre\">Llegeix m\u00e9s\u00bb<\/a><\/p>\n","protected":false},"author":1,"featured_media":0,"parent":22,"menu_order":15,"comment_status":"closed","ping_status":"closed","template":"page-templates\/side-menu.php","meta":{"_bbp_topic_count":0,"_bbp_reply_count":0,"_bbp_total_topic_count":0,"_bbp_total_reply_count":0,"_bbp_voice_count":0,"_bbp_anonymous_reply_count":0,"_bbp_topic_count_hidden":0,"_bbp_reply_count_hidden":0,"_bbp_forum_subforum_count":0,"footnotes":""},"class_list":["post-746","page","type-page","status-publish","hentry"],"post_mailing_queue_ids":[],"_links":{"self":[{"href":"https:\/\/agora.xtec.cat\/ceipalexandregali\/wp-json\/wp\/v2\/pages\/746","targetHints":{"allow":["GET"]}}],"collection":[{"href":"https:\/\/agora.xtec.cat\/ceipalexandregali\/wp-json\/wp\/v2\/pages"}],"about":[{"href":"https:\/\/agora.xtec.cat\/ceipalexandregali\/wp-json\/wp\/v2\/types\/page"}],"author":[{"embeddable":true,"href":"https:\/\/agora.xtec.cat\/ceipalexandregali\/wp-json\/wp\/v2\/users\/1"}],"replies":[{"embeddable":true,"href":"https:\/\/agora.xtec.cat\/ceipalexandregali\/wp-json\/wp\/v2\/comments?post=746"}],"version-history":[{"count":3,"href":"https:\/\/agora.xtec.cat\/ceipalexandregali\/wp-json\/wp\/v2\/pages\/746\/revisions"}],"predecessor-version":[{"id":3241,"href":"https:\/\/agora.xtec.cat\/ceipalexandregali\/wp-json\/wp\/v2\/pages\/746\/revisions\/3241"}],"up":[{"embeddable":true,"href":"https:\/\/agora.xtec.cat\/ceipalexandregali\/wp-json\/wp\/v2\/pages\/22"}],"wp:attachment":[{"href":"https:\/\/agora.xtec.cat\/ceipalexandregali\/wp-json\/wp\/v2\/media?parent=746"}],"curies":[{"name":"wp","href":"https:\/\/api.w.org\/{rel}","templated":true}]}}