{"id":742,"date":"2017-11-04T12:07:34","date_gmt":"2017-11-04T11:07:34","guid":{"rendered":"http:\/\/agora.xtec.cat\/ceipalexandregali\/?page_id=742"},"modified":"2017-11-04T12:28:39","modified_gmt":"2017-11-04T11:28:39","slug":"relacio-escola-familia","status":"publish","type":"page","link":"https:\/\/agora.xtec.cat\/ceipalexandregali\/lescola\/relacio-escola-familia\/","title":{"rendered":"Relaci\u00f3 escola-fam\u00edlia"},"content":{"rendered":"<p><strong>ENTREVISTES<\/strong>: El tutor\/a far\u00e0 , com a m\u00ednim , una entrevista amb la fam\u00edlia durant el curs. Podreu concertar altres entrevistes , si ho considereu oport\u00fa.Us recordem que a les hores d&#8217;entrada dels alumnes , els mestres no es poden atendre llevat que es tracti d&#8217;un cas molt urgent o puntual .<\/p>\n<p><strong>INFORMES PEDAG\u00d2GICS<\/strong>: A Ed. Infantil es liuraran dos informes a les fam\u00edlies , un a comen\u00e7ament del segon trimestre i l&#8217;altre a final de curs. A Ed. Prim\u00e0ria se&#8217;n lliuraran tres, un a final de cada trimestre.<\/p>\n<p><strong>INFORMACIONS<\/strong>:Durant el curs s&#8217;aniran enviant informacions escrites sobre aspectes molt concrets. \u00c9s molt important llegir-les . Si no enteneu alguna cosa no dubteu en consultar-ho amb el tutor\/a.<\/p>\n<p><strong>ENTRADES A L&#8217;ESCOLA<\/strong>: Els alumnes de P4 i P5 i tot l&#8217;alumnat de Prim\u00e0ria faran files al pati i hauran d&#8217;entrar sols dins del recinte escolar.<\/p>\n<p><strong>Els dies de pluja <\/strong>els nens d&#8217;Ed. Infantil (P4 i P5) i Prim\u00e0ria faran la fila al porxo.P3 entrar\u00e0 directament a la seva aula de manera ordenada.<\/p>\n","protected":false},"excerpt":{"rendered":"<p>ENTREVISTES: El tutor\/a far\u00e0 , com a m\u00ednim , una entrevista amb la fam\u00edlia durant el curs. Podreu concertar altres entrevistes , si ho considereu oport\u00fa.Us recordem que a les hores d&#8217;entrada dels alumnes , els mestres no es poden atendre llevat que es tracti&hellip;  <a href=\"https:\/\/agora.xtec.cat\/ceipalexandregali\/lescola\/relacio-escola-familia\/\" title=\"Read Relaci\u00f3 escola-fam\u00edlia\">Llegeix m\u00e9s\u00bb<\/a><\/p>\n","protected":false},"author":1,"featured_media":0,"parent":22,"menu_order":25,"comment_status":"closed","ping_status":"closed","template":"page-templates\/side-menu.php","meta":{"_bbp_topic_count":0,"_bbp_reply_count":0,"_bbp_total_topic_count":0,"_bbp_total_reply_count":0,"_bbp_voice_count":0,"_bbp_anonymous_reply_count":0,"_bbp_topic_count_hidden":0,"_bbp_reply_count_hidden":0,"_bbp_forum_subforum_count":0,"footnotes":""},"class_list":["post-742","page","type-page","status-publish","hentry"],"post_mailing_queue_ids":[],"_links":{"self":[{"href":"https:\/\/agora.xtec.cat\/ceipalexandregali\/wp-json\/wp\/v2\/pages\/742","targetHints":{"allow":["GET"]}}],"collection":[{"href":"https:\/\/agora.xtec.cat\/ceipalexandregali\/wp-json\/wp\/v2\/pages"}],"about":[{"href":"https:\/\/agora.xtec.cat\/ceipalexandregali\/wp-json\/wp\/v2\/types\/page"}],"author":[{"embeddable":true,"href":"https:\/\/agora.xtec.cat\/ceipalexandregali\/wp-json\/wp\/v2\/users\/1"}],"replies":[{"embeddable":true,"href":"https:\/\/agora.xtec.cat\/ceipalexandregali\/wp-json\/wp\/v2\/comments?post=742"}],"version-history":[{"count":3,"href":"https:\/\/agora.xtec.cat\/ceipalexandregali\/wp-json\/wp\/v2\/pages\/742\/revisions"}],"predecessor-version":[{"id":745,"href":"https:\/\/agora.xtec.cat\/ceipalexandregali\/wp-json\/wp\/v2\/pages\/742\/revisions\/745"}],"up":[{"embeddable":true,"href":"https:\/\/agora.xtec.cat\/ceipalexandregali\/wp-json\/wp\/v2\/pages\/22"}],"wp:attachment":[{"href":"https:\/\/agora.xtec.cat\/ceipalexandregali\/wp-json\/wp\/v2\/media?parent=742"}],"curies":[{"name":"wp","href":"https:\/\/api.w.org\/{rel}","templated":true}]}}