{"id":738,"date":"2017-11-04T11:49:31","date_gmt":"2017-11-04T10:49:31","guid":{"rendered":"http:\/\/agora.xtec.cat\/ceipalexandregali\/?page_id=738"},"modified":"2018-09-19T13:12:52","modified_gmt":"2018-09-19T11:12:52","slug":"normes-de-lescola","status":"publish","type":"page","link":"https:\/\/agora.xtec.cat\/ceipalexandregali\/lescola\/normes-de-lescola\/","title":{"rendered":"Normes de l&#8217;escola"},"content":{"rendered":"<p><strong>PUNTUALITAT<\/strong>: Preguem la m\u00e0xima puntualitat tant\u00a0 a l&#8217;hora d&#8217;entrar com a l&#8217;hora de venir-los a recollir . En cas que un alumne \/a per q\u00fcestions m\u00e8diques o altres no pugui arribar dins l &#8216;horari previst haur\u00e0 de portar un justificant i haur\u00e0 de venir acompanyat per un adult.<\/p>\n<p><strong>FALTES ASSIST\u00c8NCIA<\/strong> :S&#8217;ha de presentar justificant al tutor\/a o b\u00e9 avisar pr\u00e8viament en cas d&#8217;abs\u00e8ncia per qualsevol ra\u00f3.Quan l&#8217;alumne\/a hagi de sortir del centre dins de l&#8217;horari escolar haur\u00e0 de ser recollit per una persona adulta a la porta de l&#8217;escola.<\/p>\n<p><strong>MEDICAMENTS<\/strong>: L&#8217;escola no administrar\u00e0 cap medicament a l&#8217;alumnat sense autoritzaci\u00f3 dels pares i les instruccions per escrit del metge. Cal demanar el full d&#8217;autoritzaci\u00f3 al despatx o al tutor\/a.<\/p>\n<p>Si l&#8217;alumne t\u00e9 alguna malaltia de tipus contagi\u00f3s ( conjuntivitis, varicel\u00b7la,&#8230;) s&#8217;ha de comunicar immediatament a l&#8217;escola i l&#8217;alumne haur\u00e0 de quedar-se a casa fins que el metge justifiqui que no\u00a0 hi ha perill de contagi. Els polls tamb\u00e9 s&#8217;encomanen.<\/p>\n<p><strong>SORTIDES<\/strong>: Les sortides escolars s\u00f3n obligat\u00f2ries . Els nens i nenes que tinguin faltes greus de disciplina no podran assistir i hauran de romandre a l&#8217;escola obligat\u00f2riament.<\/p>\n<p><strong>CANVIS DE DOMICILI I TEL\u00c8FON<\/strong>: \u00c9s molt important comunicar els canvis de tel\u00e8fon a la secretaria de l&#8217;escola.<\/p>\n","protected":false},"excerpt":{"rendered":"<p>PUNTUALITAT: Preguem la m\u00e0xima puntualitat tant\u00a0 a l&#8217;hora d&#8217;entrar com a l&#8217;hora de venir-los a recollir . En cas que un alumne \/a per q\u00fcestions m\u00e8diques o altres no pugui arribar dins l &#8216;horari previst haur\u00e0 de portar un justificant i haur\u00e0 de venir acompanyat&hellip;  <a href=\"https:\/\/agora.xtec.cat\/ceipalexandregali\/lescola\/normes-de-lescola\/\" title=\"Read Normes de l&#8217;escola\">Llegeix m\u00e9s\u00bb<\/a><\/p>\n","protected":false},"author":1,"featured_media":0,"parent":22,"menu_order":20,"comment_status":"closed","ping_status":"closed","template":"page-templates\/side-menu.php","meta":{"_bbp_topic_count":0,"_bbp_reply_count":0,"_bbp_total_topic_count":0,"_bbp_total_reply_count":0,"_bbp_voice_count":0,"_bbp_anonymous_reply_count":0,"_bbp_topic_count_hidden":0,"_bbp_reply_count_hidden":0,"_bbp_forum_subforum_count":0,"footnotes":""},"class_list":["post-738","page","type-page","status-publish","hentry"],"post_mailing_queue_ids":[],"_links":{"self":[{"href":"https:\/\/agora.xtec.cat\/ceipalexandregali\/wp-json\/wp\/v2\/pages\/738","targetHints":{"allow":["GET"]}}],"collection":[{"href":"https:\/\/agora.xtec.cat\/ceipalexandregali\/wp-json\/wp\/v2\/pages"}],"about":[{"href":"https:\/\/agora.xtec.cat\/ceipalexandregali\/wp-json\/wp\/v2\/types\/page"}],"author":[{"embeddable":true,"href":"https:\/\/agora.xtec.cat\/ceipalexandregali\/wp-json\/wp\/v2\/users\/1"}],"replies":[{"embeddable":true,"href":"https:\/\/agora.xtec.cat\/ceipalexandregali\/wp-json\/wp\/v2\/comments?post=738"}],"version-history":[{"count":3,"href":"https:\/\/agora.xtec.cat\/ceipalexandregali\/wp-json\/wp\/v2\/pages\/738\/revisions"}],"predecessor-version":[{"id":2578,"href":"https:\/\/agora.xtec.cat\/ceipalexandregali\/wp-json\/wp\/v2\/pages\/738\/revisions\/2578"}],"up":[{"embeddable":true,"href":"https:\/\/agora.xtec.cat\/ceipalexandregali\/wp-json\/wp\/v2\/pages\/22"}],"wp:attachment":[{"href":"https:\/\/agora.xtec.cat\/ceipalexandregali\/wp-json\/wp\/v2\/media?parent=738"}],"curies":[{"name":"wp","href":"https:\/\/api.w.org\/{rel}","templated":true}]}}