{"id":73,"date":"2014-09-18T14:01:51","date_gmt":"2014-09-18T13:01:51","guid":{"rendered":"http:\/\/agora.xtec.cat\/ceipalexandregali\/?page_id=73"},"modified":"2017-11-04T11:14:39","modified_gmt":"2017-11-04T10:14:39","slug":"menjador-escolar","status":"publish","type":"page","link":"https:\/\/agora.xtec.cat\/ceipalexandregali\/serveis\/menjador-escolar\/","title":{"rendered":"Menjador escolar"},"content":{"rendered":"<figure class=\"figure wp-caption aligncenter\"><a href=\"http:\/\/www.5aldia.es\/\"><img loading=\"lazy\" decoding=\"async\" class=\"wp-image-464 size-full\" src=\"http:\/\/agora.xtec.cat\/ceipalexandregali\/wp-content\/uploads\/usu493\/2014\/09\/piramide_alimentaria_ca.jpg\" alt=\"piramide_alimentaria_ca\" width=\"722\" height=\"572\" srcset=\"https:\/\/agora.xtec.cat\/ceipalexandregali\/wp-content\/uploads\/usu493\/2014\/09\/piramide_alimentaria_ca.jpg 722w, https:\/\/agora.xtec.cat\/ceipalexandregali\/wp-content\/uploads\/usu493\/2014\/09\/piramide_alimentaria_ca-300x238.jpg 300w\" sizes=\"auto, (max-width: 722px) 100vw, 722px\" \/><\/a><figcaption class=\"wp-caption-text\">( Si feu clic a la pir\u00e0mide aliment\u00e0ria accedireu a la p\u00e0gina web de 5 al dia )<\/figcaption><\/figure>\n<p><span style=\"font-size: medium;\">\u00a0 \u00a0 <\/span><\/p>\n<p style=\"text-align: justify;\">\u00a0 \u00a0 \u00a0 \u00a0 \u00a0 L&#8217;escola ofereix servei de menjador amb cuina pr\u00f2pia, amb men\u00fas elaborats per dietistes adequats a les diferents edats i a la temporada estacional. Compta amb un equip de monitors\/es que vetlla perqu\u00e8 <b>aquest temps sigui tamb\u00e9 un espai educatiu i formador <\/b>per als nostres alumnes: <b>aprenen h\u00e0bits alimentaris <\/b>(mastegar b\u00e9, menjar de tot, acabar el dinar, bons modals a taula i bons modals en l&#8217;espai de migdia) <b>i aprenen a passar-ho b\u00e9<\/b> (h\u00e0bits de conviv\u00e8ncia, noves maneres de passar-ho b\u00e9, gaudir jugant&#8230;).<\/p>\n<p style=\"text-align: justify;\">Per a qualsevol consulta i pagament del servei cal que us adreceu a la Sra Lidia Arredondo , la trobareu al porxo de dilluns a divendres de 8:30h\u00a0 a 8:45h .<\/p>\n<p style=\"text-align: justify;\">El men\u00fa es penjar\u00e0 al tauler d&#8217;anuncis de l&#8217;entrada.<\/p>\n","protected":false},"excerpt":{"rendered":"<p><a href=\"http:\/\/www.5aldia.es\/\"><\/a>( Si feu clic a la pir\u00e0mide aliment\u00e0ria accedireu a la p\u00e0gina web de 5 al dia )<br \/>\n\u00a0 \u00a0<br \/>\n\u00a0 \u00a0 \u00a0 \u00a0 \u00a0 L&#8217;escola ofereix servei de menjador amb cuina pr\u00f2pia, amb men\u00fas elaborats per dietistes adequats a les diferents edats i a&hellip;  <a href=\"https:\/\/agora.xtec.cat\/ceipalexandregali\/serveis\/menjador-escolar\/\" title=\"Read Menjador escolar\">Llegeix m\u00e9s\u00bb<\/a><\/p>\n","protected":false},"author":1,"featured_media":0,"parent":66,"menu_order":30,"comment_status":"closed","ping_status":"closed","template":"page-templates\/side-menu.php","meta":{"_bbp_topic_count":0,"_bbp_reply_count":0,"_bbp_total_topic_count":0,"_bbp_total_reply_count":0,"_bbp_voice_count":0,"_bbp_anonymous_reply_count":0,"_bbp_topic_count_hidden":0,"_bbp_reply_count_hidden":0,"_bbp_forum_subforum_count":0,"footnotes":""},"class_list":["post-73","page","type-page","status-publish","hentry"],"post_mailing_queue_ids":[],"_links":{"self":[{"href":"https:\/\/agora.xtec.cat\/ceipalexandregali\/wp-json\/wp\/v2\/pages\/73","targetHints":{"allow":["GET"]}}],"collection":[{"href":"https:\/\/agora.xtec.cat\/ceipalexandregali\/wp-json\/wp\/v2\/pages"}],"about":[{"href":"https:\/\/agora.xtec.cat\/ceipalexandregali\/wp-json\/wp\/v2\/types\/page"}],"author":[{"embeddable":true,"href":"https:\/\/agora.xtec.cat\/ceipalexandregali\/wp-json\/wp\/v2\/users\/1"}],"replies":[{"embeddable":true,"href":"https:\/\/agora.xtec.cat\/ceipalexandregali\/wp-json\/wp\/v2\/comments?post=73"}],"version-history":[{"count":3,"href":"https:\/\/agora.xtec.cat\/ceipalexandregali\/wp-json\/wp\/v2\/pages\/73\/revisions"}],"predecessor-version":[{"id":731,"href":"https:\/\/agora.xtec.cat\/ceipalexandregali\/wp-json\/wp\/v2\/pages\/73\/revisions\/731"}],"up":[{"embeddable":true,"href":"https:\/\/agora.xtec.cat\/ceipalexandregali\/wp-json\/wp\/v2\/pages\/66"}],"wp:attachment":[{"href":"https:\/\/agora.xtec.cat\/ceipalexandregali\/wp-json\/wp\/v2\/media?parent=73"}],"curies":[{"name":"wp","href":"https:\/\/api.w.org\/{rel}","templated":true}]}}